{"id":7877,"date":"2019-06-27T10:13:26","date_gmt":"2019-06-27T10:13:26","guid":{"rendered":"http:\/\/104.197.86.120\/?page_id=7877"},"modified":"2022-01-24T15:15:58","modified_gmt":"2022-01-24T21:15:58","slug":"cirugias-de-nunca-evento","status":"publish","type":"page","link":"https:\/\/chicagoinjurylawyer.net\/es\/negligencia-medica\/cirugias-de-nunca-evento\/","title":{"rendered":"Cirug\u00edas de \"Nunca Evento\""},"content":{"rendered":"<h1>Abogados de Cirug\u00edas de \"Nunca Evento\" en Chicago<\/h1>\n<p><img decoding=\"async\" class=\"alignright wp-image-33219\" src=\"\/wp-content\/uploads\/2022\/01\/Abogados-de-Cirugi\u0301as-de-22Nunca-Evento22-en-Chicago.jpg\" alt=\"Abogados de Cirug\u00edas de &quot;Nunca Evento&quot; en Chicago\" width=\"400\" height=\"328\" srcset=\"https:\/\/chicagoinjurylawyer.net\/wp-content\/uploads\/2022\/01\/Abogados-de-Cirugi\u0301as-de-22Nunca-Evento22-en-Chicago.jpg 1000w, https:\/\/chicagoinjurylawyer.net\/wp-content\/uploads\/2022\/01\/Abogados-de-Cirugi\u0301as-de-22Nunca-Evento22-en-Chicago-300x246.jpg 300w, https:\/\/chicagoinjurylawyer.net\/wp-content\/uploads\/2022\/01\/Abogados-de-Cirugi\u0301as-de-22Nunca-Evento22-en-Chicago-768x631.jpg 768w\" sizes=\"(max-width: 400px) 100vw, 400px\" \/>En el campo m\u00e9dico, el t\u00e9rmino \"nunca eventos\" se refiere a un error m\u00e9dico prevenible que nunca deber\u00eda ocurrir bajo ninguna circunstancia. Muchos errores quir\u00fargicos se pueden clasificar como eventos nunca, incluida la operaci\u00f3n en la parte del cuerpo equivocada o incluso en el paciente equivocado. Estos son m\u00e1s que leyendas urbanas, son errores m\u00e9dicos que realmente ocurren. Los siguientes son ejemplos de eventos que nunca ocurren, errores que se pueden prevenir tan f\u00e1cilmente que nunca se debe permitir que sucedan.<\/p>\n<h2>Cirug\u00eda en Lugar Incorrecto<\/h2>\n<p>La cirug\u00eda en el lugar incorrecto se refiere a un procedimiento que se realiza en el lugar incorrecto del cuerpo. Podr\u00eda ser el ojo equivocado, la pierna equivocada, el \u00f3rgano equivocado, la porci\u00f3n equivocada del <a href=\"\/es\/lesiones-cerebrales-traumaticas\/\">cerebro<\/a>, etc., la mano equivocada o el pulm\u00f3n equivocado. Seg\u00fan el Centro de la Comisi\u00f3n Conjunta para la Transformaci\u00f3n de la Atenci\u00f3n M\u00e9dica, las cirug\u00edas en sitios incorrectos ocurren unas cuarenta veces por semana en todo el pa\u00eds. Estos errores suelen ser el resultado de:<\/p>\n<ul>\n<li><strong>Problemas con la programaci\u00f3n y los procesos preoperatorios<\/strong> - Las enfermeras y el personal de apoyo que tienen la responsabilidad de organizar, verificar y programar el procedimiento inicial tambi\u00e9n deben tener mucho cuidado con las notas que toman y los formularios que se completan. A menudo, un miembro del personal en el consultorio del m\u00e9dico toma notas iniciales sobre la ubicaci\u00f3n del sitio quir\u00fargico mientras programa simult\u00e1neamente varios procedimientos. Dependiendo de la carga de trabajo y el volumen de pacientes, puede producirse confusi\u00f3n. El personal m\u00e9dico que registra al paciente durante el proceso preoperatorio en la instalaci\u00f3n tambi\u00e9n debe tener sumo cuidado. Si incluso una sola palabra se transpone o es incorrecta, puede ocurrir un error en el sitio incorrecto.<\/li>\n<li><strong>Comunicaci\u00f3n ineficaz<\/strong> - Adem\u00e1s de la experiencia m\u00e9dica, la clave para cualquier <a href=\"\/es\/negligencia-medica\/errores-quirurgicos\/\">procedimiento quir\u00fargico<\/a> exitoso implica la interacci\u00f3n y comunicaci\u00f3n exitosa entre todos los miembros del equipo m\u00e9dico, incluidos los trabajadores de laboratorio, enfermeras y <a href=\"\/es\/negligencia-medica\/errores-de-anestesia\/\">anestesi\u00f3logos<\/a>.<\/li>\n<li><strong>Errores de marca de incisi\u00f3n<\/strong> - Ya sea en relaci\u00f3n con una <a href=\"\/es\/negligencia-medica\/errores-sobre-implantes-de-seno\/\">cirug\u00eda est\u00e9tica<\/a> o un procedimiento invasivo m\u00e1s complicado, se debe hacer una marca en el cuerpo que indique la ubicaci\u00f3n de la incisi\u00f3n. Esta marca generalmente se hace con un bol\u00edgrafo o marcador indeleble en el \u00e1rea de espera preoperatoria; sin embargo, pueden ocurrir errores si la marca de la incisi\u00f3n desaparece durante la preparaci\u00f3n y es necesario volver a aplicarla, o si la marca original era incorrecta.<\/li>\n<\/ul>\n<p>Los errores quir\u00fargicos en un lugar incorrecto pueden causar da\u00f1os irreversibles a un paciente. Por ejemplo, se puede <a href=\"\/es\/amputacion\/\">amputar la extremidad<\/a> equivocada o se puede extirpar el \u00f3rgano incorrecto, por lo dem\u00e1s sano. Muchos de estos errores pueden dejar a un paciente m\u00e1s all\u00e1 de la simple recuperaci\u00f3n y deben discutirse con un abogado de negligencia quir\u00fargica de Chicago.<\/p>\n<h2>Procedimiento Quir\u00fargico Incorrecto<\/h2>\n<p>La negligencia en un procedimiento incorrecto ocurre cuando un cirujano realiza un procedimiento diferente al previsto. Por ejemplo, un paciente puede ir al hospital para que le extirpen el ap\u00e9ndice y luego despertar y descubrir que le falta una pierna. Al igual que las cirug\u00edas en el lugar equivocado, la realizaci\u00f3n del tipo incorrecto de cirug\u00eda se puede prevenir f\u00e1cilmente y nunca deber\u00eda ocurrir.<\/p>\n<h2>Cirug\u00eda del Paciente Incorrecto<\/h2>\n<p>No deber\u00eda sorprender que la cirug\u00eda en el paciente equivocado tambi\u00e9n se clasifique como un evento nunca. Muchas veces, este error ocurre cuando dos pacientes con nombres similares est\u00e1n presentes al mismo tiempo en un hospital o centro quir\u00fargico. Por esta raz\u00f3n, es importante que el personal m\u00e9dico le pregunte al paciente qu\u00e9 procedimiento espera tener antes de ser anestesiado.<\/p>\n<h2>Instrumentos M\u00e9dicos que Quedan en el Cuerpo<\/h2>\n<p>Cada a\u00f1o, muchos miles de pacientes quir\u00fargicos salen del hospital con m\u00e1s de lo que esperaban, no con un regalo o una muestra de agradecimiento, sino con algo destinado a causarles <a href=\"\/es\/\">lesiones<\/a>, molestias o incluso la <a href=\"\/es\/muerte-injusta\/\">muerte<\/a>. Estos son pacientes con instrumentos m\u00e9dicos y art\u00edculos quir\u00fargicos retenidos.<\/p>\n<p>Durante cualquier cirug\u00eda, se utilizan decenas de instrumentos m\u00e9dicos, pinzas, f\u00f3rceps y otros equipos m\u00e9dicos, as\u00ed como gasas, toallas y esponjas de algod\u00f3n en abundancia para absorber la sangre y otros fluidos corporales. Una vez que estos objetos se dejan adentro, el cuerpo tiene una respuesta f\u00edsica natural para tratar de rechazar la sustancia extra\u00f1a. Con estos elementos atrapados dentro de la cavidad del cuerpo, pueden producirse infecciones, fiebre, sepsis y muerte.<\/p>\n<p>Espec\u00edficamente, el trabajo de ciertas enfermeras o miembros del equipo quir\u00fargico es mantener un recuento preciso de los instrumentos quir\u00fargicos y materiales desechables, tanto antes como despu\u00e9s de la cirug\u00eda. Los avances tecnol\u00f3gicos han hecho que sea m\u00e1s f\u00e1cil que nunca encontrar estos elementos, lo que significa que no hay excusa para no contabilizar todos los elementos utilizados durante una operaci\u00f3n.<\/p>\n<h2>Localizaci\u00f3n de Elementos Retenidos con Radiograf\u00edas Posoperatorias<\/h2>\n<p>Un procedimiento empleado por algunos hospitales interesados son las radiograf\u00edas posoperatorias. Estos hospitales han optado por realizar una radiograf\u00eda de cada paciente despu\u00e9s de la cirug\u00eda para comprobar si se han dejado objetos. Aunque tales inspecciones tienen lugar despu\u00e9s de que el paciente ya ha sido cerrado y requieren otra cirug\u00eda para recuperar el art\u00edculo, son preferibles a las posibles consecuencias de un objeto quir\u00fargico retenido.<\/p>\n<h2>Tecnolog\u00eda de Seguimiento de Esponjas<\/h2>\n<p>En lo que respecta a las esponjas retenidas (que constituyen la mayor\u00eda de los art\u00edculos m\u00e9dicos retenidos), la mejor tecnolog\u00eda preventiva moderna es el rastreo de esponjas. Esto implica incrustar un peque\u00f1o dispositivo de seguimiento electr\u00f3nico o un c\u00f3digo de barras \u00fanico en cada esponja, que se puede rastrear o escanear para estar absolutamente seguro de que no queda ninguna esponja. Esta tecnolog\u00eda tiene el potencial de ahorrar a los hospitales millones de d\u00f3lares en pagos de demandas por negligencia m\u00e9dica y proteger la salud de sus pacientes. Desafortunadamente, una encuesta reciente encontr\u00f3 que menos del 15 por ciento de las instalaciones quir\u00fargicas usaban esta tecnolog\u00eda.<\/p>\n<img decoding=\"async\" class=\"aligncenter size-full wp-image-33217\" src=\"\/wp-content\/uploads\/2022\/01\/Abogados-de-Cirugi\u0301as-de-22Nunca-Evento22.jpg\" alt=\"Abogados de Cirug\u00edas de &quot;Nunca Evento&quot;\" width=\"1000\" height=\"667\" srcset=\"https:\/\/chicagoinjurylawyer.net\/wp-content\/uploads\/2022\/01\/Abogados-de-Cirugi\u0301as-de-22Nunca-Evento22.jpg 1000w, https:\/\/chicagoinjurylawyer.net\/wp-content\/uploads\/2022\/01\/Abogados-de-Cirugi\u0301as-de-22Nunca-Evento22-300x200.jpg 300w, https:\/\/chicagoinjurylawyer.net\/wp-content\/uploads\/2022\/01\/Abogados-de-Cirugi\u0301as-de-22Nunca-Evento22-768x512.jpg 768w\" sizes=\"(max-width: 1000px) 100vw, 1000px\" \/>\n<h2>\u00bfHerido en un Evento Nunca? \u00a1Toma Acci\u00f3n Hoy!<\/h2>\n<p>Si sufri\u00f3 una lesi\u00f3n o perdi\u00f3 a un ser querido en un evento nunca, merece una compensaci\u00f3n. Para obtener el acuerdo que se merece, comun\u00edquese con los abogados con experiencia en negligencia m\u00e9dica de Sexner Injury Lawyers LLC en Chicago. Llame al <a href=\"tel:3122439922\">(312) 243-9922<\/a> hoy para una evaluaci\u00f3n gratuita de su caso.<\/p>\n","protected":false},"excerpt":{"rendered":"<p>Abogados de Cirug\u00edas de \"Nunca Evento\" en Chicago En el campo m\u00e9dico, el t\u00e9rmino \"nunca eventos\" se refiere a un error m\u00e9dico prevenible que nunca deber\u00eda ocurrir bajo ninguna circunstancia. Muchos errores quir\u00fargicos se pueden clasificar como eventos nunca, incluida la operaci\u00f3n en la parte del cuerpo equivocada o incluso en el paciente equivocado. Estos [&hellip;]<\/p>\n","protected":false},"author":1,"featured_media":0,"parent":7370,"menu_order":0,"comment_status":"closed","ping_status":"open","template":"","meta":{"_acf_changed":false,"footnotes":""},"class_list":["post-7877","page","type-page","status-publish","hentry"],"acf":[],"yoast_head":"<!-- This site is optimized with the Yoast SEO plugin v27.3 - https:\/\/yoast.com\/product\/yoast-seo-wordpress\/ -->\n<title>Chicago Abogado de Cirug\u00eda en el Sitio Equivocado - Sexner Injury Lawyers LLC<\/title>\n<meta name=\"description\" content=\"Llame hoy al equipo legal en Sexner Injury Lawyers LLC a investigar su caso de forma gratuita para ayudarle a determinar si usted ha sido v\u00edctima de negligencia m\u00e9dica.\" \/>\n<meta name=\"robots\" content=\"index, follow, max-snippet:-1, max-image-preview:large, max-video-preview:-1\" \/>\n<link rel=\"canonical\" href=\"https:\/\/chicagoinjurylawyer.net\/es\/negligencia-medica\/cirugias-de-nunca-evento\/\" \/>\n<meta property=\"og:locale\" content=\"es_ES\" \/>\n<meta property=\"og:type\" content=\"article\" \/>\n<meta property=\"og:title\" content=\"Chicago Abogado de Cirug\u00eda en el Sitio Equivocado - Sexner Injury Lawyers LLC\" \/>\n<meta property=\"og:description\" content=\"Llame hoy al equipo legal en Sexner Injury Lawyers LLC a investigar su caso de forma gratuita para ayudarle a determinar si usted ha sido v\u00edctima de negligencia m\u00e9dica.\" \/>\n<meta property=\"og:url\" content=\"https:\/\/chicagoinjurylawyer.net\/es\/negligencia-medica\/cirugias-de-nunca-evento\/\" \/>\n<meta property=\"og:site_name\" content=\"Sexner Injury Lawyers LLC\" \/>\n<meta property=\"article:modified_time\" content=\"2022-01-24T21:15:58+00:00\" \/>\n<meta property=\"og:image\" content=\"https:\/\/chicagoinjurylawyer.net\/wp-content\/uploads\/2022\/01\/Abogados-de-Cirugi\u0301as-de-22Nunca-Evento22-en-Chicago.jpg\" \/>\n<meta name=\"twitter:card\" content=\"summary_large_image\" \/>\n<meta name=\"twitter:label1\" content=\"Tiempo de lectura\" \/>\n\t<meta name=\"twitter:data1\" content=\"5 minutos\" \/>\n<!-- \/ Yoast SEO plugin. -->","yoast_head_json":{"title":"Chicago Abogado de Cirug\u00eda en el Sitio Equivocado - Sexner Injury Lawyers LLC","description":"Llame hoy al equipo legal en Sexner Injury Lawyers LLC a investigar su caso de forma gratuita para ayudarle a determinar si usted ha sido v\u00edctima de negligencia m\u00e9dica.","robots":{"index":"index","follow":"follow","max-snippet":"max-snippet:-1","max-image-preview":"max-image-preview:large","max-video-preview":"max-video-preview:-1"},"canonical":"https:\/\/chicagoinjurylawyer.net\/es\/negligencia-medica\/cirugias-de-nunca-evento\/","og_locale":"es_ES","og_type":"article","og_title":"Chicago Abogado de Cirug\u00eda en el Sitio Equivocado - Sexner Injury Lawyers LLC","og_description":"Llame hoy al equipo legal en Sexner Injury Lawyers LLC a investigar su caso de forma gratuita para ayudarle a determinar si usted ha sido v\u00edctima de negligencia m\u00e9dica.","og_url":"https:\/\/chicagoinjurylawyer.net\/es\/negligencia-medica\/cirugias-de-nunca-evento\/","og_site_name":"Sexner Injury Lawyers LLC","article_modified_time":"2022-01-24T21:15:58+00:00","og_image":[{"url":"https:\/\/chicagoinjurylawyer.net\/wp-content\/uploads\/2022\/01\/Abogados-de-Cirugi\u0301as-de-22Nunca-Evento22-en-Chicago.jpg","type":"","width":"","height":""}],"twitter_card":"summary_large_image","twitter_misc":{"Tiempo de lectura":"5 minutos"},"schema":{"@context":"https:\/\/schema.org","@graph":[{"@type":"WebPage","@id":"https:\/\/chicagoinjurylawyer.net\/es\/negligencia-medica\/cirugias-de-nunca-evento\/","url":"https:\/\/chicagoinjurylawyer.net\/es\/negligencia-medica\/cirugias-de-nunca-evento\/","name":"Chicago Abogado de Cirug\u00eda en el Sitio Equivocado - Sexner Injury Lawyers LLC","isPartOf":{"@id":"https:\/\/chicagoinjurylawyer.net\/es\/#website"},"datePublished":"2019-06-27T10:13:26+00:00","dateModified":"2022-01-24T21:15:58+00:00","description":"Llame hoy al equipo legal en [firm-name] a investigar su caso de forma gratuita para ayudarle a determinar si usted ha sido v\u00edctima de negligencia m\u00e9dica.","breadcrumb":{"@id":"https:\/\/chicagoinjurylawyer.net\/es\/negligencia-medica\/cirugias-de-nunca-evento\/#breadcrumb"},"inLanguage":"es","potentialAction":[{"@type":"ReadAction","target":["https:\/\/chicagoinjurylawyer.net\/es\/negligencia-medica\/cirugias-de-nunca-evento\/"]}]},{"@type":"BreadcrumbList","@id":"https:\/\/chicagoinjurylawyer.net\/es\/negligencia-medica\/cirugias-de-nunca-evento\/#breadcrumb","itemListElement":[{"@type":"ListItem","position":1,"name":"Negligencia M\u00e9dica","item":"https:\/\/chicagoinjurylawyer.net\/es\/negligencia-medica\/"},{"@type":"ListItem","position":2,"name":"Cirug\u00edas de &#8220;Nunca Evento&#8221;"}]},{"@type":"WebSite","@id":"https:\/\/chicagoinjurylawyer.net\/es\/#website","url":"https:\/\/chicagoinjurylawyer.net\/es\/","name":"Sexner Injury Lawyers LLC","description":"Chicago Personal Injury Attorneys","publisher":{"@id":"https:\/\/chicagoinjurylawyer.net\/es\/#organization"},"potentialAction":[{"@type":"SearchAction","target":{"@type":"EntryPoint","urlTemplate":"https:\/\/chicagoinjurylawyer.net\/es\/?s={search_term_string}"},"query-input":{"@type":"PropertyValueSpecification","valueRequired":true,"valueName":"search_term_string"}}],"inLanguage":"es"},{"@type":"Organization","@id":"https:\/\/chicagoinjurylawyer.net\/es\/#organization","name":"[firm-name]","url":"https:\/\/chicagoinjurylawyer.net\/es\/","logo":{"@type":"ImageObject","inLanguage":"es","@id":"https:\/\/chicagoinjurylawyer.net\/es\/#\/schema\/logo\/image\/","url":"https:\/\/chicagoinjurylawyer.net\/wp-content\/uploads\/2019\/06\/msx-logo-1.png","contentUrl":"https:\/\/chicagoinjurylawyer.net\/wp-content\/uploads\/2019\/06\/msx-logo-1.png","width":180,"height":83,"caption":"[firm-name]"},"image":{"@id":"https:\/\/chicagoinjurylawyer.net\/es\/#\/schema\/logo\/image\/"}}]}},"_links":{"self":[{"href":"https:\/\/chicagoinjurylawyer.net\/es\/wp-json\/wp\/v2\/pages\/7877","targetHints":{"allow":["GET"]}}],"collection":[{"href":"https:\/\/chicagoinjurylawyer.net\/es\/wp-json\/wp\/v2\/pages"}],"about":[{"href":"https:\/\/chicagoinjurylawyer.net\/es\/wp-json\/wp\/v2\/types\/page"}],"author":[{"embeddable":true,"href":"https:\/\/chicagoinjurylawyer.net\/es\/wp-json\/wp\/v2\/users\/1"}],"replies":[{"embeddable":true,"href":"https:\/\/chicagoinjurylawyer.net\/es\/wp-json\/wp\/v2\/comments?post=7877"}],"version-history":[{"count":6,"href":"https:\/\/chicagoinjurylawyer.net\/es\/wp-json\/wp\/v2\/pages\/7877\/revisions"}],"predecessor-version":[{"id":33221,"href":"https:\/\/chicagoinjurylawyer.net\/es\/wp-json\/wp\/v2\/pages\/7877\/revisions\/33221"}],"up":[{"embeddable":true,"href":"https:\/\/chicagoinjurylawyer.net\/es\/wp-json\/wp\/v2\/pages\/7370"}],"wp:attachment":[{"href":"https:\/\/chicagoinjurylawyer.net\/es\/wp-json\/wp\/v2\/media?parent=7877"}],"curies":[{"name":"wp","href":"https:\/\/api.w.org\/{rel}","templated":true}]}}