{"id":7893,"date":"2019-06-27T10:14:59","date_gmt":"2019-06-27T10:14:59","guid":{"rendered":"http:\/\/104.197.86.120\/?page_id=7893"},"modified":"2022-02-02T11:11:12","modified_gmt":"2022-02-02T17:11:12","slug":"incapacidad-parcial-permanente","status":"publish","type":"page","link":"https:\/\/chicagoinjurylawyer.net\/es\/compensacion-de-trabajadores\/incapacidad-parcial-permanente\/","title":{"rendered":"Incapacidad Parcial Permanente"},"content":{"rendered":"<h1>\u00bfCu\u00e1l es la Diferencia Entre la Discapacidad Total Permanente y la Discapacidad Parcial Permanente?<\/h1>\n<p><img decoding=\"async\" class=\"alignright wp-image-33444\" src=\"\/wp-content\/uploads\/2022\/02\/Discapacidad-Parcial-Permanente.jpg\" alt=\"Discapacidad Parcial Permanente?\" width=\"400\" height=\"265\" srcset=\"https:\/\/chicagoinjurylawyer.net\/wp-content\/uploads\/2022\/02\/Discapacidad-Parcial-Permanente.jpg 1000w, https:\/\/chicagoinjurylawyer.net\/wp-content\/uploads\/2022\/02\/Discapacidad-Parcial-Permanente-300x199.jpg 300w, https:\/\/chicagoinjurylawyer.net\/wp-content\/uploads\/2022\/02\/Discapacidad-Parcial-Permanente-768x508.jpg 768w\" sizes=\"(max-width: 400px) 100vw, 400px\" \/>Si una lesi\u00f3n o accidente relacionado con el trabajo hace que una persona sufra la p\u00e9rdida de ambos ojos, brazos, pies, piernas, manos o cualquier combinaci\u00f3n de dos de estas partes del cuerpo, esa persona se considera discapacitada completa y permanentemente para la <a href=\"\/es\/compensacion-de-trabajadores\/\">compensaci\u00f3n de trabajadores<\/a> prop\u00f3sitos. Una persona tambi\u00e9n puede ser considerada un caso de Discapacidad Total Permanente (PTD) si es completamente incapaz de realizar cualquier tipo de trabajo normal como resultado de una <a href=\"\/es\/\">lesi\u00f3n<\/a> laboral (incluso cuando no se pierden partes del cuerpo). Sujeto a l\u00edmites m\u00e1ximos, dicha persona tiene derecho a una prestaci\u00f3n semanal de por vida.<\/p>\n<p>Sin embargo, si una persona todav\u00eda puede trabajar, pero no puede realizar el mismo tipo de trabajo que antes de la lesi\u00f3n, es probable que esa persona sea considerada un caso de discapacidad parcial permanente (PPD, por sus siglas en ingl\u00e9s). Esta condici\u00f3n a menudo se debe a la p\u00e9rdida total o parcial del uso de una parte del cuerpo como un ojo, una oreja, una mano o una pierna.<\/p>\n<h2>\u00bfSoy Elegible para una Discapacidad Permanente?<\/h2>\n<p>Antes de que la Comisi\u00f3n de Compensaci\u00f3n para Trabajadores de Illinois (IWCC) pueda determinar si una persona tiene una discapacidad permanente, esa persona debe alcanzar lo que se denomina Mejora M\u00e9dica M\u00e1xima (MMI). Eso b\u00e1sicamente significa que el m\u00e9dico de la persona lesionada ha decidido que no es probable que se produzcan m\u00e1s mejoras m\u00e9dicas. En este punto, la persona lesionada puede ser declarada discapacitada permanentemente, ya que no existe una opci\u00f3n previsible de mejora adicional a trav\u00e9s del tratamiento m\u00e9dico.<\/p>\n<h2>\u00bfQu\u00e9 Pasa con la Discapacidad Temporal?<\/h2>\n<p>Como sugiere el nombre, la discapacidad temporal se diferencia de las formas permanentes en que puede superarse mediante un tratamiento m\u00e9dico adicional. La <a href=\"\/es\/compensacion-de-trabajadores\/incapacidad-parcial-temporal\/\">discapacidad parcial temporal<\/a> se refiere a una lesi\u00f3n que deja a alguien capaz de realizar algunas tareas profesionales, pero no tantas como antes de la lesi\u00f3n. Un brazo roto puede dejar a alguien temporalmente parcialmente discapacitado mientras se recupera. La <a href=\"\/es\/compensacion-de-trabajadores\/incapacidad-total-temporal\/\">Discapacidad Total Temporal <\/a>ocurre cuando una lesi\u00f3n es tan grave que alguien no puede regresar al trabajo de ninguna manera, pero el tratamiento m\u00e9dico debe resultar en una recuperaci\u00f3n completa en el futuro. Una lesi\u00f3n grave en el cuello o la espalda que requiera reposo en cama durante varias semanas o meses, pero que no produzca una par\u00e1lisis permanente, suele ser motivo de discapacidad total temporal.<\/p>\n<p>Si se le considera discapacitado temporalmente, puede calificar para recibir asistencia financiera que est\u00e1 destinada a ayudar mientras contin\u00faa recuper\u00e1ndose a trav\u00e9s del tratamiento. Los beneficios por discapacidad temporal se calculan de manera similar a los beneficios por discapacidad permanente, pero se pagan en un plazo m\u00e1s corto. Los pagos se realizan hasta que vuelva a trabajar normalmente o hasta que un m\u00e9dico determine que ha alcanzado su MMI del tratamiento. En este punto, deber\u00eda poder retomar un estilo de vida anterior y ganar un salario como antes de su lesi\u00f3n, o es posible que deba solicitar una discapacidad permanente.<\/p>\n<h2>\u00bfC\u00f3mo Se Calculan los Beneficios por Discapacidad Parcial Permanente?<\/h2>\n<p>Su abogado de lesiones laborales en Chicago lo ayudar\u00e1 a determinar el mejor m\u00e9todo disponible para determinar los beneficios. Dependiendo de la lesi\u00f3n, hay varias formas de calcular los pagos por discapacidad:<\/p>\n<ul>\n<li><strong>Lesi\u00f3n programada<\/strong> - Un pago por discapacidad permanente basado en un porcentaje de su AWW (salario semanal promedio). Varias partes del cuerpo se establecen en un programa con un valor semanal particular para cada una.<\/li>\n<li><strong>Desfiguraci\u00f3n<\/strong> - Este premio de compensaci\u00f3n para trabajadores implica una desfiguraci\u00f3n permanente y grave de la cabeza, el cuello, la cara, la parte superior del pecho o las extremidades de una persona debido a un accidente de trabajo o una lesi\u00f3n, que a menudo implica un corte o una <a href=\"\/es\/quemaduras\/\">quemadura<\/a>.<\/li>\n<li><strong>Diferencia de salario<\/strong> - Cuando una persona todav\u00eda puede trabajar, pero el nuevo trabajo simplemente no paga tanto como antes, entonces tiene derecho a dos tercios de la diferencia de salario. El diferencial de salario m\u00e1ximo es el SAWW (salario semanal promedio estatal).<\/li>\n<li><strong>P\u00e9rdida del porcentaje de la persona en su conjunto<\/strong> - Esto es generalmente para una persona cuyo impedimento no figura como una lesi\u00f3n programada. Por esa raz\u00f3n tambi\u00e9n se conoce como el m\u00e9todo de lesi\u00f3n no programada. La Comisi\u00f3n de Compensaci\u00f3n para Trabajadores determinar\u00e1 qu\u00e9 porcentaje de una persona en su conjunto ha sido incapacitado. Luego, este porcentaje se utiliza para determinar el beneficio.<\/li>\n<\/ul>\n<h2>Presentar un Reclamo de Indemnizaci\u00f3n por Accidentes de Trabajo en Chicago<\/h2>\n<p><img decoding=\"async\" class=\"alignright wp-image-33440\" src=\"\/wp-content\/uploads\/2022\/02\/\u00bfCua\u0301l-es-la-Diferencia-Entre-la-Discapacidad-Total-Permanente-y-la-Discapacidad-Parcial-Permanente.jpg\" alt=\"\u00bfCua\u0301l es la Diferencia Entre la Discapacidad Total Permanente y la Discapacidad Parcial Permanente?\" width=\"400\" height=\"267\" srcset=\"https:\/\/chicagoinjurylawyer.net\/wp-content\/uploads\/2022\/02\/\u00bfCua\u0301l-es-la-Diferencia-Entre-la-Discapacidad-Total-Permanente-y-la-Discapacidad-Parcial-Permanente.jpg 1000w, https:\/\/chicagoinjurylawyer.net\/wp-content\/uploads\/2022\/02\/\u00bfCua\u0301l-es-la-Diferencia-Entre-la-Discapacidad-Total-Permanente-y-la-Discapacidad-Parcial-Permanente-300x200.jpg 300w, https:\/\/chicagoinjurylawyer.net\/wp-content\/uploads\/2022\/02\/\u00bfCua\u0301l-es-la-Diferencia-Entre-la-Discapacidad-Total-Permanente-y-la-Discapacidad-Parcial-Permanente-768x512.jpg 768w\" sizes=\"(max-width: 400px) 100vw, 400px\" \/>Incluso despu\u00e9s de que se informa una lesi\u00f3n a un empleador e incluso si la compa\u00f1\u00eda de seguros de compensaci\u00f3n para trabajadores del empleador comienza a pagar el tratamiento y los gastos, se debe presentar una reclamaci\u00f3n ante la IWCC. Presentar un reclamo es la mejor manera de proteger los pagos y la compensaci\u00f3n en curso, especialmente cuando una lesi\u00f3n es tan grave que califica para una discapacidad permanente. Si la compa\u00f1\u00eda de seguros rechaza un reclamo, su abogado puede explicarle los pr\u00f3ximos pasos para apelar ese rechazo ante la Comisi\u00f3n de Compensaci\u00f3n para Trabajadores de Illinois.<\/p>\n<p>La presentaci\u00f3n ante la IWCC requiere una buena cantidad de papeleo y tiempo, y se deben cumplir ciertos plazos de presentaci\u00f3n o su derecho de presentaci\u00f3n se perder\u00e1 para siempre. Es por eso por lo que contratar a un abogado experimentado en compensaci\u00f3n para trabajadores en Chicago a menudo es necesario para navegar por las aguas potencialmente traicioneras del papeleo y la burocracia. Una vez que se presenta un reclamo, la IWCC asigna un \u00e1rbitro para que examine el caso y determine c\u00f3mo y cu\u00e1ndo avanzar\u00e1. En \u00faltima instancia, la responsabilidad de demostrar que califica para una compensaci\u00f3n recae en usted, y un abogado con experiencia puede ser de gran ayuda para demostrar la validez de su caso.<\/p>\n<h2>Apelar una Denegaci\u00f3n de Reclamo<\/h2>\n<p>Si el \u00e1rbitro de la IWCC rechaza su reclamo, a\u00fan puede apelar el rechazo y continuar con sus esfuerzos para obtener una compensaci\u00f3n por su reclamo. Este proceso finalmente se traslada al sistema judicial y su abogado puede trabajar con usted para ayudarlo a comprender cada paso del proceso y seguir luchando por sus derechos. Cuando est\u00e1 representado por un abogado con experiencia en compensaci\u00f3n en Chicago, las apelaciones tienen \u00e9xito con m\u00e1s frecuencia de lo que se niegan, lo que hace que la representaci\u00f3n legal sea absolutamente valiosa cuando se busca una compensaci\u00f3n por su discapacidad.<\/p>\n<p>Incluso las denegaciones de una primera apelaci\u00f3n no son necesariamente el final del camino. Se pueden presentar m\u00e1s apelaciones hasta la Corte Suprema del Estado de Illinois, que tiene la opci\u00f3n de emitir un dictamen final sobre un caso de compensaci\u00f3n. Estos son relativamente raros y solo unos pocos llegan a la Corte Suprema cada a\u00f1o, pero el proceso de apelaciones le brinda varias opciones para anular una denegaci\u00f3n de su reclamo de compensaci\u00f3n.<\/p>\n<img decoding=\"async\" class=\"aligncenter size-full wp-image-33442\" src=\"\/wp-content\/uploads\/2022\/02\/Discapacidad-Total-Permanente.jpg\" alt=\"Discapacidad Total Permanente\" width=\"1000\" height=\"667\" srcset=\"https:\/\/chicagoinjurylawyer.net\/wp-content\/uploads\/2022\/02\/Discapacidad-Total-Permanente.jpg 1000w, https:\/\/chicagoinjurylawyer.net\/wp-content\/uploads\/2022\/02\/Discapacidad-Total-Permanente-300x200.jpg 300w, https:\/\/chicagoinjurylawyer.net\/wp-content\/uploads\/2022\/02\/Discapacidad-Total-Permanente-768x512.jpg 768w\" sizes=\"(max-width: 1000px) 100vw, 1000px\" \/>\n<h2>Comun\u00edquese con un Abogado con Experiencia en Compensaci\u00f3n Laboral de Chicago<\/h2>\n<p>Si desea ayuda para determinar a qu\u00e9 premio o <a href=\"\/es\/compensacion-de-trabajadores\/tipos-de-beneficios\/\">beneficio<\/a> puede tener derecho, comun\u00edquese con un abogado de compensaci\u00f3n de trabajadores de Illinois en Sexner Injury Lawyers LLC al (312) 243-9922 para obtener informaci\u00f3n gratuita.<\/p>\n","protected":false},"excerpt":{"rendered":"<p>\u00bfCu\u00e1l es la Diferencia Entre la Discapacidad Total Permanente y la Discapacidad Parcial Permanente? Si una lesi\u00f3n o accidente relacionado con el trabajo hace que una persona sufra la p\u00e9rdida de ambos ojos, brazos, pies, piernas, manos o cualquier combinaci\u00f3n de dos de estas partes del cuerpo, esa persona se considera discapacitada completa y permanentemente [&hellip;]<\/p>\n","protected":false},"author":1,"featured_media":0,"parent":7790,"menu_order":0,"comment_status":"closed","ping_status":"open","template":"","meta":{"_acf_changed":false,"footnotes":""},"class_list":["post-7893","page","type-page","status-publish","hentry"],"acf":[],"yoast_head":"<!-- This site is optimized with the Yoast SEO plugin v27.5 - https:\/\/yoast.com\/product\/yoast-seo-wordpress\/ -->\n<title>Abogados de Incapacidad Parcial Permanente En Chicago - Sexner Injury Lawyers LLC<\/title>\n<meta name=\"description\" content=\"Para asegurar que sus derechos sean protegidos, le recomendamos que busque la ayuda de abogados de compensaci\u00f3n para trabajadores experimentados, como los afiliados a Sexner Injury Lawyers LLC.\" \/>\n<meta name=\"robots\" content=\"index, follow, max-snippet:-1, max-image-preview:large, max-video-preview:-1\" \/>\n<link rel=\"canonical\" href=\"https:\/\/chicagoinjurylawyer.net\/es\/compensacion-de-trabajadores\/incapacidad-parcial-permanente\/\" \/>\n<meta property=\"og:locale\" content=\"es_ES\" \/>\n<meta property=\"og:type\" content=\"article\" \/>\n<meta property=\"og:title\" content=\"Abogados de Incapacidad Parcial Permanente En Chicago - Sexner Injury Lawyers LLC\" \/>\n<meta property=\"og:description\" content=\"Para asegurar que sus derechos sean protegidos, le recomendamos que busque la ayuda de abogados de compensaci\u00f3n para trabajadores experimentados, como los afiliados a Sexner Injury Lawyers LLC.\" \/>\n<meta property=\"og:url\" content=\"https:\/\/chicagoinjurylawyer.net\/es\/compensacion-de-trabajadores\/incapacidad-parcial-permanente\/\" \/>\n<meta property=\"og:site_name\" content=\"Sexner Injury Lawyers LLC\" \/>\n<meta property=\"article:modified_time\" content=\"2022-02-02T17:11:12+00:00\" \/>\n<meta property=\"og:image\" content=\"https:\/\/chicagoinjurylawyer.net\/wp-content\/uploads\/2022\/02\/Discapacidad-Parcial-Permanente.jpg\" \/>\n<meta name=\"twitter:card\" content=\"summary_large_image\" \/>\n<meta name=\"twitter:label1\" content=\"Tiempo de lectura\" \/>\n\t<meta name=\"twitter:data1\" content=\"6 minutos\" \/>\n<!-- \/ Yoast SEO plugin. -->","yoast_head_json":{"title":"Abogados de Incapacidad Parcial Permanente En Chicago - Sexner Injury Lawyers LLC","description":"Para asegurar que sus derechos sean protegidos, le recomendamos que busque la ayuda de abogados de compensaci\u00f3n para trabajadores experimentados, como los afiliados a Sexner Injury Lawyers LLC.","robots":{"index":"index","follow":"follow","max-snippet":"max-snippet:-1","max-image-preview":"max-image-preview:large","max-video-preview":"max-video-preview:-1"},"canonical":"https:\/\/chicagoinjurylawyer.net\/es\/compensacion-de-trabajadores\/incapacidad-parcial-permanente\/","og_locale":"es_ES","og_type":"article","og_title":"Abogados de Incapacidad Parcial Permanente En Chicago - Sexner Injury Lawyers LLC","og_description":"Para asegurar que sus derechos sean protegidos, le recomendamos que busque la ayuda de abogados de compensaci\u00f3n para trabajadores experimentados, como los afiliados a Sexner Injury Lawyers LLC.","og_url":"https:\/\/chicagoinjurylawyer.net\/es\/compensacion-de-trabajadores\/incapacidad-parcial-permanente\/","og_site_name":"Sexner Injury Lawyers LLC","article_modified_time":"2022-02-02T17:11:12+00:00","og_image":[{"url":"https:\/\/chicagoinjurylawyer.net\/wp-content\/uploads\/2022\/02\/Discapacidad-Parcial-Permanente.jpg","type":"","width":"","height":""}],"twitter_card":"summary_large_image","twitter_misc":{"Tiempo de lectura":"6 minutos"},"schema":{"@context":"https:\/\/schema.org","@graph":[{"@type":"WebPage","@id":"https:\/\/chicagoinjurylawyer.net\/es\/compensacion-de-trabajadores\/incapacidad-parcial-permanente\/","url":"https:\/\/chicagoinjurylawyer.net\/es\/compensacion-de-trabajadores\/incapacidad-parcial-permanente\/","name":"Abogados de Incapacidad Parcial Permanente En Chicago - Sexner Injury Lawyers LLC","isPartOf":{"@id":"https:\/\/chicagoinjurylawyer.net\/es\/#website"},"datePublished":"2019-06-27T10:14:59+00:00","dateModified":"2022-02-02T17:11:12+00:00","description":"Para asegurar que sus derechos sean protegidos, le recomendamos que busque la ayuda de abogados de compensaci\u00f3n para trabajadores experimentados, como los afiliados a [firm-name].","breadcrumb":{"@id":"https:\/\/chicagoinjurylawyer.net\/es\/compensacion-de-trabajadores\/incapacidad-parcial-permanente\/#breadcrumb"},"inLanguage":"es","potentialAction":[{"@type":"ReadAction","target":["https:\/\/chicagoinjurylawyer.net\/es\/compensacion-de-trabajadores\/incapacidad-parcial-permanente\/"]}]},{"@type":"BreadcrumbList","@id":"https:\/\/chicagoinjurylawyer.net\/es\/compensacion-de-trabajadores\/incapacidad-parcial-permanente\/#breadcrumb","itemListElement":[{"@type":"ListItem","position":1,"name":"Compensaci\u00f3n De Trabajadores","item":"https:\/\/chicagoinjurylawyer.net\/es\/compensacion-de-trabajadores\/"},{"@type":"ListItem","position":2,"name":"Incapacidad Parcial Permanente"}]},{"@type":"WebSite","@id":"https:\/\/chicagoinjurylawyer.net\/es\/#website","url":"https:\/\/chicagoinjurylawyer.net\/es\/","name":"Sexner Injury Lawyers LLC","description":"Chicago Personal Injury Attorneys","publisher":{"@id":"https:\/\/chicagoinjurylawyer.net\/es\/#organization"},"potentialAction":[{"@type":"SearchAction","target":{"@type":"EntryPoint","urlTemplate":"https:\/\/chicagoinjurylawyer.net\/es\/?s={search_term_string}"},"query-input":{"@type":"PropertyValueSpecification","valueRequired":true,"valueName":"search_term_string"}}],"inLanguage":"es"},{"@type":"Organization","@id":"https:\/\/chicagoinjurylawyer.net\/es\/#organization","name":"[firm-name]","url":"https:\/\/chicagoinjurylawyer.net\/es\/","logo":{"@type":"ImageObject","inLanguage":"es","@id":"https:\/\/chicagoinjurylawyer.net\/es\/#\/schema\/logo\/image\/","url":"https:\/\/chicagoinjurylawyer.net\/wp-content\/uploads\/2019\/06\/msx-logo-1.png","contentUrl":"https:\/\/chicagoinjurylawyer.net\/wp-content\/uploads\/2019\/06\/msx-logo-1.png","width":180,"height":83,"caption":"[firm-name]"},"image":{"@id":"https:\/\/chicagoinjurylawyer.net\/es\/#\/schema\/logo\/image\/"}}]}},"_links":{"self":[{"href":"https:\/\/chicagoinjurylawyer.net\/es\/wp-json\/wp\/v2\/pages\/7893","targetHints":{"allow":["GET"]}}],"collection":[{"href":"https:\/\/chicagoinjurylawyer.net\/es\/wp-json\/wp\/v2\/pages"}],"about":[{"href":"https:\/\/chicagoinjurylawyer.net\/es\/wp-json\/wp\/v2\/types\/page"}],"author":[{"embeddable":true,"href":"https:\/\/chicagoinjurylawyer.net\/es\/wp-json\/wp\/v2\/users\/1"}],"replies":[{"embeddable":true,"href":"https:\/\/chicagoinjurylawyer.net\/es\/wp-json\/wp\/v2\/comments?post=7893"}],"version-history":[{"count":10,"href":"https:\/\/chicagoinjurylawyer.net\/es\/wp-json\/wp\/v2\/pages\/7893\/revisions"}],"predecessor-version":[{"id":33447,"href":"https:\/\/chicagoinjurylawyer.net\/es\/wp-json\/wp\/v2\/pages\/7893\/revisions\/33447"}],"up":[{"embeddable":true,"href":"https:\/\/chicagoinjurylawyer.net\/es\/wp-json\/wp\/v2\/pages\/7790"}],"wp:attachment":[{"href":"https:\/\/chicagoinjurylawyer.net\/es\/wp-json\/wp\/v2\/media?parent=7893"}],"curies":[{"name":"wp","href":"https:\/\/api.w.org\/{rel}","templated":true}]}}