{"id":7902,"date":"2019-06-27T10:17:33","date_gmt":"2019-06-27T10:17:33","guid":{"rendered":"http:\/\/104.197.86.120\/?page_id=7902"},"modified":"2021-12-07T11:39:05","modified_gmt":"2021-12-07T17:39:05","slug":"lesiones-de-cuello-espalda-y-columna","status":"publish","type":"page","link":"https:\/\/chicagoinjurylawyer.net\/es\/compensacion-de-trabajadores\/lesiones-de-cuello-espalda-y-columna\/","title":{"rendered":"Lesiones De Cuello, Espalda Y Columna"},"content":{"rendered":"<h1>Abogados de Lesiones de Cuello, Espalda y Columna en Chicago<\/h1>\n<p>Las leyes <a href=\"\/es\/compensacion-de-trabajadores\/\">de compensaci\u00f3n laboral<\/a> tienen por objeto proteger a todos los empleados que sufren lesiones en su cuello, espalda o columna vertebral producidas fuera de y en el curso del trabajo del empleado. Sin importar en que condici\u00f3n f\u00edsica se encontraba el empleado en el momento del accidente o c\u00f3mo ocurri\u00f3 la lesi\u00f3n, el empleado debe recibir beneficios si la lesi\u00f3n es relacionada con el trabajo.<\/p>\n<p><img decoding=\"async\" class=\"size-full wp-image-7903 alignright\" src=\"\/wp-content\/uploads\/2019\/06\/neck-injury.jpg\" alt=\"neck injury\" width=\"240\" height=\"160\" \/>Es imperativo que los empleados reciban la protecci\u00f3n de los beneficios de compensaci\u00f3n laboral, especialmente para los empleados con trabajos que requieren el movimiento de objetos, ya sea por elevar, tirar o empujar. Cada vez que una acci\u00f3n como esta se lleva a cabo, existe la capacidad de sufrir lesiones. Si los empleadores requieren que los empleados lleven a cabo las funciones de trabajo que podr\u00edan resultar en una lesi\u00f3n, es justo que compensen los perjudicados.<\/p>\n<p>A veces los trabajadores lesionados no son conscientes de la gravedad de sus lesiones. Pueden optar por ignorar el dolor y el malestar, pensando que la lesi\u00f3n s\u00f3lo necesita un poco de tiempo para curarse a s\u00ed mismo. Si usted sufre una lesi\u00f3n en el trabajo, independientemente de que tan insignificante o significante usted piense que la lesi\u00f3n sea, informe inmediatamente a su jefe y busque atenci\u00f3n m\u00e9dica lo m\u00e1s pronto posible.<\/p>\n<p>En los casos de una lesi\u00f3n en el cuello, la espalda o la columna vertebral, el recibir un diagn\u00f3stico adecuado podr\u00eda requerir ex\u00e1menes radiol\u00f3gicos, como una resonancia magn\u00e9tica. El tratamiento para este tipo de lesiones podr\u00eda variar de inyecciones lumbares hasta procedimientos quir\u00fargicos. Aunque estas lesiones pueden ocurrir en cualquier tipo de trabajo, las siguientes industrias tienen la incidencia m\u00e1s alta de ellas:<\/p>\n<ul>\n<li>Construcci\u00f3n<\/li>\n<li>Venta<\/li>\n<li>Camionaje<\/li>\n<li>Techadores<\/li>\n<li>Trabajo en las f\u00e1bricas<\/li>\n<li>Trabajo de almac\u00e9n<\/li>\n<\/ul>\n<p>Si usted o un ser querido ha sufrido una lesi\u00f3n en el cuello, la espalda o la columna vertebral en el trabajo, el equipo legal afiliado con <a href=\"\/es\/\">Sexner Injury Lawyers LLC<\/a> podr\u00eda ayudarle a obtener la representaci\u00f3n que se merece. Estamos orgullosos de nuestro estilo de representaci\u00f3n compasivo agresivo y estamos dispuestos a abogar a su nombre.<\/p>\n<p><a href=\"\/es\/contactenos\/\">Ll\u00e1menos hoy para una<\/a> evaluaci\u00f3n gratuita y sin compromiso. No hay cargos a menos que seamos capaces de obtener beneficios de compensaci\u00f3n de trabajadores para usted.<\/p>\n","protected":false},"excerpt":{"rendered":"<p>Abogados de Lesiones de Cuello, Espalda y Columna en Chicago Las leyes de compensaci\u00f3n laboral tienen por objeto proteger a todos los empleados que sufren lesiones en su cuello, espalda o columna vertebral producidas fuera de y en el curso del trabajo del empleado. Sin importar en que condici\u00f3n f\u00edsica se encontraba el empleado en [&hellip;]<\/p>\n","protected":false},"author":1,"featured_media":0,"parent":7790,"menu_order":0,"comment_status":"closed","ping_status":"open","template":"","meta":{"_acf_changed":false,"footnotes":""},"class_list":["post-7902","page","type-page","status-publish","hentry"],"acf":[],"yoast_head":"<!-- This site is optimized with the Yoast SEO plugin v27.3 - https:\/\/yoast.com\/product\/yoast-seo-wordpress\/ -->\n<title>Abogados de Lesiones de Cuello, Espalda y Columna en Chicago - Sexner Injury Lawyers LLC<\/title>\n<meta name=\"description\" content=\"Si usted o un ser querido ha sufrido una lesi\u00f3n en el cuello, la espalda o la columna vertebral en el trabajo, el equipo legal afiliado con Sexner Injury Lawyers LLC podr\u00eda ayudarle a obtener la representaci\u00f3n que se merece.\" \/>\n<meta name=\"robots\" content=\"index, follow, max-snippet:-1, max-image-preview:large, max-video-preview:-1\" \/>\n<link rel=\"canonical\" href=\"https:\/\/chicagoinjurylawyer.net\/es\/compensacion-de-trabajadores\/lesiones-de-cuello-espalda-y-columna\/\" \/>\n<meta property=\"og:locale\" content=\"es_ES\" \/>\n<meta property=\"og:type\" content=\"article\" \/>\n<meta property=\"og:title\" content=\"Abogados de Lesiones de Cuello, Espalda y Columna en Chicago - Sexner Injury Lawyers LLC\" \/>\n<meta property=\"og:description\" content=\"Si usted o un ser querido ha sufrido una lesi\u00f3n en el cuello, la espalda o la columna vertebral en el trabajo, el equipo legal afiliado con Sexner Injury Lawyers LLC podr\u00eda ayudarle a obtener la representaci\u00f3n que se merece.\" \/>\n<meta property=\"og:url\" content=\"https:\/\/chicagoinjurylawyer.net\/es\/compensacion-de-trabajadores\/lesiones-de-cuello-espalda-y-columna\/\" \/>\n<meta property=\"og:site_name\" content=\"Sexner Injury Lawyers LLC\" \/>\n<meta property=\"article:modified_time\" content=\"2021-12-07T17:39:05+00:00\" \/>\n<meta property=\"og:image\" content=\"https:\/\/chicagoinjurylawyer.net\/wp-content\/uploads\/2019\/06\/neck-injury.jpg\" \/>\n<meta name=\"twitter:card\" content=\"summary_large_image\" \/>\n<meta name=\"twitter:label1\" content=\"Tiempo de lectura\" \/>\n\t<meta name=\"twitter:data1\" content=\"2 minutos\" \/>\n<!-- \/ Yoast SEO plugin. -->","yoast_head_json":{"title":"Abogados de Lesiones de Cuello, Espalda y Columna en Chicago - Sexner Injury Lawyers LLC","description":"Si usted o un ser querido ha sufrido una lesi\u00f3n en el cuello, la espalda o la columna vertebral en el trabajo, el equipo legal afiliado con Sexner Injury Lawyers LLC podr\u00eda ayudarle a obtener la representaci\u00f3n que se merece.","robots":{"index":"index","follow":"follow","max-snippet":"max-snippet:-1","max-image-preview":"max-image-preview:large","max-video-preview":"max-video-preview:-1"},"canonical":"https:\/\/chicagoinjurylawyer.net\/es\/compensacion-de-trabajadores\/lesiones-de-cuello-espalda-y-columna\/","og_locale":"es_ES","og_type":"article","og_title":"Abogados de Lesiones de Cuello, Espalda y Columna en Chicago - Sexner Injury Lawyers LLC","og_description":"Si usted o un ser querido ha sufrido una lesi\u00f3n en el cuello, la espalda o la columna vertebral en el trabajo, el equipo legal afiliado con Sexner Injury Lawyers LLC podr\u00eda ayudarle a obtener la representaci\u00f3n que se merece.","og_url":"https:\/\/chicagoinjurylawyer.net\/es\/compensacion-de-trabajadores\/lesiones-de-cuello-espalda-y-columna\/","og_site_name":"Sexner Injury Lawyers LLC","article_modified_time":"2021-12-07T17:39:05+00:00","og_image":[{"url":"https:\/\/chicagoinjurylawyer.net\/wp-content\/uploads\/2019\/06\/neck-injury.jpg","type":"","width":"","height":""}],"twitter_card":"summary_large_image","twitter_misc":{"Tiempo de lectura":"2 minutos"},"schema":{"@context":"https:\/\/schema.org","@graph":[{"@type":"WebPage","@id":"https:\/\/chicagoinjurylawyer.net\/es\/compensacion-de-trabajadores\/lesiones-de-cuello-espalda-y-columna\/","url":"https:\/\/chicagoinjurylawyer.net\/es\/compensacion-de-trabajadores\/lesiones-de-cuello-espalda-y-columna\/","name":"Abogados de Lesiones de Cuello, Espalda y Columna en Chicago - Sexner Injury Lawyers LLC","isPartOf":{"@id":"https:\/\/chicagoinjurylawyer.net\/es\/#website"},"datePublished":"2019-06-27T10:17:33+00:00","dateModified":"2021-12-07T17:39:05+00:00","description":"Si usted o un ser querido ha sufrido una lesi\u00f3n en el cuello, la espalda o la columna vertebral en el trabajo, el equipo legal afiliado con [firm-name] podr\u00eda ayudarle a obtener la representaci\u00f3n que se merece.","breadcrumb":{"@id":"https:\/\/chicagoinjurylawyer.net\/es\/compensacion-de-trabajadores\/lesiones-de-cuello-espalda-y-columna\/#breadcrumb"},"inLanguage":"es","potentialAction":[{"@type":"ReadAction","target":["https:\/\/chicagoinjurylawyer.net\/es\/compensacion-de-trabajadores\/lesiones-de-cuello-espalda-y-columna\/"]}]},{"@type":"BreadcrumbList","@id":"https:\/\/chicagoinjurylawyer.net\/es\/compensacion-de-trabajadores\/lesiones-de-cuello-espalda-y-columna\/#breadcrumb","itemListElement":[{"@type":"ListItem","position":1,"name":"Compensaci\u00f3n De Trabajadores","item":"https:\/\/chicagoinjurylawyer.net\/es\/compensacion-de-trabajadores\/"},{"@type":"ListItem","position":2,"name":"Lesiones De Cuello, Espalda Y Columna"}]},{"@type":"WebSite","@id":"https:\/\/chicagoinjurylawyer.net\/es\/#website","url":"https:\/\/chicagoinjurylawyer.net\/es\/","name":"Sexner Injury Lawyers LLC","description":"Chicago Personal Injury Attorneys","publisher":{"@id":"https:\/\/chicagoinjurylawyer.net\/es\/#organization"},"potentialAction":[{"@type":"SearchAction","target":{"@type":"EntryPoint","urlTemplate":"https:\/\/chicagoinjurylawyer.net\/es\/?s={search_term_string}"},"query-input":{"@type":"PropertyValueSpecification","valueRequired":true,"valueName":"search_term_string"}}],"inLanguage":"es"},{"@type":"Organization","@id":"https:\/\/chicagoinjurylawyer.net\/es\/#organization","name":"[firm-name]","url":"https:\/\/chicagoinjurylawyer.net\/es\/","logo":{"@type":"ImageObject","inLanguage":"es","@id":"https:\/\/chicagoinjurylawyer.net\/es\/#\/schema\/logo\/image\/","url":"https:\/\/chicagoinjurylawyer.net\/wp-content\/uploads\/2019\/06\/msx-logo-1.png","contentUrl":"https:\/\/chicagoinjurylawyer.net\/wp-content\/uploads\/2019\/06\/msx-logo-1.png","width":180,"height":83,"caption":"[firm-name]"},"image":{"@id":"https:\/\/chicagoinjurylawyer.net\/es\/#\/schema\/logo\/image\/"}}]}},"_links":{"self":[{"href":"https:\/\/chicagoinjurylawyer.net\/es\/wp-json\/wp\/v2\/pages\/7902","targetHints":{"allow":["GET"]}}],"collection":[{"href":"https:\/\/chicagoinjurylawyer.net\/es\/wp-json\/wp\/v2\/pages"}],"about":[{"href":"https:\/\/chicagoinjurylawyer.net\/es\/wp-json\/wp\/v2\/types\/page"}],"author":[{"embeddable":true,"href":"https:\/\/chicagoinjurylawyer.net\/es\/wp-json\/wp\/v2\/users\/1"}],"replies":[{"embeddable":true,"href":"https:\/\/chicagoinjurylawyer.net\/es\/wp-json\/wp\/v2\/comments?post=7902"}],"version-history":[{"count":4,"href":"https:\/\/chicagoinjurylawyer.net\/es\/wp-json\/wp\/v2\/pages\/7902\/revisions"}],"predecessor-version":[{"id":32664,"href":"https:\/\/chicagoinjurylawyer.net\/es\/wp-json\/wp\/v2\/pages\/7902\/revisions\/32664"}],"up":[{"embeddable":true,"href":"https:\/\/chicagoinjurylawyer.net\/es\/wp-json\/wp\/v2\/pages\/7790"}],"wp:attachment":[{"href":"https:\/\/chicagoinjurylawyer.net\/es\/wp-json\/wp\/v2\/media?parent=7902"}],"curies":[{"name":"wp","href":"https:\/\/api.w.org\/{rel}","templated":true}]}}