{"id":7912,"date":"2019-06-27T10:20:36","date_gmt":"2019-06-27T10:20:36","guid":{"rendered":"http:\/\/104.197.86.120\/?page_id=7912"},"modified":"2022-01-05T15:58:09","modified_gmt":"2022-01-05T21:58:09","slug":"esta-archivado-mi-reclamo","status":"publish","type":"page","link":"https:\/\/chicagoinjurylawyer.net\/es\/compensacion-de-trabajadores\/esta-archivado-mi-reclamo\/","title":{"rendered":"\u00bfMi Reclamo De Compensaci\u00f3n Al Trabajador Es Archivado?"},"content":{"rendered":"<h1>\u00bfMi Reclamo de Compensaci\u00f3n al Trabajador es Archivado?<\/h1>\n<p>Cualquier empleado que se lesiona en el trabajo e informa a su empleador puede esperar tener noticias de la <a href=\"\/es\/compensacion-de-trabajadores\/puedo-confiar-en-la-compania-de-seguros\/\">compa\u00f1\u00eda de seguros<\/a> de compensaci\u00f3n de los trabajadores poco despu\u00e9s. Sin embargo, es imprescindible comprender que la audici\u00f3n de un ajustador de reclamaciones a una compa\u00f1\u00eda de seguros\u00a0<strong>no<\/strong>\u00a0es lo mismo que tener una reclamaci\u00f3n presentada ante la Comisi\u00f3n de Compensaci\u00f3n Laboral en Illinois (IWCC). El ajustador de reclamos podr\u00eda tratar de convencer a la parte ofendida de que \u00e9l o ella est\u00e1n siendo atendidos, pero sin los formularios correspondientes en el archivo de la IWCC, eso es simplemente falso.<\/p>\n<p>Es muy com\u00fan que las compa\u00f1\u00edas de seguro intenten negar un reclamo a la v\u00edctima o que pretendan pagar lo menos posible por los da\u00f1os. Si usted no toma las medidas adecuadas para presentar su reclamo de compensaci\u00f3n, es posible que, sin saberlo, perder\u00e1 parte o la totalidad de sus derechos bajo la ley de compensaci\u00f3n de trabajadores, haciendo que sea mucho m\u00e1s f\u00e1cil que la compa\u00f1\u00eda de seguros le d\u00e9 la espalda.<\/p>\n<p>Si usted o un ser querido ha sido v\u00edctima de un accidente de trabajo, se le recomienda buscar la ayuda de nuestro equipo de abogados con experiencia en <a href=\"\/es\/\">Sexner Injury Lawyers LLC<\/a>. Sabemos los plazos de prescripci\u00f3n que rodea a las reclamaciones de <a href=\"\/es\/compensacion-de-trabajadores\/\">indemnizaci\u00f3n a los trabajadores<\/a>, y as\u00ed poder estar seguros de que los formularios correspondientes sean firmados y presentados a tiempo para darle pleno acceso a todos sus derechos y beneficios posibles. Nuestro estilo de representaci\u00f3n agresivo pero compasivo, tiene como objetivo conseguir la m\u00e1xima indemnizaci\u00f3n permitida por la ley monetaria, sin que usted tenga que pagar alg\u00fan honorario a menos que logremos un triunfo por usted.<\/p>\n<p><a href=\"\/es\/contactenos\/\">Ll\u00e1menos las 24 horas del d\u00eda para una consulta<\/a> gratuita y sin compromiso sobre los hechos de su caso. No queremos que se pierda su oportunidad de recibir todos los beneficios y la cobertura que son leg\u00edtimamente suyos. Vamos a ayudarle a proteger sus derechos y obtener justicia.<\/p>\n","protected":false},"excerpt":{"rendered":"<p>\u00bfMi Reclamo de Compensaci\u00f3n al Trabajador es Archivado? Cualquier empleado que se lesiona en el trabajo e informa a su empleador puede esperar tener noticias de la compa\u00f1\u00eda de seguros de compensaci\u00f3n de los trabajadores poco despu\u00e9s. Sin embargo, es imprescindible comprender que la audici\u00f3n de un ajustador de reclamaciones a una compa\u00f1\u00eda de seguros\u00a0no\u00a0es [&hellip;]<\/p>\n","protected":false},"author":1,"featured_media":0,"parent":7790,"menu_order":0,"comment_status":"closed","ping_status":"open","template":"","meta":{"_acf_changed":false,"footnotes":""},"class_list":["post-7912","page","type-page","status-publish","hentry"],"acf":[],"yoast_head":"<!-- This site is optimized with the Yoast SEO plugin v27.5 - https:\/\/yoast.com\/product\/yoast-seo-wordpress\/ -->\n<title>\u00bfMi Reclamo de Compensaci\u00f3n al Trabajador es Archivado en Chicago? - Sexner Injury Lawyers LLC<\/title>\n<meta name=\"description\" content=\"Si usted o un ser querido ha sido v\u00edctima de un accidente de trabajo, se le recomienda buscar la ayuda de nuestro equipo de abogados con experiencia en Sexner Injury Lawyers LLC.\" \/>\n<meta name=\"robots\" content=\"index, follow, max-snippet:-1, max-image-preview:large, max-video-preview:-1\" \/>\n<link rel=\"canonical\" href=\"https:\/\/chicagoinjurylawyer.net\/es\/compensacion-de-trabajadores\/esta-archivado-mi-reclamo\/\" \/>\n<meta property=\"og:locale\" content=\"es_ES\" \/>\n<meta property=\"og:type\" content=\"article\" \/>\n<meta property=\"og:title\" content=\"\u00bfMi Reclamo de Compensaci\u00f3n al Trabajador es Archivado en Chicago? - Sexner Injury Lawyers LLC\" \/>\n<meta property=\"og:description\" content=\"Si usted o un ser querido ha sido v\u00edctima de un accidente de trabajo, se le recomienda buscar la ayuda de nuestro equipo de abogados con experiencia en Sexner Injury Lawyers LLC.\" \/>\n<meta property=\"og:url\" content=\"https:\/\/chicagoinjurylawyer.net\/es\/compensacion-de-trabajadores\/esta-archivado-mi-reclamo\/\" \/>\n<meta property=\"og:site_name\" content=\"Sexner Injury Lawyers LLC\" \/>\n<meta property=\"article:modified_time\" content=\"2022-01-05T21:58:09+00:00\" \/>\n<meta name=\"twitter:card\" content=\"summary_large_image\" \/>\n<meta name=\"twitter:label1\" content=\"Tiempo de lectura\" \/>\n\t<meta name=\"twitter:data1\" content=\"2 minutos\" \/>\n<!-- \/ Yoast SEO plugin. -->","yoast_head_json":{"title":"\u00bfMi Reclamo de Compensaci\u00f3n al Trabajador es Archivado en Chicago? - Sexner Injury Lawyers LLC","description":"Si usted o un ser querido ha sido v\u00edctima de un accidente de trabajo, se le recomienda buscar la ayuda de nuestro equipo de abogados con experiencia en Sexner Injury Lawyers LLC.","robots":{"index":"index","follow":"follow","max-snippet":"max-snippet:-1","max-image-preview":"max-image-preview:large","max-video-preview":"max-video-preview:-1"},"canonical":"https:\/\/chicagoinjurylawyer.net\/es\/compensacion-de-trabajadores\/esta-archivado-mi-reclamo\/","og_locale":"es_ES","og_type":"article","og_title":"\u00bfMi Reclamo de Compensaci\u00f3n al Trabajador es Archivado en Chicago? - Sexner Injury Lawyers LLC","og_description":"Si usted o un ser querido ha sido v\u00edctima de un accidente de trabajo, se le recomienda buscar la ayuda de nuestro equipo de abogados con experiencia en Sexner Injury Lawyers LLC.","og_url":"https:\/\/chicagoinjurylawyer.net\/es\/compensacion-de-trabajadores\/esta-archivado-mi-reclamo\/","og_site_name":"Sexner Injury Lawyers LLC","article_modified_time":"2022-01-05T21:58:09+00:00","twitter_card":"summary_large_image","twitter_misc":{"Tiempo de lectura":"2 minutos"},"schema":{"@context":"https:\/\/schema.org","@graph":[{"@type":"WebPage","@id":"https:\/\/chicagoinjurylawyer.net\/es\/compensacion-de-trabajadores\/esta-archivado-mi-reclamo\/","url":"https:\/\/chicagoinjurylawyer.net\/es\/compensacion-de-trabajadores\/esta-archivado-mi-reclamo\/","name":"\u00bfMi Reclamo de Compensaci\u00f3n al Trabajador es Archivado en Chicago? - Sexner Injury Lawyers LLC","isPartOf":{"@id":"https:\/\/chicagoinjurylawyer.net\/es\/#website"},"datePublished":"2019-06-27T10:20:36+00:00","dateModified":"2022-01-05T21:58:09+00:00","description":"Si usted o un ser querido ha sido v\u00edctima de un accidente de trabajo, se le recomienda buscar la ayuda de nuestro equipo de abogados con experiencia en [firm-name].","breadcrumb":{"@id":"https:\/\/chicagoinjurylawyer.net\/es\/compensacion-de-trabajadores\/esta-archivado-mi-reclamo\/#breadcrumb"},"inLanguage":"es","potentialAction":[{"@type":"ReadAction","target":["https:\/\/chicagoinjurylawyer.net\/es\/compensacion-de-trabajadores\/esta-archivado-mi-reclamo\/"]}]},{"@type":"BreadcrumbList","@id":"https:\/\/chicagoinjurylawyer.net\/es\/compensacion-de-trabajadores\/esta-archivado-mi-reclamo\/#breadcrumb","itemListElement":[{"@type":"ListItem","position":1,"name":"Compensaci\u00f3n De Trabajadores","item":"https:\/\/chicagoinjurylawyer.net\/es\/compensacion-de-trabajadores\/"},{"@type":"ListItem","position":2,"name":"\u00bfMi Reclamo De Compensaci\u00f3n Al Trabajador Es Archivado?"}]},{"@type":"WebSite","@id":"https:\/\/chicagoinjurylawyer.net\/es\/#website","url":"https:\/\/chicagoinjurylawyer.net\/es\/","name":"Sexner Injury Lawyers LLC","description":"Chicago Personal Injury Attorneys","publisher":{"@id":"https:\/\/chicagoinjurylawyer.net\/es\/#organization"},"potentialAction":[{"@type":"SearchAction","target":{"@type":"EntryPoint","urlTemplate":"https:\/\/chicagoinjurylawyer.net\/es\/?s={search_term_string}"},"query-input":{"@type":"PropertyValueSpecification","valueRequired":true,"valueName":"search_term_string"}}],"inLanguage":"es"},{"@type":"Organization","@id":"https:\/\/chicagoinjurylawyer.net\/es\/#organization","name":"[firm-name]","url":"https:\/\/chicagoinjurylawyer.net\/es\/","logo":{"@type":"ImageObject","inLanguage":"es","@id":"https:\/\/chicagoinjurylawyer.net\/es\/#\/schema\/logo\/image\/","url":"https:\/\/chicagoinjurylawyer.net\/wp-content\/uploads\/2019\/06\/msx-logo-1.png","contentUrl":"https:\/\/chicagoinjurylawyer.net\/wp-content\/uploads\/2019\/06\/msx-logo-1.png","width":180,"height":83,"caption":"[firm-name]"},"image":{"@id":"https:\/\/chicagoinjurylawyer.net\/es\/#\/schema\/logo\/image\/"}}]}},"_links":{"self":[{"href":"https:\/\/chicagoinjurylawyer.net\/es\/wp-json\/wp\/v2\/pages\/7912","targetHints":{"allow":["GET"]}}],"collection":[{"href":"https:\/\/chicagoinjurylawyer.net\/es\/wp-json\/wp\/v2\/pages"}],"about":[{"href":"https:\/\/chicagoinjurylawyer.net\/es\/wp-json\/wp\/v2\/types\/page"}],"author":[{"embeddable":true,"href":"https:\/\/chicagoinjurylawyer.net\/es\/wp-json\/wp\/v2\/users\/1"}],"replies":[{"embeddable":true,"href":"https:\/\/chicagoinjurylawyer.net\/es\/wp-json\/wp\/v2\/comments?post=7912"}],"version-history":[{"count":7,"href":"https:\/\/chicagoinjurylawyer.net\/es\/wp-json\/wp\/v2\/pages\/7912\/revisions"}],"predecessor-version":[{"id":32867,"href":"https:\/\/chicagoinjurylawyer.net\/es\/wp-json\/wp\/v2\/pages\/7912\/revisions\/32867"}],"up":[{"embeddable":true,"href":"https:\/\/chicagoinjurylawyer.net\/es\/wp-json\/wp\/v2\/pages\/7790"}],"wp:attachment":[{"href":"https:\/\/chicagoinjurylawyer.net\/es\/wp-json\/wp\/v2\/media?parent=7912"}],"curies":[{"name":"wp","href":"https:\/\/api.w.org\/{rel}","templated":true}]}}