{"id":7916,"date":"2019-06-27T10:26:57","date_gmt":"2019-06-27T10:26:57","guid":{"rendered":"http:\/\/104.197.86.120\/?page_id=7916"},"modified":"2021-12-03T10:59:59","modified_gmt":"2021-12-03T16:59:59","slug":"accidentes-de-avion","status":"publish","type":"page","link":"https:\/\/chicagoinjurylawyer.net\/es\/accidentes-de-avion\/","title":{"rendered":"Los Accidentes De Avi\u00f3n"},"content":{"rendered":"<h1>Abogado De Accidentes de Avi\u00f3n en Chicago<\/h1>\n<p><img decoding=\"async\" class=\"mob-center-img alignright wp-image-7930 size-medium\" src=\"\/wp-content\/uploads\/2019\/06\/Aircraft-Accidents-300x200.jpg\" alt=\"Aircraft\" width=\"300\" height=\"200\" \/>Muchas personas viajan regularmente en avi\u00f3n en estos d\u00edas que es f\u00e1cil olvidar precauciones de seguridad cuando vuela. Desde peque\u00f1os aviones personales hasta grandes aviones comerciales, la seguridad de los pasajeros depende de muchas cosas, de la habilidad del piloto y la atenci\u00f3n a la fiabilidad de la infraestructura del avi\u00f3n a las condiciones meteorol\u00f3gicas. A pesar de la log\u00edstica y las complejidades que hacen posible el vuelo, es uno de los m\u00e9todos m\u00e1s seguros de transporte. Sin embargo, cuando un accidente a\u00e9reo suele pasar, el potencial para que sea fatal es mucho mayor que con cualquier otro medio de transporte.<\/p>\n<p>Las causas m\u00e1s comunes de accidentes de aviaci\u00f3n son los siguientes:<\/p>\n<ul>\n<li>Un error del piloto o negligencia<\/li>\n<li>Equipo defectuoso<\/li>\n<li>Pobre mantenimiento de aeronaves<\/li>\n<li>Errores en la parte del controlador de tr\u00e1nsito a\u00e9reo<\/li>\n<li>Violaci\u00f3nes de regulaciones de la FAA<\/li>\n<li>Alimentando errores<\/li>\n<\/ul>\n<p>En cada una de estas situaciones, el alcance de los da\u00f1os causados a los pasajeros var\u00eda ampliamente. Algunos tienen la suerte de escapar de un accidente de aviaci\u00f3n con los huesos rotos, mientras que otros pierden la vida. Sufrir lesiones y\/o p\u00e9rdidas, podr\u00eda resultar ser muy confuso para determinar qui\u00e9n es el partido culpable y c\u00f3mo lograr que \u00e9l o ella se hagan responsables. En algunos casos, existen m\u00faltiples partes cuya negligencia contribuido al accidente, por lo que es a\u00fan m\u00e1s complicado.<\/p>\n<p>Si usted o un ser querido ha sido lesionado en un accidente de avi\u00f3n, <a href=\"\/es\/sobre-nosotros\/\">el equipo lega<\/a>l de <a href=\"\/es\/\">Sexner Injury Lawyers LLC<\/a> quiere ayudar a proteger sus derechos. Puede que se sienta abrumado e inseguro acerca de lo que son sus derechos, pero nosotros sabemos y podemos ayudarle a resolver su caso. Usted podr\u00eda tener derecho a una compensaci\u00f3n por los gastos m\u00e9dicos, p\u00e9rdida de ingresos y el dolor y el sufrimiento si usted se lesion\u00f3. Si usted ha perdido un ser querido como consecuencia de un accidente de avi\u00f3n, usted puede tener derecho a las prestaciones de muerte por negligencia, como los gastos funerarios, p\u00e9rdida de ganancias futuras y de la p\u00e9rdida de compa\u00f1erismo.<\/p>\n<p>Con nuestros a\u00f1os de experiencia y una red de abogados litigantes en <a href=\"\/es\/\">lesiones personales<\/a>, podemos ayudar a sostener los partidos negligentes responsables por el da\u00f1o que han infligido a usted y su familia. <a href=\"\/es\/contactenos\/\">Llame hoy para una consulta<\/a> con un abogado gratuita y sin compromiso. Estamos dispuestos a ser sus defensores mientras usted trabaja para reconstruir su vida.<\/p>\n","protected":false},"excerpt":{"rendered":"<p>Abogado De Accidentes de Avi\u00f3n en Chicago Muchas personas viajan regularmente en avi\u00f3n en estos d\u00edas que es f\u00e1cil olvidar precauciones de seguridad cuando vuela. Desde peque\u00f1os aviones personales hasta grandes aviones comerciales, la seguridad de los pasajeros depende de muchas cosas, de la habilidad del piloto y la atenci\u00f3n a la fiabilidad de la [&hellip;]<\/p>\n","protected":false},"author":1,"featured_media":0,"parent":0,"menu_order":0,"comment_status":"closed","ping_status":"open","template":"","meta":{"_acf_changed":false,"footnotes":""},"class_list":["post-7916","page","type-page","status-publish","hentry"],"acf":[],"yoast_head":"<!-- This site is optimized with the Yoast SEO plugin v27.3 - https:\/\/yoast.com\/product\/yoast-seo-wordpress\/ -->\n<title>Abogado De Lesiones Personales En Chicago - Sexner Injury Lawyers LLC<\/title>\n<meta name=\"description\" content=\"Si usted o un ser querido ha sido lesionado en un accidente de avi\u00f3n, el equipo legal de Sexner Injury Lawyers LLC quiere ayudar a proteger sus derechos.\" \/>\n<meta name=\"robots\" content=\"index, follow, max-snippet:-1, max-image-preview:large, max-video-preview:-1\" \/>\n<link rel=\"canonical\" href=\"https:\/\/chicagoinjurylawyer.net\/es\/accidentes-de-avion\/\" \/>\n<meta property=\"og:locale\" content=\"es_ES\" \/>\n<meta property=\"og:type\" content=\"article\" \/>\n<meta property=\"og:title\" content=\"Abogado De Lesiones Personales En Chicago - Sexner Injury Lawyers LLC\" \/>\n<meta property=\"og:description\" content=\"Si usted o un ser querido ha sido lesionado en un accidente de avi\u00f3n, el equipo legal de Sexner Injury Lawyers LLC quiere ayudar a proteger sus derechos.\" \/>\n<meta property=\"og:url\" content=\"https:\/\/chicagoinjurylawyer.net\/es\/accidentes-de-avion\/\" \/>\n<meta property=\"og:site_name\" content=\"Sexner Injury Lawyers LLC\" \/>\n<meta property=\"article:modified_time\" content=\"2021-12-03T16:59:59+00:00\" \/>\n<meta property=\"og:image\" content=\"https:\/\/chicagoinjurylawyer.net\/wp-content\/uploads\/2019\/06\/Aircraft-Accidents-300x200.jpg\" \/>\n<meta name=\"twitter:card\" content=\"summary_large_image\" \/>\n<meta name=\"twitter:label1\" content=\"Tiempo de lectura\" \/>\n\t<meta name=\"twitter:data1\" content=\"2 minutos\" \/>\n<!-- \/ Yoast SEO plugin. -->","yoast_head_json":{"title":"Abogado De Lesiones Personales En Chicago - Sexner Injury Lawyers LLC","description":"Si usted o un ser querido ha sido lesionado en un accidente de avi\u00f3n, el equipo legal de Sexner Injury Lawyers LLC quiere ayudar a proteger sus derechos.","robots":{"index":"index","follow":"follow","max-snippet":"max-snippet:-1","max-image-preview":"max-image-preview:large","max-video-preview":"max-video-preview:-1"},"canonical":"https:\/\/chicagoinjurylawyer.net\/es\/accidentes-de-avion\/","og_locale":"es_ES","og_type":"article","og_title":"Abogado De Lesiones Personales En Chicago - Sexner Injury Lawyers LLC","og_description":"Si usted o un ser querido ha sido lesionado en un accidente de avi\u00f3n, el equipo legal de Sexner Injury Lawyers LLC quiere ayudar a proteger sus derechos.","og_url":"https:\/\/chicagoinjurylawyer.net\/es\/accidentes-de-avion\/","og_site_name":"Sexner Injury Lawyers LLC","article_modified_time":"2021-12-03T16:59:59+00:00","og_image":[{"url":"https:\/\/chicagoinjurylawyer.net\/wp-content\/uploads\/2019\/06\/Aircraft-Accidents-300x200.jpg","type":"","width":"","height":""}],"twitter_card":"summary_large_image","twitter_misc":{"Tiempo de lectura":"2 minutos"},"schema":{"@context":"https:\/\/schema.org","@graph":[{"@type":"WebPage","@id":"https:\/\/chicagoinjurylawyer.net\/es\/accidentes-de-avion\/","url":"https:\/\/chicagoinjurylawyer.net\/es\/accidentes-de-avion\/","name":"Abogado De Lesiones Personales En Chicago - [firm-name]","isPartOf":{"@id":"https:\/\/chicagoinjurylawyer.net\/es\/#website"},"datePublished":"2019-06-27T10:26:57+00:00","dateModified":"2021-12-03T16:59:59+00:00","description":"Si usted o un ser querido ha sido lesionado en un accidente de avi\u00f3n, el equipo legal de [firm-name] quiere ayudar a proteger sus derechos.","inLanguage":"es","potentialAction":[{"@type":"ReadAction","target":["https:\/\/chicagoinjurylawyer.net\/es\/accidentes-de-avion\/"]}]},{"@type":"WebSite","@id":"https:\/\/chicagoinjurylawyer.net\/es\/#website","url":"https:\/\/chicagoinjurylawyer.net\/es\/","name":"Sexner Injury Lawyers LLC","description":"Chicago Personal Injury Attorneys","publisher":{"@id":"https:\/\/chicagoinjurylawyer.net\/es\/#organization"},"potentialAction":[{"@type":"SearchAction","target":{"@type":"EntryPoint","urlTemplate":"https:\/\/chicagoinjurylawyer.net\/es\/?s={search_term_string}"},"query-input":{"@type":"PropertyValueSpecification","valueRequired":true,"valueName":"search_term_string"}}],"inLanguage":"es"},{"@type":"Organization","@id":"https:\/\/chicagoinjurylawyer.net\/es\/#organization","name":"[firm-name]","url":"https:\/\/chicagoinjurylawyer.net\/es\/","logo":{"@type":"ImageObject","inLanguage":"es","@id":"https:\/\/chicagoinjurylawyer.net\/es\/#\/schema\/logo\/image\/","url":"https:\/\/chicagoinjurylawyer.net\/wp-content\/uploads\/2019\/06\/msx-logo-1.png","contentUrl":"https:\/\/chicagoinjurylawyer.net\/wp-content\/uploads\/2019\/06\/msx-logo-1.png","width":180,"height":83,"caption":"[firm-name]"},"image":{"@id":"https:\/\/chicagoinjurylawyer.net\/es\/#\/schema\/logo\/image\/"}}]}},"_links":{"self":[{"href":"https:\/\/chicagoinjurylawyer.net\/es\/wp-json\/wp\/v2\/pages\/7916","targetHints":{"allow":["GET"]}}],"collection":[{"href":"https:\/\/chicagoinjurylawyer.net\/es\/wp-json\/wp\/v2\/pages"}],"about":[{"href":"https:\/\/chicagoinjurylawyer.net\/es\/wp-json\/wp\/v2\/types\/page"}],"author":[{"embeddable":true,"href":"https:\/\/chicagoinjurylawyer.net\/es\/wp-json\/wp\/v2\/users\/1"}],"replies":[{"embeddable":true,"href":"https:\/\/chicagoinjurylawyer.net\/es\/wp-json\/wp\/v2\/comments?post=7916"}],"version-history":[{"count":5,"href":"https:\/\/chicagoinjurylawyer.net\/es\/wp-json\/wp\/v2\/pages\/7916\/revisions"}],"predecessor-version":[{"id":32542,"href":"https:\/\/chicagoinjurylawyer.net\/es\/wp-json\/wp\/v2\/pages\/7916\/revisions\/32542"}],"wp:attachment":[{"href":"https:\/\/chicagoinjurylawyer.net\/es\/wp-json\/wp\/v2\/media?parent=7916"}],"curies":[{"name":"wp","href":"https:\/\/api.w.org\/{rel}","templated":true}]}}