{"id":7918,"date":"2019-06-27T10:23:37","date_gmt":"2019-06-27T10:23:37","guid":{"rendered":"http:\/\/104.197.86.120\/?page_id=7918"},"modified":"2021-12-03T16:24:30","modified_gmt":"2021-12-03T22:24:30","slug":"tacticas-de-companias-de-seguros","status":"publish","type":"page","link":"https:\/\/chicagoinjurylawyer.net\/es\/compensacion-de-trabajadores\/tacticas-de-companias-de-seguros\/","title":{"rendered":"T\u00e1cticas De Compa\u00f1\u00edas De Seguros"},"content":{"rendered":"<h1>T\u00e1cticas de Compa\u00f1\u00edas de Seguros en Chicago<\/h1>\n<p><img decoding=\"async\" class=\"size-medium wp-image-7921 alignright\" src=\"\/wp-content\/uploads\/2019\/06\/work-comp-insurance-300x200.jpg\" alt=\"work comp insurance\" width=\"300\" height=\"200\" \/>Es importante recordar que las compa\u00f1\u00edas de seguros son empresas. Como cualquier otro negocio, tratan de obtener beneficios tanto como sea posible. Uno de los factores principales que controlan la cantidad de dinero que ganan depende en lo mucho o lo poco que pagan en las reivindicaciones. Entonces, \u00bfqu\u00e9 significa esto para usted? En pocas palabras, las compa\u00f1\u00edas de seguros se centran en su rentabilidad, que a veces puede ser a expensas de su bienestar econ\u00f3mico y emocional f\u00edsico.<\/p>\n<p>No es diferente con la compa\u00f1\u00eda de seguros de compensaci\u00f3n para trabajadores de un empleador. No importa lo bien que el ajustador de reclamos es cuando \u00e9l o ella llama, el objetivo principal de la conversaci\u00f3n no es para determinar cu\u00e1nto pueden compensar, sino para determinar la cantidad m\u00ednima que puede compensarle. No es raro que el \"m\u00ednimo\" sea cero.<\/p>\n<p>Si usted o un ser querido ha sido lesionado en el trabajo, usted puede esperar para escuchar de un ajustador de reclamos poco despu\u00e9s de que se inform\u00f3 del accidente. El equipo legal de <a href=\"\/es\/\">Sexner Injury Lawyers LLC<\/a> le recomienda que hable con un abogado de compensaci\u00f3n a los trabajadores bien informados\u00a0<strong>antes<\/strong>\u00a0de tener una conversaci\u00f3n con el ajustador de reclamos. Hay varias razones para ello, incluyendo las siguientes:<\/p>\n<ul>\n<li>Podemos hacerle saber los derechos y beneficios para los cuales usted es potencialmente elegible.<\/li>\n<li>Podemos ayudarle a presentar para la compensaci\u00f3n para los Trabajadores de Comisi\u00f3n de Illinois de Indemnizaci\u00f3n de los trabajadores, que el ajustador de reclamos no va a hacer por usted. No importa cu\u00e1ntas veces \u00e9l o ella mencione su \"demanda de la remuneraci\u00f3n de los trabajadores.\"<\/li>\n<li>Nosotros le podemos asesorar sobre t\u00e1cticas comunes utilizadas por algunos ajustadores de reclamaciones en un intento de socavar su credibilidad. Por ejemplo, el regulador podr\u00eda grabar su llamada telef\u00f3nica y tratar de conseguir que diga que se siente bien, incluso si usted est\u00e1 en tremendo dolor. Esto es para que la conversaci\u00f3n pueda ser usada en su contra m\u00e1s adelante si la compa\u00f1\u00eda de seguros trata de discutir su reclamo.<\/li>\n<\/ul>\n<p>Tenemos a\u00f1os de experiencia en el trato con los distintos m\u00e9todos que las compa\u00f1\u00edas de seguros utilizan para evitar el pago de beneficios de compensaci\u00f3n a los empleados lesionados. Seremos sus defensores en el caso <a href=\"\/es\/compensacion-de-trabajadores\/\">de compensaci\u00f3n para trabajadores<\/a> y le ayudaremos a obtener los beneficios que se merece. <a href=\"\/es\/contactenos\/\">Ll\u00e1menos las 24 horas del d\u00eda para una consulta<\/a> gratuita y sin compromiso sobre los hechos de su caso.<\/p>\n","protected":false},"excerpt":{"rendered":"<p>T\u00e1cticas de Compa\u00f1\u00edas de Seguros en Chicago Es importante recordar que las compa\u00f1\u00edas de seguros son empresas. Como cualquier otro negocio, tratan de obtener beneficios tanto como sea posible. Uno de los factores principales que controlan la cantidad de dinero que ganan depende en lo mucho o lo poco que pagan en las reivindicaciones. Entonces, [&hellip;]<\/p>\n","protected":false},"author":1,"featured_media":0,"parent":7790,"menu_order":0,"comment_status":"closed","ping_status":"open","template":"","meta":{"_acf_changed":false,"footnotes":""},"class_list":["post-7918","page","type-page","status-publish","hentry"],"acf":[],"yoast_head":"<!-- This site is optimized with the Yoast SEO plugin v27.4 - https:\/\/yoast.com\/product\/yoast-seo-wordpress\/ -->\n<title>T\u00e1cticas de Compa\u00f1\u00edas de Seguros en Chicago - Sexner Injury Lawyers LLC<\/title>\n<meta name=\"description\" content=\"El equipo legal de Sexner Injury Lawyers LLC le recomienda que hable con un abogado de compensaci\u00f3n a los trabajadores bien informados antes de tener una conversaci\u00f3n con el ajustador de reclamos.\" \/>\n<meta name=\"robots\" content=\"index, follow, max-snippet:-1, max-image-preview:large, max-video-preview:-1\" \/>\n<link rel=\"canonical\" href=\"https:\/\/chicagoinjurylawyer.net\/es\/compensacion-de-trabajadores\/tacticas-de-companias-de-seguros\/\" \/>\n<meta property=\"og:locale\" content=\"es_ES\" \/>\n<meta property=\"og:type\" content=\"article\" \/>\n<meta property=\"og:title\" content=\"T\u00e1cticas de Compa\u00f1\u00edas de Seguros en Chicago - Sexner Injury Lawyers LLC\" \/>\n<meta property=\"og:description\" content=\"El equipo legal de Sexner Injury Lawyers LLC le recomienda que hable con un abogado de compensaci\u00f3n a los trabajadores bien informados antes de tener una conversaci\u00f3n con el ajustador de reclamos.\" \/>\n<meta property=\"og:url\" content=\"https:\/\/chicagoinjurylawyer.net\/es\/compensacion-de-trabajadores\/tacticas-de-companias-de-seguros\/\" \/>\n<meta property=\"og:site_name\" content=\"Sexner Injury Lawyers LLC\" \/>\n<meta property=\"article:modified_time\" content=\"2021-12-03T22:24:30+00:00\" \/>\n<meta property=\"og:image\" content=\"https:\/\/chicagoinjurylawyer.net\/wp-content\/uploads\/2019\/06\/work-comp-insurance-300x200.jpg\" \/>\n<meta name=\"twitter:card\" content=\"summary_large_image\" \/>\n<meta name=\"twitter:label1\" content=\"Tiempo de lectura\" \/>\n\t<meta name=\"twitter:data1\" content=\"2 minutos\" \/>\n<!-- \/ Yoast SEO plugin. -->","yoast_head_json":{"title":"T\u00e1cticas de Compa\u00f1\u00edas de Seguros en Chicago - Sexner Injury Lawyers LLC","description":"El equipo legal de Sexner Injury Lawyers LLC le recomienda que hable con un abogado de compensaci\u00f3n a los trabajadores bien informados antes de tener una conversaci\u00f3n con el ajustador de reclamos.","robots":{"index":"index","follow":"follow","max-snippet":"max-snippet:-1","max-image-preview":"max-image-preview:large","max-video-preview":"max-video-preview:-1"},"canonical":"https:\/\/chicagoinjurylawyer.net\/es\/compensacion-de-trabajadores\/tacticas-de-companias-de-seguros\/","og_locale":"es_ES","og_type":"article","og_title":"T\u00e1cticas de Compa\u00f1\u00edas de Seguros en Chicago - Sexner Injury Lawyers LLC","og_description":"El equipo legal de Sexner Injury Lawyers LLC le recomienda que hable con un abogado de compensaci\u00f3n a los trabajadores bien informados antes de tener una conversaci\u00f3n con el ajustador de reclamos.","og_url":"https:\/\/chicagoinjurylawyer.net\/es\/compensacion-de-trabajadores\/tacticas-de-companias-de-seguros\/","og_site_name":"Sexner Injury Lawyers LLC","article_modified_time":"2021-12-03T22:24:30+00:00","og_image":[{"url":"https:\/\/chicagoinjurylawyer.net\/wp-content\/uploads\/2019\/06\/work-comp-insurance-300x200.jpg","type":"","width":"","height":""}],"twitter_card":"summary_large_image","twitter_misc":{"Tiempo de lectura":"2 minutos"},"schema":{"@context":"https:\/\/schema.org","@graph":[{"@type":"WebPage","@id":"https:\/\/chicagoinjurylawyer.net\/es\/compensacion-de-trabajadores\/tacticas-de-companias-de-seguros\/","url":"https:\/\/chicagoinjurylawyer.net\/es\/compensacion-de-trabajadores\/tacticas-de-companias-de-seguros\/","name":"T\u00e1cticas de Compa\u00f1\u00edas de Seguros en Chicago - Sexner Injury Lawyers LLC","isPartOf":{"@id":"https:\/\/chicagoinjurylawyer.net\/es\/#website"},"datePublished":"2019-06-27T10:23:37+00:00","dateModified":"2021-12-03T22:24:30+00:00","description":"El equipo legal de [firm-name] le recomienda que hable con un abogado de compensaci\u00f3n a los trabajadores bien informados antes de tener una conversaci\u00f3n con el ajustador de reclamos.","breadcrumb":{"@id":"https:\/\/chicagoinjurylawyer.net\/es\/compensacion-de-trabajadores\/tacticas-de-companias-de-seguros\/#breadcrumb"},"inLanguage":"es","potentialAction":[{"@type":"ReadAction","target":["https:\/\/chicagoinjurylawyer.net\/es\/compensacion-de-trabajadores\/tacticas-de-companias-de-seguros\/"]}]},{"@type":"BreadcrumbList","@id":"https:\/\/chicagoinjurylawyer.net\/es\/compensacion-de-trabajadores\/tacticas-de-companias-de-seguros\/#breadcrumb","itemListElement":[{"@type":"ListItem","position":1,"name":"Compensaci\u00f3n De Trabajadores","item":"https:\/\/chicagoinjurylawyer.net\/es\/compensacion-de-trabajadores\/"},{"@type":"ListItem","position":2,"name":"T\u00e1cticas De Compa\u00f1\u00edas De Seguros"}]},{"@type":"WebSite","@id":"https:\/\/chicagoinjurylawyer.net\/es\/#website","url":"https:\/\/chicagoinjurylawyer.net\/es\/","name":"Sexner Injury Lawyers LLC","description":"Chicago Personal Injury Attorneys","publisher":{"@id":"https:\/\/chicagoinjurylawyer.net\/es\/#organization"},"potentialAction":[{"@type":"SearchAction","target":{"@type":"EntryPoint","urlTemplate":"https:\/\/chicagoinjurylawyer.net\/es\/?s={search_term_string}"},"query-input":{"@type":"PropertyValueSpecification","valueRequired":true,"valueName":"search_term_string"}}],"inLanguage":"es"},{"@type":"Organization","@id":"https:\/\/chicagoinjurylawyer.net\/es\/#organization","name":"[firm-name]","url":"https:\/\/chicagoinjurylawyer.net\/es\/","logo":{"@type":"ImageObject","inLanguage":"es","@id":"https:\/\/chicagoinjurylawyer.net\/es\/#\/schema\/logo\/image\/","url":"https:\/\/chicagoinjurylawyer.net\/wp-content\/uploads\/2019\/06\/msx-logo-1.png","contentUrl":"https:\/\/chicagoinjurylawyer.net\/wp-content\/uploads\/2019\/06\/msx-logo-1.png","width":180,"height":83,"caption":"[firm-name]"},"image":{"@id":"https:\/\/chicagoinjurylawyer.net\/es\/#\/schema\/logo\/image\/"}}]}},"_links":{"self":[{"href":"https:\/\/chicagoinjurylawyer.net\/es\/wp-json\/wp\/v2\/pages\/7918","targetHints":{"allow":["GET"]}}],"collection":[{"href":"https:\/\/chicagoinjurylawyer.net\/es\/wp-json\/wp\/v2\/pages"}],"about":[{"href":"https:\/\/chicagoinjurylawyer.net\/es\/wp-json\/wp\/v2\/types\/page"}],"author":[{"embeddable":true,"href":"https:\/\/chicagoinjurylawyer.net\/es\/wp-json\/wp\/v2\/users\/1"}],"replies":[{"embeddable":true,"href":"https:\/\/chicagoinjurylawyer.net\/es\/wp-json\/wp\/v2\/comments?post=7918"}],"version-history":[{"count":4,"href":"https:\/\/chicagoinjurylawyer.net\/es\/wp-json\/wp\/v2\/pages\/7918\/revisions"}],"predecessor-version":[{"id":32571,"href":"https:\/\/chicagoinjurylawyer.net\/es\/wp-json\/wp\/v2\/pages\/7918\/revisions\/32571"}],"up":[{"embeddable":true,"href":"https:\/\/chicagoinjurylawyer.net\/es\/wp-json\/wp\/v2\/pages\/7790"}],"wp:attachment":[{"href":"https:\/\/chicagoinjurylawyer.net\/es\/wp-json\/wp\/v2\/media?parent=7918"}],"curies":[{"name":"wp","href":"https:\/\/api.w.org\/{rel}","templated":true}]}}