{"id":7933,"date":"2019-06-27T10:28:01","date_gmt":"2019-06-27T10:28:01","guid":{"rendered":"http:\/\/104.197.86.120\/?page_id=7933"},"modified":"2022-02-02T13:18:38","modified_gmt":"2022-02-02T19:18:38","slug":"accidentes-en-piscina","status":"publish","type":"page","link":"https:\/\/chicagoinjurylawyer.net\/es\/accidentes-en-piscina\/","title":{"rendered":"Accidentes En Piscina Y Ahogos"},"content":{"rendered":"<h1>Abogados de Incidentes de Ahogamiento en Chicago<\/h1>\n<p><img decoding=\"async\" class=\"size-medium wp-image-7938 alignright\" src=\"\/wp-content\/uploads\/2019\/06\/Swimming-Pool-Accidents-1-300x200.jpg\" alt=\"Infant near swimming pool\" width=\"300\" height=\"200\" \/><br \/>\nCada a\u00f1o en los EE. UU., Unas 3500 personas se ahogan en accidentes no relacionados con los barcos, seg\u00fan los Centros para el Control y la Prevenci\u00f3n de Enfermedades (CDC). Eso es alrededor de diez muertes por d\u00eda. En comparaci\u00f3n, los ahogamientos relacionados con embarcaciones sorprendentemente representan solo alrededor de 330 accidentes fatales cada a\u00f1o. Eso significa que miles de personas mueren cada a\u00f1o (tanto en el interior como en el exterior) en las piscinas de los patios traseros, parques tem\u00e1ticos, parques acu\u00e1ticos, lagos, estanques, piscinas p\u00fablicas y ba\u00f1eras. Una de cada cinco de estas muertes se relaciona con ni\u00f1os menores de 15 a\u00f1os, y por cada muerte infantil, otros cinco ni\u00f1os son tratados por lesiones no fatales por inmersi\u00f3n en un departamento de emergencias. Sin embargo, muchos de estos accidentes no fatales resultan en lesiones graves y permanentes a largo plazo, como <a href=\"\/es\/lesiones-cerebrales-traumaticas\/\">da\u00f1o cerebral<\/a>.<\/p>\n<p>Por lo tanto, los ahogamientos involuntarios siguen siendo un problema grave y generalizado en todas las ciudades del pa\u00eds, incluida Chicago. Si usted o alguien que le importa ha resultado gravemente herido en un incidente de este tipo, los abogados de accidentes por ahogamiento en Chicago de Sexner Injury Lawyers LLC pueden ayudarlo. Cont\u00e1ctenos al <a href=\"tel:3122439922\">(312) 243-9922<\/a> para una consulta gratuita.<\/p>\n<h2>\u00bfSe Puede Presentar una Demanda por Ahogamiento?<\/h2>\n<p>Las personas son responsables de su propia propiedad y le deben a los dem\u00e1s el deber de mantener esa propiedad segura y en buen estado. Cuando un propietario falla en este sentido, \u00e9l o ella es responsable de cualquier da\u00f1o que surja. Es por eso por lo que los propietarios responsables suelen pagar una \"p\u00f3liza de seguro para propietarios de viviendas\", que los protege en caso de accidente. De la misma manera, los propietarios de piscinas p\u00fablicas, parques acu\u00e1ticos y parques tem\u00e1ticos tienen p\u00f3lizas de seguros comerciales que a menudo tienen l\u00edmites de muchos millones de d\u00f3lares. En el caso de una demanda, la compa\u00f1\u00eda de seguros del propietario es la responsable financiera de cualquier <a href=\"\/es\/muerte-injusta\/\">muerte<\/a> o lesi\u00f3n.<\/p>\n<p>Cuando un ser querido ha muerto o ha resultado lesionado debido a un accidente relacionado con el agua, las oficinas legales de Sexner Injury Lawyers LLC pueden explorar de inmediato si una demanda puede presentarse con \u00e9xito. El tiempo es importante al considerar la presentaci\u00f3n de una demanda de este tipo, porque ...<\/p>\n<ol>\n<li>Hay plazos estrictos en la corte para la presentaci\u00f3n, y<\/li>\n<li>La evidencia importante puede desaparecer con el tiempo.<\/li>\n<\/ol>\n<p>Por ejemplo, es posible que debamos enviar r\u00e1pidamente a un investigador para que tome fotos de la piscina y las \u00e1reas circundantes antes de que el propietario arregle los defectos o destruya las pruebas; puede perjudicar su caso cuando se pierden pruebas. Nunca hay honorarios de abogado para discutir su posible caso o para que investiguemos, as\u00ed que ll\u00e1menos las 24 horas del d\u00eda al <a href=\"tel:3122439922\">(312) 243-9922<\/a> para obtener informaci\u00f3n gratuita inmediata. Ya se han recaudado <a href=\"\/es\/nuestro-exito\/\">millones de d\u00f3lares<\/a> para nuestros clientes y sus familias.<\/p>\n<h2>Demandar al Propietario de una Piscina Bajo la Ley de Responsabilidad de las Instalaciones de Illinois<\/h2>\n<p><img decoding=\"async\" class=\"alignright wp-image-33491\" src=\"\/wp-content\/uploads\/2022\/02\/Abogados-de-Incidentes-de-Ahogamiento.jpg\" alt=\"Abogados de Incidentes de Ahogamiento\" width=\"400\" height=\"222\" srcset=\"https:\/\/chicagoinjurylawyer.net\/wp-content\/uploads\/2022\/02\/Abogados-de-Incidentes-de-Ahogamiento.jpg 1000w, https:\/\/chicagoinjurylawyer.net\/wp-content\/uploads\/2022\/02\/Abogados-de-Incidentes-de-Ahogamiento-300x166.jpg 300w, https:\/\/chicagoinjurylawyer.net\/wp-content\/uploads\/2022\/02\/Abogados-de-Incidentes-de-Ahogamiento-768x425.jpg 768w\" sizes=\"(max-width: 400px) 100vw, 400px\" \/>En Illinois, el propietario de cualquier instalaci\u00f3n (incluida una piscina) tiene el \"deber\" de mantener a los dem\u00e1s a salvo. La cantidad de un deber que se adeuda depende en cierta medida de qui\u00e9n es la otra persona. Si la otra persona es un \"licenciatario\" (alguien que ha pagado para usar el grupo) o \"invitado\" (alguien que fue invitado a usar el grupo), se le debe un deber m\u00e1s alto que un \"intruso\". Sin embargo, incluso los intrusos tienen alg\u00fan deber. En cualquier caso, los propietarios deben hacer todo lo posible para mantener la seguridad en su propiedad. Algunos ejemplos de condiciones de negligencia que pueden dar lugar a una demanda contra el propietario incluyen:<\/p>\n<ul>\n<li>No mantener o mantener el equipo de seguridad y rescate en el lugar en caso de accidente.<\/li>\n<li>No mantener la piscina o las instalaciones en buen estado.<\/li>\n<li>No proporcionar un n\u00famero adecuado de salvavidas para las circunstancias particulares.<\/li>\n<li>No advertir a los usuarios de peligros ocultos.<\/li>\n<li>No mantener una cubierta en la piscina cuando no est\u00e1 en uso.<\/li>\n<li>No colocar las se\u00f1ales de advertencia adecuadas, incluida la profundidad de la piscina<\/li>\n<li>No instalar o mantener una cerca o barrera alrededor de la piscina.<\/li>\n<li>No instalar alarmas en las puertas o instalar pestillos de las puertas a la altura adecuada<\/li>\n<li>No asegurar o bloquear los escalones y escaleras de la piscina o spa<\/li>\n<\/ul>\n<h2>\u00bfQu\u00e9 Factores Aumentan el Riesgo de Ahogamiento?<\/h2>\n<p>Son muchos los factores que aumentan las probabilidades de que un adulto o un ni\u00f1o se ahoguen en una masa de agua. Pero algunas de las influencias m\u00e1s comunes incluyen:<\/p>\n<ul>\n<li><strong>Consumo de alcohol<\/strong>: El consumo de alcohol afecta partes del cerebro que controlan el habla, el movimiento, la memoria y el juicio, creando r\u00e1pidamente una situaci\u00f3n muy peligrosa. Es por eso por lo que la mayor\u00eda de las piscinas tienen un letrero que dice \"Prohibido el alcohol\". Aunque beber alcohol es voluntario, si el propietario de una piscina o parque acu\u00e1tico fomenta el consumo de alcohol cerca del agua, se puede entablar una demanda alegando que el propietario de la piscina fue negligente.<\/li>\n<li><strong>Habilidades inadecuadas para nadar<\/strong>: No todo el mundo es un gran nadador. Pero cuando el propietario de una piscina da la bienvenida a personas que se sabe que son nadadores insatisfactorios y ocurre un accidente, en algunas circunstancias el propietario puede ser responsable de dicha lesi\u00f3n o muerte.<\/li>\n<li><strong>Supervisi\u00f3n inadecuada<\/strong>: Aunque se supone que los adultos son capaces de cuidar de s\u00ed mismos, la edad de los nadadores, el n\u00famero de nadadores, la profundidad de la piscina y muchos factores similares influyen en la cantidad de supervisi\u00f3n que debe proporcionar el propietario de la piscina. \u00bfEs una fiesta de cumplea\u00f1os en la piscina para estudiantes de tercer grado? \u00bfEs un c\u00f3ctel para adultos? \u00bfEs un paseo en un parque acu\u00e1tico de alta velocidad? Cada una de estas situaciones requiere una cantidad diferente de supervisi\u00f3n o participaci\u00f3n de salvavidas.<\/li>\n<li><strong>Trastornos convulsivos<\/strong>: Los propietarios de las piscinas deben vigilar de cerca a las personas que padecen convulsiones, ya que el ahogamiento es una fuente muy com\u00fan de lesiones o muerte para los afectados.<\/li>\n<li><strong>Falta de barreras<\/strong>: Las piscinas, los toboganes de agua y otros cuerpos de agua necesitan vallas para mantener a las personas (especialmente a los ni\u00f1os) alejadas del peligro. Casi todas las ciudades, desde Chicago hasta Quincy, tienen leyes que exigen vallas de seguridad alrededor de las piscinas y reglas espec\u00edficas sobre la altura y la construcci\u00f3n de dichas vallas. Adem\u00e1s, a veces tambi\u00e9n se aplican las leyes estatales y federales. Cuando estas reglas se rompen o se ignoran, es seguro que se producir\u00e1n lesiones o muerte y los responsables de dicha negligencia deben ser responsables.<\/li>\n<li><strong>Atrapamiento de circulaci\u00f3n<\/strong>: Los accesorios de succi\u00f3n de drenaje deben inspeccionarse peri\u00f3dicamente para asegurarse de que est\u00e9n en buen estado de funcionamiento, del tama\u00f1o adecuado y de que cumplan con las normas de seguridad. Si la piscina tiene un solo desag\u00fce, un sistema de seguridad de liberaci\u00f3n de vac\u00edo puede ser apropiado. De lo contrario, el cuerpo puede quedar atrapado o enredado cuando el cabello, las extremidades o las joyas se atascan. En tales circunstancias, pueden producirse lesiones o la muerte y los responsables del mantenimiento de la piscina pueden ser legalmente responsables.<\/li>\n<\/ul>\n<h2>Habla con un Abogado con Experiencia en Lesiones por Ahogamiento<\/h2>\n<p><img decoding=\"async\" class=\"alignright wp-image-33489\" src=\"\/wp-content\/uploads\/2022\/02\/Abogados-de-Incidentes-de-Ahogamiento-en-Chicago.jpg\" alt=\"Abogados de Incidentes de Ahogamiento en Chicago\" width=\"400\" height=\"267\" srcset=\"https:\/\/chicagoinjurylawyer.net\/wp-content\/uploads\/2022\/02\/Abogados-de-Incidentes-de-Ahogamiento-en-Chicago.jpg 1000w, https:\/\/chicagoinjurylawyer.net\/wp-content\/uploads\/2022\/02\/Abogados-de-Incidentes-de-Ahogamiento-en-Chicago-300x200.jpg 300w, https:\/\/chicagoinjurylawyer.net\/wp-content\/uploads\/2022\/02\/Abogados-de-Incidentes-de-Ahogamiento-en-Chicago-768x512.jpg 768w\" sizes=\"(max-width: 400px) 100vw, 400px\" \/>Durante m\u00e1s de 30 a\u00f1os, los abogados con experiencia en lesiones de Chicago afiliados a Sexner Injury Lawyers LLC han ayudado a personas y familias afectadas por la negligencia de otros. Creemos que los responsables de <a href=\"\/es\/\">lesiones<\/a> o muerte siempre deben rendir cuentas; y desde 1990, se han recaudado muchos millones de d\u00f3lares para nuestros clientes merecedores y las familias de nuestros clientes. Nunca se cobran tarifas a menos que tengamos \u00e9xito en su nombre, as\u00ed que ll\u00e1menos en cualquier momento, las 24 horas del d\u00eda, y escuche c\u00f3mo podemos ayudarlo. Nuestro n\u00famero gratuito es <a href=\"tel:3122439922\">(312) 243-9922<\/a>.<\/p>\n","protected":false},"excerpt":{"rendered":"<p>Abogados de Incidentes de Ahogamiento en Chicago Cada a\u00f1o en los EE. UU., Unas 3500 personas se ahogan en accidentes no relacionados con los barcos, seg\u00fan los Centros para el Control y la Prevenci\u00f3n de Enfermedades (CDC). Eso es alrededor de diez muertes por d\u00eda. En comparaci\u00f3n, los ahogamientos relacionados con embarcaciones sorprendentemente representan solo [&hellip;]<\/p>\n","protected":false},"author":1,"featured_media":0,"parent":0,"menu_order":0,"comment_status":"closed","ping_status":"open","template":"","meta":{"_acf_changed":false,"footnotes":""},"class_list":["post-7933","page","type-page","status-publish","hentry"],"acf":[],"yoast_head":"<!-- This site is optimized with the Yoast SEO plugin v27.4 - https:\/\/yoast.com\/product\/yoast-seo-wordpress\/ -->\n<title>Chicago Ahogamiento Y Piscina Abogados De Lesiones - Sexner Injury Lawyers LLC<\/title>\n<meta name=\"description\" content=\"Si usted o un ser querido ha sido herido o muerto en un accidente de piscina, usted puede ser capaz de presentar una demanda por lesiones personales, y el equipo legal en Sexner Injury Lawyers LLC puede ayudar.\" \/>\n<meta name=\"robots\" content=\"index, follow, max-snippet:-1, max-image-preview:large, max-video-preview:-1\" \/>\n<link rel=\"canonical\" href=\"https:\/\/chicagoinjurylawyer.net\/es\/accidentes-en-piscina\/\" \/>\n<meta property=\"og:locale\" content=\"es_ES\" \/>\n<meta property=\"og:type\" content=\"article\" \/>\n<meta property=\"og:title\" content=\"Chicago Ahogamiento Y Piscina Abogados De Lesiones - Sexner Injury Lawyers LLC\" \/>\n<meta property=\"og:description\" content=\"Si usted o un ser querido ha sido herido o muerto en un accidente de piscina, usted puede ser capaz de presentar una demanda por lesiones personales, y el equipo legal en Sexner Injury Lawyers LLC puede ayudar.\" \/>\n<meta property=\"og:url\" content=\"https:\/\/chicagoinjurylawyer.net\/es\/accidentes-en-piscina\/\" \/>\n<meta property=\"og:site_name\" content=\"Sexner Injury Lawyers LLC\" \/>\n<meta property=\"article:modified_time\" content=\"2022-02-02T19:18:38+00:00\" \/>\n<meta property=\"og:image\" content=\"https:\/\/chicagoinjurylawyer.net\/wp-content\/uploads\/2019\/06\/Swimming-Pool-Accidents-1-300x200.jpg\" \/>\n<meta name=\"twitter:card\" content=\"summary_large_image\" \/>\n<meta name=\"twitter:label1\" content=\"Tiempo de lectura\" \/>\n\t<meta name=\"twitter:data1\" content=\"7 minutos\" \/>\n<!-- \/ Yoast SEO plugin. -->","yoast_head_json":{"title":"Chicago Ahogamiento Y Piscina Abogados De Lesiones - Sexner Injury Lawyers LLC","description":"Si usted o un ser querido ha sido herido o muerto en un accidente de piscina, usted puede ser capaz de presentar una demanda por lesiones personales, y el equipo legal en Sexner Injury Lawyers LLC puede ayudar.","robots":{"index":"index","follow":"follow","max-snippet":"max-snippet:-1","max-image-preview":"max-image-preview:large","max-video-preview":"max-video-preview:-1"},"canonical":"https:\/\/chicagoinjurylawyer.net\/es\/accidentes-en-piscina\/","og_locale":"es_ES","og_type":"article","og_title":"Chicago Ahogamiento Y Piscina Abogados De Lesiones - Sexner Injury Lawyers LLC","og_description":"Si usted o un ser querido ha sido herido o muerto en un accidente de piscina, usted puede ser capaz de presentar una demanda por lesiones personales, y el equipo legal en Sexner Injury Lawyers LLC puede ayudar.","og_url":"https:\/\/chicagoinjurylawyer.net\/es\/accidentes-en-piscina\/","og_site_name":"Sexner Injury Lawyers LLC","article_modified_time":"2022-02-02T19:18:38+00:00","og_image":[{"url":"https:\/\/chicagoinjurylawyer.net\/wp-content\/uploads\/2019\/06\/Swimming-Pool-Accidents-1-300x200.jpg","type":"","width":"","height":""}],"twitter_card":"summary_large_image","twitter_misc":{"Tiempo de lectura":"7 minutos"},"schema":{"@context":"https:\/\/schema.org","@graph":[{"@type":"WebPage","@id":"https:\/\/chicagoinjurylawyer.net\/es\/accidentes-en-piscina\/","url":"https:\/\/chicagoinjurylawyer.net\/es\/accidentes-en-piscina\/","name":"Chicago Ahogamiento Y Piscina Abogados De Lesiones - Sexner Injury Lawyers LLC","isPartOf":{"@id":"https:\/\/chicagoinjurylawyer.net\/es\/#website"},"datePublished":"2019-06-27T10:28:01+00:00","dateModified":"2022-02-02T19:18:38+00:00","description":"Si usted o un ser querido ha sido herido o muerto en un accidente de piscina, usted puede ser capaz de presentar una demanda por lesiones personales, y el equipo legal en [firm-name] puede ayudar.","inLanguage":"es","potentialAction":[{"@type":"ReadAction","target":["https:\/\/chicagoinjurylawyer.net\/es\/accidentes-en-piscina\/"]}]},{"@type":"WebSite","@id":"https:\/\/chicagoinjurylawyer.net\/es\/#website","url":"https:\/\/chicagoinjurylawyer.net\/es\/","name":"Sexner Injury Lawyers LLC","description":"Chicago Personal Injury Attorneys","publisher":{"@id":"https:\/\/chicagoinjurylawyer.net\/es\/#organization"},"potentialAction":[{"@type":"SearchAction","target":{"@type":"EntryPoint","urlTemplate":"https:\/\/chicagoinjurylawyer.net\/es\/?s={search_term_string}"},"query-input":{"@type":"PropertyValueSpecification","valueRequired":true,"valueName":"search_term_string"}}],"inLanguage":"es"},{"@type":"Organization","@id":"https:\/\/chicagoinjurylawyer.net\/es\/#organization","name":"[firm-name]","url":"https:\/\/chicagoinjurylawyer.net\/es\/","logo":{"@type":"ImageObject","inLanguage":"es","@id":"https:\/\/chicagoinjurylawyer.net\/es\/#\/schema\/logo\/image\/","url":"https:\/\/chicagoinjurylawyer.net\/wp-content\/uploads\/2019\/06\/msx-logo-1.png","contentUrl":"https:\/\/chicagoinjurylawyer.net\/wp-content\/uploads\/2019\/06\/msx-logo-1.png","width":180,"height":83,"caption":"[firm-name]"},"image":{"@id":"https:\/\/chicagoinjurylawyer.net\/es\/#\/schema\/logo\/image\/"}}]}},"_links":{"self":[{"href":"https:\/\/chicagoinjurylawyer.net\/es\/wp-json\/wp\/v2\/pages\/7933","targetHints":{"allow":["GET"]}}],"collection":[{"href":"https:\/\/chicagoinjurylawyer.net\/es\/wp-json\/wp\/v2\/pages"}],"about":[{"href":"https:\/\/chicagoinjurylawyer.net\/es\/wp-json\/wp\/v2\/types\/page"}],"author":[{"embeddable":true,"href":"https:\/\/chicagoinjurylawyer.net\/es\/wp-json\/wp\/v2\/users\/1"}],"replies":[{"embeddable":true,"href":"https:\/\/chicagoinjurylawyer.net\/es\/wp-json\/wp\/v2\/comments?post=7933"}],"version-history":[{"count":9,"href":"https:\/\/chicagoinjurylawyer.net\/es\/wp-json\/wp\/v2\/pages\/7933\/revisions"}],"predecessor-version":[{"id":33493,"href":"https:\/\/chicagoinjurylawyer.net\/es\/wp-json\/wp\/v2\/pages\/7933\/revisions\/33493"}],"wp:attachment":[{"href":"https:\/\/chicagoinjurylawyer.net\/es\/wp-json\/wp\/v2\/media?parent=7933"}],"curies":[{"name":"wp","href":"https:\/\/api.w.org\/{rel}","templated":true}]}}