{"id":7946,"date":"2019-06-27T10:33:26","date_gmt":"2019-06-27T10:33:26","guid":{"rendered":"http:\/\/104.197.86.120\/?page_id=7946"},"modified":"2021-12-03T16:04:28","modified_gmt":"2021-12-03T22:04:28","slug":"presentar-una-reclamacion","status":"publish","type":"page","link":"https:\/\/chicagoinjurylawyer.net\/es\/compensacion-de-trabajadores\/presentar-una-reclamacion\/","title":{"rendered":"\u00bfNecesito Un Abogado Para Presentar Una Reclamaci\u00f3n?"},"content":{"rendered":"<h1>\u00bfNecesito un Abogado para Presentar una Reclamaci\u00f3n?<\/h1>\n<p>No. Si el empleado lesionado y su familia no quieren contratar a un abogado, la Comisi\u00f3n de Compensaci\u00f3n Laboral de Illinois (IWCC) seguir\u00e1 el caso. Al igual que en cualquier \u00e1rea de la ley, se le permite a la persona representarse a s\u00ed misma.<\/p>\n<p><em>Sin embargo, hay varias razones por las que es de mejor inter\u00e9s para el empleado lesionado contratar a un abogado experimentado en casos de compensaci\u00f3n para trabajadores. Por ejemplo:<\/em><\/p>\n<ul>\n<li><strong>Las leyes de compensaci\u00f3n laboral son complicadas y cambiadas. constantemente<\/strong>. No es tarea del trabajador lesionado estar al d\u00eda en todas las entradas y salidas de las leyes, sin embargo, si lo es para el abogado en casos de compensaci\u00f3n a los trabajadores.<\/li>\n<li><strong>Es muy probable que la compa\u00f1\u00eda de seguros por el empleador de los trabajadores no tenga el mejor inter\u00e9s en ayudar al empleado a conseguir su compensaci\u00f3n<\/strong>. El ajustador de reclamos podr\u00eda ser una persona muy agradable, pero es muy probable que \u00e9l o ella este m\u00e1s interesado por las ganancias de la compa\u00f1\u00eda que del trabajador. Despu\u00e9s de todo, es trabajo del ajustador preocuparse por esos beneficios y tratar de protegerlos.<\/li>\n<li><strong>Antes de saber si un trabajador est\u00e1 siendo tratado de una manera justa por la compa\u00f1\u00eda de reclamos de seguros, hay una gran cantidad de informaci\u00f3n que analizar<\/strong>. Nuestros abogados experimentados en casos compensaci\u00f3n saben el papeleo que hay que tramitar, cuando y como un caso debe ser presentado, qu\u00e9 beneficios se deben en diferentes situaciones y si tambi\u00e9n se podr\u00eda obtener una liquidaci\u00f3n en efectivo posible. Los abogados en casos de compensaci\u00f3n saben que trucos son utilizados por las compa\u00f1\u00edas de seguros para evitar el pago de los beneficios m\u00e1ximos, permaneciendo as\u00ed atentos a ellos. Este conocimiento especializado le podr\u00eda ayudar a salvar tiempo y estr\u00e9s a la del proceso de la presentaci\u00f3n de una reivindicaci\u00f3n a la v\u00edctima.<\/li>\n<\/ul>\n<p>Mientras que si es posible pasar por el proceso completo de reclamaci\u00f3n de compensaci\u00f3n a los trabajadores sin un abogado, el tratar con la compa\u00f1\u00eda de seguros a trav\u00e9s de la presentaci\u00f3n de una reclamaci\u00f3n por su cuenta con la IWCC, no es altamente recomendada.<\/p>\n<p><img decoding=\"async\" class=\"alignright size-full wp-image-7948\" src=\"\/wp-content\/uploads\/2019\/06\/personal-injury-law-firm1-1.jpg\" alt=\"personal injury law firm1\" width=\"274\" height=\"202\" \/>En <a href=\"\/es\/\">Sexner Injury Lawyers LLC<\/a>, contamos con una red de abogados que tienen amplia experiencia en la ley de compensaci\u00f3n de trabajadores en Illinois. Ellos entienden que cada caso es \u00fanico y har\u00e1n todo lo posible para obtener el m\u00e1ximo de beneficios para cada cliente seg\u00fan lo permitido por la ley.<\/p>\n<p><a href=\"\/es\/contactenos\/\">Ll\u00e1menos las 24 horas del d\u00eda para discutir<\/a> los detalles de su caso. La consulta es gratuita y no hay honorarios legales a menos que obtengamos los beneficios del acuerdo de trabajo para usted. Vamos a darle la representaci\u00f3n que se usted merece.<\/p>\n","protected":false},"excerpt":{"rendered":"<p>\u00bfNecesito un Abogado para Presentar una Reclamaci\u00f3n? No. Si el empleado lesionado y su familia no quieren contratar a un abogado, la Comisi\u00f3n de Compensaci\u00f3n Laboral de Illinois (IWCC) seguir\u00e1 el caso. Al igual que en cualquier \u00e1rea de la ley, se le permite a la persona representarse a s\u00ed misma. Sin embargo, hay varias [&hellip;]<\/p>\n","protected":false},"author":1,"featured_media":0,"parent":7790,"menu_order":0,"comment_status":"closed","ping_status":"open","template":"","meta":{"_acf_changed":false,"footnotes":""},"class_list":["post-7946","page","type-page","status-publish","hentry"],"acf":[],"yoast_head":"<!-- This site is optimized with the Yoast SEO plugin v27.4 - https:\/\/yoast.com\/product\/yoast-seo-wordpress\/ -->\n<title>\u00bfNecesito un Abogado en Chicago para Presentar una Reclamaci\u00f3n? - Sexner Injury Lawyers LLC<\/title>\n<meta name=\"description\" content=\"En Sexner Injury Lawyers LLC, contamos con una red de abogados que tienen amplia experiencia en la ley de compensaci\u00f3n de trabajadores en Illinois.\" \/>\n<meta name=\"robots\" content=\"index, follow, max-snippet:-1, max-image-preview:large, max-video-preview:-1\" \/>\n<link rel=\"canonical\" href=\"https:\/\/chicagoinjurylawyer.net\/es\/compensacion-de-trabajadores\/presentar-una-reclamacion\/\" \/>\n<meta property=\"og:locale\" content=\"es_ES\" \/>\n<meta property=\"og:type\" content=\"article\" \/>\n<meta property=\"og:title\" content=\"\u00bfNecesito un Abogado en Chicago para Presentar una Reclamaci\u00f3n? - Sexner Injury Lawyers LLC\" \/>\n<meta property=\"og:description\" content=\"En Sexner Injury Lawyers LLC, contamos con una red de abogados que tienen amplia experiencia en la ley de compensaci\u00f3n de trabajadores en Illinois.\" \/>\n<meta property=\"og:url\" content=\"https:\/\/chicagoinjurylawyer.net\/es\/compensacion-de-trabajadores\/presentar-una-reclamacion\/\" \/>\n<meta property=\"og:site_name\" content=\"Sexner Injury Lawyers LLC\" \/>\n<meta property=\"article:modified_time\" content=\"2021-12-03T22:04:28+00:00\" \/>\n<meta property=\"og:image\" content=\"https:\/\/chicagoinjurylawyer.net\/wp-content\/uploads\/2019\/06\/personal-injury-law-firm1-1.jpg\" \/>\n<meta name=\"twitter:card\" content=\"summary_large_image\" \/>\n<meta name=\"twitter:label1\" content=\"Tiempo de lectura\" \/>\n\t<meta name=\"twitter:data1\" content=\"2 minutos\" \/>\n<!-- \/ Yoast SEO plugin. -->","yoast_head_json":{"title":"\u00bfNecesito un Abogado en Chicago para Presentar una Reclamaci\u00f3n? - Sexner Injury Lawyers LLC","description":"En Sexner Injury Lawyers LLC, contamos con una red de abogados que tienen amplia experiencia en la ley de compensaci\u00f3n de trabajadores en Illinois.","robots":{"index":"index","follow":"follow","max-snippet":"max-snippet:-1","max-image-preview":"max-image-preview:large","max-video-preview":"max-video-preview:-1"},"canonical":"https:\/\/chicagoinjurylawyer.net\/es\/compensacion-de-trabajadores\/presentar-una-reclamacion\/","og_locale":"es_ES","og_type":"article","og_title":"\u00bfNecesito un Abogado en Chicago para Presentar una Reclamaci\u00f3n? - Sexner Injury Lawyers LLC","og_description":"En Sexner Injury Lawyers LLC, contamos con una red de abogados que tienen amplia experiencia en la ley de compensaci\u00f3n de trabajadores en Illinois.","og_url":"https:\/\/chicagoinjurylawyer.net\/es\/compensacion-de-trabajadores\/presentar-una-reclamacion\/","og_site_name":"Sexner Injury Lawyers LLC","article_modified_time":"2021-12-03T22:04:28+00:00","og_image":[{"url":"https:\/\/chicagoinjurylawyer.net\/wp-content\/uploads\/2019\/06\/personal-injury-law-firm1-1.jpg","type":"","width":"","height":""}],"twitter_card":"summary_large_image","twitter_misc":{"Tiempo de lectura":"2 minutos"},"schema":{"@context":"https:\/\/schema.org","@graph":[{"@type":"WebPage","@id":"https:\/\/chicagoinjurylawyer.net\/es\/compensacion-de-trabajadores\/presentar-una-reclamacion\/","url":"https:\/\/chicagoinjurylawyer.net\/es\/compensacion-de-trabajadores\/presentar-una-reclamacion\/","name":"\u00bfNecesito un Abogado en Chicago para Presentar una Reclamaci\u00f3n? - Sexner Injury Lawyers LLC","isPartOf":{"@id":"https:\/\/chicagoinjurylawyer.net\/es\/#website"},"datePublished":"2019-06-27T10:33:26+00:00","dateModified":"2021-12-03T22:04:28+00:00","description":"En [firm-name], contamos con una red de abogados que tienen amplia experiencia en la ley de compensaci\u00f3n de trabajadores en Illinois.","breadcrumb":{"@id":"https:\/\/chicagoinjurylawyer.net\/es\/compensacion-de-trabajadores\/presentar-una-reclamacion\/#breadcrumb"},"inLanguage":"es","potentialAction":[{"@type":"ReadAction","target":["https:\/\/chicagoinjurylawyer.net\/es\/compensacion-de-trabajadores\/presentar-una-reclamacion\/"]}]},{"@type":"BreadcrumbList","@id":"https:\/\/chicagoinjurylawyer.net\/es\/compensacion-de-trabajadores\/presentar-una-reclamacion\/#breadcrumb","itemListElement":[{"@type":"ListItem","position":1,"name":"Compensaci\u00f3n De Trabajadores","item":"https:\/\/chicagoinjurylawyer.net\/es\/compensacion-de-trabajadores\/"},{"@type":"ListItem","position":2,"name":"\u00bfNecesito Un Abogado Para Presentar Una Reclamaci\u00f3n?"}]},{"@type":"WebSite","@id":"https:\/\/chicagoinjurylawyer.net\/es\/#website","url":"https:\/\/chicagoinjurylawyer.net\/es\/","name":"Sexner Injury Lawyers LLC","description":"Chicago Personal Injury Attorneys","publisher":{"@id":"https:\/\/chicagoinjurylawyer.net\/es\/#organization"},"potentialAction":[{"@type":"SearchAction","target":{"@type":"EntryPoint","urlTemplate":"https:\/\/chicagoinjurylawyer.net\/es\/?s={search_term_string}"},"query-input":{"@type":"PropertyValueSpecification","valueRequired":true,"valueName":"search_term_string"}}],"inLanguage":"es"},{"@type":"Organization","@id":"https:\/\/chicagoinjurylawyer.net\/es\/#organization","name":"[firm-name]","url":"https:\/\/chicagoinjurylawyer.net\/es\/","logo":{"@type":"ImageObject","inLanguage":"es","@id":"https:\/\/chicagoinjurylawyer.net\/es\/#\/schema\/logo\/image\/","url":"https:\/\/chicagoinjurylawyer.net\/wp-content\/uploads\/2019\/06\/msx-logo-1.png","contentUrl":"https:\/\/chicagoinjurylawyer.net\/wp-content\/uploads\/2019\/06\/msx-logo-1.png","width":180,"height":83,"caption":"[firm-name]"},"image":{"@id":"https:\/\/chicagoinjurylawyer.net\/es\/#\/schema\/logo\/image\/"}}]}},"_links":{"self":[{"href":"https:\/\/chicagoinjurylawyer.net\/es\/wp-json\/wp\/v2\/pages\/7946","targetHints":{"allow":["GET"]}}],"collection":[{"href":"https:\/\/chicagoinjurylawyer.net\/es\/wp-json\/wp\/v2\/pages"}],"about":[{"href":"https:\/\/chicagoinjurylawyer.net\/es\/wp-json\/wp\/v2\/types\/page"}],"author":[{"embeddable":true,"href":"https:\/\/chicagoinjurylawyer.net\/es\/wp-json\/wp\/v2\/users\/1"}],"replies":[{"embeddable":true,"href":"https:\/\/chicagoinjurylawyer.net\/es\/wp-json\/wp\/v2\/comments?post=7946"}],"version-history":[{"count":3,"href":"https:\/\/chicagoinjurylawyer.net\/es\/wp-json\/wp\/v2\/pages\/7946\/revisions"}],"predecessor-version":[{"id":29460,"href":"https:\/\/chicagoinjurylawyer.net\/es\/wp-json\/wp\/v2\/pages\/7946\/revisions\/29460"}],"up":[{"embeddable":true,"href":"https:\/\/chicagoinjurylawyer.net\/es\/wp-json\/wp\/v2\/pages\/7790"}],"wp:attachment":[{"href":"https:\/\/chicagoinjurylawyer.net\/es\/wp-json\/wp\/v2\/media?parent=7946"}],"curies":[{"name":"wp","href":"https:\/\/api.w.org\/{rel}","templated":true}]}}