{"id":7950,"date":"2019-06-27T10:35:28","date_gmt":"2019-06-27T10:35:28","guid":{"rendered":"http:\/\/104.197.86.120\/?page_id=7950"},"modified":"2022-02-02T15:13:53","modified_gmt":"2022-02-02T21:13:53","slug":"accidentes-en-parque-tematico","status":"publish","type":"page","link":"https:\/\/chicagoinjurylawyer.net\/es\/accidentes-en-parque-tematico\/","title":{"rendered":"Accidentes En Parque Tem\u00e1tico"},"content":{"rendered":"<h1>Abogados de Lesiones en Parques de Atracciones de Chicago<\/h1>\n<p><img decoding=\"async\" class=\"alignright size-medium wp-image-32999\" src=\"\/wp-content\/uploads\/2022\/01\/Lesiones-en-Parques-de-Atracciones-300x199.jpg\" alt=\"Lesiones en Parques de Atracciones\" width=\"300\" height=\"199\" srcset=\"https:\/\/chicagoinjurylawyer.net\/wp-content\/uploads\/2022\/01\/Lesiones-en-Parques-de-Atracciones-300x199.jpg 300w, https:\/\/chicagoinjurylawyer.net\/wp-content\/uploads\/2022\/01\/Lesiones-en-Parques-de-Atracciones-768x510.jpg 768w, https:\/\/chicagoinjurylawyer.net\/wp-content\/uploads\/2022\/01\/Lesiones-en-Parques-de-Atracciones.jpg 1000w\" sizes=\"(max-width: 300px) 100vw, 300px\" \/>Cada a\u00f1o, millones de adultos y ni\u00f1os acuden en masa a los parques de diversiones y carnavales de todo el pa\u00eds, desde Chicago hasta Anaheim y Orlando. Aunque la gran mayor\u00eda de las visitas son aventuras emocionantes y sin problemas, miles de visitantes se lesionan o mueren cada a\u00f1o en monta\u00f1as rusas, autos chocadores y otras atracciones. Si estas lesiones se deben a la negligencia de los propietarios del parque, operadores de atracciones o fabricantes de atracciones, se puede presentar una demanda por da\u00f1os monetarios contra los responsables.<\/p>\n<p>Desde 1990, el equipo de abogados de accidentes de parques tem\u00e1ticos de Chicago en Sexner Injury Lawyers LLC ha recuperado millones de d\u00f3lares en nombre de individuos y familias afectados por la negligencia de otros. Ll\u00e1menos para obtener informaci\u00f3n gratuita las 24 horas del d\u00eda al <a href=\"tel:3122439922\">(312) 243-9922<\/a>.<\/p>\n<h2>Tipos de Accidentes de Parques de Atracciones<\/h2>\n<p>Los emocionantes paseos son emocionantes por una raz\u00f3n. Por lo general, involucran altas velocidades, llamadas cercanas y, en el caso de algunas monta\u00f1as rusas, incluso pueden invertir a los jinetes para que viajen boca abajo. Como tal, la maquinaria y la programaci\u00f3n de computadoras necesarias suelen ser muy complicadas y precisas. Pr\u00e1cticamente no hay lugar para el error del operador, por lo que cuando ocurren errores, se producen lesiones. Pero incluso cuando la maquinaria est\u00e1 en perfecto estado de funcionamiento, la naturaleza extrema de algunas de estas atracciones puede resultar en lesiones de todos modos. Algunas de las lesiones m\u00e1s comunes incluyen:<\/p>\n<ul>\n<li><a href=\"\/es\/lesiones-cerebrales-traumaticas\/\">Aneurismas cerebrales<\/a> resultantes de paseos extrarr\u00e1pidos o monta\u00f1as rusas.<\/li>\n<li><a href=\"\/es\/muerte-injusta\/\">Muerte por negligencia<\/a> por ser arrojado desde un veh\u00edculo o por golpear un objeto.<\/li>\n<li>Lesiones en el cuello, la espalda y la cabeza por movimientos de latigazo cervical en monta\u00f1as rusas y atracciones giratorias.<\/li>\n<li><a href=\"\/es\/accidentes-en-piscina\/\">Ahogamientos<\/a> en juegos acu\u00e1ticos, toboganes de agua y paseos en r\u00edos lentos.<\/li>\n<li><a href=\"\/es\/accidentes-de-trafico\/huesos-fracturados\/\">Huesos rotos<\/a>, cortes y ligamentos desgarrados por contacto imprevisto con objetos fijos.<\/li>\n<li>Lesi\u00f3n cerebral traum\u00e1tica (TBI) por estr\u00e9s extremo, velocidad y fuerzas G colocadas en el cerebro durante la aceleraci\u00f3n, desaceleraci\u00f3n o contacto con un objeto fijo.<\/li>\n<li>Accidente cerebrovascular o ataque isqu\u00e9mico transitorio (AIT) debido a la interrupci\u00f3n del suministro de sangre.<\/li>\n<\/ul>\n<h2>Causas de Accidentes en Parques de Atracciones<\/h2>\n<p><img decoding=\"async\" class=\"alignright wp-image-32995\" src=\"\/wp-content\/uploads\/2022\/01\/Abogados-de-Lesiones-en-Parques-de-Atracciones-300x160.jpg\" alt=\"Abogados de Lesiones en Parques de Atracciones\" width=\"375\" height=\"200\" srcset=\"https:\/\/chicagoinjurylawyer.net\/wp-content\/uploads\/2022\/01\/Abogados-de-Lesiones-en-Parques-de-Atracciones-300x160.jpg 300w, https:\/\/chicagoinjurylawyer.net\/wp-content\/uploads\/2022\/01\/Abogados-de-Lesiones-en-Parques-de-Atracciones-768x409.jpg 768w, https:\/\/chicagoinjurylawyer.net\/wp-content\/uploads\/2022\/01\/Abogados-de-Lesiones-en-Parques-de-Atracciones.jpg 1000w\" sizes=\"(max-width: 375px) 100vw, 375px\" \/>Los parques de diversiones son lugares de entretenimiento llenos de gente y de ritmo r\u00e1pido que a menudo emplean a miles de personas que trabajan en cientos de trabajos diferentes simult\u00e1neamente. La coordinaci\u00f3n de cada trabajo es importante para mantener la seguridad y, si se produce alg\u00fan error, es probable que se produzcan lesiones y muertes. Algunas de las causas m\u00e1s comunes de accidentes incluyen:<\/p>\n<ul>\n<li><strong>Fallos mec\u00e1nicos en la conducci\u00f3n<\/strong>: Como el desprendimiento de un coche de monta\u00f1a rusa; una restricci\u00f3n de regazo o una barra de regazo que se abre a la mitad del recorrido; una apertura de bloqueo de seguridad; una balsa de agua flotando en el aire; expulsi\u00f3n del ciclista; cableado suelto; rotura de cables; u otras fallas de maquinaria.<\/li>\n<li><strong>Fallos de los pasajeros<\/strong>: Como un conductor que balancea un autom\u00f3vil intencionalmente; ponerse de pie durante un paseo; o desbloquear intencionalmente dispositivos de seguridad, pestillos o cinturones de seguridad.<\/li>\n<li><strong>Fallos del operador de la atracci\u00f3n<\/strong>: Como un operador de la atracci\u00f3n que opera la atracci\u00f3n de forma incorrecta a prop\u00f3sito, por negligencia o imprudencia; no capacitar adecuadamente al operador de la atracci\u00f3n; no hacer cumplir las restricciones de peso y altura requeridas; carga o descarga inadecuada de pasajeros; no detener el viaje por completo; o no cerrar el viaje por completo.<\/li>\n<li><strong>Fallos de dise\u00f1o, mantenimiento y montaje<\/strong>: Tales como <a href=\"\/es\/lesiones-relacionados-al-producto\/\">dise\u00f1o inadecuado de la m\u00e1quina<\/a> instalaci\u00f3n o montaje incorrectos de la atracci\u00f3n; fallas estructurales; partes salientes o afiladas; o mantenimiento inadecuado que conduce a errores como cableado el\u00e9ctrico expuesto o fallas el\u00e9ctricas.<\/li>\n<li><strong>Caracter\u00edsticas inherentes de la conducci\u00f3n<\/strong>: Incluso cuando se dise\u00f1an, ensamblan y mantienen de acuerdo con el plan, ciertas atracciones, por su propia naturaleza, a\u00fan ponen a los pasajeros en riesgo de sufrir lesiones como la p\u00e9rdida del conocimiento; hemorragia cerebral; hematoma subdural; y similares debido al giro extremo y la alta aceleraci\u00f3n y desaceleraci\u00f3n involucradas.<\/li>\n<li><strong>Fallos en la gesti\u00f3n del parque<\/strong>: Como no poner en pr\u00e1ctica las medidas de seguridad adecuadas; instalar cercas altas; coloque las se\u00f1ales de advertencia adecuadas; instalar iluminaci\u00f3n adecuada; advertir a los pasajeros con ciertas condiciones m\u00e9dicas o embarazo; o vigile de cerca a aquellos que intentan recuperar tel\u00e9fonos ca\u00eddos y sombreros que se han ca\u00eddo de los paseos.<\/li>\n<\/ul>\n<h2>Qu\u00e9 Hacer Si Se Lesiona en un Parque de Atracciones<\/h2>\n<p>Lo que haga inmediatamente despu\u00e9s de que usted o un ser querido haya resultado herido en un paseo en un parque de diversiones es de vital importancia:<\/p>\n<ol>\n<li><strong>Busque atenci\u00f3n m\u00e9dica inmediata<\/strong>: Nada es m\u00e1s importante que su salud. Dependiendo de la extensi\u00f3n de la lesi\u00f3n, es posible que desee buscar tratamiento de un m\u00e9dico en el lugar o llamar al 911 para recibir atenci\u00f3n m\u00e9dica de emergencia y transporte al hospital m\u00e1s cercano.<\/li>\n<li><strong>Recopilar evidencia<\/strong>: Una vez que se ha recibido atenci\u00f3n m\u00e9dica, alguien debe concentrarse en recopilar cualquier evidencia disponible para usarla m\u00e1s adelante en una posible demanda. Las fuentes de evidencia incluyen los nombres y n\u00fameros de tel\u00e9fono de los testigos o empleados del parque, la toma de fotograf\u00edas o videos, etc.<\/li>\n<li><strong>Conserve toda la documentaci\u00f3n<\/strong>: Esto incluye talones de boletos, facturas y registros del hospital, pagos del seguro, registro de tiempo perdido en el trabajo, etc.<\/li>\n<li><strong>No discuta los detalles con otros<\/strong>: Aparte de los m\u00e9dicos o el personal del hospital que necesitan saber c\u00f3mo se lesion\u00f3, no discuta los detalles con los ajustadores de seguros o los representantes del parque, excepto para confirmar que se lesion\u00f3 en su propiedad. Los ajustadores y representantes pueden intentar enga\u00f1arlo para que diga algo que lo culpe y arruine sus posibilidades de presentar con \u00e9xito un reclamo en su contra.<\/li>\n<li><strong>Comun\u00edquese de inmediato con un abogado con experiencia<\/strong>: Un abogado de lesiones personales de Chicago puede hablar en su nombre con los ajustadores de seguros y aumentar dr\u00e1sticamente sus posibilidades de una reclamaci\u00f3n exitosa. El equipo legal de Sexner Injury Lawyers LLC est\u00e1 disponible las 24 horas del d\u00eda para obtener informaci\u00f3n gratuita al <a href=\"tel:3122439922\">(312) 243-9922<\/a>.<\/li>\n<\/ol>\n<img decoding=\"async\" class=\"aligncenter wp-image-32997 size-full\" src=\"\/wp-content\/uploads\/2022\/01\/Lesiones-en-Parques-de-Atracciones-en-Chicago.jpg\" alt=\"Lesiones en Parques de Atracciones en Chicago\" width=\"1000\" height=\"668\" srcset=\"https:\/\/chicagoinjurylawyer.net\/wp-content\/uploads\/2022\/01\/Lesiones-en-Parques-de-Atracciones-en-Chicago.jpg 1000w, https:\/\/chicagoinjurylawyer.net\/wp-content\/uploads\/2022\/01\/Lesiones-en-Parques-de-Atracciones-en-Chicago-300x200.jpg 300w, https:\/\/chicagoinjurylawyer.net\/wp-content\/uploads\/2022\/01\/Lesiones-en-Parques-de-Atracciones-en-Chicago-768x513.jpg 768w\" sizes=\"(max-width: 1000px) 100vw, 1000px\" \/>\n<h2>La Compa\u00f1\u00eda de Seguros Puede Intentar Culparlo<\/h2>\n<p>Para que una demanda por lesiones o muerte por negligencia se presente con \u00e9xito contra un parque de atracciones, parque tem\u00e1tico o carnaval, un abogado debe demostrar que la otra parte tuvo la culpa de alguna manera. Sin embargo, la otra parte indudablemente intentar\u00e1 evitar la responsabilidad (y evitar pagar da\u00f1os y perjuicios) trasladando la culpa al ciclista. A menudo intentar\u00e1n hacer esto apuntando a:<\/p>\n<ul>\n<li><strong>Asunci\u00f3n de riesgo<\/strong>: Dir\u00e1n que el ciclista sab\u00eda que el paseo ten\u00eda riesgos antes de subirse a \u00e9l y sab\u00eda que pod\u00edan pasar cosas malas, por lo que el ciclista \"asumi\u00f3 el riesgo\" y ahora no puede culpar al parque por la lesi\u00f3n o la muerte.<\/li>\n<li><strong>Errores de seguridad del ciclista<\/strong>: Dir\u00e1n que el ciclista hizo algo mal y que por eso se lesion\u00f3; como mecerse, ponerse de pie o no seguir las reglas de seguridad publicadas o las instrucciones verbales.<\/li>\n<li><strong>Exenciones de responsabilidad de las entradas<\/strong>: En la parte posterior de pr\u00e1cticamente todas las entradas, desde una entrada de cine hasta una entrada de concierto, hay una exenci\u00f3n de responsabilidad, que es un lenguaje legal destinado a absolver (liberar) a la empresa de cualquier responsabilidad en caso de accidente.<\/li>\n<\/ul>\n<p>Pero los abogados de lesiones con experiencia y conocimiento saben c\u00f3mo responder a ataques de esta naturaleza y culpar a los verdaderamente responsables: operadores de atracciones, fabricantes y compa\u00f1\u00edas de parques de diversiones.<\/p>\n<h2>Presentar Con \u00c9xito una Demanda por Lesiones en un Parque de Atracciones<\/h2>\n<p><img decoding=\"async\" class=\"alignright size-medium wp-image-32993\" src=\"\/wp-content\/uploads\/2022\/01\/Abogados-de-Lesiones-en-Parques-de-Atracciones-de-Chicago-300x200.jpg\" alt=\"Abogados de Lesiones en Parques de Atracciones de Chicago\" width=\"300\" height=\"200\" srcset=\"https:\/\/chicagoinjurylawyer.net\/wp-content\/uploads\/2022\/01\/Abogados-de-Lesiones-en-Parques-de-Atracciones-de-Chicago-300x200.jpg 300w, https:\/\/chicagoinjurylawyer.net\/wp-content\/uploads\/2022\/01\/Abogados-de-Lesiones-en-Parques-de-Atracciones-de-Chicago-768x511.jpg 768w, https:\/\/chicagoinjurylawyer.net\/wp-content\/uploads\/2022\/01\/Abogados-de-Lesiones-en-Parques-de-Atracciones-de-Chicago.jpg 1000w\" sizes=\"(max-width: 300px) 100vw, 300px\" \/>Algunas de las reclamaciones legales m\u00e1s comunes que se pueden presentar contra parques tem\u00e1ticos, parques de atracciones, parques acu\u00e1ticos y propietarios u operadores de carnavales incluyen:<\/p>\n<ul>\n<li><strong>Negligencia<\/strong>: Cuando un accidente en un parque de diversiones es causado por la falta de atenci\u00f3n o descuido por parte de un empleado del parque, se puede procesar con \u00e9xito un reclamo por negligencia contra los responsables. Algunos ejemplos incluyen no mantener el viaje en condiciones seguras, dar instrucciones incorrectas, no proporcionar las advertencias adecuadas u operar el viaje de manera incorrecta, entre otras cosas.<\/li>\n<li><strong>Responsabilidad de las instalaciones<\/strong>: Es obligaci\u00f3n de los operadores de parques de atracciones y carnavales crear y mantener un entorno seguro para todos los visitantes. Cuando un visitante se lesiona o muere mientras se encuentra en las instalaciones, se puede entablar una demanda alegando responsabilidad de las instalaciones.<\/li>\n<li><strong>Responsabilidad del producto<\/strong>: A veces, un viaje se mantiene y se opera adecuadamente y, sin embargo, un ciclista todav\u00eda se lesiona o muere debido a que el dise\u00f1o del viaje (o una parte del viaje, como una barra de regazo) fue defectuoso. En algunas circunstancias, el abogado puede demandar no solo al fabricante, sino tambi\u00e9n al propietario del viaje.<\/li>\n<li><strong>Muerte por negligencia<\/strong>: En cualquier circunstancia en que una persona muera debido a las acciones negligentes o imprudentes (o la falta de acci\u00f3n) de otra persona o empresa, se puede presentar una demanda por muerte por negligencia para recuperar los da\u00f1os monetarios de los miembros de la familia que quedaron atr\u00e1s.<\/li>\n<\/ul>\n<h2>Hable Hoy Con uno de los Mejores Abogados Especializados en Lesiones en Parques de Atracciones<\/h2>\n<p>Si usted o un ser querido ha resultado lesionado debido a los actos negligentes o imprudentes de otro, tiene derecho a una <a href=\"\/es\/nuestro-exito\/\">compensaci\u00f3n monetaria<\/a> por los da\u00f1os causados. Pero quienes representan parques de atracciones y carnavales generalmente no est\u00e1n interesados en responsabilizarse de sus acciones. Para lograr justicia y obligar a los responsables a asumir la responsabilidad, necesita un equipo legal experimentado con un historial exitoso de resultados de su lado.<\/p>\n<p>Los <a href=\"\/es\/\"><strong>abogados de lesiones personales<\/strong><\/a> de Sexner Injury Lawyers LLC en Chicago han sido responsables de la recuperaci\u00f3n de millones de d\u00f3lares para nuestros clientes y sus familias. Nunca hay un cargo por nuestro asesoramiento y nunca hay honorarios legales a menos que tengamos \u00e9xito en su nombre. Esa es nuestra garant\u00eda para ti. Ll\u00e1menos las 24 horas del d\u00eda para ver c\u00f3mo podemos ayudarlo al <a href=\"tel:3122439922\">(312) 243-9922<\/a>.<\/p>\n","protected":false},"excerpt":{"rendered":"<p>Abogados de Lesiones en Parques de Atracciones de Chicago Cada a\u00f1o, millones de adultos y ni\u00f1os acuden en masa a los parques de diversiones y carnavales de todo el pa\u00eds, desde Chicago hasta Anaheim y Orlando. Aunque la gran mayor\u00eda de las visitas son aventuras emocionantes y sin problemas, miles de visitantes se lesionan o [&hellip;]<\/p>\n","protected":false},"author":1,"featured_media":32999,"parent":0,"menu_order":0,"comment_status":"closed","ping_status":"open","template":"","meta":{"_acf_changed":false,"footnotes":""},"class_list":["post-7950","page","type-page","status-publish","has-post-thumbnail","hentry"],"acf":[],"yoast_head":"<!-- This site is optimized with the Yoast SEO plugin v27.4 - https:\/\/yoast.com\/product\/yoast-seo-wordpress\/ -->\n<title>Chicago Abogados De Lesiones En Parque De Atracciones - Sexner Injury Lawyers LLC<\/title>\n<meta name=\"description\" content=\"Si usted o un ser querido ha sido v\u00edctima de un accidente de parque tem\u00e1tico, el equipo legal de Sexner Injury Lawyers LLC quiere darle la representaci\u00f3n que se usted merece.\" \/>\n<meta name=\"robots\" content=\"index, follow, max-snippet:-1, max-image-preview:large, max-video-preview:-1\" \/>\n<link rel=\"canonical\" href=\"https:\/\/chicagoinjurylawyer.net\/es\/accidentes-en-parque-tematico\/\" \/>\n<meta property=\"og:locale\" content=\"es_ES\" \/>\n<meta property=\"og:type\" content=\"article\" \/>\n<meta property=\"og:title\" content=\"Chicago Abogados De Lesiones En Parque De Atracciones - Sexner Injury Lawyers LLC\" \/>\n<meta property=\"og:description\" content=\"Si usted o un ser querido ha sido v\u00edctima de un accidente de parque tem\u00e1tico, el equipo legal de Sexner Injury Lawyers LLC quiere darle la representaci\u00f3n que se usted merece.\" \/>\n<meta property=\"og:url\" content=\"https:\/\/chicagoinjurylawyer.net\/es\/accidentes-en-parque-tematico\/\" \/>\n<meta property=\"og:site_name\" content=\"Sexner Injury Lawyers LLC\" \/>\n<meta property=\"article:modified_time\" content=\"2022-02-02T21:13:53+00:00\" \/>\n<meta property=\"og:image\" content=\"https:\/\/chicagoinjurylawyer.net\/wp-content\/uploads\/2022\/01\/Lesiones-en-Parques-de-Atracciones.jpg\" \/>\n\t<meta property=\"og:image:width\" content=\"1000\" \/>\n\t<meta property=\"og:image:height\" content=\"664\" \/>\n\t<meta property=\"og:image:type\" content=\"image\/jpeg\" \/>\n<meta name=\"twitter:card\" content=\"summary_large_image\" \/>\n<meta name=\"twitter:label1\" content=\"Tiempo de lectura\" \/>\n\t<meta name=\"twitter:data1\" content=\"9 minutos\" \/>\n<!-- \/ Yoast SEO plugin. -->","yoast_head_json":{"title":"Chicago Abogados De Lesiones En Parque De Atracciones - Sexner Injury Lawyers LLC","description":"Si usted o un ser querido ha sido v\u00edctima de un accidente de parque tem\u00e1tico, el equipo legal de Sexner Injury Lawyers LLC quiere darle la representaci\u00f3n que se usted merece.","robots":{"index":"index","follow":"follow","max-snippet":"max-snippet:-1","max-image-preview":"max-image-preview:large","max-video-preview":"max-video-preview:-1"},"canonical":"https:\/\/chicagoinjurylawyer.net\/es\/accidentes-en-parque-tematico\/","og_locale":"es_ES","og_type":"article","og_title":"Chicago Abogados De Lesiones En Parque De Atracciones - Sexner Injury Lawyers LLC","og_description":"Si usted o un ser querido ha sido v\u00edctima de un accidente de parque tem\u00e1tico, el equipo legal de Sexner Injury Lawyers LLC quiere darle la representaci\u00f3n que se usted merece.","og_url":"https:\/\/chicagoinjurylawyer.net\/es\/accidentes-en-parque-tematico\/","og_site_name":"Sexner Injury Lawyers LLC","article_modified_time":"2022-02-02T21:13:53+00:00","og_image":[{"width":1000,"height":664,"url":"https:\/\/chicagoinjurylawyer.net\/wp-content\/uploads\/2022\/01\/Lesiones-en-Parques-de-Atracciones.jpg","type":"image\/jpeg"}],"twitter_card":"summary_large_image","twitter_misc":{"Tiempo de lectura":"9 minutos"},"schema":{"@context":"https:\/\/schema.org","@graph":[{"@type":"WebPage","@id":"https:\/\/chicagoinjurylawyer.net\/es\/accidentes-en-parque-tematico\/","url":"https:\/\/chicagoinjurylawyer.net\/es\/accidentes-en-parque-tematico\/","name":"Chicago Abogados De Lesiones En Parque De Atracciones - Sexner Injury Lawyers LLC","isPartOf":{"@id":"https:\/\/chicagoinjurylawyer.net\/es\/#website"},"primaryImageOfPage":{"@id":"https:\/\/chicagoinjurylawyer.net\/es\/accidentes-en-parque-tematico\/#primaryimage"},"image":{"@id":"https:\/\/chicagoinjurylawyer.net\/es\/accidentes-en-parque-tematico\/#primaryimage"},"thumbnailUrl":"https:\/\/chicagoinjurylawyer.net\/wp-content\/uploads\/2022\/01\/Lesiones-en-Parques-de-Atracciones.jpg","datePublished":"2019-06-27T10:35:28+00:00","dateModified":"2022-02-02T21:13:53+00:00","description":"Si usted o un ser querido ha sido v\u00edctima de un accidente de parque tem\u00e1tico, el equipo legal de [firm-name] quiere darle la representaci\u00f3n que se usted merece.","inLanguage":"es","potentialAction":[{"@type":"ReadAction","target":["https:\/\/chicagoinjurylawyer.net\/es\/accidentes-en-parque-tematico\/"]}]},{"@type":"ImageObject","inLanguage":"es","@id":"https:\/\/chicagoinjurylawyer.net\/es\/accidentes-en-parque-tematico\/#primaryimage","url":"https:\/\/chicagoinjurylawyer.net\/wp-content\/uploads\/2022\/01\/Lesiones-en-Parques-de-Atracciones.jpg","contentUrl":"https:\/\/chicagoinjurylawyer.net\/wp-content\/uploads\/2022\/01\/Lesiones-en-Parques-de-Atracciones.jpg","width":1000,"height":664,"caption":"Lesiones en Parques de Atracciones"},{"@type":"WebSite","@id":"https:\/\/chicagoinjurylawyer.net\/es\/#website","url":"https:\/\/chicagoinjurylawyer.net\/es\/","name":"Sexner Injury Lawyers LLC","description":"Chicago Personal Injury Attorneys","publisher":{"@id":"https:\/\/chicagoinjurylawyer.net\/es\/#organization"},"potentialAction":[{"@type":"SearchAction","target":{"@type":"EntryPoint","urlTemplate":"https:\/\/chicagoinjurylawyer.net\/es\/?s={search_term_string}"},"query-input":{"@type":"PropertyValueSpecification","valueRequired":true,"valueName":"search_term_string"}}],"inLanguage":"es"},{"@type":"Organization","@id":"https:\/\/chicagoinjurylawyer.net\/es\/#organization","name":"[firm-name]","url":"https:\/\/chicagoinjurylawyer.net\/es\/","logo":{"@type":"ImageObject","inLanguage":"es","@id":"https:\/\/chicagoinjurylawyer.net\/es\/#\/schema\/logo\/image\/","url":"https:\/\/chicagoinjurylawyer.net\/wp-content\/uploads\/2019\/06\/msx-logo-1.png","contentUrl":"https:\/\/chicagoinjurylawyer.net\/wp-content\/uploads\/2019\/06\/msx-logo-1.png","width":180,"height":83,"caption":"[firm-name]"},"image":{"@id":"https:\/\/chicagoinjurylawyer.net\/es\/#\/schema\/logo\/image\/"}}]}},"_links":{"self":[{"href":"https:\/\/chicagoinjurylawyer.net\/es\/wp-json\/wp\/v2\/pages\/7950","targetHints":{"allow":["GET"]}}],"collection":[{"href":"https:\/\/chicagoinjurylawyer.net\/es\/wp-json\/wp\/v2\/pages"}],"about":[{"href":"https:\/\/chicagoinjurylawyer.net\/es\/wp-json\/wp\/v2\/types\/page"}],"author":[{"embeddable":true,"href":"https:\/\/chicagoinjurylawyer.net\/es\/wp-json\/wp\/v2\/users\/1"}],"replies":[{"embeddable":true,"href":"https:\/\/chicagoinjurylawyer.net\/es\/wp-json\/wp\/v2\/comments?post=7950"}],"version-history":[{"count":10,"href":"https:\/\/chicagoinjurylawyer.net\/es\/wp-json\/wp\/v2\/pages\/7950\/revisions"}],"predecessor-version":[{"id":33519,"href":"https:\/\/chicagoinjurylawyer.net\/es\/wp-json\/wp\/v2\/pages\/7950\/revisions\/33519"}],"wp:featuredmedia":[{"embeddable":true,"href":"https:\/\/chicagoinjurylawyer.net\/es\/wp-json\/wp\/v2\/media\/32999"}],"wp:attachment":[{"href":"https:\/\/chicagoinjurylawyer.net\/es\/wp-json\/wp\/v2\/media?parent=7950"}],"curies":[{"name":"wp","href":"https:\/\/api.w.org\/{rel}","templated":true}]}}