{"id":7961,"date":"2019-06-27T10:37:28","date_gmt":"2019-06-27T10:37:28","guid":{"rendered":"http:\/\/104.197.86.120\/?page_id=7961"},"modified":"2021-12-03T16:21:35","modified_gmt":"2021-12-03T22:21:35","slug":"fela-lesiones-del-ferrocarril","status":"publish","type":"page","link":"https:\/\/chicagoinjurylawyer.net\/es\/compensacion-de-trabajadores\/fela-lesiones-del-ferrocarril\/","title":{"rendered":"Lesiones Del Ferrocarril (FELA)"},"content":{"rendered":"<h1>Lesiones Del Ferrocarril (FELA)<\/h1>\n<p><img decoding=\"async\" class=\"size-medium wp-image-7966 alignright\" src=\"\/wp-content\/uploads\/2019\/06\/railroad-injury-FELA-1-300x200.jpg\" alt=\"railroad injury FELA\" width=\"300\" height=\"200\" \/>La ley de Responsabilidad de los Empleadores Federales (FELA) ha estado en existencia por m\u00e1s de cien a\u00f1os. Fue promulgada para proteger y compensar a los empleados del ferrocarril que trabajan en un entorno potencialmente peligroso. Si un empleado del ferrocarril ha sido lesionado en el trabajo debido a la negligencia de su empleador, hay diferentes tipos de compensaci\u00f3n que se podr\u00e1n buscar, incluyendo los siguientes:<\/p>\n<ul>\n<li>P\u00e9rdida de salarios pasados y futuros<\/li>\n<li>Gastos m\u00e9dicos<\/li>\n<li>Dolor y el sufrimiento, tanto f\u00edsico como mental \/ emocional<\/li>\n<\/ul>\n<p>En teor\u00eda, todos los trabajadores del ferrocarril que son lesionados, mientras que participan en el comercio interestatal y que puedan demostrar que su lesi\u00f3n se debi\u00f3 a las acciones negligentes de la compa\u00f1\u00eda del ferrocarril tienen derecho a ciertos beneficios bajo FELA. Sin embargo, FELA es una ley federal complejo con varias reglas que deben ser revisados para determinar si una lesi\u00f3n en particular est\u00e1 cubierto. Hay muchas maneras diferentes en las que la empresa ferroviaria podr\u00eda ser negligente, tales como las siguientes:<\/p>\n<ul>\n<li>No inspeccionar y sustituir los equipos defectuosos<\/li>\n<li>El no mantener un ambiente de trabajo limpio y seguro<\/li>\n<li>Si no se completa la formaci\u00f3n adecuada para el trabajo del empleado<\/li>\n<li>El no cumplir y hacer cumplir las normas de seguridad<\/li>\n<\/ul>\n<p>El ferrocarril puede ser un lugar peligroso para trabajar por una variedad de razones. Las condiciones a las que est\u00e1 expuesto un trabajador del ferrocarril podr\u00edan extenderse de ruidos excesivamente fuertes exposici\u00f3n materiales peligrosos para capacitar los descarrilamientos y hasta colisiones. Cada una de estas situaciones podr\u00edan ser perjudicial para la salud general del trabajador, y algunas podr\u00edan ser hasta mortales.<\/p>\n<p>Si usted o un ser querido ha sido v\u00edctima de una lesi\u00f3n en el ferrocarril, usted podr\u00eda tener derecho a una compensaci\u00f3n monetaria y beneficios bajo FELA. Deje que el equipo legal de <a href=\"\/es\/compensacion-de-trabajadores\/\">Sexner Injury Lawyers LLC<\/a> le ayude. Nosotros le podemos ayudar con nuestro estilo de representaci\u00f3n agresivo pero compasivo.<\/p>\n<p>En todos los casos FELA que hemos manejamos, no hay honorarios legales a menos que obtengamos un veredicto o arreglo a su nombre. <a href=\"\/es\/contactenos\/\">Ll\u00e1menos hoy para una consulta<\/a> gratuita sobre su caso.<\/p>\n","protected":false},"excerpt":{"rendered":"<p>Lesiones Del Ferrocarril (FELA) La ley de Responsabilidad de los Empleadores Federales (FELA) ha estado en existencia por m\u00e1s de cien a\u00f1os. Fue promulgada para proteger y compensar a los empleados del ferrocarril que trabajan en un entorno potencialmente peligroso. Si un empleado del ferrocarril ha sido lesionado en el trabajo debido a la negligencia [&hellip;]<\/p>\n","protected":false},"author":1,"featured_media":0,"parent":7790,"menu_order":0,"comment_status":"closed","ping_status":"open","template":"","meta":{"_acf_changed":false,"footnotes":""},"class_list":["post-7961","page","type-page","status-publish","hentry"],"acf":[],"yoast_head":"<!-- This site is optimized with the Yoast SEO plugin v27.4 - https:\/\/yoast.com\/product\/yoast-seo-wordpress\/ -->\n<title>Lesiones Del Ferrocarril (FELA) en Chicago<\/title>\n<meta name=\"description\" content=\"Sin embargo, FELA es una ley federal complejo con varias reglas que deben ser revisados para determinar si una lesi\u00f3n en particular est\u00e1 cubierto.\" \/>\n<meta name=\"robots\" content=\"index, follow, max-snippet:-1, max-image-preview:large, max-video-preview:-1\" \/>\n<link rel=\"canonical\" href=\"https:\/\/chicagoinjurylawyer.net\/es\/compensacion-de-trabajadores\/fela-lesiones-del-ferrocarril\/\" \/>\n<meta property=\"og:locale\" content=\"es_ES\" \/>\n<meta property=\"og:type\" content=\"article\" \/>\n<meta property=\"og:title\" content=\"Lesiones Del Ferrocarril (FELA) en Chicago\" \/>\n<meta property=\"og:description\" content=\"Sin embargo, FELA es una ley federal complejo con varias reglas que deben ser revisados para determinar si una lesi\u00f3n en particular est\u00e1 cubierto.\" \/>\n<meta property=\"og:url\" content=\"https:\/\/chicagoinjurylawyer.net\/es\/compensacion-de-trabajadores\/fela-lesiones-del-ferrocarril\/\" \/>\n<meta property=\"og:site_name\" content=\"Sexner Injury Lawyers LLC\" \/>\n<meta property=\"article:modified_time\" content=\"2021-12-03T22:21:35+00:00\" \/>\n<meta property=\"og:image\" content=\"https:\/\/chicagoinjurylawyer.net\/wp-content\/uploads\/2019\/06\/railroad-injury-FELA-1-300x200.jpg\" \/>\n<meta name=\"twitter:card\" content=\"summary_large_image\" \/>\n<meta name=\"twitter:label1\" content=\"Tiempo de lectura\" \/>\n\t<meta name=\"twitter:data1\" content=\"2 minutos\" \/>\n<!-- \/ Yoast SEO plugin. -->","yoast_head_json":{"title":"Lesiones Del Ferrocarril (FELA) en Chicago","description":"Sin embargo, FELA es una ley federal complejo con varias reglas que deben ser revisados para determinar si una lesi\u00f3n en particular est\u00e1 cubierto.","robots":{"index":"index","follow":"follow","max-snippet":"max-snippet:-1","max-image-preview":"max-image-preview:large","max-video-preview":"max-video-preview:-1"},"canonical":"https:\/\/chicagoinjurylawyer.net\/es\/compensacion-de-trabajadores\/fela-lesiones-del-ferrocarril\/","og_locale":"es_ES","og_type":"article","og_title":"Lesiones Del Ferrocarril (FELA) en Chicago","og_description":"Sin embargo, FELA es una ley federal complejo con varias reglas que deben ser revisados para determinar si una lesi\u00f3n en particular est\u00e1 cubierto.","og_url":"https:\/\/chicagoinjurylawyer.net\/es\/compensacion-de-trabajadores\/fela-lesiones-del-ferrocarril\/","og_site_name":"Sexner Injury Lawyers LLC","article_modified_time":"2021-12-03T22:21:35+00:00","og_image":[{"url":"https:\/\/chicagoinjurylawyer.net\/wp-content\/uploads\/2019\/06\/railroad-injury-FELA-1-300x200.jpg","type":"","width":"","height":""}],"twitter_card":"summary_large_image","twitter_misc":{"Tiempo de lectura":"2 minutos"},"schema":{"@context":"https:\/\/schema.org","@graph":[{"@type":"WebPage","@id":"https:\/\/chicagoinjurylawyer.net\/es\/compensacion-de-trabajadores\/fela-lesiones-del-ferrocarril\/","url":"https:\/\/chicagoinjurylawyer.net\/es\/compensacion-de-trabajadores\/fela-lesiones-del-ferrocarril\/","name":"Lesiones Del Ferrocarril (FELA) en Chicago","isPartOf":{"@id":"https:\/\/chicagoinjurylawyer.net\/es\/#website"},"datePublished":"2019-06-27T10:37:28+00:00","dateModified":"2021-12-03T22:21:35+00:00","description":"Sin embargo, FELA es una ley federal complejo con varias reglas que deben ser revisados para determinar si una lesi\u00f3n en particular est\u00e1 cubierto.","breadcrumb":{"@id":"https:\/\/chicagoinjurylawyer.net\/es\/compensacion-de-trabajadores\/fela-lesiones-del-ferrocarril\/#breadcrumb"},"inLanguage":"es","potentialAction":[{"@type":"ReadAction","target":["https:\/\/chicagoinjurylawyer.net\/es\/compensacion-de-trabajadores\/fela-lesiones-del-ferrocarril\/"]}]},{"@type":"BreadcrumbList","@id":"https:\/\/chicagoinjurylawyer.net\/es\/compensacion-de-trabajadores\/fela-lesiones-del-ferrocarril\/#breadcrumb","itemListElement":[{"@type":"ListItem","position":1,"name":"Compensaci\u00f3n De Trabajadores","item":"https:\/\/chicagoinjurylawyer.net\/es\/compensacion-de-trabajadores\/"},{"@type":"ListItem","position":2,"name":"Lesiones Del Ferrocarril (FELA)"}]},{"@type":"WebSite","@id":"https:\/\/chicagoinjurylawyer.net\/es\/#website","url":"https:\/\/chicagoinjurylawyer.net\/es\/","name":"Sexner Injury Lawyers LLC","description":"Chicago Personal Injury Attorneys","publisher":{"@id":"https:\/\/chicagoinjurylawyer.net\/es\/#organization"},"potentialAction":[{"@type":"SearchAction","target":{"@type":"EntryPoint","urlTemplate":"https:\/\/chicagoinjurylawyer.net\/es\/?s={search_term_string}"},"query-input":{"@type":"PropertyValueSpecification","valueRequired":true,"valueName":"search_term_string"}}],"inLanguage":"es"},{"@type":"Organization","@id":"https:\/\/chicagoinjurylawyer.net\/es\/#organization","name":"[firm-name]","url":"https:\/\/chicagoinjurylawyer.net\/es\/","logo":{"@type":"ImageObject","inLanguage":"es","@id":"https:\/\/chicagoinjurylawyer.net\/es\/#\/schema\/logo\/image\/","url":"https:\/\/chicagoinjurylawyer.net\/wp-content\/uploads\/2019\/06\/msx-logo-1.png","contentUrl":"https:\/\/chicagoinjurylawyer.net\/wp-content\/uploads\/2019\/06\/msx-logo-1.png","width":180,"height":83,"caption":"[firm-name]"},"image":{"@id":"https:\/\/chicagoinjurylawyer.net\/es\/#\/schema\/logo\/image\/"}}]}},"_links":{"self":[{"href":"https:\/\/chicagoinjurylawyer.net\/es\/wp-json\/wp\/v2\/pages\/7961","targetHints":{"allow":["GET"]}}],"collection":[{"href":"https:\/\/chicagoinjurylawyer.net\/es\/wp-json\/wp\/v2\/pages"}],"about":[{"href":"https:\/\/chicagoinjurylawyer.net\/es\/wp-json\/wp\/v2\/types\/page"}],"author":[{"embeddable":true,"href":"https:\/\/chicagoinjurylawyer.net\/es\/wp-json\/wp\/v2\/users\/1"}],"replies":[{"embeddable":true,"href":"https:\/\/chicagoinjurylawyer.net\/es\/wp-json\/wp\/v2\/comments?post=7961"}],"version-history":[{"count":3,"href":"https:\/\/chicagoinjurylawyer.net\/es\/wp-json\/wp\/v2\/pages\/7961\/revisions"}],"predecessor-version":[{"id":32580,"href":"https:\/\/chicagoinjurylawyer.net\/es\/wp-json\/wp\/v2\/pages\/7961\/revisions\/32580"}],"up":[{"embeddable":true,"href":"https:\/\/chicagoinjurylawyer.net\/es\/wp-json\/wp\/v2\/pages\/7790"}],"wp:attachment":[{"href":"https:\/\/chicagoinjurylawyer.net\/es\/wp-json\/wp\/v2\/media?parent=7961"}],"curies":[{"name":"wp","href":"https:\/\/api.w.org\/{rel}","templated":true}]}}