{"id":8002,"date":"2019-06-27T10:50:29","date_gmt":"2019-06-27T10:50:29","guid":{"rendered":"http:\/\/104.197.86.120\/?page_id=8002"},"modified":"2021-12-03T16:25:02","modified_gmt":"2021-12-03T22:25:02","slug":"seleccion-de-abogado","status":"publish","type":"page","link":"https:\/\/chicagoinjurylawyer.net\/es\/compensacion-de-trabajadores\/seleccion-de-abogado\/","title":{"rendered":"Selecci\u00f3n De Abogado De Compensaci\u00f3n De Trabajadores"},"content":{"rendered":"<h1>Selecci\u00f3n de Abogado de Compensaci\u00f3n de Trabajadores<\/h1>\n<p><img decoding=\"async\" class=\"alignright size-full wp-image-7948\" src=\"\/wp-content\/uploads\/2019\/06\/personal-injury-law-firm1-1.jpg\" alt=\"personal injury law firm1\" width=\"274\" height=\"202\" \/>Cuando un trabajador ha sido lesionado o un ser querido ha muerto tr\u00e1gicamente a consecuencia de un accidente de trabajo, la protecci\u00f3n de su integridad f\u00edsica y financiera es de suma importancia. Buscando un abogado de compensaci\u00f3n de trabajadores con conocimientos y experiencia puede ser un paso cr\u00edtico en el proceso. Entonces, \u00bfc\u00f3mo hace uno para seleccionar el abogado adecuado para \u00e9l o ella?<\/p>\n<p>Hay muchas cosas que considerar al elegir un abogado de compensaci\u00f3n de trabajadores. A continuaci\u00f3n se presentan algunos consejos sobre los que debe considerar al elegir al abogado adecuado para usted:<\/p>\n<ul>\n<li><strong>Historia<\/strong>: \u00bfEl abogado tiene un historial probado de \u00e9xito? \u00bfQu\u00e9 tipos de asentamientos ha logrado el abogado obtener para sus clientes? \u00bfCu\u00e1nto tiempo ha el abogado estado practicando la ley de trabajo de la lesi\u00f3n?<\/li>\n<li><strong>Experiencia<\/strong>: \u00bfHa ocupado el abogado con testigos econ\u00f3micos, m\u00e9dicos y expertos y testimonios con frecuencia? \u00bfEl abogado ha manejado casos similares al suyo? \u00bfEs el abogado capaz de determinar lo que usted y su familia necesitan como resultado de esta lesi\u00f3n o la muerte?<\/li>\n<li><strong>Car\u00e1cter<\/strong>: \u00bfEs el abogado de empat\u00eda con sus necesidades y dificultades y las de su familia en este momento dif\u00edcil? \u00bfEs \u00e9l o ella quien pueda y quiera explicar los aspectos complejos y t\u00e9cnicos de su caso en t\u00e9rminos no jerga legal que usted pueda entender?<\/li>\n<li><strong>Recursos<\/strong>: \u00bfTiene el abogado fuertes relaciones de trabajo con expertos respetados que puedan ser necesarios para construir un caso fuerte, como profesionales m\u00e9dicos, investigadores, expertos en seguridad y especialistas de formaci\u00f3n profesional?<\/li>\n<\/ul>\n<p>En <a href=\"\/es\/compensacion-de-trabajadores\/\">Sexner Injury Lawyers LLC<\/a>, nuestros abogados afiliados tienen el conocimiento, la experiencia, y la dedicaci\u00f3n necesaria para manejar los casos de compensaci\u00f3n de los trabajadores. <a href=\"\/es\/contactenos\/\">Ll\u00e1menos hoy para una consulta<\/a> gratuita y sin compromiso. Vamos a tomar el tiempo para investigar al fondo su caso y explicarle sus opciones. No queremos nada m\u00e1s de que se asegurare de obtener el m\u00e1ximo de las prestaciones de accidentes que se merece.<\/p>\n","protected":false},"excerpt":{"rendered":"<p>Selecci\u00f3n de Abogado de Compensaci\u00f3n de Trabajadores Cuando un trabajador ha sido lesionado o un ser querido ha muerto tr\u00e1gicamente a consecuencia de un accidente de trabajo, la protecci\u00f3n de su integridad f\u00edsica y financiera es de suma importancia. Buscando un abogado de compensaci\u00f3n de trabajadores con conocimientos y experiencia puede ser un paso cr\u00edtico [&hellip;]<\/p>\n","protected":false},"author":1,"featured_media":0,"parent":7790,"menu_order":0,"comment_status":"closed","ping_status":"open","template":"","meta":{"_acf_changed":false,"footnotes":""},"class_list":["post-8002","page","type-page","status-publish","hentry"],"acf":[],"yoast_head":"<!-- This site is optimized with the Yoast SEO plugin v27.5 - https:\/\/yoast.com\/product\/yoast-seo-wordpress\/ -->\n<title>Selecci\u00f3n de Abogado de Compensaci\u00f3n de Trabajadores en Chicago - Sexner Injury Lawyers LLC<\/title>\n<meta name=\"description\" content=\"En Sexner Injury Lawyers LLC, nuestros abogados afiliados tienen el conocimiento, la experiencia, y la dedicaci\u00f3n necesaria para manejar los casos de compensaci\u00f3n de los trabajadores.\" \/>\n<meta name=\"robots\" content=\"index, follow, max-snippet:-1, max-image-preview:large, max-video-preview:-1\" \/>\n<link rel=\"canonical\" href=\"https:\/\/chicagoinjurylawyer.net\/es\/compensacion-de-trabajadores\/seleccion-de-abogado\/\" \/>\n<meta property=\"og:locale\" content=\"es_ES\" \/>\n<meta property=\"og:type\" content=\"article\" \/>\n<meta property=\"og:title\" content=\"Selecci\u00f3n de Abogado de Compensaci\u00f3n de Trabajadores en Chicago - Sexner Injury Lawyers LLC\" \/>\n<meta property=\"og:description\" content=\"En Sexner Injury Lawyers LLC, nuestros abogados afiliados tienen el conocimiento, la experiencia, y la dedicaci\u00f3n necesaria para manejar los casos de compensaci\u00f3n de los trabajadores.\" \/>\n<meta property=\"og:url\" content=\"https:\/\/chicagoinjurylawyer.net\/es\/compensacion-de-trabajadores\/seleccion-de-abogado\/\" \/>\n<meta property=\"og:site_name\" content=\"Sexner Injury Lawyers LLC\" \/>\n<meta property=\"article:modified_time\" content=\"2021-12-03T22:25:02+00:00\" \/>\n<meta property=\"og:image\" content=\"https:\/\/chicagoinjurylawyer.net\/wp-content\/uploads\/2019\/06\/personal-injury-law-firm1-1.jpg\" \/>\n<meta name=\"twitter:card\" content=\"summary_large_image\" \/>\n<meta name=\"twitter:label1\" content=\"Tiempo de lectura\" \/>\n\t<meta name=\"twitter:data1\" content=\"2 minutos\" \/>\n<!-- \/ Yoast SEO plugin. -->","yoast_head_json":{"title":"Selecci\u00f3n de Abogado de Compensaci\u00f3n de Trabajadores en Chicago - Sexner Injury Lawyers LLC","description":"En Sexner Injury Lawyers LLC, nuestros abogados afiliados tienen el conocimiento, la experiencia, y la dedicaci\u00f3n necesaria para manejar los casos de compensaci\u00f3n de los trabajadores.","robots":{"index":"index","follow":"follow","max-snippet":"max-snippet:-1","max-image-preview":"max-image-preview:large","max-video-preview":"max-video-preview:-1"},"canonical":"https:\/\/chicagoinjurylawyer.net\/es\/compensacion-de-trabajadores\/seleccion-de-abogado\/","og_locale":"es_ES","og_type":"article","og_title":"Selecci\u00f3n de Abogado de Compensaci\u00f3n de Trabajadores en Chicago - Sexner Injury Lawyers LLC","og_description":"En Sexner Injury Lawyers LLC, nuestros abogados afiliados tienen el conocimiento, la experiencia, y la dedicaci\u00f3n necesaria para manejar los casos de compensaci\u00f3n de los trabajadores.","og_url":"https:\/\/chicagoinjurylawyer.net\/es\/compensacion-de-trabajadores\/seleccion-de-abogado\/","og_site_name":"Sexner Injury Lawyers LLC","article_modified_time":"2021-12-03T22:25:02+00:00","og_image":[{"url":"https:\/\/chicagoinjurylawyer.net\/wp-content\/uploads\/2019\/06\/personal-injury-law-firm1-1.jpg","type":"","width":"","height":""}],"twitter_card":"summary_large_image","twitter_misc":{"Tiempo de lectura":"2 minutos"},"schema":{"@context":"https:\/\/schema.org","@graph":[{"@type":"WebPage","@id":"https:\/\/chicagoinjurylawyer.net\/es\/compensacion-de-trabajadores\/seleccion-de-abogado\/","url":"https:\/\/chicagoinjurylawyer.net\/es\/compensacion-de-trabajadores\/seleccion-de-abogado\/","name":"Selecci\u00f3n de Abogado de Compensaci\u00f3n de Trabajadores en Chicago - Sexner Injury Lawyers LLC","isPartOf":{"@id":"https:\/\/chicagoinjurylawyer.net\/es\/#website"},"datePublished":"2019-06-27T10:50:29+00:00","dateModified":"2021-12-03T22:25:02+00:00","description":"En [firm-name], nuestros abogados afiliados tienen el conocimiento, la experiencia, y la dedicaci\u00f3n necesaria para manejar los casos de compensaci\u00f3n de los trabajadores.","breadcrumb":{"@id":"https:\/\/chicagoinjurylawyer.net\/es\/compensacion-de-trabajadores\/seleccion-de-abogado\/#breadcrumb"},"inLanguage":"es","potentialAction":[{"@type":"ReadAction","target":["https:\/\/chicagoinjurylawyer.net\/es\/compensacion-de-trabajadores\/seleccion-de-abogado\/"]}]},{"@type":"BreadcrumbList","@id":"https:\/\/chicagoinjurylawyer.net\/es\/compensacion-de-trabajadores\/seleccion-de-abogado\/#breadcrumb","itemListElement":[{"@type":"ListItem","position":1,"name":"Compensaci\u00f3n De Trabajadores","item":"https:\/\/chicagoinjurylawyer.net\/es\/compensacion-de-trabajadores\/"},{"@type":"ListItem","position":2,"name":"Selecci\u00f3n De Abogado De Compensaci\u00f3n De Trabajadores"}]},{"@type":"WebSite","@id":"https:\/\/chicagoinjurylawyer.net\/es\/#website","url":"https:\/\/chicagoinjurylawyer.net\/es\/","name":"Sexner Injury Lawyers LLC","description":"Chicago Personal Injury Attorneys","publisher":{"@id":"https:\/\/chicagoinjurylawyer.net\/es\/#organization"},"potentialAction":[{"@type":"SearchAction","target":{"@type":"EntryPoint","urlTemplate":"https:\/\/chicagoinjurylawyer.net\/es\/?s={search_term_string}"},"query-input":{"@type":"PropertyValueSpecification","valueRequired":true,"valueName":"search_term_string"}}],"inLanguage":"es"},{"@type":"Organization","@id":"https:\/\/chicagoinjurylawyer.net\/es\/#organization","name":"[firm-name]","url":"https:\/\/chicagoinjurylawyer.net\/es\/","logo":{"@type":"ImageObject","inLanguage":"es","@id":"https:\/\/chicagoinjurylawyer.net\/es\/#\/schema\/logo\/image\/","url":"https:\/\/chicagoinjurylawyer.net\/wp-content\/uploads\/2019\/06\/msx-logo-1.png","contentUrl":"https:\/\/chicagoinjurylawyer.net\/wp-content\/uploads\/2019\/06\/msx-logo-1.png","width":180,"height":83,"caption":"[firm-name]"},"image":{"@id":"https:\/\/chicagoinjurylawyer.net\/es\/#\/schema\/logo\/image\/"}}]}},"_links":{"self":[{"href":"https:\/\/chicagoinjurylawyer.net\/es\/wp-json\/wp\/v2\/pages\/8002","targetHints":{"allow":["GET"]}}],"collection":[{"href":"https:\/\/chicagoinjurylawyer.net\/es\/wp-json\/wp\/v2\/pages"}],"about":[{"href":"https:\/\/chicagoinjurylawyer.net\/es\/wp-json\/wp\/v2\/types\/page"}],"author":[{"embeddable":true,"href":"https:\/\/chicagoinjurylawyer.net\/es\/wp-json\/wp\/v2\/users\/1"}],"replies":[{"embeddable":true,"href":"https:\/\/chicagoinjurylawyer.net\/es\/wp-json\/wp\/v2\/comments?post=8002"}],"version-history":[{"count":4,"href":"https:\/\/chicagoinjurylawyer.net\/es\/wp-json\/wp\/v2\/pages\/8002\/revisions"}],"predecessor-version":[{"id":32570,"href":"https:\/\/chicagoinjurylawyer.net\/es\/wp-json\/wp\/v2\/pages\/8002\/revisions\/32570"}],"up":[{"embeddable":true,"href":"https:\/\/chicagoinjurylawyer.net\/es\/wp-json\/wp\/v2\/pages\/7790"}],"wp:attachment":[{"href":"https:\/\/chicagoinjurylawyer.net\/es\/wp-json\/wp\/v2\/media?parent=8002"}],"curies":[{"name":"wp","href":"https:\/\/api.w.org\/{rel}","templated":true}]}}