{"id":8014,"date":"2019-06-27T10:58:56","date_gmt":"2019-06-27T10:58:56","guid":{"rendered":"http:\/\/104.197.86.120\/?page_id=8014"},"modified":"2022-01-24T17:00:45","modified_gmt":"2022-01-24T23:00:45","slug":"asbestos-mesothelioma","status":"publish","type":"page","link":"https:\/\/chicagoinjurylawyer.net\/es\/compensacion-de-trabajadores\/asbestos-mesothelioma\/","title":{"rendered":"Asbestos &#038; Mesothelioma"},"content":{"rendered":"<h1>Abogados de Mesotelioma en Chicago<\/h1>\n<p><img decoding=\"async\" class=\"alignright wp-image-33252\" src=\"\/wp-content\/uploads\/2022\/01\/Abogados-de-Mesotelioma.jpg\" alt=\"Abogados de Mesotelioma\" width=\"400\" height=\"300\" srcset=\"https:\/\/chicagoinjurylawyer.net\/wp-content\/uploads\/2022\/01\/Abogados-de-Mesotelioma.jpg 1000w, https:\/\/chicagoinjurylawyer.net\/wp-content\/uploads\/2022\/01\/Abogados-de-Mesotelioma-300x225.jpg 300w, https:\/\/chicagoinjurylawyer.net\/wp-content\/uploads\/2022\/01\/Abogados-de-Mesotelioma-768x576.jpg 768w\" sizes=\"(max-width: 400px) 100vw, 400px\" \/>Cualquier enfermedad o dolencia puede ser aterradora, pero el c\u00e1ncer es una de las m\u00e1s dif\u00edciles de combatir. Durante esos momentos, es importante rodearse de personas que se preocupan por usted y que tambi\u00e9n lo ayudar\u00e1n a luchar para asegurarse de que usted y su familia est\u00e9n protegidos y listos para lo que se les presente. Al igual que necesita un equipo experimentado de profesionales m\u00e9dicos para ayudarlo con el tratamiento, tambi\u00e9n necesita profesionales legales con experiencia para asegurarse de que sus derechos est\u00e9n completamente protegidos y tomar las medidas necesarias para protegerlo a usted y a sus seres queridos.<\/p>\n<p>Si usted o alguien que conoce ha sido diagnosticado con mesotelioma, entonces no hay tiempo que perder para ayudar a garantizar que su familia y seres queridos est\u00e9n seguros. Es vital que se tomen las medidas necesarias para presentar de inmediato cualquier indemnizaci\u00f3n por accidentes de trabajo y otros reclamos disponibles para ayudar a compensar sus facturas y costos m\u00e9dicos de cualquier manera que pueda, as\u00ed como para obtener cualquier liquidaci\u00f3n en efectivo disponible. Llame a Sexner Injury Lawyers LLC al <a href=\"tel:3122439922\">(312) 243-9922<\/a>. No pases por esto solo; Hable hoy con nuestro equipo de abogados con <a href=\"\/es\/\">experiencia en lesiones personales<\/a> para discutir su caso y explorar sus opciones sin cargo.<\/p>\n<h2>Entendiendo el Mesotelioma<\/h2>\n<p>El mesotelioma o mesotelioma maligno es una <a href=\"\/es\/negligencia-medica\/negligencia-por-cancer-de-mama\/\">forma agresiva de c\u00e1ncer<\/a> que se presenta en capas delgadas de tejido que cubren la mayor\u00eda de los \u00f3rganos internos del cuerpo humano. Es muy mortal y, aunque hay tratamientos disponibles, desafortunadamente tiene una tasa de mortalidad bastante alta para los afectados. Con mayor frecuencia ataca el tejido que rodea los pulmones, aunque en su lugar puede afectar a otros \u00f3rganos.<\/p>\n<p>Otra enfermedad que se produce como resultado de la exposici\u00f3n al asbesto es la asbestosis. Aunque la asbestosis no es un c\u00e1ncer como el mesotelioma, es una enfermedad respiratoria cr\u00f3nica similar a la fibrosis pulmonar que tambi\u00e9n es muy grave. Aunque actualmente tampoco existe cura, afecta a cada persona de manera diferente y algunos pacientes viven muchos, muchos a\u00f1os con la enfermedad.<\/p>\n<h2>\u00bfCu\u00e1les Son los S\u00edntomas de Mesotelioma?<\/h2>\n<p>Los s\u00edntomas de este c\u00e1ncer pueden variar seg\u00fan el \u00e1rea en la que se presente el c\u00e1ncer. Los dos tipos m\u00e1s comunes son el \"mesotelioma pleural\", que afecta los pulmones, y el \"mesotelioma peritoneal\", que se presenta en el tejido del abdomen de una persona.<\/p>\n<h3>Mesotelioma Pleural<\/h3>\n<ul>\n<li>Tos dolorosa<\/li>\n<li>Dificultad para respirar<\/li>\n<li>Dolor debajo del \u00e1rea de la caja tor\u00e1cica.<\/li>\n<li>Bultos de tejido inusuales e inexplicables debajo de la piel en el pecho<\/li>\n<li>P\u00e9rdida de peso inexplicable<\/li>\n<\/ul>\n<h3>Mesotelioma Peritoneal<\/h3>\n<ul>\n<li>Hinchaz\u00f3n del abdomen<\/li>\n<li>Dolor abdominal<\/li>\n<li>Bultos de tejido inusuales e inexplicables en el abdomen<\/li>\n<li>P\u00e9rdida de peso inexplicable<\/li>\n<\/ul>\n<p>Muchos de estos s\u00edntomas tambi\u00e9n pueden deberse a otros tipos de enfermedades, especialmente porque el mesotelioma es relativamente raro. Pero, en cualquier caso, cuando experimente alguno de estos s\u00edntomas que no desaparecen en uno o dos d\u00edas, siempre es una buena idea buscar atenci\u00f3n m\u00e9dica. Incluso si se trata de otra enfermedad, es posible que necesite tratamiento para evitar las complicaciones o los efectos graves de dicha enfermedad.<\/p>\n<h2>Factores de Riesgo del Mesotelioma<\/h2>\n<p>El mayor factor de riesgo para desarrollar mesotelioma tiende a ser la exposici\u00f3n al asbesto, especialmente en el polvo que se inhala. El asbesto es un mineral natural que se ha utilizado durante d\u00e9cadas en materiales para pisos, tejas y especialmente en aislamientos. Durante la extracci\u00f3n de asbesto, o al instalar o quitar el aislamiento que contiene el mineral, existe una mayor probabilidad de inhalar polvo con fibras de asbesto, especialmente cuando se hace sin el equipo de protecci\u00f3n adecuado. Las fibras de asbesto terminan en los pulmones y el est\u00f3mago, donde pueden irritar los \u00f3rganos internos y potencialmente provocar mesotelioma. Esto puede suceder d\u00e9cadas despu\u00e9s de la exposici\u00f3n al asbesto, pero el desarrollo de c\u00e1ncer est\u00e1 lejos de ser una certeza, ya que muchas personas que trabajan con asbesto nunca desarrollan mesotelioma.<\/p>\n<p>Las profesiones que tienen m\u00e1s probabilidades de desarrollar mesotelioma incluyen:<\/p>\n<ul>\n<li><a href=\"\/es\/compensacion-de-trabajadores\/accidentes-en-la-construccion\/\">Trabajadores de la construcci\u00f3n<\/a><\/li>\n<li>Conicidades para paneles de yeso<\/li>\n<li>Colocadores de azulejos<\/li>\n<li>Maquinistas<\/li>\n<li>Techadores<\/li>\n<li>Pintores<\/li>\n<li>Marines mercantes<\/li>\n<li>Alba\u00f1iles de ladrillo y piedra<\/li>\n<li>Carpinteros<\/li>\n<li>Mec\u00e1nica automotriz y aeron\u00e1utica<\/li>\n<li>Bomberos<\/li>\n<li>Oficiales de polic\u00eda<\/li>\n<li>Soldadores y trabajadores del hierro<\/li>\n<\/ul>\n<p>Los miembros de la familia relacionados con alguien que trabaja en estas profesiones tambi\u00e9n pueden estar en riesgo. Es muy f\u00e1cil para alguien expuesto al asbesto durante la remoci\u00f3n del aislamiento, por ejemplo, llevar ese asbesto a casa en la ropa, la piel y el cabello. Los c\u00f3nyuges e hijos pueden entonces estar expuestos y tener un mayor riesgo de desarrollar mesotelioma.<\/p>\n<h2>\u00bfPuedo Presentar una Demanda por Mesotelioma?<\/h2>\n<p>Aunque el mesotelioma puede tardar a\u00f1os o incluso d\u00e9cadas en desarrollarse, existen varias opciones disponibles para usted. En primer lugar, se puede presentar un reclamo de indemnizaci\u00f3n laboral, al igual que cualquier otra enfermedad o dolencia. Pero adem\u00e1s de los pagos de <a href=\"\/es\/compensacion-de-trabajadores\/\">compensaci\u00f3n para trabajadores<\/a>, tambi\u00e9n existen fondos fiduciarios de mesotelioma que contienen m\u00e1s de $ 30 mil millones de d\u00f3lares que se han reservado para cubrir el pago de futuros veredictos y acuerdos relacionados con esta enfermedad.<\/p>\n<p>Presentar y procesar una demanda por mesotelioma es de naturaleza muy t\u00e9cnica y est\u00e1 m\u00e1s all\u00e1 de la capacidad de la mayor\u00eda de las personas para hacerlo correctamente. Pero cuando los presenta un abogado con experiencia en mesotelioma, la mayor\u00eda de los casos se <a href=\"\/es\/nuestro-exito\/\">resuelven eventualmente fuera de los tribunales<\/a> y, a menudo, oscilan entre $1,000,000 y $5,000,000. Los montos recuperados generalmente est\u00e1n vinculados al costo de los gastos m\u00e9dicos, a qu\u00e9 compa\u00f1\u00eda se demanda, al pron\u00f3stico del paciente y d\u00f3nde se presenta el reclamo. Si la persona con mesotelioma ha fallecido, la familia tambi\u00e9n puede presentar una demanda por muerte por negligencia contra el fabricante en su nombre.<\/p>\n<p>Pero debe tener en cuenta que independientemente del tipo de demanda o reclamo que deba presentarse, cada uno de estos reclamos tiene un \u201cestatuto de limitaciones\u201d muy espec\u00edfico que se aplica a ellos. Esto significa que, si la demanda no se presenta dentro de un per\u00edodo de tiempo espec\u00edfico, la v\u00edctima o la familia perder\u00e1n la oportunidad de presentar una demanda para siempre y nunca podr\u00e1n cobrar un solo d\u00f3lar.<\/p>\n<img decoding=\"async\" src=\"\/wp-content\/uploads\/2022\/01\/Abogados-de-Mesotelioma-en-Chicago.jpg\" alt=\"Abogados de Mesotelioma en Chicago\" width=\"1000\" height=\"745\" class=\"aligncenter size-full wp-image-33250\" srcset=\"https:\/\/chicagoinjurylawyer.net\/wp-content\/uploads\/2022\/01\/Abogados-de-Mesotelioma-en-Chicago.jpg 1000w, https:\/\/chicagoinjurylawyer.net\/wp-content\/uploads\/2022\/01\/Abogados-de-Mesotelioma-en-Chicago-300x224.jpg 300w, https:\/\/chicagoinjurylawyer.net\/wp-content\/uploads\/2022\/01\/Abogados-de-Mesotelioma-en-Chicago-768x572.jpg 768w\" sizes=\"(max-width: 1000px) 100vw, 1000px\" \/>\n<h2>P\u00f3ngase en Contacto Con un Abogado de Lesiones Ahora<\/h2>\n<p>Necesita un abogado con experiencia en lesiones personales en Chicago para que lo represente, as\u00ed que llame a Sexner Injury Lawyers LLC hoy al <a href=\"tel:3122439922\">(312) 243-9922<\/a> para hablar sobre su caso. No hay tiempo que perder, ya que se aplican l\u00edmites de tiempo. Hemos sido responsables de la recuperaci\u00f3n de millones de d\u00f3lares para nuestros clientes que lo merecen y tambi\u00e9n estamos aqu\u00ed para ayudarlo. Ll\u00e1manos las 24 horas del d\u00eda para obtener informaci\u00f3n gratuita.<\/p>\n","protected":false},"excerpt":{"rendered":"<p>Abogados de Mesotelioma en Chicago Cualquier enfermedad o dolencia puede ser aterradora, pero el c\u00e1ncer es una de las m\u00e1s dif\u00edciles de combatir. Durante esos momentos, es importante rodearse de personas que se preocupan por usted y que tambi\u00e9n lo ayudar\u00e1n a luchar para asegurarse de que usted y su familia est\u00e9n protegidos y listos [&hellip;]<\/p>\n","protected":false},"author":1,"featured_media":0,"parent":7790,"menu_order":0,"comment_status":"closed","ping_status":"open","template":"","meta":{"_acf_changed":false,"footnotes":""},"class_list":["post-8014","page","type-page","status-publish","hentry"],"acf":[],"yoast_head":"<!-- This site is optimized with the Yoast SEO plugin v27.4 - https:\/\/yoast.com\/product\/yoast-seo-wordpress\/ -->\n<title>Abogados de Asbestos &amp; Mesothelioma en Chicago<\/title>\n<meta name=\"description\" content=\"Mesothelioma puede progresar muy r\u00e1pido, aunque no se manifest\u00f3 asta varios a\u00f1os despu\u00e9s de la primera exposici\u00f3n a asbestos.\" \/>\n<meta name=\"robots\" content=\"index, follow, max-snippet:-1, max-image-preview:large, max-video-preview:-1\" \/>\n<link rel=\"canonical\" href=\"https:\/\/chicagoinjurylawyer.net\/es\/compensacion-de-trabajadores\/asbestos-mesothelioma\/\" \/>\n<meta property=\"og:locale\" content=\"es_ES\" \/>\n<meta property=\"og:type\" content=\"article\" \/>\n<meta property=\"og:title\" content=\"Abogados de Asbestos &amp; Mesothelioma en Chicago\" \/>\n<meta property=\"og:description\" content=\"Mesothelioma puede progresar muy r\u00e1pido, aunque no se manifest\u00f3 asta varios a\u00f1os despu\u00e9s de la primera exposici\u00f3n a asbestos.\" \/>\n<meta property=\"og:url\" content=\"https:\/\/chicagoinjurylawyer.net\/es\/compensacion-de-trabajadores\/asbestos-mesothelioma\/\" \/>\n<meta property=\"og:site_name\" content=\"Sexner Injury Lawyers LLC\" \/>\n<meta property=\"article:modified_time\" content=\"2022-01-24T23:00:45+00:00\" \/>\n<meta property=\"og:image\" content=\"https:\/\/chicagoinjurylawyer.net\/wp-content\/uploads\/2022\/01\/Abogados-de-Mesotelioma.jpg\" \/>\n<meta name=\"twitter:card\" content=\"summary_large_image\" \/>\n<meta name=\"twitter:label1\" content=\"Tiempo de lectura\" \/>\n\t<meta name=\"twitter:data1\" content=\"6 minutos\" \/>\n<!-- \/ Yoast SEO plugin. -->","yoast_head_json":{"title":"Abogados de Asbestos & Mesothelioma en Chicago","description":"Mesothelioma puede progresar muy r\u00e1pido, aunque no se manifest\u00f3 asta varios a\u00f1os despu\u00e9s de la primera exposici\u00f3n a asbestos.","robots":{"index":"index","follow":"follow","max-snippet":"max-snippet:-1","max-image-preview":"max-image-preview:large","max-video-preview":"max-video-preview:-1"},"canonical":"https:\/\/chicagoinjurylawyer.net\/es\/compensacion-de-trabajadores\/asbestos-mesothelioma\/","og_locale":"es_ES","og_type":"article","og_title":"Abogados de Asbestos & Mesothelioma en Chicago","og_description":"Mesothelioma puede progresar muy r\u00e1pido, aunque no se manifest\u00f3 asta varios a\u00f1os despu\u00e9s de la primera exposici\u00f3n a asbestos.","og_url":"https:\/\/chicagoinjurylawyer.net\/es\/compensacion-de-trabajadores\/asbestos-mesothelioma\/","og_site_name":"Sexner Injury Lawyers LLC","article_modified_time":"2022-01-24T23:00:45+00:00","og_image":[{"url":"https:\/\/chicagoinjurylawyer.net\/wp-content\/uploads\/2022\/01\/Abogados-de-Mesotelioma.jpg","type":"","width":"","height":""}],"twitter_card":"summary_large_image","twitter_misc":{"Tiempo de lectura":"6 minutos"},"schema":{"@context":"https:\/\/schema.org","@graph":[{"@type":"WebPage","@id":"https:\/\/chicagoinjurylawyer.net\/es\/compensacion-de-trabajadores\/asbestos-mesothelioma\/","url":"https:\/\/chicagoinjurylawyer.net\/es\/compensacion-de-trabajadores\/asbestos-mesothelioma\/","name":"Abogados de Asbestos & Mesothelioma en Chicago","isPartOf":{"@id":"https:\/\/chicagoinjurylawyer.net\/es\/#website"},"datePublished":"2019-06-27T10:58:56+00:00","dateModified":"2022-01-24T23:00:45+00:00","description":"Mesothelioma puede progresar muy r\u00e1pido, aunque no se manifest\u00f3 asta varios a\u00f1os despu\u00e9s de la primera exposici\u00f3n a asbestos.","inLanguage":"es","potentialAction":[{"@type":"ReadAction","target":["https:\/\/chicagoinjurylawyer.net\/es\/compensacion-de-trabajadores\/asbestos-mesothelioma\/"]}]},{"@type":"WebSite","@id":"https:\/\/chicagoinjurylawyer.net\/es\/#website","url":"https:\/\/chicagoinjurylawyer.net\/es\/","name":"Sexner Injury Lawyers LLC","description":"Chicago Personal Injury Attorneys","publisher":{"@id":"https:\/\/chicagoinjurylawyer.net\/es\/#organization"},"potentialAction":[{"@type":"SearchAction","target":{"@type":"EntryPoint","urlTemplate":"https:\/\/chicagoinjurylawyer.net\/es\/?s={search_term_string}"},"query-input":{"@type":"PropertyValueSpecification","valueRequired":true,"valueName":"search_term_string"}}],"inLanguage":"es"},{"@type":"Organization","@id":"https:\/\/chicagoinjurylawyer.net\/es\/#organization","name":"[firm-name]","url":"https:\/\/chicagoinjurylawyer.net\/es\/","logo":{"@type":"ImageObject","inLanguage":"es","@id":"https:\/\/chicagoinjurylawyer.net\/es\/#\/schema\/logo\/image\/","url":"https:\/\/chicagoinjurylawyer.net\/wp-content\/uploads\/2019\/06\/msx-logo-1.png","contentUrl":"https:\/\/chicagoinjurylawyer.net\/wp-content\/uploads\/2019\/06\/msx-logo-1.png","width":180,"height":83,"caption":"[firm-name]"},"image":{"@id":"https:\/\/chicagoinjurylawyer.net\/es\/#\/schema\/logo\/image\/"}}]}},"_links":{"self":[{"href":"https:\/\/chicagoinjurylawyer.net\/es\/wp-json\/wp\/v2\/pages\/8014","targetHints":{"allow":["GET"]}}],"collection":[{"href":"https:\/\/chicagoinjurylawyer.net\/es\/wp-json\/wp\/v2\/pages"}],"about":[{"href":"https:\/\/chicagoinjurylawyer.net\/es\/wp-json\/wp\/v2\/types\/page"}],"author":[{"embeddable":true,"href":"https:\/\/chicagoinjurylawyer.net\/es\/wp-json\/wp\/v2\/users\/1"}],"replies":[{"embeddable":true,"href":"https:\/\/chicagoinjurylawyer.net\/es\/wp-json\/wp\/v2\/comments?post=8014"}],"version-history":[{"count":4,"href":"https:\/\/chicagoinjurylawyer.net\/es\/wp-json\/wp\/v2\/pages\/8014\/revisions"}],"predecessor-version":[{"id":33249,"href":"https:\/\/chicagoinjurylawyer.net\/es\/wp-json\/wp\/v2\/pages\/8014\/revisions\/33249"}],"up":[{"embeddable":true,"href":"https:\/\/chicagoinjurylawyer.net\/es\/wp-json\/wp\/v2\/pages\/7790"}],"wp:attachment":[{"href":"https:\/\/chicagoinjurylawyer.net\/es\/wp-json\/wp\/v2\/media?parent=8014"}],"curies":[{"name":"wp","href":"https:\/\/api.w.org\/{rel}","templated":true}]}}