{"id":8017,"date":"2019-06-27T10:53:37","date_gmt":"2019-06-27T10:53:37","guid":{"rendered":"http:\/\/104.197.86.120\/?page_id=8017"},"modified":"2021-12-06T17:04:22","modified_gmt":"2021-12-06T23:04:22","slug":"compensacion-de-trabajadores-lesion-de-espalda","status":"publish","type":"page","link":"https:\/\/chicagoinjurylawyer.net\/es\/nuestro-exito\/compensacion-de-trabajadores-lesion-de-espalda\/","title":{"rendered":"Soluci\u00f3n De Compensaci\u00f3n $155,000 Trabajadores"},"content":{"rendered":"<h1>Caso de compensaci\u00f3n para trabajadores por herida en la parte inferior de la espalda - Acuerdo de $155,000<\/h1>\n<p>Mientras desempe\u00f1aba sus funciones en el trabajo, este cliente sufri\u00f3 una lesi\u00f3n en la espalda baja. Como lo exige la ley, lo inform\u00f3 a su empleador con prontitud y luego se comunic\u00f3 con nuestras oficinas para que lo representaran en este asunto. Nuestro abogado present\u00f3 una reclamaci\u00f3n ante la Comisi\u00f3n de <a href=\"\/es\/\">Compensaci\u00f3n para Trabajadores<\/a> de Illinois (anteriormente conocida como la Comisi\u00f3n Industrial de Illinois). Despu\u00e9s de las negociaciones, se obtuvo un premio de $155,000 para este trabajador lesionado.<\/p>\n<h2>Trabajo relacionado con lesiones de espalda<\/h2>\n<p>Lo que com\u00fanmente se conoce como \u201cla espalda\u201d es una red compleja y sensible de huesos, m\u00fasculos, ligamentos, cart\u00edlagos y tejidos. Cada parte funciona en concierto con las otras y, si alguna parte se altera o se rompe, el resultado puede ser dolor (que va de leve a intolerable) o incluso par\u00e1lisis. La parte m\u00e1s importante de esta \u00e1rea del cuerpo es, por supuesto, la columna vertebral, compuesta por 33 v\u00e9rtebras que protegen y encierran la m\u00e9dula espinal - tejidos nerviosos que transportan impulsos electr\u00f3nicos por todo el cuerpo. Estas v\u00e9rtebras est\u00e1n amortiguadas entre s\u00ed por los discos intervertebrales, que son bandas de cart\u00edlago. Cuando estas bandas se lesionan, a menudo se les llama discos abultados o discos herniados.<\/p>\n<p>Adem\u00e1s del trauma f\u00edsico en la columna vertebral, las lesiones en la espalda tambi\u00e9n pueden relacionarse con los m\u00fasculos y los ligamentos en esa \u00e1rea del cuerpo. La tensi\u00f3n o lesi\u00f3n de estos tambi\u00e9n puede crear un dolor intenso a largo plazo que puede responder bien a la terapia, o en el caso de m\u00fasculos \/ ligamentos desgarrados, rasgados o desprendidos, requerir intervenci\u00f3n quir\u00fargica inmediata y atenci\u00f3n de por vida.<\/p>\n<p>Pero si la lesi\u00f3n se relaciona con la columna vertebral o los m\u00fasculos de la espalda, si la lesi\u00f3n es el resultado de un evento que surgi\u00f3 de y en el curso del empleo de la persona, es probable que se considere un caso de compensaci\u00f3n para trabajadores. Para algunos trabajadores, como los que levantan cargas pesadas, trabajan en un almac\u00e9n o son trabajadores de la construcci\u00f3n, una lesi\u00f3n en la espalda puede no ser una sorpresa debido a la naturaleza de su trabajo. Sin embargo, las lesiones en la espalda afectan a personas en pr\u00e1cticamente todos los campos, desde secretarias hasta empleados de entrada de datos. Cada circunstancia es diferente, y cuando ocurre un accidente, el abogado de la persona herida aplicar\u00e1 la ley para determinar si el evento ser\u00e1 cubierto por el seguro del empleador.<\/p>\n<p>Tipos de lesiones en la espalda del empleado<\/p>\n<p>Algunas de las lesiones m\u00e1s comunes en la espalda y la columna vertebral que ocurren en el sitio de empleo incluyen:<\/p>\n<ul>\n<li>Una lesi\u00f3n, esguince o tensi\u00f3n de los m\u00fasculos o ligamentos en la espalda.<\/li>\n<li>Un disco roto o desgarrado, que, si es significativo, puede causar fugas en el material del interior y causar una hernia.<\/li>\n<li>Una compresi\u00f3n de los nervios lumbares (s\u00edndrome de cauda equina) en la que las ra\u00edces nerviosas en la base de la m\u00e9dula espinal se pellizcan y est\u00e1n bajo presi\u00f3n.<\/li>\n<li>Una dislocaci\u00f3n o fractura de la columna vertebral que puede causar par\u00e1lisis si la m\u00e9dula espinal est\u00e1 alterada.<\/li>\n<li>Espasmos musculares, rigidez o dolor por uso excesivo.<\/li>\n<li>\"Dolor referido\" de otras condiciones en otras partes del cuerpo.<\/li>\n<li>S\u00edndrome de dolor cr\u00f3nico por una lesi\u00f3n grave previa.<\/li>\n<\/ul>\n<p>La ley de compensaci\u00f3n para trabajadores tiene ciertos elementos en com\u00fan con otros tipos de casos de lesiones no relacionadas con el trabajo, pero en gran parte es muy diferente. Para hablar con un abogado con m\u00e1s de 25 a\u00f1os de experiencia en esta \u00e1rea de la ley, <a href=\"\/es\/contactenos\/\">comun\u00edquese con Sexner Injury Lawyers LLC<\/a> al\u00a0(312) 243-9922 para una consulta gratuita.<\/p>\n","protected":false},"excerpt":{"rendered":"<p>Caso de compensaci\u00f3n para trabajadores por herida en la parte inferior de la espalda - Acuerdo de $155,000 Mientras desempe\u00f1aba sus funciones en el trabajo, este cliente sufri\u00f3 una lesi\u00f3n en la espalda baja. Como lo exige la ley, lo inform\u00f3 a su empleador con prontitud y luego se comunic\u00f3 con nuestras oficinas para que [&hellip;]<\/p>\n","protected":false},"author":1,"featured_media":0,"parent":7785,"menu_order":0,"comment_status":"closed","ping_status":"open","template":"","meta":{"_acf_changed":false,"footnotes":""},"class_list":["post-8017","page","type-page","status-publish","hentry"],"acf":[],"yoast_head":"<!-- This site is optimized with the Yoast SEO plugin v27.4 - https:\/\/yoast.com\/product\/yoast-seo-wordpress\/ -->\n<title>Soluci\u00f3n de Compensaci\u00f3n $155,000 Trabajadores - Sexner Injury Lawyers LLC<\/title>\n<meta name=\"robots\" content=\"index, follow, max-snippet:-1, max-image-preview:large, max-video-preview:-1\" \/>\n<link rel=\"canonical\" href=\"https:\/\/chicagoinjurylawyer.net\/es\/nuestro-exito\/compensacion-de-trabajadores-lesion-de-espalda\/\" \/>\n<meta property=\"og:locale\" content=\"es_ES\" \/>\n<meta property=\"og:type\" content=\"article\" \/>\n<meta property=\"og:title\" content=\"Soluci\u00f3n de Compensaci\u00f3n $155,000 Trabajadores - Sexner Injury Lawyers LLC\" \/>\n<meta property=\"og:description\" content=\"Caso de compensaci\u00f3n para trabajadores por herida en la parte inferior de la espalda - Acuerdo de $155,000 Mientras desempe\u00f1aba sus funciones en el trabajo, este cliente sufri\u00f3 una lesi\u00f3n en la espalda baja. Como lo exige la ley, lo inform\u00f3 a su empleador con prontitud y luego se comunic\u00f3 con nuestras oficinas para que [&hellip;]\" \/>\n<meta property=\"og:url\" content=\"https:\/\/chicagoinjurylawyer.net\/es\/nuestro-exito\/compensacion-de-trabajadores-lesion-de-espalda\/\" \/>\n<meta property=\"og:site_name\" content=\"Sexner Injury Lawyers LLC\" \/>\n<meta property=\"article:modified_time\" content=\"2021-12-06T23:04:22+00:00\" \/>\n<meta name=\"twitter:card\" content=\"summary_large_image\" \/>\n<meta name=\"twitter:label1\" content=\"Tiempo de lectura\" \/>\n\t<meta name=\"twitter:data1\" content=\"3 minutos\" \/>\n<!-- \/ Yoast SEO plugin. -->","yoast_head_json":{"title":"Soluci\u00f3n de Compensaci\u00f3n $155,000 Trabajadores - Sexner Injury Lawyers LLC","robots":{"index":"index","follow":"follow","max-snippet":"max-snippet:-1","max-image-preview":"max-image-preview:large","max-video-preview":"max-video-preview:-1"},"canonical":"https:\/\/chicagoinjurylawyer.net\/es\/nuestro-exito\/compensacion-de-trabajadores-lesion-de-espalda\/","og_locale":"es_ES","og_type":"article","og_title":"Soluci\u00f3n de Compensaci\u00f3n $155,000 Trabajadores - Sexner Injury Lawyers LLC","og_description":"Caso de compensaci\u00f3n para trabajadores por herida en la parte inferior de la espalda - Acuerdo de $155,000 Mientras desempe\u00f1aba sus funciones en el trabajo, este cliente sufri\u00f3 una lesi\u00f3n en la espalda baja. Como lo exige la ley, lo inform\u00f3 a su empleador con prontitud y luego se comunic\u00f3 con nuestras oficinas para que [&hellip;]","og_url":"https:\/\/chicagoinjurylawyer.net\/es\/nuestro-exito\/compensacion-de-trabajadores-lesion-de-espalda\/","og_site_name":"Sexner Injury Lawyers LLC","article_modified_time":"2021-12-06T23:04:22+00:00","twitter_card":"summary_large_image","twitter_misc":{"Tiempo de lectura":"3 minutos"},"schema":{"@context":"https:\/\/schema.org","@graph":[{"@type":"WebPage","@id":"https:\/\/chicagoinjurylawyer.net\/es\/nuestro-exito\/compensacion-de-trabajadores-lesion-de-espalda\/","url":"https:\/\/chicagoinjurylawyer.net\/es\/nuestro-exito\/compensacion-de-trabajadores-lesion-de-espalda\/","name":"Soluci\u00f3n de Compensaci\u00f3n $155,000 Trabajadores - Sexner Injury Lawyers LLC","isPartOf":{"@id":"https:\/\/chicagoinjurylawyer.net\/es\/#website"},"datePublished":"2019-06-27T10:53:37+00:00","dateModified":"2021-12-06T23:04:22+00:00","breadcrumb":{"@id":"https:\/\/chicagoinjurylawyer.net\/es\/nuestro-exito\/compensacion-de-trabajadores-lesion-de-espalda\/#breadcrumb"},"inLanguage":"es","potentialAction":[{"@type":"ReadAction","target":["https:\/\/chicagoinjurylawyer.net\/es\/nuestro-exito\/compensacion-de-trabajadores-lesion-de-espalda\/"]}]},{"@type":"BreadcrumbList","@id":"https:\/\/chicagoinjurylawyer.net\/es\/nuestro-exito\/compensacion-de-trabajadores-lesion-de-espalda\/#breadcrumb","itemListElement":[{"@type":"ListItem","position":1,"name":"Nuestro \u00c9xito","item":"https:\/\/chicagoinjurylawyer.net\/es\/nuestro-exito\/"},{"@type":"ListItem","position":2,"name":"Soluci\u00f3n De Compensaci\u00f3n $155,000 Trabajadores"}]},{"@type":"WebSite","@id":"https:\/\/chicagoinjurylawyer.net\/es\/#website","url":"https:\/\/chicagoinjurylawyer.net\/es\/","name":"Sexner Injury Lawyers LLC","description":"Chicago Personal Injury Attorneys","publisher":{"@id":"https:\/\/chicagoinjurylawyer.net\/es\/#organization"},"potentialAction":[{"@type":"SearchAction","target":{"@type":"EntryPoint","urlTemplate":"https:\/\/chicagoinjurylawyer.net\/es\/?s={search_term_string}"},"query-input":{"@type":"PropertyValueSpecification","valueRequired":true,"valueName":"search_term_string"}}],"inLanguage":"es"},{"@type":"Organization","@id":"https:\/\/chicagoinjurylawyer.net\/es\/#organization","name":"[firm-name]","url":"https:\/\/chicagoinjurylawyer.net\/es\/","logo":{"@type":"ImageObject","inLanguage":"es","@id":"https:\/\/chicagoinjurylawyer.net\/es\/#\/schema\/logo\/image\/","url":"https:\/\/chicagoinjurylawyer.net\/wp-content\/uploads\/2019\/06\/msx-logo-1.png","contentUrl":"https:\/\/chicagoinjurylawyer.net\/wp-content\/uploads\/2019\/06\/msx-logo-1.png","width":180,"height":83,"caption":"[firm-name]"},"image":{"@id":"https:\/\/chicagoinjurylawyer.net\/es\/#\/schema\/logo\/image\/"}}]}},"_links":{"self":[{"href":"https:\/\/chicagoinjurylawyer.net\/es\/wp-json\/wp\/v2\/pages\/8017","targetHints":{"allow":["GET"]}}],"collection":[{"href":"https:\/\/chicagoinjurylawyer.net\/es\/wp-json\/wp\/v2\/pages"}],"about":[{"href":"https:\/\/chicagoinjurylawyer.net\/es\/wp-json\/wp\/v2\/types\/page"}],"author":[{"embeddable":true,"href":"https:\/\/chicagoinjurylawyer.net\/es\/wp-json\/wp\/v2\/users\/1"}],"replies":[{"embeddable":true,"href":"https:\/\/chicagoinjurylawyer.net\/es\/wp-json\/wp\/v2\/comments?post=8017"}],"version-history":[{"count":4,"href":"https:\/\/chicagoinjurylawyer.net\/es\/wp-json\/wp\/v2\/pages\/8017\/revisions"}],"predecessor-version":[{"id":32646,"href":"https:\/\/chicagoinjurylawyer.net\/es\/wp-json\/wp\/v2\/pages\/8017\/revisions\/32646"}],"up":[{"embeddable":true,"href":"https:\/\/chicagoinjurylawyer.net\/es\/wp-json\/wp\/v2\/pages\/7785"}],"wp:attachment":[{"href":"https:\/\/chicagoinjurylawyer.net\/es\/wp-json\/wp\/v2\/media?parent=8017"}],"curies":[{"name":"wp","href":"https:\/\/api.w.org\/{rel}","templated":true}]}}