{"id":8021,"date":"2019-06-27T10:55:25","date_gmt":"2019-06-27T10:55:25","guid":{"rendered":"http:\/\/104.197.86.120\/?page_id=8021"},"modified":"2021-12-06T17:07:17","modified_gmt":"2021-12-06T23:07:17","slug":"caida-de-un-camion","status":"publish","type":"page","link":"https:\/\/chicagoinjurylawyer.net\/es\/nuestro-exito\/caida-de-un-camion\/","title":{"rendered":"Soluci\u00f3n De Compensaci\u00f3n $170,000 Trabajadores"},"content":{"rendered":"<h1>Compensaci\u00f3n a trabajadores por la ca\u00edda de un cami\u00f3n - Acuerdo de $170,000<\/h1>\n<p>En este caso, nuestro cliente estaba trabajando en la parte trasera de un cami\u00f3n cuando el conductor de este comenz\u00f3 a alejarse. Nuestro cliente se cay\u00f3 del cami\u00f3n y aterriz\u00f3 sobre una barrera de hormig\u00f3n. Como resultado, sufri\u00f3 fracturas en la mu\u00f1eca y en las costillas, y trauma en el pecho. Nuestros abogados pudieron negociar un acuerdo por la cantidad de $170,000 en nombre de este trabajador lesionado.<\/p>\n<h2>Tipos de lesiones causadas por accidentes de camiones<\/h2>\n<p>Seg\u00fan algunos informes, m\u00e1s de 75,000 accidentes relacionados con camiones ocurren cada a\u00f1o en Estados Unidos. En 2015, m\u00e1s de 4,000 autobuses y camiones grandes estuvieron involucrados en choques fatales, un aumento significativo con respecto al a\u00f1o anterior. Como todos sabemos, los camiones son veh\u00edculos grandes y pesados, a veces de alrededor de 40 toneladas y 80 pies de largo, que requieren mayores distancias de detenci\u00f3n y no son tan f\u00e1ciles de maniobrar como los autom\u00f3viles de pasajeros. Por lo tanto, cuando ocurren accidentes, generalmente son graves y causan da\u00f1os extremos a todos los involucrados.<\/p>\n<p>En el acuerdo mencionado anteriormente, el accidente ocurri\u00f3 a una velocidad muy baja, pero tuvo graves consecuencias. Todos los a\u00f1os, los conductores de camiones y los que ayudan con la carga y descarga resultan heridos. Atar las cargas a menudo implica una alta tensi\u00f3n y las mismas cargas se deslizan o caen si no se aseguran adecuadamente. Las lesiones por aplastamiento, la p\u00e9rdida de extremidades y las muertes por negligencia son, por desgracia, m\u00e1s comunes de lo que deber\u00edan ser cuando se trata de un cami\u00f3n. Algunas de las heridas m\u00e1s comunes relacionadas con <a href=\"\/es\/accidentes-de-camiones\/\">camiones<\/a> incluyen:<\/p>\n<p>Concusi\u00f3n: Las concusiones, tambi\u00e9n llamadas <a href=\"\/es\/lesiones-cerebrales-traumaticas\/\">lesiones cerebrales traum\u00e1ticas<\/a> menores, son el resultado de un impacto en la cabeza que causa lesiones en el cerebro. Los s\u00edntomas de conmoci\u00f3n cerebral a menudo incluyen confusi\u00f3n, dolores de cabeza, n\u00e1useas, y mareos, pero en los casos de conmoci\u00f3n cerebral m\u00e1s grave, pueden producirse olvidos, dificultad para procesar la informaci\u00f3n, p\u00e9rdida de memoria e incluso pueden aumentar las posibilidades de desarrollar afecciones graves, como Alzheimer.<\/p>\n<p>Hemorragia: Cuando un fuerte impacto hace que el cr\u00e1neo o el cerebro sangren, se le denomina hemorragia. Cuando comienza el sangrado intracraneal, puede causar un aumento de la presi\u00f3n sobre el cerebro que debe aliviarse lo m\u00e1s r\u00e1pido posible para evitar un da\u00f1o cerebral permanente, coma o, en algunas circunstancias, la muerte.<\/p>\n<p>Fractura del cr\u00e1neo: A veces, un impacto puede ser tan contundente que hace que el cr\u00e1neo se rompa. La fractura lineal es la fractura m\u00e1s com\u00fan, con otros tipos de fracturas conocidas como fracturas diast\u00e1ticas y fracturas deprimidas. El tipo m\u00e1s grave de lesi\u00f3n craneal es una fractura basilar del cr\u00e1neo, porque la rotura se produce en la base del cr\u00e1neo.<\/p>\n<p><a href=\"\/es\/lesiones-de-la-medula-espinal\/\">Par\u00e1lisis y da\u00f1o de la m\u00e9dula espinal<\/a>: Cuando se produce una lesi\u00f3n catastr\u00f3fica en la m\u00e9dula espinal como resultado de un accidente, puede estar \"completa\" (cuando se pierde toda la sensibilidad sensorial para controlar las funciones motoras por debajo del punto de la lesi\u00f3n de la m\u00e9dula espinal), o \" incompleta\u201d (existen diversos grados en los que todav\u00eda existen algunas funciones motoras). Tambi\u00e9n se puede clasificar como paraplejia (en la cual la par\u00e1lisis afecta parte o la totalidad de los \u00f3rganos p\u00e9lvicos, piernas y tronco) o tetraplejia (tambi\u00e9n conocida como cuadriplejia), que afecta a todos los \u00f3rganos p\u00e9lvicos, tronco, brazos y piernas de la persona.<\/p>\n<p>Muerte culposa: Considerando el inmenso peso y la fuerza involucrada, el potencial de muerte est\u00e1 presente de manera especial en choques de camiones.<\/p>\n<p>Durante m\u00e1s de 25 a\u00f1os, Sexner Injury Lawyers LLC ha ayudado a las familias afectadas por accidentes de camiones. <a href=\"\/es\/contactenos\/\">La informaci\u00f3n gratuita y confidencial est\u00e1 disponible 24 horas<\/a> al d\u00eda en el\u00a0(312) 243-9922. No se cobran tarifas a menos que tenga \u00e9xito.<\/p>\n","protected":false},"excerpt":{"rendered":"<p>Compensaci\u00f3n a trabajadores por la ca\u00edda de un cami\u00f3n - Acuerdo de $170,000 En este caso, nuestro cliente estaba trabajando en la parte trasera de un cami\u00f3n cuando el conductor de este comenz\u00f3 a alejarse. Nuestro cliente se cay\u00f3 del cami\u00f3n y aterriz\u00f3 sobre una barrera de hormig\u00f3n. Como resultado, sufri\u00f3 fracturas en la mu\u00f1eca [&hellip;]<\/p>\n","protected":false},"author":1,"featured_media":0,"parent":7785,"menu_order":0,"comment_status":"closed","ping_status":"open","template":"","meta":{"_acf_changed":false,"footnotes":""},"class_list":["post-8021","page","type-page","status-publish","hentry"],"acf":[],"yoast_head":"<!-- This site is optimized with the Yoast SEO plugin v27.4 - https:\/\/yoast.com\/product\/yoast-seo-wordpress\/ -->\n<title>Soluci\u00f3n de Compensaci\u00f3n $170,000 Trabajadores - Sexner Injury Lawyers LLC<\/title>\n<meta name=\"description\" content=\"Durante m\u00e1s de 25 a\u00f1os, Sexner Injury Lawyers LLC ha ayudado a las familias afectadas por accidentes de camiones.\" \/>\n<meta name=\"robots\" content=\"index, follow, max-snippet:-1, max-image-preview:large, max-video-preview:-1\" \/>\n<link rel=\"canonical\" href=\"https:\/\/chicagoinjurylawyer.net\/es\/nuestro-exito\/caida-de-un-camion\/\" \/>\n<meta property=\"og:locale\" content=\"es_ES\" \/>\n<meta property=\"og:type\" content=\"article\" \/>\n<meta property=\"og:title\" content=\"Soluci\u00f3n de Compensaci\u00f3n $170,000 Trabajadores - Sexner Injury Lawyers LLC\" \/>\n<meta property=\"og:description\" content=\"Durante m\u00e1s de 25 a\u00f1os, Sexner Injury Lawyers LLC ha ayudado a las familias afectadas por accidentes de camiones.\" \/>\n<meta property=\"og:url\" content=\"https:\/\/chicagoinjurylawyer.net\/es\/nuestro-exito\/caida-de-un-camion\/\" \/>\n<meta property=\"og:site_name\" content=\"Sexner Injury Lawyers LLC\" \/>\n<meta property=\"article:modified_time\" content=\"2021-12-06T23:07:17+00:00\" \/>\n<meta name=\"twitter:card\" content=\"summary_large_image\" \/>\n<meta name=\"twitter:label1\" content=\"Tiempo de lectura\" \/>\n\t<meta name=\"twitter:data1\" content=\"3 minutos\" \/>\n<!-- \/ Yoast SEO plugin. -->","yoast_head_json":{"title":"Soluci\u00f3n de Compensaci\u00f3n $170,000 Trabajadores - Sexner Injury Lawyers LLC","description":"Durante m\u00e1s de 25 a\u00f1os, Sexner Injury Lawyers LLC ha ayudado a las familias afectadas por accidentes de camiones.","robots":{"index":"index","follow":"follow","max-snippet":"max-snippet:-1","max-image-preview":"max-image-preview:large","max-video-preview":"max-video-preview:-1"},"canonical":"https:\/\/chicagoinjurylawyer.net\/es\/nuestro-exito\/caida-de-un-camion\/","og_locale":"es_ES","og_type":"article","og_title":"Soluci\u00f3n de Compensaci\u00f3n $170,000 Trabajadores - Sexner Injury Lawyers LLC","og_description":"Durante m\u00e1s de 25 a\u00f1os, Sexner Injury Lawyers LLC ha ayudado a las familias afectadas por accidentes de camiones.","og_url":"https:\/\/chicagoinjurylawyer.net\/es\/nuestro-exito\/caida-de-un-camion\/","og_site_name":"Sexner Injury Lawyers LLC","article_modified_time":"2021-12-06T23:07:17+00:00","twitter_card":"summary_large_image","twitter_misc":{"Tiempo de lectura":"3 minutos"},"schema":{"@context":"https:\/\/schema.org","@graph":[{"@type":"WebPage","@id":"https:\/\/chicagoinjurylawyer.net\/es\/nuestro-exito\/caida-de-un-camion\/","url":"https:\/\/chicagoinjurylawyer.net\/es\/nuestro-exito\/caida-de-un-camion\/","name":"Soluci\u00f3n de Compensaci\u00f3n $170,000 Trabajadores - Sexner Injury Lawyers LLC","isPartOf":{"@id":"https:\/\/chicagoinjurylawyer.net\/es\/#website"},"datePublished":"2019-06-27T10:55:25+00:00","dateModified":"2021-12-06T23:07:17+00:00","description":"Durante m\u00e1s de 25 a\u00f1os, [firm-name] ha ayudado a las familias afectadas por accidentes de camiones.","breadcrumb":{"@id":"https:\/\/chicagoinjurylawyer.net\/es\/nuestro-exito\/caida-de-un-camion\/#breadcrumb"},"inLanguage":"es","potentialAction":[{"@type":"ReadAction","target":["https:\/\/chicagoinjurylawyer.net\/es\/nuestro-exito\/caida-de-un-camion\/"]}]},{"@type":"BreadcrumbList","@id":"https:\/\/chicagoinjurylawyer.net\/es\/nuestro-exito\/caida-de-un-camion\/#breadcrumb","itemListElement":[{"@type":"ListItem","position":1,"name":"Nuestro \u00c9xito","item":"https:\/\/chicagoinjurylawyer.net\/es\/nuestro-exito\/"},{"@type":"ListItem","position":2,"name":"Soluci\u00f3n De Compensaci\u00f3n $170,000 Trabajadores"}]},{"@type":"WebSite","@id":"https:\/\/chicagoinjurylawyer.net\/es\/#website","url":"https:\/\/chicagoinjurylawyer.net\/es\/","name":"Sexner Injury Lawyers LLC","description":"Chicago Personal Injury Attorneys","publisher":{"@id":"https:\/\/chicagoinjurylawyer.net\/es\/#organization"},"potentialAction":[{"@type":"SearchAction","target":{"@type":"EntryPoint","urlTemplate":"https:\/\/chicagoinjurylawyer.net\/es\/?s={search_term_string}"},"query-input":{"@type":"PropertyValueSpecification","valueRequired":true,"valueName":"search_term_string"}}],"inLanguage":"es"},{"@type":"Organization","@id":"https:\/\/chicagoinjurylawyer.net\/es\/#organization","name":"[firm-name]","url":"https:\/\/chicagoinjurylawyer.net\/es\/","logo":{"@type":"ImageObject","inLanguage":"es","@id":"https:\/\/chicagoinjurylawyer.net\/es\/#\/schema\/logo\/image\/","url":"https:\/\/chicagoinjurylawyer.net\/wp-content\/uploads\/2019\/06\/msx-logo-1.png","contentUrl":"https:\/\/chicagoinjurylawyer.net\/wp-content\/uploads\/2019\/06\/msx-logo-1.png","width":180,"height":83,"caption":"[firm-name]"},"image":{"@id":"https:\/\/chicagoinjurylawyer.net\/es\/#\/schema\/logo\/image\/"}}]}},"_links":{"self":[{"href":"https:\/\/chicagoinjurylawyer.net\/es\/wp-json\/wp\/v2\/pages\/8021","targetHints":{"allow":["GET"]}}],"collection":[{"href":"https:\/\/chicagoinjurylawyer.net\/es\/wp-json\/wp\/v2\/pages"}],"about":[{"href":"https:\/\/chicagoinjurylawyer.net\/es\/wp-json\/wp\/v2\/types\/page"}],"author":[{"embeddable":true,"href":"https:\/\/chicagoinjurylawyer.net\/es\/wp-json\/wp\/v2\/users\/1"}],"replies":[{"embeddable":true,"href":"https:\/\/chicagoinjurylawyer.net\/es\/wp-json\/wp\/v2\/comments?post=8021"}],"version-history":[{"count":7,"href":"https:\/\/chicagoinjurylawyer.net\/es\/wp-json\/wp\/v2\/pages\/8021\/revisions"}],"predecessor-version":[{"id":32647,"href":"https:\/\/chicagoinjurylawyer.net\/es\/wp-json\/wp\/v2\/pages\/8021\/revisions\/32647"}],"up":[{"embeddable":true,"href":"https:\/\/chicagoinjurylawyer.net\/es\/wp-json\/wp\/v2\/pages\/7785"}],"wp:attachment":[{"href":"https:\/\/chicagoinjurylawyer.net\/es\/wp-json\/wp\/v2\/media?parent=8021"}],"curies":[{"name":"wp","href":"https:\/\/api.w.org\/{rel}","templated":true}]}}