{"id":8025,"date":"2019-06-27T10:59:39","date_gmt":"2019-06-27T10:59:39","guid":{"rendered":"http:\/\/104.197.86.120\/?page_id=8025"},"modified":"2022-01-05T15:26:39","modified_gmt":"2022-01-05T21:26:39","slug":"lesiones-cerebrales-traumaticas","status":"publish","type":"page","link":"https:\/\/chicagoinjurylawyer.net\/es\/lesiones-cerebrales-traumaticas\/","title":{"rendered":"Lesiones Cerebrales Traum\u00e1ticas"},"content":{"rendered":"<h1>Abogados de Lesiones Cerebrales Traum\u00e1ticas en Chicago<\/h1>\n<img decoding=\"async\" class=\"size-medium wp-image-18245 alignright\" src=\"\/wp-content\/uploads\/2019\/06\/Traumatic-Brain-Injuries-1-300x200.jpg\" alt=\"Brain Graph\" width=\"300\" height=\"200\" \/>\n<p>La lesi\u00f3n cerebral traum\u00e1tica (LCT) a menudo es causada por un golpe fuerte o una sacudida en la cabeza o el cuerpo, aunque tambi\u00e9n puede ocurrir cuando el cerebro de una persona se ve privado de ox\u00edgeno. La gravedad de la lesi\u00f3n depender\u00e1 de las circunstancias de la colisi\u00f3n y de la fuerza del impacto o de la duraci\u00f3n de la p\u00e9rdida de ox\u00edgeno. La LCT tambi\u00e9n puede ser el resultado de la penetraci\u00f3n de un objeto en el cr\u00e1neo en un <a href=\"\/es\/accidentes-de-trafico\/\">accidente automovil\u00edstico<\/a> u otro evento traum\u00e1tico. Seg\u00fan la Cl\u00ednica Mayo, los accidentes automovil\u00edsticos son una causa com\u00fan de lesi\u00f3n cerebral traum\u00e1tica.<\/p>\n<p>Una lesi\u00f3n cerebral traum\u00e1tica grave puede tener consecuencias que alteran la vida de las v\u00edctimas y sus familias. Si usted o un miembro de su familia ha sufrido una lesi\u00f3n cerebral, su mejor curso de acci\u00f3n es consultar sin demora con un abogado con experiencia en lesiones cerebrales en Chicago.<\/p>\n<p>En Sexner Injury Lawyers LLC, nuestros abogados han estado luchando por los derechos de nuestros clientes desde 1990. Nuestro enfoque est\u00e1 en un servicio superior para cada persona que representamos, y nuestro objetivo es obtener el mejor resultado posible para aquellos a quienes servimos: El herido. Para hablar con uno de nuestros abogados con experiencia, llame al <a href=\"tel:3122439922\">(312) 243-9922<\/a> o cont\u00e1ctenos en l\u00ednea.<\/p>\n<h2>Causas Comunes de Lesiones Cerebrales<\/h2>\n<h3>Accidentes Automovil\u00edsticos<\/h3>\n<p>En un accidente automovil\u00edstico, si el cr\u00e1neo golpea un objeto, como el volante o el parabrisas, a menudo puede causar un traumatismo cerebral. No es necesario fracturar o perforar el cr\u00e1neo para que se produzca una lesi\u00f3n cerebral traum\u00e1tica.<\/p>\n<p>En algunos casos, la fuerza del accidente por s\u00ed sola hace que el cerebro choque con las paredes del cr\u00e1neo, desgarrando tejidos delicados. La cabeza est\u00e1 en movimiento, y cuando el movimiento se detiene abruptamente, el cerebro contin\u00faa movi\u00e9ndose, golpeando el interior del cr\u00e1neo. Esto puede causar sangrado y hematomas en el cerebro, que pueden no ser visibles.<\/p>\n<p>Las lesiones en la cabeza por traumatismos cerrados ocurren en colisiones de veh\u00edculos de motor cuando la cabeza golpea un objeto estacionario. Esto puede suceder en accidentes de vuelco cuando el techo del veh\u00edculo se aplasta, o cuando la v\u00edctima es expulsada del veh\u00edculo, o cuando una parte del veh\u00edculo impacta la cabeza de un conductor o pasajero.<\/p>\n<h3>Negligencia M\u00e9dica<\/h3>\n<p>Si bien las lesiones cerebrales traum\u00e1ticas pueden asociarse m\u00e1s com\u00fanmente con choques de veh\u00edculos y <a href=\"\/es\/compensacion-de-trabajadores\/accidentes-en-la-construccion\/\">accidentes graves en el lugar de trabajo<\/a>, tambi\u00e9n ocurren com\u00fanmente debido a <a href=\"\/es\/negligencia-medica\/\">negligencia m\u00e9dica<\/a>. Por lo general, esto no est\u00e1 relacionado con un impacto directo en el cerebro, como en un accidente automovil\u00edstico, sino que a menudo se debe a una falta de ox\u00edgeno. La naturaleza exacta de tales lesiones var\u00eda bastante seg\u00fan el tiempo que el cerebro pase sin ox\u00edgeno, pero el da\u00f1o y los efectos a largo plazo son bastante similares a las lesiones que ocurren por un accidente violento.<\/p>\n<p>Hay algunas formas diferentes en las que el cerebro de una persona puede verse privado de ox\u00edgeno durante un procedimiento m\u00e9dico, generalmente como resultado de <a href=\"\/es\/negligencia-medica\/errores-quirurgicos\/\">negligencia durante una cirug\u00eda<\/a> o durante <a href=\"\/es\/negligencia-medica\/lesiones-de-nacimiento\/\">el parto<\/a>. Si un cirujano comete un error que hace que un co\u00e1gulo de sangre viaje al cerebro o los pulmones, puede afectar la cantidad de ox\u00edgeno en el cuerpo y en el cerebro. Los errores de anestesia tambi\u00e9n pueden provocar da\u00f1os graves a largo plazo. El <a href=\"\/es\/negligencia-medica\/errores-de-anestesia\/\">anestesi\u00f3logo<\/a> es responsable de monitorear al paciente durante la cirug\u00eda para asegurar una respiraci\u00f3n constante y una oxigenaci\u00f3n adecuada de la sangre y el cerebro. Pero cuando ocurre un error relacionado con la anestesia, un paciente puede dejar de respirar o terminar con menos ox\u00edgeno yendo al cerebro, lo que resulta en una lesi\u00f3n permanente grave.<\/p>\n<h3>Lesiones de Nacimiento<\/h3>\n<p>En ning\u00fan otro momento de la vida una persona es m\u00e1s vulnerable a sufrir lesiones graves que durante el parto. Profesionales m\u00e9dicos experimentados dan a luz de manera segura a decenas de miles de beb\u00e9s cada a\u00f1o en Chicago y otras ciudades. Pero cuando ocurren errores, a menudo son tr\u00e1gicos y permanentes. Las lesiones cerebrales pueden ocurrir durante el parto por varias razones, incluidas las pr\u00e1cticas inadecuadas relacionadas con el uso de herramientas durante el parto o durante una ces\u00e1rea. La privaci\u00f3n de ox\u00edgeno tambi\u00e9n puede ocurrir durante el parto si el cord\u00f3n umbilical se enrolla alrededor del cuello o el cuerpo del beb\u00e9.<\/p>\n<p>Vivir con lesiones cerebrales que ocurren al nacer puede ser un gran desaf\u00edo. Estas lesiones pueden manifestarse como trastornos del aprendizaje o discapacidades, o como afecciones como par\u00e1lisis cerebral. Esto conlleva gastos adicionales de por vida y requisitos m\u00e9dicos para el desarrollo y el cuidado personal. Un abogado con experiencia en negligencia m\u00e9dica trabajar\u00e1 con personal m\u00e9dico experto para ayudar a identificar la causa de dicha condici\u00f3n y determinar si la negligencia del m\u00e9dico ocurri\u00f3 al nacer. Si cree que una lesi\u00f3n de nacimiento puede haber resultado en una lesi\u00f3n cerebral para su hijo, entonces ll\u00e1menos y hable con un abogado con experiencia en lesiones personales y negligencia m\u00e9dica hoy mismo para discutir su caso y conocer sus opciones.<\/p>\n<h2>S\u00edntomas de Lesi\u00f3n Cerebral<\/h2>\n<p><img decoding=\"async\" src=\"\/wp-content\/uploads\/2021\/10\/Abogados-de-Lesiones-Cerebrales-Trauma\u0301ticas-en-Chicago-300x198.jpg\" alt=\"Abogados de Lesiones Cerebrales Trauma\u0301ticas en Chicago\" width=\"300\" height=\"198\" class=\"alignright size-medium wp-image-32187\" srcset=\"https:\/\/chicagoinjurylawyer.net\/wp-content\/uploads\/2021\/10\/Abogados-de-Lesiones-Cerebrales-Trauma\u0301ticas-en-Chicago-300x198.jpg 300w, https:\/\/chicagoinjurylawyer.net\/wp-content\/uploads\/2021\/10\/Abogados-de-Lesiones-Cerebrales-Trauma\u0301ticas-en-Chicago-768x508.jpg 768w, https:\/\/chicagoinjurylawyer.net\/wp-content\/uploads\/2021\/10\/Abogados-de-Lesiones-Cerebrales-Trauma\u0301ticas-en-Chicago.jpg 1000w\" sizes=\"(max-width: 300px) 100vw, 300px\" \/>Los s\u00edntomas de una lesi\u00f3n cerebral traum\u00e1tica de moderada a grave pueden aparecer horas o d\u00edas despu\u00e9s de la lesi\u00f3n. Los s\u00edntomas f\u00edsicos incluyen:<\/p>\n<ul>\n<li>N\u00e1useas o v\u00f3mitos<\/li>\n<li>Convulsiones o convulsiones<\/li>\n<li>P\u00e9rdida del conocimiento durante varios minutos a una hora.<\/li>\n<li>Dolor de cabeza que empeora o persiste<\/li>\n<li>P\u00e9rdida de coordinaci\u00f3n<\/li>\n<li>Dilataci\u00f3n de una o ambas pupilas<\/li>\n<li>Entumecimiento o debilidad en los dedos de las manos y los pies.<\/li>\n<li>L\u00edquido claro que sale de los o\u00eddos o la nariz.<\/li>\n<li>Incapacidad para despertar del sue\u00f1o<\/li>\n<\/ul>\n<p>Los s\u00edntomas mentales o cognitivos de un TCE de moderado a grave incluyen:<\/p>\n<ul>\n<li>Habla arrastrada<\/li>\n<li>Combatividad, agitaci\u00f3n o comportamiento inusual<\/li>\n<li>Confusi\u00f3n extrema<\/li>\n<li>Trastornos del coma y de la conciencia<\/li>\n<li>Estado vegetativo<\/li>\n<\/ul>\n<p>Las complicaciones graves est\u00e1n asociadas con una lesi\u00f3n cerebral traum\u00e1tica. Puede causar cambios permanentes o prolongados en la conciencia, la capacidad de respuesta y la conciencia de la v\u00edctima, afectando todos los aspectos de la vida.<\/p>\n<h2>Da\u00f1os por Lesiones Cerebrales Traum\u00e1ticas<\/h2>\n<p>En general, las lesiones cerebrales traum\u00e1ticas califican para una compensaci\u00f3n al igual que otros tipos de lesiones personales. Hay algunas consideraciones espec\u00edficas que deben tenerse en cuenta con este tipo de lesiones, sin embargo, que pueden no aplicarse a otros casos de lesiones.<\/p>\n<ul>\n<li><strong>Costos de Atenci\u00f3n de por Vida<\/strong> - Las lesiones cerebrales traum\u00e1ticas no son como <a href=\"\/es\/accidentes-de-trafico\/huesos-fracturados\/\">huesos rotos<\/a> que pueden curarse en unas pocas semanas o meses. En muchos casos, los cambios en la personalidad o el estilo de vida despu\u00e9s de una lesi\u00f3n cerebral pueden permanecer durante a\u00f1os o el resto de la vida de una persona. Como tal, los gastos de atenci\u00f3n m\u00e9dica pueden ser mucho m\u00e1s altos para este tipo de lesi\u00f3n que para muchos otros, por lo que los da\u00f1os que se buscan para cubrir la atenci\u00f3n m\u00e9dica futura pueden ser mucho m\u00e1s altos.<\/li>\n<li><strong>P\u00e9rdida Futura de Ingresos<\/strong> - Muchos casos de lesiones personales incluyen una compensaci\u00f3n por la p\u00e9rdida de ingresos futuros, pero la naturaleza de las lesiones cerebrales puede hacer que esto sea una consideraci\u00f3n mucho m\u00e1s importante en estos casos. Una lesi\u00f3n cerebral grave puede significar que una persona nunca podr\u00e1 volver a su trabajo anterior, lo que significa que puede tener una discapacidad total por el resto de su vida. La p\u00e9rdida de ganancias futuras debido a esto puede ser bastante extrema, y los da\u00f1os destinados a cubrir tales p\u00e9rdidas deber\u00edan ser igualmente altos.<\/li>\n<li><strong>Dolor y Sufrimiento<\/strong> - Esto puede ser muy dif\u00edcil de cuantificar, en cualquier caso, pero m\u00e1s a\u00fan cuando se ha producido una lesi\u00f3n cerebral traum\u00e1tica. \u00bfC\u00f3mo valorar la posibilidad de firmar su nombre con manos que no tiemblen o reconocer el rostro de un ser querido? Este tipo de cambios pueden provocar un trauma emocional y psicol\u00f3gico severo, que se demuestra mejor con la ayuda de testigos expertos que se especializan en lesiones cerebrales.<\/li>\n<\/ul>\n<img decoding=\"async\" src=\"\/wp-content\/uploads\/2021\/10\/Abogados-de-Lesiones-Cerebrales-Trauma\u0301ticas.jpg\" alt=\"Abogados de Lesiones Cerebrales Trauma\u0301ticas\" width=\"1000\" height=\"668\" class=\"aligncenter size-full wp-image-32189\" srcset=\"https:\/\/chicagoinjurylawyer.net\/wp-content\/uploads\/2021\/10\/Abogados-de-Lesiones-Cerebrales-Trauma\u0301ticas.jpg 1000w, https:\/\/chicagoinjurylawyer.net\/wp-content\/uploads\/2021\/10\/Abogados-de-Lesiones-Cerebrales-Trauma\u0301ticas-300x200.jpg 300w, https:\/\/chicagoinjurylawyer.net\/wp-content\/uploads\/2021\/10\/Abogados-de-Lesiones-Cerebrales-Trauma\u0301ticas-768x513.jpg 768w\" sizes=\"(max-width: 1000px) 100vw, 1000px\" \/>\n<h2>Llame a Nuestros Abogados de Lesiones Cerebrales de Chicago 24\/7<\/h2>\n<p>Nuestros abogados de lesiones personales en Chicago de Sexner Injury Lawyers LLC han sido nombrados entre los 100 mejores abogados litigantes nacionales de abogados litigantes y han recibido la calificaci\u00f3n AV Preeminent\u00ae de Martindale-Hubbell\u00ae y una calificaci\u00f3n excelente de 10.0 en Avvo. Tenemos el conocimiento, la experiencia y las habilidades para buscar diligentemente una compensaci\u00f3n completa y justa por una lesi\u00f3n cerebral traum\u00e1tica sufrida en un accidente. Ya se han otorgado <a href=\"\/es\/nuestro-exito\/\">millones de d\u00f3lares<\/a> a nuestros merecedores clientes y sus familias. Ll\u00e1menos para una consulta gratuita de su caso.<\/p>\n<p>Cont\u00e1ctenos hoy al (312) 243-9922.<\/p>\n","protected":false},"excerpt":{"rendered":"<p>Abogados de Lesiones Cerebrales Traum\u00e1ticas en Chicago La lesi\u00f3n cerebral traum\u00e1tica (LCT) a menudo es causada por un golpe fuerte o una sacudida en la cabeza o el cuerpo, aunque tambi\u00e9n puede ocurrir cuando el cerebro de una persona se ve privado de ox\u00edgeno. La gravedad de la lesi\u00f3n depender\u00e1 de las circunstancias de la [&hellip;]<\/p>\n","protected":false},"author":1,"featured_media":0,"parent":0,"menu_order":0,"comment_status":"closed","ping_status":"open","template":"","meta":{"_acf_changed":false,"footnotes":""},"class_list":["post-8025","page","type-page","status-publish","hentry"],"acf":[],"yoast_head":"<!-- This site is optimized with the Yoast SEO plugin v27.3 - https:\/\/yoast.com\/product\/yoast-seo-wordpress\/ -->\n<title>Abogados De Lesiomes Traumaticas Celebrales En Chicago - Sexner Injury Lawyers LLC<\/title>\n<meta name=\"description\" content=\"Si usted o alg\u00fan ser querido ha sido v\u00edctima de una lesi\u00f3n cerebral traum\u00e1tico, el equipo legal de Sexner Injury Lawyers LLC, le puede ayudar a proteger sus derechos.\" \/>\n<meta name=\"robots\" content=\"index, follow, max-snippet:-1, max-image-preview:large, max-video-preview:-1\" \/>\n<link rel=\"canonical\" href=\"https:\/\/chicagoinjurylawyer.net\/es\/lesiones-cerebrales-traumaticas\/\" \/>\n<meta property=\"og:locale\" content=\"es_ES\" \/>\n<meta property=\"og:type\" content=\"article\" \/>\n<meta property=\"og:title\" content=\"Abogados De Lesiomes Traumaticas Celebrales En Chicago - Sexner Injury Lawyers LLC\" \/>\n<meta property=\"og:description\" content=\"Si usted o alg\u00fan ser querido ha sido v\u00edctima de una lesi\u00f3n cerebral traum\u00e1tico, el equipo legal de Sexner Injury Lawyers LLC, le puede ayudar a proteger sus derechos.\" \/>\n<meta property=\"og:url\" content=\"https:\/\/chicagoinjurylawyer.net\/es\/lesiones-cerebrales-traumaticas\/\" \/>\n<meta property=\"og:site_name\" content=\"Sexner Injury Lawyers LLC\" \/>\n<meta property=\"article:modified_time\" content=\"2022-01-05T21:26:39+00:00\" \/>\n<meta property=\"og:image\" content=\"https:\/\/chicagoinjurylawyer.net\/wp-content\/uploads\/2019\/06\/Traumatic-Brain-Injuries-1-300x200.jpg\" \/>\n<meta name=\"twitter:card\" content=\"summary_large_image\" \/>\n<meta name=\"twitter:label1\" content=\"Tiempo de lectura\" \/>\n\t<meta name=\"twitter:data1\" content=\"7 minutos\" \/>\n<!-- \/ Yoast SEO plugin. -->","yoast_head_json":{"title":"Abogados De Lesiomes Traumaticas Celebrales En Chicago - Sexner Injury Lawyers LLC","description":"Si usted o alg\u00fan ser querido ha sido v\u00edctima de una lesi\u00f3n cerebral traum\u00e1tico, el equipo legal de Sexner Injury Lawyers LLC, le puede ayudar a proteger sus derechos.","robots":{"index":"index","follow":"follow","max-snippet":"max-snippet:-1","max-image-preview":"max-image-preview:large","max-video-preview":"max-video-preview:-1"},"canonical":"https:\/\/chicagoinjurylawyer.net\/es\/lesiones-cerebrales-traumaticas\/","og_locale":"es_ES","og_type":"article","og_title":"Abogados De Lesiomes Traumaticas Celebrales En Chicago - Sexner Injury Lawyers LLC","og_description":"Si usted o alg\u00fan ser querido ha sido v\u00edctima de una lesi\u00f3n cerebral traum\u00e1tico, el equipo legal de Sexner Injury Lawyers LLC, le puede ayudar a proteger sus derechos.","og_url":"https:\/\/chicagoinjurylawyer.net\/es\/lesiones-cerebrales-traumaticas\/","og_site_name":"Sexner Injury Lawyers LLC","article_modified_time":"2022-01-05T21:26:39+00:00","og_image":[{"url":"https:\/\/chicagoinjurylawyer.net\/wp-content\/uploads\/2019\/06\/Traumatic-Brain-Injuries-1-300x200.jpg","type":"","width":"","height":""}],"twitter_card":"summary_large_image","twitter_misc":{"Tiempo de lectura":"7 minutos"},"schema":{"@context":"https:\/\/schema.org","@graph":[{"@type":"WebPage","@id":"https:\/\/chicagoinjurylawyer.net\/es\/lesiones-cerebrales-traumaticas\/","url":"https:\/\/chicagoinjurylawyer.net\/es\/lesiones-cerebrales-traumaticas\/","name":"Abogados De Lesiomes Traumaticas Celebrales En Chicago - Sexner Injury Lawyers LLC","isPartOf":{"@id":"https:\/\/chicagoinjurylawyer.net\/es\/#website"},"datePublished":"2019-06-27T10:59:39+00:00","dateModified":"2022-01-05T21:26:39+00:00","description":"Si usted o alg\u00fan ser querido ha sido v\u00edctima de una lesi\u00f3n cerebral traum\u00e1tico, el equipo legal de [firm-name], le puede ayudar a proteger sus derechos.","inLanguage":"es","potentialAction":[{"@type":"ReadAction","target":["https:\/\/chicagoinjurylawyer.net\/es\/lesiones-cerebrales-traumaticas\/"]}]},{"@type":"WebSite","@id":"https:\/\/chicagoinjurylawyer.net\/es\/#website","url":"https:\/\/chicagoinjurylawyer.net\/es\/","name":"Sexner Injury Lawyers LLC","description":"Chicago Personal Injury Attorneys","publisher":{"@id":"https:\/\/chicagoinjurylawyer.net\/es\/#organization"},"potentialAction":[{"@type":"SearchAction","target":{"@type":"EntryPoint","urlTemplate":"https:\/\/chicagoinjurylawyer.net\/es\/?s={search_term_string}"},"query-input":{"@type":"PropertyValueSpecification","valueRequired":true,"valueName":"search_term_string"}}],"inLanguage":"es"},{"@type":"Organization","@id":"https:\/\/chicagoinjurylawyer.net\/es\/#organization","name":"[firm-name]","url":"https:\/\/chicagoinjurylawyer.net\/es\/","logo":{"@type":"ImageObject","inLanguage":"es","@id":"https:\/\/chicagoinjurylawyer.net\/es\/#\/schema\/logo\/image\/","url":"https:\/\/chicagoinjurylawyer.net\/wp-content\/uploads\/2019\/06\/msx-logo-1.png","contentUrl":"https:\/\/chicagoinjurylawyer.net\/wp-content\/uploads\/2019\/06\/msx-logo-1.png","width":180,"height":83,"caption":"[firm-name]"},"image":{"@id":"https:\/\/chicagoinjurylawyer.net\/es\/#\/schema\/logo\/image\/"}}]}},"_links":{"self":[{"href":"https:\/\/chicagoinjurylawyer.net\/es\/wp-json\/wp\/v2\/pages\/8025","targetHints":{"allow":["GET"]}}],"collection":[{"href":"https:\/\/chicagoinjurylawyer.net\/es\/wp-json\/wp\/v2\/pages"}],"about":[{"href":"https:\/\/chicagoinjurylawyer.net\/es\/wp-json\/wp\/v2\/types\/page"}],"author":[{"embeddable":true,"href":"https:\/\/chicagoinjurylawyer.net\/es\/wp-json\/wp\/v2\/users\/1"}],"replies":[{"embeddable":true,"href":"https:\/\/chicagoinjurylawyer.net\/es\/wp-json\/wp\/v2\/comments?post=8025"}],"version-history":[{"count":9,"href":"https:\/\/chicagoinjurylawyer.net\/es\/wp-json\/wp\/v2\/pages\/8025\/revisions"}],"predecessor-version":[{"id":32862,"href":"https:\/\/chicagoinjurylawyer.net\/es\/wp-json\/wp\/v2\/pages\/8025\/revisions\/32862"}],"wp:attachment":[{"href":"https:\/\/chicagoinjurylawyer.net\/es\/wp-json\/wp\/v2\/media?parent=8025"}],"curies":[{"name":"wp","href":"https:\/\/api.w.org\/{rel}","templated":true}]}}