{"id":8032,"date":"2019-06-27T10:57:37","date_gmt":"2019-06-27T10:57:37","guid":{"rendered":"http:\/\/104.197.86.120\/?page_id=8032"},"modified":"2021-12-07T10:40:43","modified_gmt":"2021-12-07T16:40:43","slug":"lesion-espinal-en-trabajo","status":"publish","type":"page","link":"https:\/\/chicagoinjurylawyer.net\/es\/nuestro-exito\/lesion-espinal-en-trabajo\/","title":{"rendered":"Soluci\u00f3n De Compensaci\u00f3n $290,000 Trabajadores"},"content":{"rendered":"<h1>Soluci\u00f3n de Compensaci\u00f3n $290,000 Trabajadores<\/h1>\n<h2>Accidentes Del Trabajo Sostenido Durante La Excavaci\u00f3n De Un Agujero<\/h2>\n<p>Mientras trabajaba para el departamento de obras p\u00fablicas de un suburbio de Chicago, nuestro cliente se lastim\u00f3 la espalda mientras realizaba una excavaci\u00f3n para reparar una fuga en un tubo de agua. Aproximadamente una semana m\u00e1s tarde, nuestro cliente se resbal\u00f3 haciendo su trabajo y cay\u00f3, lo que le provoc\u00f3 lesiones en la espalda a\u00fan m\u00e1s severas que resultaron en da\u00f1o espinal y de los nervios que requirieron m\u00faltiples cirug\u00edas, incluida una laminectom\u00eda. Nuestro abogado present\u00f3 una demanda ante la Comisi\u00f3n de <a href=\"\/es\/compensacion-de-trabajadores\/\">Compensaci\u00f3n de Trabajadores<\/a> de Illinois, y obtuvimos una indemnizaci\u00f3n justa por un monto de $290.000 para ayudar a este trabajador con su situaci\u00f3n financiera y con su continuo tratamiento m\u00e9dico.<\/p>\n<h2>Razones por las cu\u00e1les las compa\u00f1\u00edas de seguros de compensaci\u00f3n laboral niegan las reclamaciones<\/h2>\n<p>La mayor\u00eda de la gente asume que si alguien sufre una lesi\u00f3n en el trabajo, su reclamo califica autom\u00e1ticamente como\u00a0un caso de compensaci\u00f3n laboral. Aunque en general la mayor\u00eda de los accidentes y lesiones que se producen en el trabajo son, de hecho, reclamos v\u00e1lidos de compensaci\u00f3n laboral, este no siempre es el caso.<\/p>\n<p>Las <a href=\"\/es\/compensacion-de-trabajadores\/tacticas-de-companias-de-seguros\/\">compa\u00f1\u00edas de seguro laboral<\/a> de los empleadores no son diferentes a otros tipos de compa\u00f1\u00edas de seguros, como las aseguradoras de autom\u00f3viles. Estas son grandes empresas que generan m\u00e1s dinero para sus accionistas cuando menos dinero pagan en reclamaciones. Por lo tanto, siempre es mejor para sus intereses financieros el evitar (o al menos limitar) los pagos por indemnizaci\u00f3n laboral. Como tal, a menudo buscan cualquier raz\u00f3n para evitar llegar a un acuerdo. Algunas de esas razones son completamente leg\u00edtimas y otras no lo son en su totalidad. Entre las razones m\u00e1s comunes est\u00e1n:<\/p>\n<ul>\n<li>No tiene relaci\u00f3n con el trabajo: para que pueda ser indemnizada, una lesi\u00f3n debe \"surgir de\" y \"en el transcurso de\" su trabajo. Esto significa b\u00e1sicamente que el accidente debe ocurrir mientras se est\u00e1 realmente en el trabajo y haciendo algo espec\u00edficamente relacionado con el trabajo. Estos requisitos son unos de los motivos m\u00e1s usados por las aseguradoras para impugnar un reclamo laboral.<\/li>\n<li>Desv\u00edo: aunque puede estar haciendo algo completamente relacionado con el trabajo, la aseguradora puede objetar que el trabajador tom\u00f3 un desv\u00edo o se desvi\u00f3 de su trabajo para hacer otra cosa (no importa cu\u00e1n breve) relacionada a un asunto meramente personal. El trabajador puede detenerse en Walgreens en el camino al sitio de trabajo, o ir a su autom\u00f3vil para hacer una llamada personal.<\/li>\n<li>Jugar en el trabajo: aunque puede estar en el trabajo, si el trabajador se lesiona mientras al tomar un descanso juega, por ejemplo, con una pelota de f\u00fatbol, la aseguradora indicar\u00e1 que no cubre dicho accidente.<\/li>\n<li>Conducta indebida: si el trabajo requiere el uso de gafas de seguridad o de un arn\u00e9s, pero el trabajador se niega deliberadamente a hacerlo, cualquier lesi\u00f3n que resulte de esa falta probablemente ser\u00e1 impugnada.<\/li>\n<li>Contratista independiente:\u00a0un reclamo de compensaci\u00f3n laboral\u00a0requiere de una relaci\u00f3n empleador-empleado, y si la aseguradora puede demostrar que la parte afectada es realmente un \"contratista independiente\", el reclamo ser\u00e1 negado.<\/li>\n<li>No existe cobertura: algunas compa\u00f1\u00edas peque\u00f1as pueden no tener ning\u00fan seguro de compensaci\u00f3n laboral, y compa\u00f1\u00edas m\u00e1s grandes pueden violar la ley y no contratar el tipo de seguro adecuado.<\/li>\n<li>L\u00edmite de tiempo: en Chicago, y en todo el estado de Illinois, existe un estatuto de prescripci\u00f3n que es el l\u00edmite de tiempo que restringe hasta cu\u00e1ndo debe presentarse un reclamo ante\u00a0<a href=\"https:\/\/www2.illinois.gov\/sites\/iwcc\/resources\/Pages\/Resources-for-Employees.aspx\" target=\"_blank\" rel=\"noopener noreferrer\">la Comisi\u00f3n de Compensaci\u00f3n de Trabajadores de Illinois<\/a>. Si el reclamo no se presenta dentro del per\u00edodo permitido por la ley, el trabajador pierde para siempre su derecho a buscar una indemnizaci\u00f3n. Un error muy com\u00fan que cometen algunos trabajadores que sufren una lesi\u00f3n es el de suponer que su empleador presentar\u00e1 dicho reclamo, lo que casi nunca ocurre.<\/li>\n<\/ul>\n<p>Incluso si su empleador empieza a realizar pagos por una lesi\u00f3n sufrida en el trabajo, la compa\u00f1\u00eda de seguros puede negar su reclamo o negarse a pagar todos los beneficios a los que tiene derecho. P\u00f3ngase en <a href=\"\/es\/contactenos\/\">contacto con Sexner Injury Lawyers LLC<\/a> para obtener ayuda gratuita y cerciorarse de recibir la compensaci\u00f3n que le corresponde.<\/p>\n","protected":false},"excerpt":{"rendered":"<p>Soluci\u00f3n de Compensaci\u00f3n $290,000 Trabajadores Accidentes Del Trabajo Sostenido Durante La Excavaci\u00f3n De Un Agujero Mientras trabajaba para el departamento de obras p\u00fablicas de un suburbio de Chicago, nuestro cliente se lastim\u00f3 la espalda mientras realizaba una excavaci\u00f3n para reparar una fuga en un tubo de agua. Aproximadamente una semana m\u00e1s tarde, nuestro cliente se [&hellip;]<\/p>\n","protected":false},"author":1,"featured_media":0,"parent":7785,"menu_order":0,"comment_status":"closed","ping_status":"open","template":"","meta":{"_acf_changed":false,"footnotes":""},"class_list":["post-8032","page","type-page","status-publish","hentry"],"acf":[],"yoast_head":"<!-- This site is optimized with the Yoast SEO plugin v27.4 - https:\/\/yoast.com\/product\/yoast-seo-wordpress\/ -->\n<title>Soluci\u00f3n de Compensaci\u00f3n $290,000 Trabajadores - Sexner Injury Lawyers LLC<\/title>\n<meta name=\"robots\" content=\"index, follow, max-snippet:-1, max-image-preview:large, max-video-preview:-1\" \/>\n<link rel=\"canonical\" href=\"https:\/\/chicagoinjurylawyer.net\/es\/nuestro-exito\/lesion-espinal-en-trabajo\/\" \/>\n<meta property=\"og:locale\" content=\"es_ES\" \/>\n<meta property=\"og:type\" content=\"article\" \/>\n<meta property=\"og:title\" content=\"Soluci\u00f3n de Compensaci\u00f3n $290,000 Trabajadores - Sexner Injury Lawyers LLC\" \/>\n<meta property=\"og:description\" content=\"Soluci\u00f3n de Compensaci\u00f3n $290,000 Trabajadores Accidentes Del Trabajo Sostenido Durante La Excavaci\u00f3n De Un Agujero Mientras trabajaba para el departamento de obras p\u00fablicas de un suburbio de Chicago, nuestro cliente se lastim\u00f3 la espalda mientras realizaba una excavaci\u00f3n para reparar una fuga en un tubo de agua. Aproximadamente una semana m\u00e1s tarde, nuestro cliente se [&hellip;]\" \/>\n<meta property=\"og:url\" content=\"https:\/\/chicagoinjurylawyer.net\/es\/nuestro-exito\/lesion-espinal-en-trabajo\/\" \/>\n<meta property=\"og:site_name\" content=\"Sexner Injury Lawyers LLC\" \/>\n<meta property=\"article:modified_time\" content=\"2021-12-07T16:40:43+00:00\" \/>\n<meta name=\"twitter:card\" content=\"summary_large_image\" \/>\n<meta name=\"twitter:label1\" content=\"Tiempo de lectura\" \/>\n\t<meta name=\"twitter:data1\" content=\"4 minutos\" \/>\n<!-- \/ Yoast SEO plugin. -->","yoast_head_json":{"title":"Soluci\u00f3n de Compensaci\u00f3n $290,000 Trabajadores - Sexner Injury Lawyers LLC","robots":{"index":"index","follow":"follow","max-snippet":"max-snippet:-1","max-image-preview":"max-image-preview:large","max-video-preview":"max-video-preview:-1"},"canonical":"https:\/\/chicagoinjurylawyer.net\/es\/nuestro-exito\/lesion-espinal-en-trabajo\/","og_locale":"es_ES","og_type":"article","og_title":"Soluci\u00f3n de Compensaci\u00f3n $290,000 Trabajadores - Sexner Injury Lawyers LLC","og_description":"Soluci\u00f3n de Compensaci\u00f3n $290,000 Trabajadores Accidentes Del Trabajo Sostenido Durante La Excavaci\u00f3n De Un Agujero Mientras trabajaba para el departamento de obras p\u00fablicas de un suburbio de Chicago, nuestro cliente se lastim\u00f3 la espalda mientras realizaba una excavaci\u00f3n para reparar una fuga en un tubo de agua. Aproximadamente una semana m\u00e1s tarde, nuestro cliente se [&hellip;]","og_url":"https:\/\/chicagoinjurylawyer.net\/es\/nuestro-exito\/lesion-espinal-en-trabajo\/","og_site_name":"Sexner Injury Lawyers LLC","article_modified_time":"2021-12-07T16:40:43+00:00","twitter_card":"summary_large_image","twitter_misc":{"Tiempo de lectura":"4 minutos"},"schema":{"@context":"https:\/\/schema.org","@graph":[{"@type":"WebPage","@id":"https:\/\/chicagoinjurylawyer.net\/es\/nuestro-exito\/lesion-espinal-en-trabajo\/","url":"https:\/\/chicagoinjurylawyer.net\/es\/nuestro-exito\/lesion-espinal-en-trabajo\/","name":"Soluci\u00f3n de Compensaci\u00f3n $290,000 Trabajadores - Sexner Injury Lawyers LLC","isPartOf":{"@id":"https:\/\/chicagoinjurylawyer.net\/es\/#website"},"datePublished":"2019-06-27T10:57:37+00:00","dateModified":"2021-12-07T16:40:43+00:00","breadcrumb":{"@id":"https:\/\/chicagoinjurylawyer.net\/es\/nuestro-exito\/lesion-espinal-en-trabajo\/#breadcrumb"},"inLanguage":"es","potentialAction":[{"@type":"ReadAction","target":["https:\/\/chicagoinjurylawyer.net\/es\/nuestro-exito\/lesion-espinal-en-trabajo\/"]}]},{"@type":"BreadcrumbList","@id":"https:\/\/chicagoinjurylawyer.net\/es\/nuestro-exito\/lesion-espinal-en-trabajo\/#breadcrumb","itemListElement":[{"@type":"ListItem","position":1,"name":"Nuestro \u00c9xito","item":"https:\/\/chicagoinjurylawyer.net\/es\/nuestro-exito\/"},{"@type":"ListItem","position":2,"name":"Soluci\u00f3n De Compensaci\u00f3n $290,000 Trabajadores"}]},{"@type":"WebSite","@id":"https:\/\/chicagoinjurylawyer.net\/es\/#website","url":"https:\/\/chicagoinjurylawyer.net\/es\/","name":"Sexner Injury Lawyers LLC","description":"Chicago Personal Injury Attorneys","publisher":{"@id":"https:\/\/chicagoinjurylawyer.net\/es\/#organization"},"potentialAction":[{"@type":"SearchAction","target":{"@type":"EntryPoint","urlTemplate":"https:\/\/chicagoinjurylawyer.net\/es\/?s={search_term_string}"},"query-input":{"@type":"PropertyValueSpecification","valueRequired":true,"valueName":"search_term_string"}}],"inLanguage":"es"},{"@type":"Organization","@id":"https:\/\/chicagoinjurylawyer.net\/es\/#organization","name":"[firm-name]","url":"https:\/\/chicagoinjurylawyer.net\/es\/","logo":{"@type":"ImageObject","inLanguage":"es","@id":"https:\/\/chicagoinjurylawyer.net\/es\/#\/schema\/logo\/image\/","url":"https:\/\/chicagoinjurylawyer.net\/wp-content\/uploads\/2019\/06\/msx-logo-1.png","contentUrl":"https:\/\/chicagoinjurylawyer.net\/wp-content\/uploads\/2019\/06\/msx-logo-1.png","width":180,"height":83,"caption":"[firm-name]"},"image":{"@id":"https:\/\/chicagoinjurylawyer.net\/es\/#\/schema\/logo\/image\/"}}]}},"_links":{"self":[{"href":"https:\/\/chicagoinjurylawyer.net\/es\/wp-json\/wp\/v2\/pages\/8032","targetHints":{"allow":["GET"]}}],"collection":[{"href":"https:\/\/chicagoinjurylawyer.net\/es\/wp-json\/wp\/v2\/pages"}],"about":[{"href":"https:\/\/chicagoinjurylawyer.net\/es\/wp-json\/wp\/v2\/types\/page"}],"author":[{"embeddable":true,"href":"https:\/\/chicagoinjurylawyer.net\/es\/wp-json\/wp\/v2\/users\/1"}],"replies":[{"embeddable":true,"href":"https:\/\/chicagoinjurylawyer.net\/es\/wp-json\/wp\/v2\/comments?post=8032"}],"version-history":[{"count":6,"href":"https:\/\/chicagoinjurylawyer.net\/es\/wp-json\/wp\/v2\/pages\/8032\/revisions"}],"predecessor-version":[{"id":32651,"href":"https:\/\/chicagoinjurylawyer.net\/es\/wp-json\/wp\/v2\/pages\/8032\/revisions\/32651"}],"up":[{"embeddable":true,"href":"https:\/\/chicagoinjurylawyer.net\/es\/wp-json\/wp\/v2\/pages\/7785"}],"wp:attachment":[{"href":"https:\/\/chicagoinjurylawyer.net\/es\/wp-json\/wp\/v2\/media?parent=8032"}],"curies":[{"name":"wp","href":"https:\/\/api.w.org\/{rel}","templated":true}]}}