{"id":8036,"date":"2019-06-27T10:59:38","date_gmt":"2019-06-27T10:59:38","guid":{"rendered":"http:\/\/104.197.86.120\/?page_id=8036"},"modified":"2021-12-07T10:15:36","modified_gmt":"2021-12-07T16:15:36","slug":"resbalo-en-un-bordillo-mojado","status":"publish","type":"page","link":"https:\/\/chicagoinjurylawyer.net\/es\/nuestro-exito\/resbalo-en-un-bordillo-mojado\/","title":{"rendered":"Soluci\u00f3n De Compensaci\u00f3n $179,000 Trabajadores"},"content":{"rendered":"<h1>Caso de Compensaci\u00f3n para Trabajadores de Tropieza y Ca\u00edda - Acuerdo de $179,000<\/h1>\n<h2>Resbal\u00f3 En Un Bordillo Mojado Que Result\u00f3 En Lesiones En la Espalda y El Cuello<\/h2>\n<p>Mientras estaba en el trabajo, este cliente estaba realizando sus tareas de trabajo cuando se resbal\u00f3 en un bordillo que estaba cubierto de hojas mojadas. Luego cay\u00f3 hacia atr\u00e1s y aterriz\u00f3 sobre su cuello y espalda sufriendo una lesi\u00f3n severa que requiri\u00f3 un tratamiento extenso. Como se trataba de una lesi\u00f3n relacionada con el empleo, se present\u00f3 una reclamaci\u00f3n ante la Comisi\u00f3n de Compensaci\u00f3n para Trabajadores de Illinois que result\u00f3 en un acuerdo por este trabajador lesionado por un monto de $179,000.<\/p>\n<h2>Pruebas de Diagn\u00f3stico Para Lesiones de Espalda<\/h2>\n<p>Si una persona se hiere la espalda en el trabajo, en un accidente automovil\u00edstico o como resultado de condiciones negligentes en la casa de otra persona o en la tienda de una empresa, buscar atenci\u00f3n m\u00e9dica inmediata siempre es una buena idea. Una persona puede ir a una cl\u00ednica peque\u00f1a, a un \"doc en la caja\", a una sala de emergencias o puede pedir una cita r\u00e1pida con su m\u00e9dico general.<\/p>\n<p>Pero en cualquier ubicaci\u00f3n, un profesional m\u00e9dico a menudo tendr\u00e1 que realizar pruebas de diagn\u00f3stico para determinar realmente el tipo de la lesi\u00f3n en la espalda. Es posible que las cl\u00ednicas peque\u00f1as y los consultorios m\u00e9dicos no tengan la capacidad de realizar dichas pruebas en el sitio y que necesiten calendarizar pruebas en otro lugar. Los profesionales experimentados pueden ser capaces de diagnosticar dichas lesiones sin m\u00e1s pruebas, pero especialmente en casos de sospecha de lesi\u00f3n espinal grave, ser\u00e1 necesario buscar debajo de la piel para obtener respuestas. Las tres pruebas de este tipo m\u00e1s comunes son las de rayos X, CT y MRI .<\/p>\n<h3>Radiograf\u00eda (Rayos X)<\/h3>\n<p>Si se sospecha que un hueso o v\u00e9rtebras pueden haberse fracturado, dislocado o roto debido a una ca\u00edda u otro accidente que afecte la espalda o la columna vertebral, la primera prueba que se puede realizar es una radiograf\u00eda, al menos en parte porque esta prueba requiere poco. No hay preparaci\u00f3n y resultados est\u00e1n disponibles r\u00e1pidamente. Los rayos X utilizan una peque\u00f1a cantidad de radiaci\u00f3n ionizante para crear im\u00e1genes de dichos huesos y son la forma m\u00e1s antigua de im\u00e1genes m\u00e9dicas, as\u00ed como la m\u00e1s utilizada. Las aplicaciones m\u00e1s comunes para los rayos X son:<\/p>\n<ul>\n<li>Diagnosticar y detectar c\u00e1ncer \u00f3seo.<\/li>\n<li>Diagnosticar dislocaciones articulares y fracturas de huesos.<\/li>\n<li>Encontrar objetos extra\u00f1os en \u00e1reas cercanas o en los huesos<\/li>\n<li>Buscar infecci\u00f3n, crecimiento anormal del hueso y lesi\u00f3n<\/li>\n<li>Servir de gu\u00eda de reparaci\u00f3n quir\u00fargica durante reemplazo articular o fusi\u00f3n espinal.<\/li>\n<li>Verificar la alineaci\u00f3n y la instalaci\u00f3n adecuada despu\u00e9s de instalar los tornillos o las placas.<\/li>\n<\/ul>\n<p>Para realizar una radiograf\u00eda, un radi\u00f3logo generalmente coloca a la persona en una mesa especial, coloca la pel\u00edcula de rayos X debajo de la mesa y cubre al paciente con un delantal de plomo para protegerlo contra la radiaci\u00f3n. El paciente se queda muy quieto para este procedimiento indoloro y en 10 minutos, la radiograf\u00eda completa est\u00e1 lista (o en muchos casos, la radiograf\u00eda se env\u00eda como un archivo digital que se puede almacenar y transferir f\u00e1cilmente).<\/p>\n<h3>Esc\u00e1ner CT (Tomograf\u00eda Computarizada)<\/h3>\n<p>A menudo se usa una tomograf\u00eda computarizada como prueba de diagn\u00f3stico para ayudar a descartar o lesiones en la columna vertebral. A diferencia de los rayos X, generalmente se necesita algo de preparaci\u00f3n para esta prueba y el paciente generalmente debe abstenerse de beber o comer durante un per\u00edodo de tiempo antes de la prueba, si la exploraci\u00f3n requiere el uso de material de contraste que generalmente se toma como l\u00edquido unas 12 horas antes del procedimiento. La tomograf\u00eda computarizada se usa generalmente para:<\/p>\n<ul>\n<li>Buscar defectos cong\u00e9nitos de la columna vertebral, como la escoliosis<\/li>\n<li>Diagnosticar fracturas espinales<\/li>\n<li>Evaluar la columna vertebral antes y despu\u00e9s de la cirug\u00eda<\/li>\n<li>Buscar discos herniados u otras causas de dolor de espalda<\/li>\n<li>Medir la densidad \u00f3sea en la columna vertebral.<\/li>\n<li>Detectar tumores cancerosos existentes en la columna vertebral<\/li>\n<\/ul>\n<h3>MRI (Im\u00e1genes Por Resonancia Magn\u00e9tica)<\/h3>\n<p>Una resonancia magn\u00e9tica utiliza una computadora y un campo magn\u00e9tico para crear im\u00e1genes detalladas de la columna vertebral y los tejidos que la rodean. Estas im\u00e1genes son mucho m\u00e1s detalladas y claras que otros m\u00e9todos de obtenci\u00f3n de im\u00e1genes. El procedimiento a menudo requerir\u00e1 una inyecci\u00f3n de un material de contraste para que funcione correctamente. Las resonancias magn\u00e9ticas se usan generalmente para:<\/p>\n<ul>\n<li>Evaluar las razones del dolor de espalda, como hinchaz\u00f3n de los huesos o fracturas por compresi\u00f3n<\/li>\n<li>Buscar infecci\u00f3n o cicatrizaci\u00f3n despu\u00e9s de la cirug\u00eda<\/li>\n<li>Planificar un procedimiento quir\u00fargico, como una fusi\u00f3n espinal o descompresi\u00f3n de nervio pinzado<\/li>\n<li>Diagnosticar lesiones en el disco, el ligamento o el hueso de la m\u00e9dula espinal despu\u00e9s de una ca\u00edda u otra lesi\u00f3n<\/li>\n<li>Evaluar la inflamaci\u00f3n, compresi\u00f3n o infecci\u00f3n de los nervios de la m\u00e9dula espinal<\/li>\n<\/ul>\n<p>Los m\u00e9dicos y otro personal de la sala de emergencias tienen una amplia gama de tecnolog\u00edas m\u00e9dicas disponibles para diagnosticar y tratar adecuadamente las lesiones de la espalda. Si usted o un ser querido sufrieron una lesi\u00f3n que requiere atenci\u00f3n m\u00e9dica, podemos ayudarlo. <a href=\"\/es\/contactenos\/\">Sexner Injury Lawyers LLC est\u00e1 disponible para una consulta<\/a> gratuita al\u00a0(312) 243-9922.<\/p>\n","protected":false},"excerpt":{"rendered":"<p>Caso de Compensaci\u00f3n para Trabajadores de Tropieza y Ca\u00edda - Acuerdo de $179,000 Resbal\u00f3 En Un Bordillo Mojado Que Result\u00f3 En Lesiones En la Espalda y El Cuello Mientras estaba en el trabajo, este cliente estaba realizando sus tareas de trabajo cuando se resbal\u00f3 en un bordillo que estaba cubierto de hojas mojadas. Luego cay\u00f3 [&hellip;]<\/p>\n","protected":false},"author":1,"featured_media":0,"parent":7785,"menu_order":0,"comment_status":"closed","ping_status":"open","template":"","meta":{"_acf_changed":false,"footnotes":""},"class_list":["post-8036","page","type-page","status-publish","hentry"],"acf":[],"yoast_head":"<!-- This site is optimized with the Yoast SEO plugin v27.4 - https:\/\/yoast.com\/product\/yoast-seo-wordpress\/ -->\n<title>Soluci\u00f3n de Compensaci\u00f3n $179,000 Trabajadores - Sexner Injury Lawyers LLC<\/title>\n<meta name=\"description\" content=\"Mientras estaba en el trabajo, este cliente estaba realizando sus tareas de trabajo cuando se resbal\u00f3 en un bordillo que estaba cubierto de hojas mojadas.\" \/>\n<meta name=\"robots\" content=\"index, follow, max-snippet:-1, max-image-preview:large, max-video-preview:-1\" \/>\n<link rel=\"canonical\" href=\"https:\/\/chicagoinjurylawyer.net\/es\/nuestro-exito\/resbalo-en-un-bordillo-mojado\/\" \/>\n<meta property=\"og:locale\" content=\"es_ES\" \/>\n<meta property=\"og:type\" content=\"article\" \/>\n<meta property=\"og:title\" content=\"Soluci\u00f3n de Compensaci\u00f3n $179,000 Trabajadores - Sexner Injury Lawyers LLC\" \/>\n<meta property=\"og:description\" content=\"Mientras estaba en el trabajo, este cliente estaba realizando sus tareas de trabajo cuando se resbal\u00f3 en un bordillo que estaba cubierto de hojas mojadas.\" \/>\n<meta property=\"og:url\" content=\"https:\/\/chicagoinjurylawyer.net\/es\/nuestro-exito\/resbalo-en-un-bordillo-mojado\/\" \/>\n<meta property=\"og:site_name\" content=\"Sexner Injury Lawyers LLC\" \/>\n<meta property=\"article:modified_time\" content=\"2021-12-07T16:15:36+00:00\" \/>\n<meta name=\"twitter:card\" content=\"summary_large_image\" \/>\n<meta name=\"twitter:label1\" content=\"Tiempo de lectura\" \/>\n\t<meta name=\"twitter:data1\" content=\"5 minutos\" \/>\n<!-- \/ Yoast SEO plugin. -->","yoast_head_json":{"title":"Soluci\u00f3n de Compensaci\u00f3n $179,000 Trabajadores - Sexner Injury Lawyers LLC","description":"Mientras estaba en el trabajo, este cliente estaba realizando sus tareas de trabajo cuando se resbal\u00f3 en un bordillo que estaba cubierto de hojas mojadas.","robots":{"index":"index","follow":"follow","max-snippet":"max-snippet:-1","max-image-preview":"max-image-preview:large","max-video-preview":"max-video-preview:-1"},"canonical":"https:\/\/chicagoinjurylawyer.net\/es\/nuestro-exito\/resbalo-en-un-bordillo-mojado\/","og_locale":"es_ES","og_type":"article","og_title":"Soluci\u00f3n de Compensaci\u00f3n $179,000 Trabajadores - Sexner Injury Lawyers LLC","og_description":"Mientras estaba en el trabajo, este cliente estaba realizando sus tareas de trabajo cuando se resbal\u00f3 en un bordillo que estaba cubierto de hojas mojadas.","og_url":"https:\/\/chicagoinjurylawyer.net\/es\/nuestro-exito\/resbalo-en-un-bordillo-mojado\/","og_site_name":"Sexner Injury Lawyers LLC","article_modified_time":"2021-12-07T16:15:36+00:00","twitter_card":"summary_large_image","twitter_misc":{"Tiempo de lectura":"5 minutos"},"schema":{"@context":"https:\/\/schema.org","@graph":[{"@type":"WebPage","@id":"https:\/\/chicagoinjurylawyer.net\/es\/nuestro-exito\/resbalo-en-un-bordillo-mojado\/","url":"https:\/\/chicagoinjurylawyer.net\/es\/nuestro-exito\/resbalo-en-un-bordillo-mojado\/","name":"Soluci\u00f3n de Compensaci\u00f3n $179,000 Trabajadores - Sexner Injury Lawyers LLC","isPartOf":{"@id":"https:\/\/chicagoinjurylawyer.net\/es\/#website"},"datePublished":"2019-06-27T10:59:38+00:00","dateModified":"2021-12-07T16:15:36+00:00","description":"Mientras estaba en el trabajo, este cliente estaba realizando sus tareas de trabajo cuando se resbal\u00f3 en un bordillo que estaba cubierto de hojas mojadas.","breadcrumb":{"@id":"https:\/\/chicagoinjurylawyer.net\/es\/nuestro-exito\/resbalo-en-un-bordillo-mojado\/#breadcrumb"},"inLanguage":"es","potentialAction":[{"@type":"ReadAction","target":["https:\/\/chicagoinjurylawyer.net\/es\/nuestro-exito\/resbalo-en-un-bordillo-mojado\/"]}]},{"@type":"BreadcrumbList","@id":"https:\/\/chicagoinjurylawyer.net\/es\/nuestro-exito\/resbalo-en-un-bordillo-mojado\/#breadcrumb","itemListElement":[{"@type":"ListItem","position":1,"name":"Nuestro \u00c9xito","item":"https:\/\/chicagoinjurylawyer.net\/es\/nuestro-exito\/"},{"@type":"ListItem","position":2,"name":"Soluci\u00f3n De Compensaci\u00f3n $179,000 Trabajadores"}]},{"@type":"WebSite","@id":"https:\/\/chicagoinjurylawyer.net\/es\/#website","url":"https:\/\/chicagoinjurylawyer.net\/es\/","name":"Sexner Injury Lawyers LLC","description":"Chicago Personal Injury Attorneys","publisher":{"@id":"https:\/\/chicagoinjurylawyer.net\/es\/#organization"},"potentialAction":[{"@type":"SearchAction","target":{"@type":"EntryPoint","urlTemplate":"https:\/\/chicagoinjurylawyer.net\/es\/?s={search_term_string}"},"query-input":{"@type":"PropertyValueSpecification","valueRequired":true,"valueName":"search_term_string"}}],"inLanguage":"es"},{"@type":"Organization","@id":"https:\/\/chicagoinjurylawyer.net\/es\/#organization","name":"[firm-name]","url":"https:\/\/chicagoinjurylawyer.net\/es\/","logo":{"@type":"ImageObject","inLanguage":"es","@id":"https:\/\/chicagoinjurylawyer.net\/es\/#\/schema\/logo\/image\/","url":"https:\/\/chicagoinjurylawyer.net\/wp-content\/uploads\/2019\/06\/msx-logo-1.png","contentUrl":"https:\/\/chicagoinjurylawyer.net\/wp-content\/uploads\/2019\/06\/msx-logo-1.png","width":180,"height":83,"caption":"[firm-name]"},"image":{"@id":"https:\/\/chicagoinjurylawyer.net\/es\/#\/schema\/logo\/image\/"}}]}},"_links":{"self":[{"href":"https:\/\/chicagoinjurylawyer.net\/es\/wp-json\/wp\/v2\/pages\/8036","targetHints":{"allow":["GET"]}}],"collection":[{"href":"https:\/\/chicagoinjurylawyer.net\/es\/wp-json\/wp\/v2\/pages"}],"about":[{"href":"https:\/\/chicagoinjurylawyer.net\/es\/wp-json\/wp\/v2\/types\/page"}],"author":[{"embeddable":true,"href":"https:\/\/chicagoinjurylawyer.net\/es\/wp-json\/wp\/v2\/users\/1"}],"replies":[{"embeddable":true,"href":"https:\/\/chicagoinjurylawyer.net\/es\/wp-json\/wp\/v2\/comments?post=8036"}],"version-history":[{"count":4,"href":"https:\/\/chicagoinjurylawyer.net\/es\/wp-json\/wp\/v2\/pages\/8036\/revisions"}],"predecessor-version":[{"id":32648,"href":"https:\/\/chicagoinjurylawyer.net\/es\/wp-json\/wp\/v2\/pages\/8036\/revisions\/32648"}],"up":[{"embeddable":true,"href":"https:\/\/chicagoinjurylawyer.net\/es\/wp-json\/wp\/v2\/pages\/7785"}],"wp:attachment":[{"href":"https:\/\/chicagoinjurylawyer.net\/es\/wp-json\/wp\/v2\/media?parent=8036"}],"curies":[{"name":"wp","href":"https:\/\/api.w.org\/{rel}","templated":true}]}}