{"id":8042,"date":"2019-06-27T11:02:03","date_gmt":"2019-06-27T11:02:03","guid":{"rendered":"http:\/\/104.197.86.120\/?page_id=8042"},"modified":"2021-12-06T16:17:41","modified_gmt":"2021-12-06T22:17:41","slug":"fallo-al-diagnosticar-cancer-de-pulmon","status":"publish","type":"page","link":"https:\/\/chicagoinjurylawyer.net\/es\/nuestro-exito\/fallo-al-diagnosticar-cancer-de-pulmon\/","title":{"rendered":"$200,000 Liquidaci\u00f3n Negligencia M\u00e9dica"},"content":{"rendered":"<h1>Caso de fallo al diagnosticar \u2013 Acuerdo de $200,000<\/h1>\n<p>Casos de mala pr\u00e1ctica m\u00e9dica por fallo al diagnosticar involucran a profesionales m\u00e9dicos, como los doctores en este caso, que no prestan atenci\u00f3n a los s\u00edntomas de advertencia que deber\u00edan haberlos alertado sobre la presencia de una enfermedad o aflicci\u00f3n m\u00e9dica grave. En este caso, los m\u00e9dicos no reconocieron los s\u00edntomas que deber\u00edan haberlos alertado sobre la presencia de c\u00e1ncer de pulm\u00f3n en nuestro cliente. Se present\u00f3 una demanda en su nombre y despu\u00e9s de negociar con los abogados y <a href=\"\/es\/compensacion-de-trabajadores\/puedo-confiar-en-la-compania-de-seguros\/\">proveedores de seguros<\/a> de estos m\u00e9dicos e instalaciones m\u00e9dicas, se lleg\u00f3 a un acuerdo por m\u00e1s de $ 200,000.<\/p>\n<h2>S\u00edntomas del c\u00e1ncer de pulm\u00f3n<\/h2>\n<p>Muchos s\u00edntomas del c\u00e1ncer de pulm\u00f3n tambi\u00e9n son s\u00edntomas de otras condiciones, a veces menos graves, como la bronquitis. Sin embargo, nunca hay una buena raz\u00f3n para adivinar o auto diagnosticarse. Hacerlo puede ponerle en grave peligro. El mejor curso de acci\u00f3n es visitar al m\u00e9dico y presentar sus s\u00edntomas para una evaluaci\u00f3n m\u00e9dica adecuada. Algunos de los s\u00edntomas m\u00e1s comunes del c\u00e1ncer de pulm\u00f3n que se presentan en el t\u00f3rax son:<\/p>\n<ul>\n<li>Ponerse ronco u otros cambios vocales.<\/li>\n<li>Toser sangre.<\/li>\n<li>Dolores en el hombro, la espalda o el pecho que no est\u00e1n relacionados con los dolores de tos.<\/li>\n<li>Incapacidad para respirar bien \/ falta de aliento.<\/li>\n<li>Respiraci\u00f3n ruidosa (estridor).<\/li>\n<li>Mucosidad o flema al toser, especialmente si contiene sangre.<\/li>\n<li>Problemas pulmonares persistentes como neumon\u00eda o bronquitis.<\/li>\n<li>Cambios en la cantidad o color del esputo (saliva y moco).<\/li>\n<\/ul>\n<p>Pero no todos los s\u00edntomas provienen del pecho. La persona puede sufrir s\u00edntomas en otros lugares, especialmente si el c\u00e1ncer se ha diseminado a otras partes del cuerpo, como los ganglios linf\u00e1ticos, el h\u00edgado, el cerebro, los huesos o las gl\u00e1ndulas suprarrenales. Por ejemplo:<\/p>\n<ul>\n<li>Sangramiento<\/li>\n<li>Fatiga<\/li>\n<li>Caquexia (desgaste muscular)<\/li>\n<li>Debilidad general<\/li>\n<li>Dolor en las articulaciones o en los huesos<\/li>\n<li>Dolores de cabeza<\/li>\n<li>Co\u00e1gulos de sangre<\/li>\n<li>P\u00e9rdida de peso inexplicable o p\u00e9rdida de apetito<\/li>\n<li>Hinchaz\u00f3n de la cara o cuello<\/li>\n<li>P\u00e9rdida de memoria<\/li>\n<li>S\u00edntomas neurol\u00f3gicos como dificultad de caminar<\/li>\n<li>Roturas \u00f3seas inexplicables o fracturas<\/li>\n<\/ul>\n<h2>Tipos de c\u00e1ncer de pulm\u00f3n<\/h2>\n<p>Solo en este a\u00f1o, se proyecta que habr\u00e1n m\u00e1s de 200,000 casos nuevos y m\u00e1s de 150,000 muertes por esta enfermedad, y es la principal causa de muerte tanto para mujeres como para hombres. Cuando las c\u00e9lulas pulmonares comienzan a crecer de manera anormal, dichas c\u00e9lulas cancerosas pueden formar tumores y, si no se controlan, pueden diseminarse a otras partes del cuerpo. Hay dos tipos principales de c\u00e1ncer de pulm\u00f3n.<\/p>\n<p>El primer tipo se llama \"c\u00e1ncer de pulm\u00f3n de c\u00e9lulas peque\u00f1as\", tambi\u00e9n llamado a veces c\u00e1ncer de c\u00e9lulas de avena y aproximadamente del 10 al 15 por ciento de los que sufren de esta enfermedad tienen de este tipo. El otro tipo es el \"c\u00e1ncer de pulm\u00f3n de c\u00e9lulas no peque\u00f1as\" y alrededor del 80 al 85 por ciento de los afectados tienen de este tipo.<\/p>\n<h2>Causas del c\u00e1ncer de pulm\u00f3n<\/h2>\n<p>Las causas potenciales de esta enfermedad son muchas, pero la causa principal de ambos tipos de c\u00e1ncer es fumar tabaco (aunque las c\u00e9lulas peque\u00f1as tienen una mayor conexi\u00f3n con el consumo de tabaco). Hasta el humo de segunda mano es un factor de riesgo importante en los estudios que muestran que, en comparaci\u00f3n con las personas que no viven con fumadores, quienes comparten una casa tienen un 30% m\u00e1s de posibilidades de desarrollar la enfermedad. Aquellos que extraen uranio (y especialmente aquellos que tambi\u00e9n fuman) tienen un mayor riesgo, al igual que aquellas personas que est\u00e1n expuestas al rad\u00f3n o al asbesto.<\/p>\n<p>En general, el riesgo de desarrollar c\u00e1ncer de pulm\u00f3n durante la vida es de aproximadamente 1 en 17 para las mujeres y 1 en 15 para los hombres; los hombres negros tienen un riesgo alrededor de un 20 por ciento m\u00e1s alto que los hombres blancos y las mujeres blancas tienen un riesgo alrededor de un 10 por ciento m\u00e1s alto que las mujeres negras.<\/p>\n<p>Si cree que una <a href=\"\/es\/negligencia-medica\/\">profesi\u00f3n m\u00e9dica<\/a> ha diagnosticado incorrectamente o no ha diagnosticado el c\u00e1ncer de pulm\u00f3n en su familia, <a href=\"\/es\/contactenos\/\">comun\u00edquese con Sexner Injury Lawyers LLC<\/a> al\u00a0(312) 243-9922\u00a0para obtener asistencia legal gratuita, confidencial y comprensiva.<\/p>\n","protected":false},"excerpt":{"rendered":"<p>Caso de fallo al diagnosticar \u2013 Acuerdo de $200,000 Casos de mala pr\u00e1ctica m\u00e9dica por fallo al diagnosticar involucran a profesionales m\u00e9dicos, como los doctores en este caso, que no prestan atenci\u00f3n a los s\u00edntomas de advertencia que deber\u00edan haberlos alertado sobre la presencia de una enfermedad o aflicci\u00f3n m\u00e9dica grave. En este caso, los [&hellip;]<\/p>\n","protected":false},"author":1,"featured_media":0,"parent":7785,"menu_order":0,"comment_status":"closed","ping_status":"open","template":"","meta":{"_acf_changed":false,"footnotes":""},"class_list":["post-8042","page","type-page","status-publish","hentry"],"acf":[],"yoast_head":"<!-- This site is optimized with the Yoast SEO plugin v27.5 - https:\/\/yoast.com\/product\/yoast-seo-wordpress\/ -->\n<title>$200,000 Liquidaci\u00f3n Negligencia M\u00e9dica - Sexner Injury Lawyers LLC<\/title>\n<meta name=\"description\" content=\"En este caso, los m\u00e9dicos no reconocieron los s\u00edntomas que deber\u00edan haberlos alertado sobre la presencia de c\u00e1ncer de pulm\u00f3n en nuestro cliente.\" \/>\n<meta name=\"robots\" content=\"index, follow, max-snippet:-1, max-image-preview:large, max-video-preview:-1\" \/>\n<link rel=\"canonical\" href=\"https:\/\/chicagoinjurylawyer.net\/es\/nuestro-exito\/fallo-al-diagnosticar-cancer-de-pulmon\/\" \/>\n<meta property=\"og:locale\" content=\"es_ES\" \/>\n<meta property=\"og:type\" content=\"article\" \/>\n<meta property=\"og:title\" content=\"$200,000 Liquidaci\u00f3n Negligencia M\u00e9dica - Sexner Injury Lawyers LLC\" \/>\n<meta property=\"og:description\" content=\"En este caso, los m\u00e9dicos no reconocieron los s\u00edntomas que deber\u00edan haberlos alertado sobre la presencia de c\u00e1ncer de pulm\u00f3n en nuestro cliente.\" \/>\n<meta property=\"og:url\" content=\"https:\/\/chicagoinjurylawyer.net\/es\/nuestro-exito\/fallo-al-diagnosticar-cancer-de-pulmon\/\" \/>\n<meta property=\"og:site_name\" content=\"Sexner Injury Lawyers LLC\" \/>\n<meta property=\"article:modified_time\" content=\"2021-12-06T22:17:41+00:00\" \/>\n<meta name=\"twitter:card\" content=\"summary_large_image\" \/>\n<meta name=\"twitter:label1\" content=\"Tiempo de lectura\" \/>\n\t<meta name=\"twitter:data1\" content=\"4 minutos\" \/>\n<!-- \/ Yoast SEO plugin. -->","yoast_head_json":{"title":"$200,000 Liquidaci\u00f3n Negligencia M\u00e9dica - Sexner Injury Lawyers LLC","description":"En este caso, los m\u00e9dicos no reconocieron los s\u00edntomas que deber\u00edan haberlos alertado sobre la presencia de c\u00e1ncer de pulm\u00f3n en nuestro cliente.","robots":{"index":"index","follow":"follow","max-snippet":"max-snippet:-1","max-image-preview":"max-image-preview:large","max-video-preview":"max-video-preview:-1"},"canonical":"https:\/\/chicagoinjurylawyer.net\/es\/nuestro-exito\/fallo-al-diagnosticar-cancer-de-pulmon\/","og_locale":"es_ES","og_type":"article","og_title":"$200,000 Liquidaci\u00f3n Negligencia M\u00e9dica - Sexner Injury Lawyers LLC","og_description":"En este caso, los m\u00e9dicos no reconocieron los s\u00edntomas que deber\u00edan haberlos alertado sobre la presencia de c\u00e1ncer de pulm\u00f3n en nuestro cliente.","og_url":"https:\/\/chicagoinjurylawyer.net\/es\/nuestro-exito\/fallo-al-diagnosticar-cancer-de-pulmon\/","og_site_name":"Sexner Injury Lawyers LLC","article_modified_time":"2021-12-06T22:17:41+00:00","twitter_card":"summary_large_image","twitter_misc":{"Tiempo de lectura":"4 minutos"},"schema":{"@context":"https:\/\/schema.org","@graph":[{"@type":"WebPage","@id":"https:\/\/chicagoinjurylawyer.net\/es\/nuestro-exito\/fallo-al-diagnosticar-cancer-de-pulmon\/","url":"https:\/\/chicagoinjurylawyer.net\/es\/nuestro-exito\/fallo-al-diagnosticar-cancer-de-pulmon\/","name":"$200,000 Liquidaci\u00f3n Negligencia M\u00e9dica - Sexner Injury Lawyers LLC","isPartOf":{"@id":"https:\/\/chicagoinjurylawyer.net\/es\/#website"},"datePublished":"2019-06-27T11:02:03+00:00","dateModified":"2021-12-06T22:17:41+00:00","description":"En este caso, los m\u00e9dicos no reconocieron los s\u00edntomas que deber\u00edan haberlos alertado sobre la presencia de c\u00e1ncer de pulm\u00f3n en nuestro cliente.","breadcrumb":{"@id":"https:\/\/chicagoinjurylawyer.net\/es\/nuestro-exito\/fallo-al-diagnosticar-cancer-de-pulmon\/#breadcrumb"},"inLanguage":"es","potentialAction":[{"@type":"ReadAction","target":["https:\/\/chicagoinjurylawyer.net\/es\/nuestro-exito\/fallo-al-diagnosticar-cancer-de-pulmon\/"]}]},{"@type":"BreadcrumbList","@id":"https:\/\/chicagoinjurylawyer.net\/es\/nuestro-exito\/fallo-al-diagnosticar-cancer-de-pulmon\/#breadcrumb","itemListElement":[{"@type":"ListItem","position":1,"name":"Nuestro \u00c9xito","item":"https:\/\/chicagoinjurylawyer.net\/es\/nuestro-exito\/"},{"@type":"ListItem","position":2,"name":"$200,000 Liquidaci\u00f3n Negligencia M\u00e9dica"}]},{"@type":"WebSite","@id":"https:\/\/chicagoinjurylawyer.net\/es\/#website","url":"https:\/\/chicagoinjurylawyer.net\/es\/","name":"Sexner Injury Lawyers LLC","description":"Chicago Personal Injury Attorneys","publisher":{"@id":"https:\/\/chicagoinjurylawyer.net\/es\/#organization"},"potentialAction":[{"@type":"SearchAction","target":{"@type":"EntryPoint","urlTemplate":"https:\/\/chicagoinjurylawyer.net\/es\/?s={search_term_string}"},"query-input":{"@type":"PropertyValueSpecification","valueRequired":true,"valueName":"search_term_string"}}],"inLanguage":"es"},{"@type":"Organization","@id":"https:\/\/chicagoinjurylawyer.net\/es\/#organization","name":"[firm-name]","url":"https:\/\/chicagoinjurylawyer.net\/es\/","logo":{"@type":"ImageObject","inLanguage":"es","@id":"https:\/\/chicagoinjurylawyer.net\/es\/#\/schema\/logo\/image\/","url":"https:\/\/chicagoinjurylawyer.net\/wp-content\/uploads\/2019\/06\/msx-logo-1.png","contentUrl":"https:\/\/chicagoinjurylawyer.net\/wp-content\/uploads\/2019\/06\/msx-logo-1.png","width":180,"height":83,"caption":"[firm-name]"},"image":{"@id":"https:\/\/chicagoinjurylawyer.net\/es\/#\/schema\/logo\/image\/"}}]}},"_links":{"self":[{"href":"https:\/\/chicagoinjurylawyer.net\/es\/wp-json\/wp\/v2\/pages\/8042","targetHints":{"allow":["GET"]}}],"collection":[{"href":"https:\/\/chicagoinjurylawyer.net\/es\/wp-json\/wp\/v2\/pages"}],"about":[{"href":"https:\/\/chicagoinjurylawyer.net\/es\/wp-json\/wp\/v2\/types\/page"}],"author":[{"embeddable":true,"href":"https:\/\/chicagoinjurylawyer.net\/es\/wp-json\/wp\/v2\/users\/1"}],"replies":[{"embeddable":true,"href":"https:\/\/chicagoinjurylawyer.net\/es\/wp-json\/wp\/v2\/comments?post=8042"}],"version-history":[{"count":5,"href":"https:\/\/chicagoinjurylawyer.net\/es\/wp-json\/wp\/v2\/pages\/8042\/revisions"}],"predecessor-version":[{"id":32632,"href":"https:\/\/chicagoinjurylawyer.net\/es\/wp-json\/wp\/v2\/pages\/8042\/revisions\/32632"}],"up":[{"embeddable":true,"href":"https:\/\/chicagoinjurylawyer.net\/es\/wp-json\/wp\/v2\/pages\/7785"}],"wp:attachment":[{"href":"https:\/\/chicagoinjurylawyer.net\/es\/wp-json\/wp\/v2\/media?parent=8042"}],"curies":[{"name":"wp","href":"https:\/\/api.w.org\/{rel}","templated":true}]}}