{"id":8051,"date":"2019-06-27T11:06:26","date_gmt":"2019-06-27T11:06:26","guid":{"rendered":"http:\/\/104.197.86.120\/?page_id=8051"},"modified":"2021-12-07T10:29:45","modified_gmt":"2021-12-07T16:29:45","slug":"lesion-en-el-cuello-relacionada-con-trabajo","status":"publish","type":"page","link":"https:\/\/chicagoinjurylawyer.net\/es\/nuestro-exito\/lesion-en-el-cuello-relacionada-con-trabajo\/","title":{"rendered":"Soluci\u00f3n De Compensaci\u00f3n $225,000 Trabajadores"},"content":{"rendered":"<h1>Caso de compensaci\u00f3n para trabajadores - Acuerdo de $225,000<\/h1>\n<h2>Lesi\u00f3n en el hombro, el brazo y el cuello relacionada con el trabajo<\/h2>\n<p>Esta reclamaci\u00f3n se present\u00f3 ante la Comisi\u00f3n de <a href=\"\/es\/nuestro-exito\/\">Compensaci\u00f3n para Trabajadores<\/a> de Illinois en nombre de nuestro cliente que result\u00f3 herido mientras trabajaba. Su hombro, brazo y cuello resultaron heridos como resultado de este accidente. Despu\u00e9s de largas negociaciones con los abogados y ajustadores de la oposici\u00f3n, se obtuvo una compensaci\u00f3n de $225,000 en nombre de nuestro cliente lesionado.<\/p>\n<h2>Tipos de lesiones de hombro<\/h2>\n<p>La articulaci\u00f3n del hombro es una de las articulaciones m\u00e1s utilizadas y m\u00e1s m\u00f3viles de su cuerpo. Por su misma estructura, tambi\u00e9n es muy inestable y susceptible de lesionarse debido a que la cavidad del hombro que sostiene la bola del brazo superior es m\u00e1s peque\u00f1a y necesita tendones, m\u00fasculos y ligamentos para mantenerla en su lugar. Cuando las personas se refieren al dolor en el hombro, puede relacionarse con el \"dolor referido\" que proviene de otras partes del cuerpo, de la artritis o de una lesi\u00f3n real en la estructura de la articulaci\u00f3n en s\u00ed.<\/p>\n<p>Estas lesiones pueden ser el resultado de un <a href=\"\/es\/accidentes-de-trafico\/\">accidente de autom\u00f3vil<\/a>, <a href=\"\/es\/accidentes-de-camiones\/\">cami\u00f3n<\/a> o motocicleta , un resbal\u00f3n y ca\u00edda, o por un esfuerzo excesivo en cualquier n\u00famero de trabajos. Los trabajos altamente extenuantes que involucran levantar objetos pesados, como el de un trabajador de la construcci\u00f3n, est\u00e1n en riesgo, pero tambi\u00e9n lo est\u00e1n las personas que trabajan en un escritorio. El hombro puede lesionarse con el tiempo y dar paso a una reclamaci\u00f3n v\u00e1lida de compensaci\u00f3n para trabajadores, especialmente si la posici\u00f3n de la oficina implica un trauma repetitivo. Algunos de los tipos m\u00e1s comunes de estas lesiones incluyen:<\/p>\n<p>Separaci\u00f3n: La articulaci\u00f3n acromioclavicular (CA) es donde se encuentran el om\u00f3plato y la clav\u00edcula. Si se produce un golpe fuerte o una ca\u00edda, los ligamentos pueden desgarrarse empujando la clav\u00edcula fuera de lugar y dejando un golpe.<\/p>\n<p>Desgarro de la articulaci\u00f3n: Si siente que su hombro est\u00e1 d\u00e9bil, o se est\u00e1 trabando, atrapando o moliendo, puede deberse a que el cart\u00edlago que rodea el borde de la articulaci\u00f3n del hombro puede haberse lesionado. Podr\u00eda ser el resultado de un golpe fuerte, un estr\u00e9s repetitivo o una ca\u00edda. Un desgarro del cart\u00edlago labrum se llama un desgarro del labrum.<\/p>\n<p>Bursitis: Una bursa es un saco lleno de l\u00edquido que act\u00faa a como un coj\u00edn para las articulaciones. Puede irritarse o hincharse ya sea por movimientos repetidos u otra lesi\u00f3n.<\/p>\n<p>Hombro congelado: Cuando las adherencias (bandas de tejido anormales) se acumulan en su articulaci\u00f3n y, por lo tanto, limitan el movimiento, puede sentir que el hombro est\u00e1 congelado.<\/p>\n<p>Rotaci\u00f3n del manguito rotador: El grupo de m\u00fasculos y tendones que sostiene el brazo en su lugar y permite el movimiento por encima de la cabeza puede da\u00f1arse en una ca\u00edda o debido a un uso excesivo. Tambi\u00e9n puede suceder de la vejez. A veces se oye un crujido.<\/p>\n<p>Impulso: Cuando los tendones del manguito rotador se pellizcan en los huesos del hombro, el dolor y la hinchaz\u00f3n pueden ser el resultado.<\/p>\n<p>Dislocaci\u00f3n: La parte superior del brazo puede salirse de su z\u00f3calo si se gira demasiado o si se tira hacia atr\u00e1s demasiado. Como resultado, la persona puede experimentar entumecimiento, hinchaz\u00f3n, debilidad, dolor y \/ o moretones.<\/p>\n<p>Fractura: En el caso de un golpe fuerte, los huesos [como la clav\u00edcula o la parte superior del brazo (h\u00famero)] pueden fracturarse y crear problemas para levantar el brazo adem\u00e1s de dolor extremo.<\/p>\n<p>Ya sea como resultado de una lesi\u00f3n relacionada con el trabajo o alg\u00fan otro tipo de accidente, los huesos del hombro son altamente susceptibles a las lesiones. Los abogados afiliados a <a href=\"\/es\/\">Sexner Injury Lawyers LLC<\/a> han exitosamente ayudado a clientes lesionados por m\u00e1s de 25 a\u00f1os y ofrecen una consulta gratuita al\u00a0(312) 243-9922.<\/p>\n","protected":false},"excerpt":{"rendered":"<p>Caso de compensaci\u00f3n para trabajadores - Acuerdo de $225,000 Lesi\u00f3n en el hombro, el brazo y el cuello relacionada con el trabajo Esta reclamaci\u00f3n se present\u00f3 ante la Comisi\u00f3n de Compensaci\u00f3n para Trabajadores de Illinois en nombre de nuestro cliente que result\u00f3 herido mientras trabajaba. Su hombro, brazo y cuello resultaron heridos como resultado de [&hellip;]<\/p>\n","protected":false},"author":1,"featured_media":0,"parent":7785,"menu_order":0,"comment_status":"closed","ping_status":"open","template":"","meta":{"_acf_changed":false,"footnotes":""},"class_list":["post-8051","page","type-page","status-publish","hentry"],"acf":[],"yoast_head":"<!-- This site is optimized with the Yoast SEO plugin v27.4 - https:\/\/yoast.com\/product\/yoast-seo-wordpress\/ -->\n<title>Soluci\u00f3n de Compensaci\u00f3n $225,000 Trabajadores - Sexner Injury Lawyers LLC<\/title>\n<meta name=\"description\" content=\"Esta reclamaci\u00f3n se present\u00f3 ante la Comisi\u00f3n de Compensaci\u00f3n para Trabajadores de Illinois en nombre de nuestro cliente que result\u00f3 herido mientras trabajaba.\" \/>\n<meta name=\"robots\" content=\"index, follow, max-snippet:-1, max-image-preview:large, max-video-preview:-1\" \/>\n<link rel=\"canonical\" href=\"https:\/\/chicagoinjurylawyer.net\/es\/nuestro-exito\/lesion-en-el-cuello-relacionada-con-trabajo\/\" \/>\n<meta property=\"og:locale\" content=\"es_ES\" \/>\n<meta property=\"og:type\" content=\"article\" \/>\n<meta property=\"og:title\" content=\"Soluci\u00f3n de Compensaci\u00f3n $225,000 Trabajadores - Sexner Injury Lawyers LLC\" \/>\n<meta property=\"og:description\" content=\"Esta reclamaci\u00f3n se present\u00f3 ante la Comisi\u00f3n de Compensaci\u00f3n para Trabajadores de Illinois en nombre de nuestro cliente que result\u00f3 herido mientras trabajaba.\" \/>\n<meta property=\"og:url\" content=\"https:\/\/chicagoinjurylawyer.net\/es\/nuestro-exito\/lesion-en-el-cuello-relacionada-con-trabajo\/\" \/>\n<meta property=\"og:site_name\" content=\"Sexner Injury Lawyers LLC\" \/>\n<meta property=\"article:modified_time\" content=\"2021-12-07T16:29:45+00:00\" \/>\n<meta name=\"twitter:card\" content=\"summary_large_image\" \/>\n<meta name=\"twitter:label1\" content=\"Tiempo de lectura\" \/>\n\t<meta name=\"twitter:data1\" content=\"3 minutos\" \/>\n<!-- \/ Yoast SEO plugin. -->","yoast_head_json":{"title":"Soluci\u00f3n de Compensaci\u00f3n $225,000 Trabajadores - Sexner Injury Lawyers LLC","description":"Esta reclamaci\u00f3n se present\u00f3 ante la Comisi\u00f3n de Compensaci\u00f3n para Trabajadores de Illinois en nombre de nuestro cliente que result\u00f3 herido mientras trabajaba.","robots":{"index":"index","follow":"follow","max-snippet":"max-snippet:-1","max-image-preview":"max-image-preview:large","max-video-preview":"max-video-preview:-1"},"canonical":"https:\/\/chicagoinjurylawyer.net\/es\/nuestro-exito\/lesion-en-el-cuello-relacionada-con-trabajo\/","og_locale":"es_ES","og_type":"article","og_title":"Soluci\u00f3n de Compensaci\u00f3n $225,000 Trabajadores - Sexner Injury Lawyers LLC","og_description":"Esta reclamaci\u00f3n se present\u00f3 ante la Comisi\u00f3n de Compensaci\u00f3n para Trabajadores de Illinois en nombre de nuestro cliente que result\u00f3 herido mientras trabajaba.","og_url":"https:\/\/chicagoinjurylawyer.net\/es\/nuestro-exito\/lesion-en-el-cuello-relacionada-con-trabajo\/","og_site_name":"Sexner Injury Lawyers LLC","article_modified_time":"2021-12-07T16:29:45+00:00","twitter_card":"summary_large_image","twitter_misc":{"Tiempo de lectura":"3 minutos"},"schema":{"@context":"https:\/\/schema.org","@graph":[{"@type":"WebPage","@id":"https:\/\/chicagoinjurylawyer.net\/es\/nuestro-exito\/lesion-en-el-cuello-relacionada-con-trabajo\/","url":"https:\/\/chicagoinjurylawyer.net\/es\/nuestro-exito\/lesion-en-el-cuello-relacionada-con-trabajo\/","name":"Soluci\u00f3n de Compensaci\u00f3n $225,000 Trabajadores - Sexner Injury Lawyers LLC","isPartOf":{"@id":"https:\/\/chicagoinjurylawyer.net\/es\/#website"},"datePublished":"2019-06-27T11:06:26+00:00","dateModified":"2021-12-07T16:29:45+00:00","description":"Esta reclamaci\u00f3n se present\u00f3 ante la Comisi\u00f3n de Compensaci\u00f3n para Trabajadores de Illinois en nombre de nuestro cliente que result\u00f3 herido mientras trabajaba.","breadcrumb":{"@id":"https:\/\/chicagoinjurylawyer.net\/es\/nuestro-exito\/lesion-en-el-cuello-relacionada-con-trabajo\/#breadcrumb"},"inLanguage":"es","potentialAction":[{"@type":"ReadAction","target":["https:\/\/chicagoinjurylawyer.net\/es\/nuestro-exito\/lesion-en-el-cuello-relacionada-con-trabajo\/"]}]},{"@type":"BreadcrumbList","@id":"https:\/\/chicagoinjurylawyer.net\/es\/nuestro-exito\/lesion-en-el-cuello-relacionada-con-trabajo\/#breadcrumb","itemListElement":[{"@type":"ListItem","position":1,"name":"Nuestro \u00c9xito","item":"https:\/\/chicagoinjurylawyer.net\/es\/nuestro-exito\/"},{"@type":"ListItem","position":2,"name":"Soluci\u00f3n De Compensaci\u00f3n $225,000 Trabajadores"}]},{"@type":"WebSite","@id":"https:\/\/chicagoinjurylawyer.net\/es\/#website","url":"https:\/\/chicagoinjurylawyer.net\/es\/","name":"Sexner Injury Lawyers LLC","description":"Chicago Personal Injury Attorneys","publisher":{"@id":"https:\/\/chicagoinjurylawyer.net\/es\/#organization"},"potentialAction":[{"@type":"SearchAction","target":{"@type":"EntryPoint","urlTemplate":"https:\/\/chicagoinjurylawyer.net\/es\/?s={search_term_string}"},"query-input":{"@type":"PropertyValueSpecification","valueRequired":true,"valueName":"search_term_string"}}],"inLanguage":"es"},{"@type":"Organization","@id":"https:\/\/chicagoinjurylawyer.net\/es\/#organization","name":"[firm-name]","url":"https:\/\/chicagoinjurylawyer.net\/es\/","logo":{"@type":"ImageObject","inLanguage":"es","@id":"https:\/\/chicagoinjurylawyer.net\/es\/#\/schema\/logo\/image\/","url":"https:\/\/chicagoinjurylawyer.net\/wp-content\/uploads\/2019\/06\/msx-logo-1.png","contentUrl":"https:\/\/chicagoinjurylawyer.net\/wp-content\/uploads\/2019\/06\/msx-logo-1.png","width":180,"height":83,"caption":"[firm-name]"},"image":{"@id":"https:\/\/chicagoinjurylawyer.net\/es\/#\/schema\/logo\/image\/"}}]}},"_links":{"self":[{"href":"https:\/\/chicagoinjurylawyer.net\/es\/wp-json\/wp\/v2\/pages\/8051","targetHints":{"allow":["GET"]}}],"collection":[{"href":"https:\/\/chicagoinjurylawyer.net\/es\/wp-json\/wp\/v2\/pages"}],"about":[{"href":"https:\/\/chicagoinjurylawyer.net\/es\/wp-json\/wp\/v2\/types\/page"}],"author":[{"embeddable":true,"href":"https:\/\/chicagoinjurylawyer.net\/es\/wp-json\/wp\/v2\/users\/1"}],"replies":[{"embeddable":true,"href":"https:\/\/chicagoinjurylawyer.net\/es\/wp-json\/wp\/v2\/comments?post=8051"}],"version-history":[{"count":5,"href":"https:\/\/chicagoinjurylawyer.net\/es\/wp-json\/wp\/v2\/pages\/8051\/revisions"}],"predecessor-version":[{"id":32649,"href":"https:\/\/chicagoinjurylawyer.net\/es\/wp-json\/wp\/v2\/pages\/8051\/revisions\/32649"}],"up":[{"embeddable":true,"href":"https:\/\/chicagoinjurylawyer.net\/es\/wp-json\/wp\/v2\/pages\/7785"}],"wp:attachment":[{"href":"https:\/\/chicagoinjurylawyer.net\/es\/wp-json\/wp\/v2\/media?parent=8051"}],"curies":[{"name":"wp","href":"https:\/\/api.w.org\/{rel}","templated":true}]}}