{"id":8058,"date":"2019-06-27T11:09:16","date_gmt":"2019-06-27T11:09:16","guid":{"rendered":"http:\/\/104.197.86.120\/?page_id=8058"},"modified":"2021-12-07T14:43:11","modified_gmt":"2021-12-07T20:43:11","slug":"lesiones-graves-en-la-espalda","status":"publish","type":"page","link":"https:\/\/chicagoinjurylawyer.net\/es\/nuestro-exito\/lesiones-graves-en-la-espalda\/","title":{"rendered":"$120,000 D\u00f3lares Accidente De Auto De Liquidaci\u00f3n"},"content":{"rendered":"<h1>Caso de accidente de auto - Acuerdo de $120,000<\/h1>\n<h2>Colisi\u00f3n por detr\u00e1s que result\u00f3 en lesiones graves en la espalda<\/h2>\n<p>Despu\u00e9s de que su autom\u00f3vil fuera golpeado por detr\u00e1s en una colisi\u00f3n automovil\u00edstica, esta cliente fue llevada al hospital. Un examen revel\u00f3 una <a href=\"\/es\/compensacion-de-trabajadores\/lesiones-de-cuello-espalda-y-columna\/\">lesi\u00f3n grave en la espalda<\/a> que afectaba a su disco cervical. Despu\u00e9s de las negociaciones con la compa\u00f1\u00eda de seguros del otro conductor, se asegur\u00f3 un acuerdo por un monto de $120,000 para nuestra cliente.<\/p>\n<h2>Tipos de colisiones de autom\u00f3viles<\/h2>\n<p>En promedio, seis millones de <a href=\"\/es\/accidentes-de-trafico\/\">accidentes automovil\u00edsticos<\/a> ocurren cada a\u00f1o. Sin embargo, no hay dos colisiones de autos que sean exactamente iguales. Las velocidades variables, el tr\u00e1fico, los tipos de veh\u00edculos y los \u00e1ngulos de impacto significan diferentes lesiones y diferentes opiniones sobre cu\u00e1l sujeto puede ser el culpable. Los tipos m\u00e1s comunes de accidentes automovil\u00edsticos incluyen:<\/p>\n<p>Colisiones por detr\u00e1s: Como en nuestro acuerdo detallado anteriormente, un accidente en la parte trasera generalmente ocurre cuando el autom\u00f3vil que va por delante frena o desacelera r\u00e1pidamente y el veh\u00edculo que le sigue est\u00e1 demasiado cerca o conduce demasiado r\u00e1pido para las condiciones de la carretera. Sin embargo, este tipo de accidente tambi\u00e9n puede ocurrir si el auto en frente ya est\u00e1 detenido o si el otro conductor est\u00e1 distra\u00eddo. Tanto el conductor como los pasajeros pueden herirse debido al r\u00e1pido movimiento del cuello tras el impacto. En dependencia de la velocidad del impacto, las lesiones resultantes pueden ser leves (lo que com\u00fanmente se conoce como \"latigazo\") o pueden llevar a lesiones catastr\u00f3ficas en la columna cervical que causan par\u00e1lisis o la muerte.<\/p>\n<p>M\u00faltiples accidentes de veh\u00edculos: Cualquier accidente tiene el potencial de convertirse r\u00e1pidamente en un \u201camontonamiento multi-veh\u00edculo\u201d, especialmente en los entornos de autopistas y carreteras, donde muchos coches est\u00e1n viajando a estrecha proximidad y a altas velocidades. En tales casos, los chances de vuelco o accidente fatal aumentan considerablemente.<\/p>\n<p>Impacto lateral: Cuando un veh\u00edculo es impactado lateralmente, en ingl\u00e9s se conoce como \"broad-sided\" o \"T-boned\". El potencial de lesiones graves es alto en comparaci\u00f3n con las colisiones traseras, dependiendo de la velocidad del impacto y de si se despliegan bolsas de aire laterales.<\/p>\n<p>Huir despu\u00e9s de una colisi\u00f3n: Independientemente del tipo de colisi\u00f3n , si el otro conductor abandona la escena en ingl\u00e9s este tipo de accidente se conoce como un \u201chit and run\u201d, o huir despu\u00e9s de causar colisi\u00f3n. En Illinois, abandonar la escena es un delito penal. La v\u00edctima de tal accidente a\u00fan puede tener acceso a su propia p\u00f3liza de seguro para obtener una compensaci\u00f3n, dependiendo de la p\u00f3liza. Sin embargo, es probable que se niegue la cobertura del seguro en circunstancias en las que no haya un impacto real, pero el conductor responsable del impacto hace que el conductor inocente tenga un accidente. Este tipo de conductor se conoce com\u00fanmente como un \"conductor fantasma\".<\/p>\n<p>Choque en donde el autom\u00f3vil se vuelca: En dependencia del \u00e1ngulo de la colisi\u00f3n y la velocidad del impacto, el autom\u00f3vil de la v\u00edctima puede volcarse de lado, de techo o volcarse varias veces antes de detenerse. Los SUV, que tienden a tener centros de gravedad altos, son m\u00e1s susceptibles a los accidentes de vuelco.<\/p>\n<p>Choques de lado: Cuando dos veh\u00edculos viajan en la misma direcci\u00f3n o en algunas circunstancias en direcciones opuestas y apenas hacen contacto entre s\u00ed, esto se considera un choque, o roce, de lado (\u201csideswipe\u201d en ingl\u00e9s). Las lesiones suelen ser leves en estos casos.<\/p>\n<p>De frente: Estos accidentes, que suelen ser fatales tanto para los conductores como para los pasajeros, involucran a autom\u00f3viles, <a href=\"\/es\/accidentes-de-camiones\/\">camiones<\/a>, autobuses o motocicletas que viajan en direcciones opuestas y se impactan entre s\u00ed. Cuanto menor sea la velocidad de impacto, mayores ser\u00e1n las posibilidades de supervivencia.<\/p>\n<p><a href=\"\/es\/contactenos\/\">Comun\u00edquese con Sexner Injury Lawyers LLC<\/a> para una consulta gratuita al\u00a0(312) 243-9922\u00a0a cualquier hora del d\u00eda. Nunca hay ninguna obligaci\u00f3n y no se cobran tarifas a menos que tenga \u00e9xito.<\/p>\n","protected":false},"excerpt":{"rendered":"<p>Caso de accidente de auto - Acuerdo de $120,000 Colisi\u00f3n por detr\u00e1s que result\u00f3 en lesiones graves en la espalda Despu\u00e9s de que su autom\u00f3vil fuera golpeado por detr\u00e1s en una colisi\u00f3n automovil\u00edstica, esta cliente fue llevada al hospital. Un examen revel\u00f3 una lesi\u00f3n grave en la espalda que afectaba a su disco cervical. Despu\u00e9s [&hellip;]<\/p>\n","protected":false},"author":1,"featured_media":0,"parent":7785,"menu_order":0,"comment_status":"closed","ping_status":"open","template":"","meta":{"_acf_changed":false,"footnotes":""},"class_list":["post-8058","page","type-page","status-publish","hentry"],"acf":[],"yoast_head":"<!-- This site is optimized with the Yoast SEO plugin v27.4 - https:\/\/yoast.com\/product\/yoast-seo-wordpress\/ -->\n<title>$120,000 D\u00f3lares Accidente De Auto De Liquidaci\u00f3n - Sexner Injury Lawyers LLC<\/title>\n<meta name=\"description\" content=\"Despu\u00e9s de que su autom\u00f3vil fuera golpeado por detr\u00e1s en una colisi\u00f3n automovil\u00edstica, esta cliente fue llevada al hospital.\" \/>\n<meta name=\"robots\" content=\"index, follow, max-snippet:-1, max-image-preview:large, max-video-preview:-1\" \/>\n<link rel=\"canonical\" href=\"https:\/\/chicagoinjurylawyer.net\/es\/nuestro-exito\/lesiones-graves-en-la-espalda\/\" \/>\n<meta property=\"og:locale\" content=\"es_ES\" \/>\n<meta property=\"og:type\" content=\"article\" \/>\n<meta property=\"og:title\" content=\"$120,000 D\u00f3lares Accidente De Auto De Liquidaci\u00f3n - Sexner Injury Lawyers LLC\" \/>\n<meta property=\"og:description\" content=\"Despu\u00e9s de que su autom\u00f3vil fuera golpeado por detr\u00e1s en una colisi\u00f3n automovil\u00edstica, esta cliente fue llevada al hospital.\" \/>\n<meta property=\"og:url\" content=\"https:\/\/chicagoinjurylawyer.net\/es\/nuestro-exito\/lesiones-graves-en-la-espalda\/\" \/>\n<meta property=\"og:site_name\" content=\"Sexner Injury Lawyers LLC\" \/>\n<meta property=\"article:modified_time\" content=\"2021-12-07T20:43:11+00:00\" \/>\n<meta name=\"twitter:card\" content=\"summary_large_image\" \/>\n<meta name=\"twitter:label1\" content=\"Tiempo de lectura\" \/>\n\t<meta name=\"twitter:data1\" content=\"4 minutos\" \/>\n<!-- \/ Yoast SEO plugin. -->","yoast_head_json":{"title":"$120,000 D\u00f3lares Accidente De Auto De Liquidaci\u00f3n - Sexner Injury Lawyers LLC","description":"Despu\u00e9s de que su autom\u00f3vil fuera golpeado por detr\u00e1s en una colisi\u00f3n automovil\u00edstica, esta cliente fue llevada al hospital.","robots":{"index":"index","follow":"follow","max-snippet":"max-snippet:-1","max-image-preview":"max-image-preview:large","max-video-preview":"max-video-preview:-1"},"canonical":"https:\/\/chicagoinjurylawyer.net\/es\/nuestro-exito\/lesiones-graves-en-la-espalda\/","og_locale":"es_ES","og_type":"article","og_title":"$120,000 D\u00f3lares Accidente De Auto De Liquidaci\u00f3n - Sexner Injury Lawyers LLC","og_description":"Despu\u00e9s de que su autom\u00f3vil fuera golpeado por detr\u00e1s en una colisi\u00f3n automovil\u00edstica, esta cliente fue llevada al hospital.","og_url":"https:\/\/chicagoinjurylawyer.net\/es\/nuestro-exito\/lesiones-graves-en-la-espalda\/","og_site_name":"Sexner Injury Lawyers LLC","article_modified_time":"2021-12-07T20:43:11+00:00","twitter_card":"summary_large_image","twitter_misc":{"Tiempo de lectura":"4 minutos"},"schema":{"@context":"https:\/\/schema.org","@graph":[{"@type":"WebPage","@id":"https:\/\/chicagoinjurylawyer.net\/es\/nuestro-exito\/lesiones-graves-en-la-espalda\/","url":"https:\/\/chicagoinjurylawyer.net\/es\/nuestro-exito\/lesiones-graves-en-la-espalda\/","name":"$120,000 D\u00f3lares Accidente De Auto De Liquidaci\u00f3n - Sexner Injury Lawyers LLC","isPartOf":{"@id":"https:\/\/chicagoinjurylawyer.net\/es\/#website"},"datePublished":"2019-06-27T11:09:16+00:00","dateModified":"2021-12-07T20:43:11+00:00","description":"Despu\u00e9s de que su autom\u00f3vil fuera golpeado por detr\u00e1s en una colisi\u00f3n automovil\u00edstica, esta cliente fue llevada al hospital.","breadcrumb":{"@id":"https:\/\/chicagoinjurylawyer.net\/es\/nuestro-exito\/lesiones-graves-en-la-espalda\/#breadcrumb"},"inLanguage":"es","potentialAction":[{"@type":"ReadAction","target":["https:\/\/chicagoinjurylawyer.net\/es\/nuestro-exito\/lesiones-graves-en-la-espalda\/"]}]},{"@type":"BreadcrumbList","@id":"https:\/\/chicagoinjurylawyer.net\/es\/nuestro-exito\/lesiones-graves-en-la-espalda\/#breadcrumb","itemListElement":[{"@type":"ListItem","position":1,"name":"Nuestro \u00c9xito","item":"https:\/\/chicagoinjurylawyer.net\/es\/nuestro-exito\/"},{"@type":"ListItem","position":2,"name":"$120,000 D\u00f3lares Accidente De Auto De Liquidaci\u00f3n"}]},{"@type":"WebSite","@id":"https:\/\/chicagoinjurylawyer.net\/es\/#website","url":"https:\/\/chicagoinjurylawyer.net\/es\/","name":"Sexner Injury Lawyers LLC","description":"Chicago Personal Injury Attorneys","publisher":{"@id":"https:\/\/chicagoinjurylawyer.net\/es\/#organization"},"potentialAction":[{"@type":"SearchAction","target":{"@type":"EntryPoint","urlTemplate":"https:\/\/chicagoinjurylawyer.net\/es\/?s={search_term_string}"},"query-input":{"@type":"PropertyValueSpecification","valueRequired":true,"valueName":"search_term_string"}}],"inLanguage":"es"},{"@type":"Organization","@id":"https:\/\/chicagoinjurylawyer.net\/es\/#organization","name":"[firm-name]","url":"https:\/\/chicagoinjurylawyer.net\/es\/","logo":{"@type":"ImageObject","inLanguage":"es","@id":"https:\/\/chicagoinjurylawyer.net\/es\/#\/schema\/logo\/image\/","url":"https:\/\/chicagoinjurylawyer.net\/wp-content\/uploads\/2019\/06\/msx-logo-1.png","contentUrl":"https:\/\/chicagoinjurylawyer.net\/wp-content\/uploads\/2019\/06\/msx-logo-1.png","width":180,"height":83,"caption":"[firm-name]"},"image":{"@id":"https:\/\/chicagoinjurylawyer.net\/es\/#\/schema\/logo\/image\/"}}]}},"_links":{"self":[{"href":"https:\/\/chicagoinjurylawyer.net\/es\/wp-json\/wp\/v2\/pages\/8058","targetHints":{"allow":["GET"]}}],"collection":[{"href":"https:\/\/chicagoinjurylawyer.net\/es\/wp-json\/wp\/v2\/pages"}],"about":[{"href":"https:\/\/chicagoinjurylawyer.net\/es\/wp-json\/wp\/v2\/types\/page"}],"author":[{"embeddable":true,"href":"https:\/\/chicagoinjurylawyer.net\/es\/wp-json\/wp\/v2\/users\/1"}],"replies":[{"embeddable":true,"href":"https:\/\/chicagoinjurylawyer.net\/es\/wp-json\/wp\/v2\/comments?post=8058"}],"version-history":[{"count":6,"href":"https:\/\/chicagoinjurylawyer.net\/es\/wp-json\/wp\/v2\/pages\/8058\/revisions"}],"predecessor-version":[{"id":32670,"href":"https:\/\/chicagoinjurylawyer.net\/es\/wp-json\/wp\/v2\/pages\/8058\/revisions\/32670"}],"up":[{"embeddable":true,"href":"https:\/\/chicagoinjurylawyer.net\/es\/wp-json\/wp\/v2\/pages\/7785"}],"wp:attachment":[{"href":"https:\/\/chicagoinjurylawyer.net\/es\/wp-json\/wp\/v2\/media?parent=8058"}],"curies":[{"name":"wp","href":"https:\/\/api.w.org\/{rel}","templated":true}]}}