{"id":8074,"date":"2019-06-27T11:13:50","date_gmt":"2019-06-27T11:13:50","guid":{"rendered":"http:\/\/104.197.86.120\/?page_id=8074"},"modified":"2021-12-06T16:30:16","modified_gmt":"2021-12-06T22:30:16","slug":"abuso-sexual-por-un-sacerdote","status":"publish","type":"page","link":"https:\/\/chicagoinjurylawyer.net\/es\/nuestro-exito\/abuso-sexual-por-un-sacerdote\/","title":{"rendered":"$475,000 Liquidaci\u00f3n Abuso Sexual"},"content":{"rendered":"<h1>$475,000 Liquidaci\u00f3n Abuso Sexual<\/h1>\n<h2>Abuso Sexual Por Un Sacerdote De La Arquidi\u00f3cesis<\/h2>\n<p>Depositamos nuestra confianza en aquellas personas que nos ofrecen ayuda para guiarnos en la vida. Ya sean entrenadores, maestros o cl\u00e9rigos, a menudo asumimos ciegamente que estas personas siempre est\u00e1n cuidando nuestros intereses. Desafortunadamente, esto no siempre es cierto. En este caso fuimos contactados por un hombre que hab\u00eda sido acosado y abusado sexualmente durante un largo per\u00edodo por un sacerdote al servicio de la Arquidi\u00f3cesis de Chicago. A pesar de que este abuso ocurri\u00f3 hace m\u00e1s de 10 a\u00f1os, pudimos ayudar a nuestro cliente. Despu\u00e9s de extensas negociaciones, se lleg\u00f3 a un acuerdo justo por la cantidad de $475.000 para as\u00ed ayudar a nuestro cliente en su recuperaci\u00f3n por este trauma y evitar la necesidad de testificar sobre este oscuro cap\u00edtulo de su vida en un juicio.<\/p>\n<h2>La ruptura de la confianza y la fe a nivel nacional<\/h2>\n<p>En los \u00faltimos a\u00f1os, los sacerdotes cat\u00f3licos y el clero no solo de la Arquidi\u00f3cesis de Chicago, sino de todo el pa\u00eds (y del mundo), han sido acusados de abuso y agresi\u00f3n sexual a sus feligreses y a otras personas. Estos ataques no solamente violentan la integridad f\u00edsica y mental de las v\u00edctimas, sino que, en el caso de abuso sexual por parte del clero espec\u00edficamente, suelen ser un ataque a las creencias religiosas de los afectados, transformando para siempre su fe y sus ideas acerca de la confianza hacia los dem\u00e1s.<\/p>\n<p>La gran mayor\u00eda de los sacerdotes no est\u00e1n involucrados en estos actos y sirven honorablemente a sus feligreses. Sin embargo, aquellos que han violado esta confianza son objeto de demandas en todo el pa\u00eds cada vez con mayor\u00a0<a href=\"https:\/\/www.usatoday.com\/story\/news\/2017\/08\/23\/priest-sexual-abuse-cases-catholic-parishes-nationwide\/569221001\/\" target=\"_blank\" rel=\"noopener noreferrer\">frecuencia<\/a>, las cuales se presentan tanto contra los sacerdotes de manera personal, como contra la di\u00f3cesis u \u00f3rganos del clero que tambi\u00e9n pueden ser considerados responsables. Estos casos incluyen:<\/p>\n<ul>\n<li>El obispo de la Di\u00f3cesis de Phoenix que admiti\u00f3 que m\u00e1s de 50 sacerdotes acusados de abuso sexual fueron protegidos transfiri\u00e9ndoles entre varias parroquias en todo el estado de Arizona mientras continuaban trabajando con ni\u00f1os.<\/li>\n<li>Un ex pastor en Luisiana fue acusado por posesi\u00f3n de 500 im\u00e1genes de pornograf\u00eda infantil. Otro sacerdote en la vecina Di\u00f3cesis de Lake Charles fue sentenciado a dos cadenas perpetuas por violaci\u00f3n agravada y otros cargos de abuso sexual. Otro sacerdote se declar\u00f3 culpable de violaci\u00f3n, sodom\u00eda y abuso de menores, involucrando a no menos de 100 v\u00edctimas.<\/li>\n<li>En Delaware, se pagaron m\u00e1s de $110 millones de d\u00f3lares a 152 adultos que sobrevivieron a abusos sexuales perpetrados por sacerdotes cat\u00f3licos.<\/li>\n<li>La Arquidi\u00f3cesis de St. Paul en Minnesota est\u00e1 tratando de resolver demandas por abuso sexual de menores en contra de 71 sacerdotes, y la Di\u00f3cesis de St. Cloud, tambi\u00e9n en Minnesota, tiene que resolver 74 demandas contra 31 miembros del clero.<\/li>\n<li>En Nueva York se presentaron 118 demandas de abuso sexual contra la Arquidi\u00f3cesis de Nueva York, la cual tuvo que pagar $1.5 millones de d\u00f3lares para resolver los casos que involucran a seis sacerdotes del Valle de Hudson.<\/li>\n<li>La Di\u00f3cesis Cat\u00f3lica-Romana de Sacramento, California, ofreci\u00f3 $35 millones de d\u00f3lares a 33 demandantes que alegaban haber sido abusados sexualmente por 10 sacerdotes.<\/li>\n<li>En Pensilvania, una investigaci\u00f3n a nivel estatal revel\u00f3 que al menos 50 sacerdotes en una sola de las di\u00f3cesis investigadas estaban involucrados en abuso sexual de menores.<\/li>\n<li>El Papa expuls\u00f3 a no menos de cinco sacerdotes en la Di\u00f3cesis de Des Moines, Iowa, por conducta sexual inapropiada.<\/li>\n<\/ul>\n<p>Si usted o un ser querido ha sido v\u00edctima de abusos por parte del clero,<a href=\"\/es\/contactenos\/\"> comun\u00edquese con Sexner Injury Lawyers LLC<\/a> al\u00a0(312) 243-9922\u00a0para obtener ayuda gratuita. Todas las conversaciones con nuestros abogados son 100% confidenciales.<\/p>\n","protected":false},"excerpt":{"rendered":"<p>$475,000 Liquidaci\u00f3n Abuso Sexual Abuso Sexual Por Un Sacerdote De La Arquidi\u00f3cesis Depositamos nuestra confianza en aquellas personas que nos ofrecen ayuda para guiarnos en la vida. Ya sean entrenadores, maestros o cl\u00e9rigos, a menudo asumimos ciegamente que estas personas siempre est\u00e1n cuidando nuestros intereses. Desafortunadamente, esto no siempre es cierto. En este caso fuimos [&hellip;]<\/p>\n","protected":false},"author":1,"featured_media":0,"parent":7785,"menu_order":0,"comment_status":"closed","ping_status":"open","template":"","meta":{"_acf_changed":false,"footnotes":""},"class_list":["post-8074","page","type-page","status-publish","hentry"],"acf":[],"yoast_head":"<!-- This site is optimized with the Yoast SEO plugin v27.3 - https:\/\/yoast.com\/product\/yoast-seo-wordpress\/ -->\n<title>$475,000 Liquidaci\u00f3n Abuso Sexual - Sexner Injury Lawyers LLC<\/title>\n<meta name=\"description\" content=\"Depositamos nuestra confianza en aquellas personas que nos ofrecen ayuda para guiarnos en la vida. Ya sean entrenadores, maestros o cl\u00e9rigos, a menudo asumimos ciegamente que estas personas siempre est\u00e1n cuidando nuestros intereses.\" \/>\n<meta name=\"robots\" content=\"index, follow, max-snippet:-1, max-image-preview:large, max-video-preview:-1\" \/>\n<link rel=\"canonical\" href=\"https:\/\/chicagoinjurylawyer.net\/es\/nuestro-exito\/abuso-sexual-por-un-sacerdote\/\" \/>\n<meta property=\"og:locale\" content=\"es_ES\" \/>\n<meta property=\"og:type\" content=\"article\" \/>\n<meta property=\"og:title\" content=\"$475,000 Liquidaci\u00f3n Abuso Sexual - Sexner Injury Lawyers LLC\" \/>\n<meta property=\"og:description\" content=\"Depositamos nuestra confianza en aquellas personas que nos ofrecen ayuda para guiarnos en la vida. Ya sean entrenadores, maestros o cl\u00e9rigos, a menudo asumimos ciegamente que estas personas siempre est\u00e1n cuidando nuestros intereses.\" \/>\n<meta property=\"og:url\" content=\"https:\/\/chicagoinjurylawyer.net\/es\/nuestro-exito\/abuso-sexual-por-un-sacerdote\/\" \/>\n<meta property=\"og:site_name\" content=\"Sexner Injury Lawyers LLC\" \/>\n<meta property=\"article:modified_time\" content=\"2021-12-06T22:30:16+00:00\" \/>\n<meta name=\"twitter:card\" content=\"summary_large_image\" \/>\n<meta name=\"twitter:label1\" content=\"Tiempo de lectura\" \/>\n\t<meta name=\"twitter:data1\" content=\"3 minutos\" \/>\n<!-- \/ Yoast SEO plugin. -->","yoast_head_json":{"title":"$475,000 Liquidaci\u00f3n Abuso Sexual - Sexner Injury Lawyers LLC","description":"Depositamos nuestra confianza en aquellas personas que nos ofrecen ayuda para guiarnos en la vida. Ya sean entrenadores, maestros o cl\u00e9rigos, a menudo asumimos ciegamente que estas personas siempre est\u00e1n cuidando nuestros intereses.","robots":{"index":"index","follow":"follow","max-snippet":"max-snippet:-1","max-image-preview":"max-image-preview:large","max-video-preview":"max-video-preview:-1"},"canonical":"https:\/\/chicagoinjurylawyer.net\/es\/nuestro-exito\/abuso-sexual-por-un-sacerdote\/","og_locale":"es_ES","og_type":"article","og_title":"$475,000 Liquidaci\u00f3n Abuso Sexual - Sexner Injury Lawyers LLC","og_description":"Depositamos nuestra confianza en aquellas personas que nos ofrecen ayuda para guiarnos en la vida. Ya sean entrenadores, maestros o cl\u00e9rigos, a menudo asumimos ciegamente que estas personas siempre est\u00e1n cuidando nuestros intereses.","og_url":"https:\/\/chicagoinjurylawyer.net\/es\/nuestro-exito\/abuso-sexual-por-un-sacerdote\/","og_site_name":"Sexner Injury Lawyers LLC","article_modified_time":"2021-12-06T22:30:16+00:00","twitter_card":"summary_large_image","twitter_misc":{"Tiempo de lectura":"3 minutos"},"schema":{"@context":"https:\/\/schema.org","@graph":[{"@type":"WebPage","@id":"https:\/\/chicagoinjurylawyer.net\/es\/nuestro-exito\/abuso-sexual-por-un-sacerdote\/","url":"https:\/\/chicagoinjurylawyer.net\/es\/nuestro-exito\/abuso-sexual-por-un-sacerdote\/","name":"$475,000 Liquidaci\u00f3n Abuso Sexual - Sexner Injury Lawyers LLC","isPartOf":{"@id":"https:\/\/chicagoinjurylawyer.net\/es\/#website"},"datePublished":"2019-06-27T11:13:50+00:00","dateModified":"2021-12-06T22:30:16+00:00","description":"Depositamos nuestra confianza en aquellas personas que nos ofrecen ayuda para guiarnos en la vida. Ya sean entrenadores, maestros o cl\u00e9rigos, a menudo asumimos ciegamente que estas personas siempre est\u00e1n cuidando nuestros intereses.","breadcrumb":{"@id":"https:\/\/chicagoinjurylawyer.net\/es\/nuestro-exito\/abuso-sexual-por-un-sacerdote\/#breadcrumb"},"inLanguage":"es","potentialAction":[{"@type":"ReadAction","target":["https:\/\/chicagoinjurylawyer.net\/es\/nuestro-exito\/abuso-sexual-por-un-sacerdote\/"]}]},{"@type":"BreadcrumbList","@id":"https:\/\/chicagoinjurylawyer.net\/es\/nuestro-exito\/abuso-sexual-por-un-sacerdote\/#breadcrumb","itemListElement":[{"@type":"ListItem","position":1,"name":"Nuestro \u00c9xito","item":"https:\/\/chicagoinjurylawyer.net\/es\/nuestro-exito\/"},{"@type":"ListItem","position":2,"name":"$475,000 Liquidaci\u00f3n Abuso Sexual"}]},{"@type":"WebSite","@id":"https:\/\/chicagoinjurylawyer.net\/es\/#website","url":"https:\/\/chicagoinjurylawyer.net\/es\/","name":"Sexner Injury Lawyers LLC","description":"Chicago Personal Injury Attorneys","publisher":{"@id":"https:\/\/chicagoinjurylawyer.net\/es\/#organization"},"potentialAction":[{"@type":"SearchAction","target":{"@type":"EntryPoint","urlTemplate":"https:\/\/chicagoinjurylawyer.net\/es\/?s={search_term_string}"},"query-input":{"@type":"PropertyValueSpecification","valueRequired":true,"valueName":"search_term_string"}}],"inLanguage":"es"},{"@type":"Organization","@id":"https:\/\/chicagoinjurylawyer.net\/es\/#organization","name":"[firm-name]","url":"https:\/\/chicagoinjurylawyer.net\/es\/","logo":{"@type":"ImageObject","inLanguage":"es","@id":"https:\/\/chicagoinjurylawyer.net\/es\/#\/schema\/logo\/image\/","url":"https:\/\/chicagoinjurylawyer.net\/wp-content\/uploads\/2019\/06\/msx-logo-1.png","contentUrl":"https:\/\/chicagoinjurylawyer.net\/wp-content\/uploads\/2019\/06\/msx-logo-1.png","width":180,"height":83,"caption":"[firm-name]"},"image":{"@id":"https:\/\/chicagoinjurylawyer.net\/es\/#\/schema\/logo\/image\/"}}]}},"_links":{"self":[{"href":"https:\/\/chicagoinjurylawyer.net\/es\/wp-json\/wp\/v2\/pages\/8074","targetHints":{"allow":["GET"]}}],"collection":[{"href":"https:\/\/chicagoinjurylawyer.net\/es\/wp-json\/wp\/v2\/pages"}],"about":[{"href":"https:\/\/chicagoinjurylawyer.net\/es\/wp-json\/wp\/v2\/types\/page"}],"author":[{"embeddable":true,"href":"https:\/\/chicagoinjurylawyer.net\/es\/wp-json\/wp\/v2\/users\/1"}],"replies":[{"embeddable":true,"href":"https:\/\/chicagoinjurylawyer.net\/es\/wp-json\/wp\/v2\/comments?post=8074"}],"version-history":[{"count":3,"href":"https:\/\/chicagoinjurylawyer.net\/es\/wp-json\/wp\/v2\/pages\/8074\/revisions"}],"predecessor-version":[{"id":32637,"href":"https:\/\/chicagoinjurylawyer.net\/es\/wp-json\/wp\/v2\/pages\/8074\/revisions\/32637"}],"up":[{"embeddable":true,"href":"https:\/\/chicagoinjurylawyer.net\/es\/wp-json\/wp\/v2\/pages\/7785"}],"wp:attachment":[{"href":"https:\/\/chicagoinjurylawyer.net\/es\/wp-json\/wp\/v2\/media?parent=8074"}],"curies":[{"name":"wp","href":"https:\/\/api.w.org\/{rel}","templated":true}]}}