{"id":8078,"date":"2019-06-27T11:15:29","date_gmt":"2019-06-27T11:15:29","guid":{"rendered":"http:\/\/104.197.86.120\/?page_id=8078"},"modified":"2021-12-06T16:07:57","modified_gmt":"2021-12-06T22:07:57","slug":"lesion-a-pasajero","status":"publish","type":"page","link":"https:\/\/chicagoinjurylawyer.net\/es\/nuestro-exito\/lesion-a-pasajero\/","title":{"rendered":"$175,000 Liquidaci\u00f3n De Veh\u00edculos De Motor"},"content":{"rendered":"<h1>Accidente de veh\u00edculo de motor que resulta en fracturas m\u00faltiples<\/h1>\n<p>Nuestra cliente era una pasajera en un autom\u00f3vil involucrado en una colisi\u00f3n grave. Debido al fuerte impacto tuvo que ser trasladada a la sala de emergencias, donde le diagnosticaron m\u00faltiples traumas: fracturas de costillas y clav\u00edcula, conmoci\u00f3n cerebral y contusiones pulmonares, entre otros. Sus dolencias requirieron terapia adem\u00e1s de un extenso. En nombre de esta se\u00f1ora, negociamos exitosamente un acuerdo por un monto de $175,000, en un esfuerzo por evitarle a nuestra cliente la necesidad de esperar a\u00f1os para un juicio y de declarar ante un tribunal.<\/p>\n<h2>Lesiones a los pasajeros en un accidente automovil\u00edstico<\/h2>\n<p>En un a\u00f1o reciente, m\u00e1s de 23,000 pasajeros murieron en choques de veh\u00edculos. Cuando ocurre un <a href=\"\/es\/accidentes-de-trafico\/\">accidente de autom\u00f3vil<\/a>, autob\u00fas o <a href=\"\/es\/accidentes-de-camiones\/\">cami\u00f3n<\/a>, se debe determinar cu\u00e1l de los conductores de los distintos veh\u00edculos puede o no haber sido el culpable. A veces, especialmente en el caso de accidentes de veh\u00edculos m\u00faltiples, m\u00e1s de un conductor puede haber sido negligente, y cada conductor, en diversos grados, puede haber sido parcialmente responsable por el terrible evento. Cada accidente es diferente en este sentido.<\/p>\n<p>Pero una cosa es casi siempre cierta, los pasajeros en tales veh\u00edculos no son una causa que contribuya a tales choques. Por supuesto, esto incluye a los pasajeros en un autob\u00fas, Uber, taxi o limusina. A menos que se pueda demostrar que un pasajero agarr\u00f3 el volante, atac\u00f3 al conductor, ceg\u00f3 al conductor o similar (y, por lo tanto, contribuy\u00f3 al choque), los pasajeros son, por lo general, viajeros sin protecci\u00f3n que pueden sufrir las consecuencias de conductores negligentes sin ninguna manera de protegerse.<\/p>\n<p>Lo primero que siempre ocurre cuando varios autos asegurados est\u00e1n involucrados en un accidente es una determinaci\u00f3n de responsabilidad. Las compa\u00f1\u00edas de seguros no aceptan r\u00e1pidamente la responsabilidad por un accidente que involucre a uno de sus asegurados. Hacerlo significar\u00eda que tendr\u00e1n que pagar da\u00f1os (dinero) a otras partes. A veces, tienen pocas opciones cuando la causa del accidente es clara, como que su conductor est\u00e1 intoxicado, o si el accidente fue un solo accidente automovil\u00edstico en el que el conductor dej\u00f3 la carretera y se estrell\u00f3 contra un poste de tel\u00e9fono. Pero si hay alguna duda sobre la culpa, puede estar seguro de que las compa\u00f1\u00edas de seguros pelear\u00e1n por ese problema, a veces hasta un juicio, y durante muchos a\u00f1os en el futuro.<\/p>\n<h2>\u00bfA qui\u00e9n debe demandar un pasajero en un accidente automovil\u00edstico?<\/h2>\n<p>Una cosa es usualmente clara en tales casos: no es culpa del pasajero. Pero, \u00bfqui\u00e9n deber\u00eda ser objeto de un reclamo o demanda? Si la responsabilidad no est\u00e1 clara, generalmente un abogado demandar\u00e1 a todas las partes involucradas, solo para estar seguro. Esto se debe a que si no se incluye la parte apropiada y el plazo de prescripci\u00f3n (l\u00edmite de tiempo) se agota en la demanda, ser\u00e1 imposible agregar partes adicionales m\u00e1s adelante. En general, el pasajero puede presentar un reclamo contra:<\/p>\n<ul>\n<li>Seguro del conductor: Si parece que el conductor del autom\u00f3vil en el que viajaban era el culpable, puede presentar una demanda contra la compa\u00f1\u00eda de seguros del conductor. Pero si el conductor es un miembro de su propia familia, es posible que no pueda hacerlo, ya que el pasajero puede ser una parte cubierta en esa p\u00f3liza, y uno no puede reclamar contra el seguro de responsabilidad personal.<\/li>\n<li>Seguro del otro conductor: Cuando el otro conductor tiene la culpa, la p\u00f3liza de seguro para el otro conductor debe pagar. Pero tenga en cuenta que si hay varias personas en el veh\u00edculo del pasajero que sufrieron lesiones graves, es posible que deban dividir los ingresos del l\u00edmite m\u00e1ximo de la p\u00f3liza de seguro de la otra parte.<\/li>\n<li>P\u00f3liza del pasajero: Tambi\u00e9n se puede presentar un reclamo contra la p\u00f3liza de seguro de autom\u00f3vil del pasajero en virtud de la disposici\u00f3n de cobertura de pagos m\u00e9dicos, aunque por lo general no pagar\u00e1 ning\u00fan dolor ni sufrimiento o la p\u00e9rdida de tiempo del trabajo. Como tal, no es la fuente preferida de compensaci\u00f3n y si hay oportunidades para acceder a las pol\u00edticas de los otros conductores, casi siempre se prefiere.<\/li>\n<\/ul>\n<p>S\u00f3lo hay una constante cuando se trata de casos de accidentes: las compa\u00f1\u00edas de seguros nunca pagan con gusto o sin ser empujadas. <a href=\"\/es\/\">Sexner Injury Lawyers LLC<\/a> sabe c\u00f3mo trabajar con estas compa\u00f1\u00edas de seguros y ha ayudado exitosamente a los pasajeros lesionados a obtener una compensaci\u00f3n m\u00e1xima por sus lesiones desde 1990. <a href=\"\/es\/contactenos\/\">Cont\u00e1ctenos<\/a> al\u00a0(312) 243-9922.<\/p>\n","protected":false},"excerpt":{"rendered":"<p>Accidente de veh\u00edculo de motor que resulta en fracturas m\u00faltiples Nuestra cliente era una pasajera en un autom\u00f3vil involucrado en una colisi\u00f3n grave. Debido al fuerte impacto tuvo que ser trasladada a la sala de emergencias, donde le diagnosticaron m\u00faltiples traumas: fracturas de costillas y clav\u00edcula, conmoci\u00f3n cerebral y contusiones pulmonares, entre otros. Sus dolencias [&hellip;]<\/p>\n","protected":false},"author":1,"featured_media":0,"parent":7785,"menu_order":0,"comment_status":"closed","ping_status":"open","template":"","meta":{"_acf_changed":false,"footnotes":""},"class_list":["post-8078","page","type-page","status-publish","hentry"],"acf":[],"yoast_head":"<!-- This site is optimized with the Yoast SEO plugin v27.4 - https:\/\/yoast.com\/product\/yoast-seo-wordpress\/ -->\n<title>$175,000 Liquidaci\u00f3n de Veh\u00edculos de Motor - Sexner Injury Lawyers LLC<\/title>\n<meta name=\"robots\" content=\"index, follow, max-snippet:-1, max-image-preview:large, max-video-preview:-1\" \/>\n<link rel=\"canonical\" href=\"https:\/\/chicagoinjurylawyer.net\/es\/nuestro-exito\/lesion-a-pasajero\/\" \/>\n<meta property=\"og:locale\" content=\"es_ES\" \/>\n<meta property=\"og:type\" content=\"article\" \/>\n<meta property=\"og:title\" content=\"$175,000 Liquidaci\u00f3n de Veh\u00edculos de Motor - Sexner Injury Lawyers LLC\" \/>\n<meta property=\"og:description\" content=\"Accidente de veh\u00edculo de motor que resulta en fracturas m\u00faltiples Nuestra cliente era una pasajera en un autom\u00f3vil involucrado en una colisi\u00f3n grave. Debido al fuerte impacto tuvo que ser trasladada a la sala de emergencias, donde le diagnosticaron m\u00faltiples traumas: fracturas de costillas y clav\u00edcula, conmoci\u00f3n cerebral y contusiones pulmonares, entre otros. Sus dolencias [&hellip;]\" \/>\n<meta property=\"og:url\" content=\"https:\/\/chicagoinjurylawyer.net\/es\/nuestro-exito\/lesion-a-pasajero\/\" \/>\n<meta property=\"og:site_name\" content=\"Sexner Injury Lawyers LLC\" \/>\n<meta property=\"article:modified_time\" content=\"2021-12-06T22:07:57+00:00\" \/>\n<meta name=\"twitter:card\" content=\"summary_large_image\" \/>\n<meta name=\"twitter:label1\" content=\"Tiempo de lectura\" \/>\n\t<meta name=\"twitter:data1\" content=\"4 minutos\" \/>\n<!-- \/ Yoast SEO plugin. -->","yoast_head_json":{"title":"$175,000 Liquidaci\u00f3n de Veh\u00edculos de Motor - Sexner Injury Lawyers LLC","robots":{"index":"index","follow":"follow","max-snippet":"max-snippet:-1","max-image-preview":"max-image-preview:large","max-video-preview":"max-video-preview:-1"},"canonical":"https:\/\/chicagoinjurylawyer.net\/es\/nuestro-exito\/lesion-a-pasajero\/","og_locale":"es_ES","og_type":"article","og_title":"$175,000 Liquidaci\u00f3n de Veh\u00edculos de Motor - Sexner Injury Lawyers LLC","og_description":"Accidente de veh\u00edculo de motor que resulta en fracturas m\u00faltiples Nuestra cliente era una pasajera en un autom\u00f3vil involucrado en una colisi\u00f3n grave. Debido al fuerte impacto tuvo que ser trasladada a la sala de emergencias, donde le diagnosticaron m\u00faltiples traumas: fracturas de costillas y clav\u00edcula, conmoci\u00f3n cerebral y contusiones pulmonares, entre otros. Sus dolencias [&hellip;]","og_url":"https:\/\/chicagoinjurylawyer.net\/es\/nuestro-exito\/lesion-a-pasajero\/","og_site_name":"Sexner Injury Lawyers LLC","article_modified_time":"2021-12-06T22:07:57+00:00","twitter_card":"summary_large_image","twitter_misc":{"Tiempo de lectura":"4 minutos"},"schema":{"@context":"https:\/\/schema.org","@graph":[{"@type":"WebPage","@id":"https:\/\/chicagoinjurylawyer.net\/es\/nuestro-exito\/lesion-a-pasajero\/","url":"https:\/\/chicagoinjurylawyer.net\/es\/nuestro-exito\/lesion-a-pasajero\/","name":"$175,000 Liquidaci\u00f3n de Veh\u00edculos de Motor - Sexner Injury Lawyers LLC","isPartOf":{"@id":"https:\/\/chicagoinjurylawyer.net\/es\/#website"},"datePublished":"2019-06-27T11:15:29+00:00","dateModified":"2021-12-06T22:07:57+00:00","breadcrumb":{"@id":"https:\/\/chicagoinjurylawyer.net\/es\/nuestro-exito\/lesion-a-pasajero\/#breadcrumb"},"inLanguage":"es","potentialAction":[{"@type":"ReadAction","target":["https:\/\/chicagoinjurylawyer.net\/es\/nuestro-exito\/lesion-a-pasajero\/"]}]},{"@type":"BreadcrumbList","@id":"https:\/\/chicagoinjurylawyer.net\/es\/nuestro-exito\/lesion-a-pasajero\/#breadcrumb","itemListElement":[{"@type":"ListItem","position":1,"name":"Nuestro \u00c9xito","item":"https:\/\/chicagoinjurylawyer.net\/es\/nuestro-exito\/"},{"@type":"ListItem","position":2,"name":"$175,000 Liquidaci\u00f3n De Veh\u00edculos De Motor"}]},{"@type":"WebSite","@id":"https:\/\/chicagoinjurylawyer.net\/es\/#website","url":"https:\/\/chicagoinjurylawyer.net\/es\/","name":"Sexner Injury Lawyers LLC","description":"Chicago Personal Injury Attorneys","publisher":{"@id":"https:\/\/chicagoinjurylawyer.net\/es\/#organization"},"potentialAction":[{"@type":"SearchAction","target":{"@type":"EntryPoint","urlTemplate":"https:\/\/chicagoinjurylawyer.net\/es\/?s={search_term_string}"},"query-input":{"@type":"PropertyValueSpecification","valueRequired":true,"valueName":"search_term_string"}}],"inLanguage":"es"},{"@type":"Organization","@id":"https:\/\/chicagoinjurylawyer.net\/es\/#organization","name":"[firm-name]","url":"https:\/\/chicagoinjurylawyer.net\/es\/","logo":{"@type":"ImageObject","inLanguage":"es","@id":"https:\/\/chicagoinjurylawyer.net\/es\/#\/schema\/logo\/image\/","url":"https:\/\/chicagoinjurylawyer.net\/wp-content\/uploads\/2019\/06\/msx-logo-1.png","contentUrl":"https:\/\/chicagoinjurylawyer.net\/wp-content\/uploads\/2019\/06\/msx-logo-1.png","width":180,"height":83,"caption":"[firm-name]"},"image":{"@id":"https:\/\/chicagoinjurylawyer.net\/es\/#\/schema\/logo\/image\/"}}]}},"_links":{"self":[{"href":"https:\/\/chicagoinjurylawyer.net\/es\/wp-json\/wp\/v2\/pages\/8078","targetHints":{"allow":["GET"]}}],"collection":[{"href":"https:\/\/chicagoinjurylawyer.net\/es\/wp-json\/wp\/v2\/pages"}],"about":[{"href":"https:\/\/chicagoinjurylawyer.net\/es\/wp-json\/wp\/v2\/types\/page"}],"author":[{"embeddable":true,"href":"https:\/\/chicagoinjurylawyer.net\/es\/wp-json\/wp\/v2\/users\/1"}],"replies":[{"embeddable":true,"href":"https:\/\/chicagoinjurylawyer.net\/es\/wp-json\/wp\/v2\/comments?post=8078"}],"version-history":[{"count":5,"href":"https:\/\/chicagoinjurylawyer.net\/es\/wp-json\/wp\/v2\/pages\/8078\/revisions"}],"predecessor-version":[{"id":32628,"href":"https:\/\/chicagoinjurylawyer.net\/es\/wp-json\/wp\/v2\/pages\/8078\/revisions\/32628"}],"up":[{"embeddable":true,"href":"https:\/\/chicagoinjurylawyer.net\/es\/wp-json\/wp\/v2\/pages\/7785"}],"wp:attachment":[{"href":"https:\/\/chicagoinjurylawyer.net\/es\/wp-json\/wp\/v2\/media?parent=8078"}],"curies":[{"name":"wp","href":"https:\/\/api.w.org\/{rel}","templated":true}]}}