{"id":8082,"date":"2019-06-27T11:19:27","date_gmt":"2019-06-27T11:19:27","guid":{"rendered":"http:\/\/104.197.86.120\/?page_id=8082"},"modified":"2022-01-12T14:46:52","modified_gmt":"2022-01-12T20:46:52","slug":"defectos-de-auto","status":"publish","type":"page","link":"https:\/\/chicagoinjurylawyer.net\/es\/lesiones-relacionados-al-producto\/defectos-de-auto\/","title":{"rendered":"Defectos Automotrices"},"content":{"rendered":"<h1>Abogado de Lesiones y Defectos de Auto en Chicago<\/h1>\n<h2>Defectos Automotrices<\/h2>\n<p><img decoding=\"async\" class=\"mob-center-img alignright wp-image-8085 size-medium\" src=\"\/wp-content\/uploads\/2019\/06\/Auto-Defects-resized-300x200.jpg\" alt=\"Blown up tire\" width=\"300\" height=\"200\" \/>Cuando vemos a un accidente de veh\u00edculo motorizado o escuchamos acerca de una de estas noticias, es una suposici\u00f3n natural es que se puede prevenir, probablemente en el resultado de alg\u00fan tipo de error del conductor. Tal vez alguien iba a alta velocidad, ebrio o distra\u00eddo. Sin embargo, algunos accidentes de tr\u00e1fico no son el resultado de un error del operador. A veces es el propio veh\u00edculo que tiene la culpa.<\/p>\n<p>Desde su introducci\u00f3n en 1966, la Ley Nacional de Tr\u00e1nsito y Seguridad del Autom\u00f3vil, con la ayuda de la Administraci\u00f3n Nacional de Seguridad en las Carreteras (NHTSA), ha emitido reclamos en m\u00e1s de 390 millones de veh\u00edculos de motor, 46 millones de neum\u00e1ticos, 66 millones de piezas de equipo del veh\u00edculo y 42 millones de asientos de seguridad para ni\u00f1os. Por ende, hay muchos defectos del autom\u00f3vil existiendo la posibilidad de que en alg\u00fan momento a lo largo de su vida, esto puede ser la conducci\u00f3n en un veh\u00edculo inseguro, o estar manejando muy cerca de otro veh\u00edculo que es peligroso.<\/p>\n<p><strong>Avanzamos todos los costos en nuestros casos de defectos de auto y buscamos honorarios de abogado a menos que seamos capaces de obtener una recuperaci\u00f3n en su nombre<\/strong>.<\/p>\n<p>Por desgracia, puede que no sea posible detectar a un veh\u00edculo que tiene un defecto peligroso hasta despu\u00e9s de que se desencadena un evento catastr\u00f3fico. Incluso cuando un autom\u00f3vil, cami\u00f3n o motocicleta est\u00e1 libre de defectos, su tama\u00f1o total, el peso y la inercia les dan una capacidad \u00fanica para hacer mayor da\u00f1o.<\/p>\n<p>Hay muchas maneras de que los defectos de seguridad en autom\u00f3viles, camiones y motocicletas pueden resultar en lesiones graves o incluso en la muerte. Algunos de los m\u00e1s serios se incluyen, pero no est\u00e1n limitados, a lo siguiente:<\/p>\n<ul>\n<li>Las bolsas de aire que se despliegan por error y sin raz\u00f3n o no puede implementarse en un accidente real<\/li>\n<li>Asientos de seguridad para ni\u00f1os en los que las correas o hebillas en los sistemas de retenci\u00f3n no funcionan correctamente<\/li>\n<li>Los aceleradores se rompen o se pegan, podiendo causar la p\u00e9rdida de control del veh\u00edculo<\/li>\n<li>Las llantas que son susceptibles a explosiones<\/li>\n<li>Defectos del sistema de combustible que podr\u00edan causar fugas de combustible, haciendo que el veh\u00edculo sea m\u00e1s propenso a incendiarse<\/li>\n<\/ul>\n<p>Independientemente del defecto, lo que demuestra que el fabricante de autom\u00f3viles fue negligente en su dise\u00f1o o fabricaci\u00f3n del producto puede ser un proceso complejo. Debido a esto, es muy recomendable que contrate a un abogado de lesiones personales con experiencia en el manejo de los casos de defectos de auto. Necesitar\u00e1 a alguien que sepa c\u00f3mo reunir las pruebas pertinentes y consultar con los mejores expertos en seguridad para construir el caso m\u00e1s fuerte posible.<\/p>\n<p>Ir en contra de la industria del autom\u00f3vil para una demanda por lesiones personales; por lo general requiere un abogado que no tenga miedo de enfrentarse a estos gigantes de la automoci\u00f3n. Los fabricantes de autom\u00f3viles son adinerados que pueden tener mucho dinero y acceso a recursos ilimitados. Es por eso que usted necesita un abogado que est\u00e9 dispuesto a invertir el tiempo y dinero para hacer frente a estos Goliats.<\/p>\n<p>En <a href=\"\/es\/\">Sexner Injury Lawyers LLC<\/a>, ayudamos a dar voz a la persona lesionada. Hacemos todo lo posible para asegurarse de que sus derechos sean protegidos y que reciban la compensaci\u00f3n m\u00e1xima que se merecen. Llame hoy para hacer una evaluaci\u00f3n gratuita a su caso sin compromiso. Revisaremos los hechos de su caso y le aconsejaremos sobre sus opciones y nunca hay honorarios a abogados a menos que ganemos su caso!<\/p>\n","protected":false},"excerpt":{"rendered":"<p>Abogado de Lesiones y Defectos de Auto en Chicago Defectos Automotrices Cuando vemos a un accidente de veh\u00edculo motorizado o escuchamos acerca de una de estas noticias, es una suposici\u00f3n natural es que se puede prevenir, probablemente en el resultado de alg\u00fan tipo de error del conductor. Tal vez alguien iba a alta velocidad, ebrio [&hellip;]<\/p>\n","protected":false},"author":1,"featured_media":0,"parent":7295,"menu_order":0,"comment_status":"closed","ping_status":"open","template":"","meta":{"_acf_changed":false,"footnotes":""},"class_list":["post-8082","page","type-page","status-publish","hentry"],"acf":[],"yoast_head":"<!-- This site is optimized with the Yoast SEO plugin v27.3 - https:\/\/yoast.com\/product\/yoast-seo-wordpress\/ -->\n<title>Abogado de Lesiones y Defectos de Auto en Chicago - Sexner Injury Lawyers LLC<\/title>\n<meta name=\"description\" content=\"En Sexner Injury Lawyers LLC, ayudamos a dar voz a la persona lesionada. Hacemos todo lo posible para asegurarse de que sus derechos sean protegidos y que reciban la compensaci\u00f3n m\u00e1xima que se merecen.\" \/>\n<meta name=\"robots\" content=\"index, follow, max-snippet:-1, max-image-preview:large, max-video-preview:-1\" \/>\n<link rel=\"canonical\" href=\"https:\/\/chicagoinjurylawyer.net\/es\/lesiones-relacionados-al-producto\/defectos-de-auto\/\" \/>\n<meta property=\"og:locale\" content=\"es_ES\" \/>\n<meta property=\"og:type\" content=\"article\" \/>\n<meta property=\"og:title\" content=\"Abogado de Lesiones y Defectos de Auto en Chicago - Sexner Injury Lawyers LLC\" \/>\n<meta property=\"og:description\" content=\"En Sexner Injury Lawyers LLC, ayudamos a dar voz a la persona lesionada. Hacemos todo lo posible para asegurarse de que sus derechos sean protegidos y que reciban la compensaci\u00f3n m\u00e1xima que se merecen.\" \/>\n<meta property=\"og:url\" content=\"https:\/\/chicagoinjurylawyer.net\/es\/lesiones-relacionados-al-producto\/defectos-de-auto\/\" \/>\n<meta property=\"og:site_name\" content=\"Sexner Injury Lawyers LLC\" \/>\n<meta property=\"article:modified_time\" content=\"2022-01-12T20:46:52+00:00\" \/>\n<meta property=\"og:image\" content=\"https:\/\/chicagoinjurylawyer.net\/wp-content\/uploads\/2019\/06\/Auto-Defects-resized-300x200.jpg\" \/>\n<meta name=\"twitter:card\" content=\"summary_large_image\" \/>\n<meta name=\"twitter:label1\" content=\"Tiempo de lectura\" \/>\n\t<meta name=\"twitter:data1\" content=\"3 minutos\" \/>\n<!-- \/ Yoast SEO plugin. -->","yoast_head_json":{"title":"Abogado de Lesiones y Defectos de Auto en Chicago - Sexner Injury Lawyers LLC","description":"En Sexner Injury Lawyers LLC, ayudamos a dar voz a la persona lesionada. Hacemos todo lo posible para asegurarse de que sus derechos sean protegidos y que reciban la compensaci\u00f3n m\u00e1xima que se merecen.","robots":{"index":"index","follow":"follow","max-snippet":"max-snippet:-1","max-image-preview":"max-image-preview:large","max-video-preview":"max-video-preview:-1"},"canonical":"https:\/\/chicagoinjurylawyer.net\/es\/lesiones-relacionados-al-producto\/defectos-de-auto\/","og_locale":"es_ES","og_type":"article","og_title":"Abogado de Lesiones y Defectos de Auto en Chicago - Sexner Injury Lawyers LLC","og_description":"En Sexner Injury Lawyers LLC, ayudamos a dar voz a la persona lesionada. Hacemos todo lo posible para asegurarse de que sus derechos sean protegidos y que reciban la compensaci\u00f3n m\u00e1xima que se merecen.","og_url":"https:\/\/chicagoinjurylawyer.net\/es\/lesiones-relacionados-al-producto\/defectos-de-auto\/","og_site_name":"Sexner Injury Lawyers LLC","article_modified_time":"2022-01-12T20:46:52+00:00","og_image":[{"url":"https:\/\/chicagoinjurylawyer.net\/wp-content\/uploads\/2019\/06\/Auto-Defects-resized-300x200.jpg","type":"","width":"","height":""}],"twitter_card":"summary_large_image","twitter_misc":{"Tiempo de lectura":"3 minutos"},"schema":{"@context":"https:\/\/schema.org","@graph":[{"@type":"WebPage","@id":"https:\/\/chicagoinjurylawyer.net\/es\/lesiones-relacionados-al-producto\/defectos-de-auto\/","url":"https:\/\/chicagoinjurylawyer.net\/es\/lesiones-relacionados-al-producto\/defectos-de-auto\/","name":"Abogado de Lesiones y Defectos de Auto en Chicago - Sexner Injury Lawyers LLC","isPartOf":{"@id":"https:\/\/chicagoinjurylawyer.net\/es\/#website"},"datePublished":"2019-06-27T11:19:27+00:00","dateModified":"2022-01-12T20:46:52+00:00","description":"En [firm-name], ayudamos a dar voz a la persona lesionada. Hacemos todo lo posible para asegurarse de que sus derechos sean protegidos y que reciban la compensaci\u00f3n m\u00e1xima que se merecen.","breadcrumb":{"@id":"https:\/\/chicagoinjurylawyer.net\/es\/lesiones-relacionados-al-producto\/defectos-de-auto\/#breadcrumb"},"inLanguage":"es","potentialAction":[{"@type":"ReadAction","target":["https:\/\/chicagoinjurylawyer.net\/es\/lesiones-relacionados-al-producto\/defectos-de-auto\/"]}]},{"@type":"BreadcrumbList","@id":"https:\/\/chicagoinjurylawyer.net\/es\/lesiones-relacionados-al-producto\/defectos-de-auto\/#breadcrumb","itemListElement":[{"@type":"ListItem","position":1,"name":"Lesiones Relacionados Al Producto","item":"https:\/\/chicagoinjurylawyer.net\/es\/lesiones-relacionados-al-producto\/"},{"@type":"ListItem","position":2,"name":"Defectos Automotrices"}]},{"@type":"WebSite","@id":"https:\/\/chicagoinjurylawyer.net\/es\/#website","url":"https:\/\/chicagoinjurylawyer.net\/es\/","name":"Sexner Injury Lawyers LLC","description":"Chicago Personal Injury Attorneys","publisher":{"@id":"https:\/\/chicagoinjurylawyer.net\/es\/#organization"},"potentialAction":[{"@type":"SearchAction","target":{"@type":"EntryPoint","urlTemplate":"https:\/\/chicagoinjurylawyer.net\/es\/?s={search_term_string}"},"query-input":{"@type":"PropertyValueSpecification","valueRequired":true,"valueName":"search_term_string"}}],"inLanguage":"es"},{"@type":"Organization","@id":"https:\/\/chicagoinjurylawyer.net\/es\/#organization","name":"[firm-name]","url":"https:\/\/chicagoinjurylawyer.net\/es\/","logo":{"@type":"ImageObject","inLanguage":"es","@id":"https:\/\/chicagoinjurylawyer.net\/es\/#\/schema\/logo\/image\/","url":"https:\/\/chicagoinjurylawyer.net\/wp-content\/uploads\/2019\/06\/msx-logo-1.png","contentUrl":"https:\/\/chicagoinjurylawyer.net\/wp-content\/uploads\/2019\/06\/msx-logo-1.png","width":180,"height":83,"caption":"[firm-name]"},"image":{"@id":"https:\/\/chicagoinjurylawyer.net\/es\/#\/schema\/logo\/image\/"}}]}},"_links":{"self":[{"href":"https:\/\/chicagoinjurylawyer.net\/es\/wp-json\/wp\/v2\/pages\/8082","targetHints":{"allow":["GET"]}}],"collection":[{"href":"https:\/\/chicagoinjurylawyer.net\/es\/wp-json\/wp\/v2\/pages"}],"about":[{"href":"https:\/\/chicagoinjurylawyer.net\/es\/wp-json\/wp\/v2\/types\/page"}],"author":[{"embeddable":true,"href":"https:\/\/chicagoinjurylawyer.net\/es\/wp-json\/wp\/v2\/users\/1"}],"replies":[{"embeddable":true,"href":"https:\/\/chicagoinjurylawyer.net\/es\/wp-json\/wp\/v2\/comments?post=8082"}],"version-history":[{"count":7,"href":"https:\/\/chicagoinjurylawyer.net\/es\/wp-json\/wp\/v2\/pages\/8082\/revisions"}],"predecessor-version":[{"id":32590,"href":"https:\/\/chicagoinjurylawyer.net\/es\/wp-json\/wp\/v2\/pages\/8082\/revisions\/32590"}],"up":[{"embeddable":true,"href":"https:\/\/chicagoinjurylawyer.net\/es\/wp-json\/wp\/v2\/pages\/7295"}],"wp:attachment":[{"href":"https:\/\/chicagoinjurylawyer.net\/es\/wp-json\/wp\/v2\/media?parent=8082"}],"curies":[{"name":"wp","href":"https:\/\/api.w.org\/{rel}","templated":true}]}}