{"id":8084,"date":"2019-06-27T11:17:19","date_gmt":"2019-06-27T11:17:19","guid":{"rendered":"http:\/\/104.197.86.120\/?page_id=8084"},"modified":"2021-12-06T16:27:39","modified_gmt":"2021-12-06T22:27:39","slug":"quiste-de-ovario","status":"publish","type":"page","link":"https:\/\/chicagoinjurylawyer.net\/es\/nuestro-exito\/quiste-de-ovario\/","title":{"rendered":"$3 Millones En Negligencia M\u00e9dica"},"content":{"rendered":"<h1>$3 Millones En Negligencia M\u00e9dica<\/h1>\n<h2>La Falta De Seguimiento De La Presencia De Un Quiste De Ovario<\/h2>\n<p>Despu\u00e9s de sentir un dolor inusual en la pelvis, nuestra clienta consult\u00f3 con su m\u00e9dico, quien le sugiri\u00f3 que se sometiera a un examen de ultrasonido. Durante esta <a href=\"\/es\/negligencia-medica\/diagnostico-erroneo\/\">prueba de diagn\u00f3stico<\/a>, el radi\u00f3logo observ\u00f3 un quiste complejo y le recomend\u00f3 al m\u00e9dico de la mujer que se realizaran ex\u00e1menes de seguimiento en los meses posteriores para estudiar el desarrollo del quiste. Sin embargo, el m\u00e9dico nunca orden\u00f3 otro examen ni tampoco le coment\u00f3 a la paciente sobre el quiste. En consecuencia, un quiste que probablemente podr\u00eda haber sido tratado si se detectaba tempranamente se desarroll\u00f3 en un c\u00e1ncer de ovario incurable que se disemin\u00f3 a los n\u00f3dulos linf\u00e1ticos y otros \u00f3rganos de la paciente.<\/p>\n<p>La paciente tuvo que someterse a tratamientos de quimioterapia y cirug\u00edas para tratar de detener el desarrollo de este c\u00e1ncer devastador. Aunque originalmente la demanda se entabl\u00f3 solamente a nombre de esta valiente mujer, se sum\u00f3 otro reclamo con el fin de incluir a su pareja del mismo sexo por \"p\u00e9rdida de consorcio\". Cuando finalmente se lleg\u00f3 a un acuerdo con los proveedores m\u00e9dicos por la cantidad de $3.000.000, \u00e9ste represent\u00f3 uno de los mayores acuerdos a favor de una pareja del mismo sexo en uni\u00f3n civil en el estado de Illinois.<\/p>\n<h2>M\u00e1s acerca de casos de mala pr\u00e1ctica m\u00e9dica debido a negligencia en el seguimiento m\u00e9dico<\/h2>\n<p>Cuando las personas se refieren a la falta de seguimiento en los casos m\u00e9dicos, a veces suponen que el error es del paciente. Al fin y al cabo, los m\u00e9dicos de manera rutinaria les recuerdan a sus pacientes de sus citas anuales, de tomar sus medicamentos, o de regresar al consultorio para revisar los resultados de un an\u00e1lisis de sangre. Y, si a los pacientes se les olvida, generalmente es comprensible ya que a veces la vida se interpone en el camino.<\/p>\n<p>Pero \u00bfqu\u00e9 ocurre cuando a un m\u00e9dico se le olvida hacer algo, tal como se aleg\u00f3 en el caso que se detalla anteriormente? Literalmente, los m\u00e9dicos tienen nuestra vida en sus manos. Esperamos que velen por nuestro mejor inter\u00e9s y utilicen su amplio conocimiento para sanarnos. Adem\u00e1s los m\u00e9dicos est\u00e1n bien remunerados por su trabajo. Sabemos que a veces los resultados pueden ser impredecibles, pero aun as\u00ed confiamos en que los\u00a0m\u00e9dicos har\u00e1n su mayor esfuerzo. Lo que nunca esperar\u00edamos es que a uno de ellos simplemente se le olvide hacer o verificar algo, y que este error traiga como consecuencia otras lesiones o la muerte misma. Este acto es definitivamente inexcusable, y adem\u00e1s es muy probable que pueda ser considerado mala pr\u00e1ctica m\u00e9dica.<\/p>\n<p>Incluso cuando al paciente se le olvida programar una cita o regresar al consultorio para ver los resultados de un examen, generalmente es responsabilidad del m\u00e9dico tratante el contactar al paciente. Sin la informaci\u00f3n adecuada por parte del m\u00e9dico, es poco probable que el paciente sepa si la pr\u00f3xima cita, procedimiento o examen es un asunto rutinario que puede reprogramarse sin consecuencia alguna, o un asunto importante o de gravedad que debe resolverse inmediatamente.<\/p>\n<p>Si el paciente se somete a una biopsia, tomograf\u00eda computarizada, resonancia magn\u00e9tica,\u00a0mamograf\u00eda\u00a0u otro examen radiol\u00f3gico, tiene el derecho de asumir que el m\u00e9dico 1) revisar\u00e1 los resultados de manera pronta, 2) interpretar\u00e1 correctamente los resultados e, igualmente importante, comunicar\u00e1 con prontitud los resultados al paciente e inmediatamente programar\u00e1 cualquier examen o procedimiento de seguimiento que sea necesario. Cuando el m\u00e9dico no cumple con estas pr\u00e1cticas, la salud del paciente se pone en riego innecesariamente, y el paciente tiene derecho a presentar una demanda por mala pr\u00e1ctica m\u00e9dica por cualquier consecuencia causada por tal negligencia.<\/p>\n<p>Si cree que la falta de seguimiento por parte de un cirujano o un m\u00e9dico le ha perjudicado a usted o a un ser querido, puede confiar en que <a href=\"\/es\/\">Sexner Injury Lawyers LLC<\/a> le aconsejar\u00e1 de forma honesta y profesional. <a href=\"\/es\/contactenos\/\">Cont\u00e1ctenos ahora<\/a> al\u00a0(312) 243-9922 para una consulta gratis. No cobramos honorarios a menos que ganemos su caso.<\/p>\n","protected":false},"excerpt":{"rendered":"<p>$3 Millones En Negligencia M\u00e9dica La Falta De Seguimiento De La Presencia De Un Quiste De Ovario Despu\u00e9s de sentir un dolor inusual en la pelvis, nuestra clienta consult\u00f3 con su m\u00e9dico, quien le sugiri\u00f3 que se sometiera a un examen de ultrasonido. Durante esta prueba de diagn\u00f3stico, el radi\u00f3logo observ\u00f3 un quiste complejo y [&hellip;]<\/p>\n","protected":false},"author":1,"featured_media":0,"parent":7785,"menu_order":0,"comment_status":"closed","ping_status":"open","template":"","meta":{"_acf_changed":false,"footnotes":""},"class_list":["post-8084","page","type-page","status-publish","hentry"],"acf":[],"yoast_head":"<!-- This site is optimized with the Yoast SEO plugin v27.3 - https:\/\/yoast.com\/product\/yoast-seo-wordpress\/ -->\n<title>$3 Millones En Negligencia M\u00e9dica - Sexner Injury Lawyers LLC<\/title>\n<meta name=\"description\" content=\"Despu\u00e9s de sentir un dolor inusual en la pelvis, nuestra clienta consult\u00f3 con su m\u00e9dico, quien le sugiri\u00f3 que se sometiera a un examen de ultrasonido.\" \/>\n<meta name=\"robots\" content=\"index, follow, max-snippet:-1, max-image-preview:large, max-video-preview:-1\" \/>\n<link rel=\"canonical\" href=\"https:\/\/chicagoinjurylawyer.net\/es\/nuestro-exito\/quiste-de-ovario\/\" \/>\n<meta property=\"og:locale\" content=\"es_ES\" \/>\n<meta property=\"og:type\" content=\"article\" \/>\n<meta property=\"og:title\" content=\"$3 Millones En Negligencia M\u00e9dica - Sexner Injury Lawyers LLC\" \/>\n<meta property=\"og:description\" content=\"Despu\u00e9s de sentir un dolor inusual en la pelvis, nuestra clienta consult\u00f3 con su m\u00e9dico, quien le sugiri\u00f3 que se sometiera a un examen de ultrasonido.\" \/>\n<meta property=\"og:url\" content=\"https:\/\/chicagoinjurylawyer.net\/es\/nuestro-exito\/quiste-de-ovario\/\" \/>\n<meta property=\"og:site_name\" content=\"Sexner Injury Lawyers LLC\" \/>\n<meta property=\"article:modified_time\" content=\"2021-12-06T22:27:39+00:00\" \/>\n<meta name=\"twitter:card\" content=\"summary_large_image\" \/>\n<meta name=\"twitter:label1\" content=\"Tiempo de lectura\" \/>\n\t<meta name=\"twitter:data1\" content=\"4 minutos\" \/>\n<!-- \/ Yoast SEO plugin. -->","yoast_head_json":{"title":"$3 Millones En Negligencia M\u00e9dica - Sexner Injury Lawyers LLC","description":"Despu\u00e9s de sentir un dolor inusual en la pelvis, nuestra clienta consult\u00f3 con su m\u00e9dico, quien le sugiri\u00f3 que se sometiera a un examen de ultrasonido.","robots":{"index":"index","follow":"follow","max-snippet":"max-snippet:-1","max-image-preview":"max-image-preview:large","max-video-preview":"max-video-preview:-1"},"canonical":"https:\/\/chicagoinjurylawyer.net\/es\/nuestro-exito\/quiste-de-ovario\/","og_locale":"es_ES","og_type":"article","og_title":"$3 Millones En Negligencia M\u00e9dica - Sexner Injury Lawyers LLC","og_description":"Despu\u00e9s de sentir un dolor inusual en la pelvis, nuestra clienta consult\u00f3 con su m\u00e9dico, quien le sugiri\u00f3 que se sometiera a un examen de ultrasonido.","og_url":"https:\/\/chicagoinjurylawyer.net\/es\/nuestro-exito\/quiste-de-ovario\/","og_site_name":"Sexner Injury Lawyers LLC","article_modified_time":"2021-12-06T22:27:39+00:00","twitter_card":"summary_large_image","twitter_misc":{"Tiempo de lectura":"4 minutos"},"schema":{"@context":"https:\/\/schema.org","@graph":[{"@type":"WebPage","@id":"https:\/\/chicagoinjurylawyer.net\/es\/nuestro-exito\/quiste-de-ovario\/","url":"https:\/\/chicagoinjurylawyer.net\/es\/nuestro-exito\/quiste-de-ovario\/","name":"$3 Millones En Negligencia M\u00e9dica - Sexner Injury Lawyers LLC","isPartOf":{"@id":"https:\/\/chicagoinjurylawyer.net\/es\/#website"},"datePublished":"2019-06-27T11:17:19+00:00","dateModified":"2021-12-06T22:27:39+00:00","description":"Despu\u00e9s de sentir un dolor inusual en la pelvis, nuestra clienta consult\u00f3 con su m\u00e9dico, quien le sugiri\u00f3 que se sometiera a un examen de ultrasonido.","breadcrumb":{"@id":"https:\/\/chicagoinjurylawyer.net\/es\/nuestro-exito\/quiste-de-ovario\/#breadcrumb"},"inLanguage":"es","potentialAction":[{"@type":"ReadAction","target":["https:\/\/chicagoinjurylawyer.net\/es\/nuestro-exito\/quiste-de-ovario\/"]}]},{"@type":"BreadcrumbList","@id":"https:\/\/chicagoinjurylawyer.net\/es\/nuestro-exito\/quiste-de-ovario\/#breadcrumb","itemListElement":[{"@type":"ListItem","position":1,"name":"Nuestro \u00c9xito","item":"https:\/\/chicagoinjurylawyer.net\/es\/nuestro-exito\/"},{"@type":"ListItem","position":2,"name":"$3 Millones En Negligencia M\u00e9dica"}]},{"@type":"WebSite","@id":"https:\/\/chicagoinjurylawyer.net\/es\/#website","url":"https:\/\/chicagoinjurylawyer.net\/es\/","name":"Sexner Injury Lawyers LLC","description":"Chicago Personal Injury Attorneys","publisher":{"@id":"https:\/\/chicagoinjurylawyer.net\/es\/#organization"},"potentialAction":[{"@type":"SearchAction","target":{"@type":"EntryPoint","urlTemplate":"https:\/\/chicagoinjurylawyer.net\/es\/?s={search_term_string}"},"query-input":{"@type":"PropertyValueSpecification","valueRequired":true,"valueName":"search_term_string"}}],"inLanguage":"es"},{"@type":"Organization","@id":"https:\/\/chicagoinjurylawyer.net\/es\/#organization","name":"[firm-name]","url":"https:\/\/chicagoinjurylawyer.net\/es\/","logo":{"@type":"ImageObject","inLanguage":"es","@id":"https:\/\/chicagoinjurylawyer.net\/es\/#\/schema\/logo\/image\/","url":"https:\/\/chicagoinjurylawyer.net\/wp-content\/uploads\/2019\/06\/msx-logo-1.png","contentUrl":"https:\/\/chicagoinjurylawyer.net\/wp-content\/uploads\/2019\/06\/msx-logo-1.png","width":180,"height":83,"caption":"[firm-name]"},"image":{"@id":"https:\/\/chicagoinjurylawyer.net\/es\/#\/schema\/logo\/image\/"}}]}},"_links":{"self":[{"href":"https:\/\/chicagoinjurylawyer.net\/es\/wp-json\/wp\/v2\/pages\/8084","targetHints":{"allow":["GET"]}}],"collection":[{"href":"https:\/\/chicagoinjurylawyer.net\/es\/wp-json\/wp\/v2\/pages"}],"about":[{"href":"https:\/\/chicagoinjurylawyer.net\/es\/wp-json\/wp\/v2\/types\/page"}],"author":[{"embeddable":true,"href":"https:\/\/chicagoinjurylawyer.net\/es\/wp-json\/wp\/v2\/users\/1"}],"replies":[{"embeddable":true,"href":"https:\/\/chicagoinjurylawyer.net\/es\/wp-json\/wp\/v2\/comments?post=8084"}],"version-history":[{"count":5,"href":"https:\/\/chicagoinjurylawyer.net\/es\/wp-json\/wp\/v2\/pages\/8084\/revisions"}],"predecessor-version":[{"id":32635,"href":"https:\/\/chicagoinjurylawyer.net\/es\/wp-json\/wp\/v2\/pages\/8084\/revisions\/32635"}],"up":[{"embeddable":true,"href":"https:\/\/chicagoinjurylawyer.net\/es\/wp-json\/wp\/v2\/pages\/7785"}],"wp:attachment":[{"href":"https:\/\/chicagoinjurylawyer.net\/es\/wp-json\/wp\/v2\/media?parent=8084"}],"curies":[{"name":"wp","href":"https:\/\/api.w.org\/{rel}","templated":true}]}}