{"id":8089,"date":"2019-06-27T11:20:55","date_gmt":"2019-06-27T11:20:55","guid":{"rendered":"http:\/\/104.197.86.120\/?page_id=8089"},"modified":"2021-12-06T16:47:21","modified_gmt":"2021-12-06T22:47:21","slug":"negligencia-en-hogares-de-ancianos","status":"publish","type":"page","link":"https:\/\/chicagoinjurylawyer.net\/es\/nuestro-exito\/negligencia-en-hogares-de-ancianos\/","title":{"rendered":"Acuerdo de negligencia en hogares de ancianos de $590,000"},"content":{"rendered":"<h1>Acuerdo de negligencia en hogares de ancianos de $ 590,000<\/h1>\n<p>Despu\u00e9s de someterse a una cirug\u00eda de la arteria car\u00f3tida y una cirug\u00eda de bypass, la mujer a la que nos referimos en este caso requiri\u00f3 de una traqueotom\u00eda para facilitar su respiraci\u00f3n. Posteriormente, despu\u00e9s de pasar un tiempo considerable en el hospital, fue trasladada a un reconocido hogar de ancianos para recibir los cuidados necesarios que requiere un paciente de traqueotom\u00eda.<\/p>\n<p>Desafortunadamente su familia deposit\u00f3 su confianza en este asilo de ancianos; una y otra vez los hijos de la paciente observaron evidencias de abandono cuando la visitaron. La falta de atenci\u00f3n pronta y adecuada que requer\u00eda esta madre le caus\u00f3 deshidrataci\u00f3n, neumon\u00eda y sepsis, lo que finalmente contribuy\u00f3 en llevarle a la muerte. Sus hijos se quedaron buscando respuestas y contrataron a nuestros abogados para que les asesoren en el caso. Despu\u00e9s de largas negociaciones con los representantes del asilo de ancianos, se lleg\u00f3 a un acuerdo justo y equitativo que super\u00f3 los $590.000 a nombre de la familia.<\/p>\n<h2>Cuando las residencias de ancianos fallan<\/h2>\n<p>\u00bfQu\u00e9 podr\u00eda ser m\u00e1s importante que poner el cuidado de un ser querido en manos de otros? A menudo es muy dif\u00edcil encontrar un asilo de ancianos que brinde una atenci\u00f3n amorosa adecuada y que a la vez se ajuste a su condici\u00f3n econ\u00f3mica. Pero incluso cuando el dinero no es un impedimento en el momento de elegir una instituci\u00f3n de este tipo, es m\u00e1s f\u00e1cil la teor\u00eda que la pr\u00e1ctica, ya que es dif\u00edcil saber cu\u00e1les lugares son buenos y cu\u00e1les son malos. Parece ser que en la actualidad cada asilo tiene un folleto brillante con caras sonrientes y un sitio web colorido. Por lo tanto, todo lo que puede hacer un familiar es poner su mejor esfuerzo al hacer la elecci\u00f3n y luego tratar de prestar la mayor atenci\u00f3n posible.<\/p>\n<p>Los asilos de ancianos no son mejores ni peores que la suma de sus partes. Es decir, incluso con las mejores intenciones surgir\u00e1n problemas si el personal de apoyo no tiene la capacitaci\u00f3n, la atenci\u00f3n, y los cuidados que requieren los pacientes. Puede tambi\u00e9n suceder que el personal tenga una excelente preparaci\u00f3n y car\u00e1cter en el momento en que el paciente ingresa a su cuidado, pero debido a la baja retenci\u00f3n del personal por parte del centro, los nuevos empleados que se incorporen pueden llegar a ser menos cualificados, trayendo como consecuencia el deterioro de la atenci\u00f3n a los pacientes. Mantener empleados cualificados es un problema constante para los centros de atenci\u00f3n a largo plazo, porque el trabajo es dif\u00edcil, con largas jornadas laborales, y muchas veces los salarios son bajos.<\/p>\n<p>A veces uno de los miembros del personal m\u00e9dico comete errores involuntarios que ponen en peligro la salud del paciente. Aunque no tienen excusa, tales errores pueden ocurrir debido al exceso de trabajo o por la distracci\u00f3n del personal. Sin embargo, en otras circunstancias, los enfermeros, asistentes u otros empleados pueden llegar a lesionar a un residente\u00a0del asilo de ancianos insuficiente\u00a0de manera premeditada o pueden ignorar las necesidades del residente.<\/p>\n<h2>El abuso y la negligencia que sufren los ancianos<\/h2>\n<p>Seg\u00fan el Consejo Nacional del Envejecimiento (Nation Council on Aging), aproximadamente 1 de cada 10 estadounidenses mayores de 60 a\u00f1os ha experimentado alg\u00fan tipo de abuso. Las leyes federales que rigen los asilos de ancianos definen el abuso como una acci\u00f3n intencional con el fin de causar una lesi\u00f3n, castigar, confinar, o intimidar, causando da\u00f1os f\u00edsicos o mentales. La negligencia es el cometimiento de un error, ya sea a prop\u00f3sito o no, que priva al paciente o residente de los servicios o la atenci\u00f3n que se necesitan para mantenerle libre de dolor o da\u00f1o. Algunos ejemplos comunes son:<\/p>\n<ul>\n<li>Uso de restricciones f\u00edsicas<\/li>\n<li>Patear, sacudir, pellizcar, abofetear, o empujar al paciente<\/li>\n<li>El abuso emocional incluye amenazas de violencia<\/li>\n<li>Agresi\u00f3n sexual o violaci\u00f3n<\/li>\n<li>Usar medicamentos o drogas psicotr\u00f3picas para controlar el comportamiento del paciente<\/li>\n<li>No cuidar de los problemas m\u00e9dicos del residente<\/li>\n<li>No proveer la comida, el agua, y la limpieza b\u00e1sica necesaria<\/li>\n<\/ul>\n<p>Cuando el personal m\u00e9dico abusa\u00a0o descuida a un residente o a un paciente, algunos de los signos comunes que se deben observar incluyen:<\/p>\n<ul>\n<li>Accidentes que incluyen huesos o caderas rotas<\/li>\n<li>Infecciones<\/li>\n<li>Deshidrataci\u00f3n<\/li>\n<li>Desnutrici\u00f3n o p\u00e9rdida de peso r\u00e1pida<\/li>\n<li>Escaras<\/li>\n<li>Renuencia a hablar frente al personal<\/li>\n<li>Cortes, hematomas o heridas inexplicables<\/li>\n<li>Cambios repentinos en el comportamiento de un ser querido<\/li>\n<li>Muerte inexplicada o muerte repentina<\/li>\n<\/ul>\n<p>Si cree que un ser querido ha sido descuidado o abusado en cualquier instituci\u00f3n de cuidado a largo plazo, <a href=\"\/es\/contactenos\/\">comun\u00edquese con Sexner Injury Lawyers LLC<\/a> al\u00a0(312) 243-9922 para obtener orientaci\u00f3n gratuita y de experiencia.<\/p>\n","protected":false},"excerpt":{"rendered":"<p>Acuerdo de negligencia en hogares de ancianos de $ 590,000 Despu\u00e9s de someterse a una cirug\u00eda de la arteria car\u00f3tida y una cirug\u00eda de bypass, la mujer a la que nos referimos en este caso requiri\u00f3 de una traqueotom\u00eda para facilitar su respiraci\u00f3n. Posteriormente, despu\u00e9s de pasar un tiempo considerable en el hospital, fue trasladada [&hellip;]<\/p>\n","protected":false},"author":1,"featured_media":0,"parent":7785,"menu_order":0,"comment_status":"closed","ping_status":"open","template":"","meta":{"_acf_changed":false,"footnotes":""},"class_list":["post-8089","page","type-page","status-publish","hentry"],"acf":[],"yoast_head":"<!-- This site is optimized with the Yoast SEO plugin v27.5 - https:\/\/yoast.com\/product\/yoast-seo-wordpress\/ -->\n<title>Acuerdo de negligencia en hogares de ancianos de $590,000 - Sexner Injury Lawyers LLC<\/title>\n<meta name=\"description\" content=\"Despu\u00e9s de someterse a una cirug\u00eda de la arteria car\u00f3tida y una cirug\u00eda de bypass, la mujer a la que nos referimos en este caso requiri\u00f3 de una traqueotom\u00eda para facilitar su respiraci\u00f3n.\" \/>\n<meta name=\"robots\" content=\"index, follow, max-snippet:-1, max-image-preview:large, max-video-preview:-1\" \/>\n<link rel=\"canonical\" href=\"https:\/\/chicagoinjurylawyer.net\/es\/nuestro-exito\/negligencia-en-hogares-de-ancianos\/\" \/>\n<meta property=\"og:locale\" content=\"es_ES\" \/>\n<meta property=\"og:type\" content=\"article\" \/>\n<meta property=\"og:title\" content=\"Acuerdo de negligencia en hogares de ancianos de $590,000 - Sexner Injury Lawyers LLC\" \/>\n<meta property=\"og:description\" content=\"Despu\u00e9s de someterse a una cirug\u00eda de la arteria car\u00f3tida y una cirug\u00eda de bypass, la mujer a la que nos referimos en este caso requiri\u00f3 de una traqueotom\u00eda para facilitar su respiraci\u00f3n.\" \/>\n<meta property=\"og:url\" content=\"https:\/\/chicagoinjurylawyer.net\/es\/nuestro-exito\/negligencia-en-hogares-de-ancianos\/\" \/>\n<meta property=\"og:site_name\" content=\"Sexner Injury Lawyers LLC\" \/>\n<meta property=\"article:modified_time\" content=\"2021-12-06T22:47:21+00:00\" \/>\n<meta name=\"twitter:card\" content=\"summary_large_image\" \/>\n<meta name=\"twitter:label1\" content=\"Tiempo de lectura\" \/>\n\t<meta name=\"twitter:data1\" content=\"4 minutos\" \/>\n<!-- \/ Yoast SEO plugin. -->","yoast_head_json":{"title":"Acuerdo de negligencia en hogares de ancianos de $590,000 - Sexner Injury Lawyers LLC","description":"Despu\u00e9s de someterse a una cirug\u00eda de la arteria car\u00f3tida y una cirug\u00eda de bypass, la mujer a la que nos referimos en este caso requiri\u00f3 de una traqueotom\u00eda para facilitar su respiraci\u00f3n.","robots":{"index":"index","follow":"follow","max-snippet":"max-snippet:-1","max-image-preview":"max-image-preview:large","max-video-preview":"max-video-preview:-1"},"canonical":"https:\/\/chicagoinjurylawyer.net\/es\/nuestro-exito\/negligencia-en-hogares-de-ancianos\/","og_locale":"es_ES","og_type":"article","og_title":"Acuerdo de negligencia en hogares de ancianos de $590,000 - Sexner Injury Lawyers LLC","og_description":"Despu\u00e9s de someterse a una cirug\u00eda de la arteria car\u00f3tida y una cirug\u00eda de bypass, la mujer a la que nos referimos en este caso requiri\u00f3 de una traqueotom\u00eda para facilitar su respiraci\u00f3n.","og_url":"https:\/\/chicagoinjurylawyer.net\/es\/nuestro-exito\/negligencia-en-hogares-de-ancianos\/","og_site_name":"Sexner Injury Lawyers LLC","article_modified_time":"2021-12-06T22:47:21+00:00","twitter_card":"summary_large_image","twitter_misc":{"Tiempo de lectura":"4 minutos"},"schema":{"@context":"https:\/\/schema.org","@graph":[{"@type":"WebPage","@id":"https:\/\/chicagoinjurylawyer.net\/es\/nuestro-exito\/negligencia-en-hogares-de-ancianos\/","url":"https:\/\/chicagoinjurylawyer.net\/es\/nuestro-exito\/negligencia-en-hogares-de-ancianos\/","name":"Acuerdo de negligencia en hogares de ancianos de $590,000 - Sexner Injury Lawyers LLC","isPartOf":{"@id":"https:\/\/chicagoinjurylawyer.net\/es\/#website"},"datePublished":"2019-06-27T11:20:55+00:00","dateModified":"2021-12-06T22:47:21+00:00","description":"Despu\u00e9s de someterse a una cirug\u00eda de la arteria car\u00f3tida y una cirug\u00eda de bypass, la mujer a la que nos referimos en este caso requiri\u00f3 de una traqueotom\u00eda para facilitar su respiraci\u00f3n.","breadcrumb":{"@id":"https:\/\/chicagoinjurylawyer.net\/es\/nuestro-exito\/negligencia-en-hogares-de-ancianos\/#breadcrumb"},"inLanguage":"es","potentialAction":[{"@type":"ReadAction","target":["https:\/\/chicagoinjurylawyer.net\/es\/nuestro-exito\/negligencia-en-hogares-de-ancianos\/"]}]},{"@type":"BreadcrumbList","@id":"https:\/\/chicagoinjurylawyer.net\/es\/nuestro-exito\/negligencia-en-hogares-de-ancianos\/#breadcrumb","itemListElement":[{"@type":"ListItem","position":1,"name":"Nuestro \u00c9xito","item":"https:\/\/chicagoinjurylawyer.net\/es\/nuestro-exito\/"},{"@type":"ListItem","position":2,"name":"Acuerdo de negligencia en hogares de ancianos de $590,000"}]},{"@type":"WebSite","@id":"https:\/\/chicagoinjurylawyer.net\/es\/#website","url":"https:\/\/chicagoinjurylawyer.net\/es\/","name":"Sexner Injury Lawyers LLC","description":"Chicago Personal Injury Attorneys","publisher":{"@id":"https:\/\/chicagoinjurylawyer.net\/es\/#organization"},"potentialAction":[{"@type":"SearchAction","target":{"@type":"EntryPoint","urlTemplate":"https:\/\/chicagoinjurylawyer.net\/es\/?s={search_term_string}"},"query-input":{"@type":"PropertyValueSpecification","valueRequired":true,"valueName":"search_term_string"}}],"inLanguage":"es"},{"@type":"Organization","@id":"https:\/\/chicagoinjurylawyer.net\/es\/#organization","name":"[firm-name]","url":"https:\/\/chicagoinjurylawyer.net\/es\/","logo":{"@type":"ImageObject","inLanguage":"es","@id":"https:\/\/chicagoinjurylawyer.net\/es\/#\/schema\/logo\/image\/","url":"https:\/\/chicagoinjurylawyer.net\/wp-content\/uploads\/2019\/06\/msx-logo-1.png","contentUrl":"https:\/\/chicagoinjurylawyer.net\/wp-content\/uploads\/2019\/06\/msx-logo-1.png","width":180,"height":83,"caption":"[firm-name]"},"image":{"@id":"https:\/\/chicagoinjurylawyer.net\/es\/#\/schema\/logo\/image\/"}}]}},"_links":{"self":[{"href":"https:\/\/chicagoinjurylawyer.net\/es\/wp-json\/wp\/v2\/pages\/8089","targetHints":{"allow":["GET"]}}],"collection":[{"href":"https:\/\/chicagoinjurylawyer.net\/es\/wp-json\/wp\/v2\/pages"}],"about":[{"href":"https:\/\/chicagoinjurylawyer.net\/es\/wp-json\/wp\/v2\/types\/page"}],"author":[{"embeddable":true,"href":"https:\/\/chicagoinjurylawyer.net\/es\/wp-json\/wp\/v2\/users\/1"}],"replies":[{"embeddable":true,"href":"https:\/\/chicagoinjurylawyer.net\/es\/wp-json\/wp\/v2\/comments?post=8089"}],"version-history":[{"count":4,"href":"https:\/\/chicagoinjurylawyer.net\/es\/wp-json\/wp\/v2\/pages\/8089\/revisions"}],"predecessor-version":[{"id":32641,"href":"https:\/\/chicagoinjurylawyer.net\/es\/wp-json\/wp\/v2\/pages\/8089\/revisions\/32641"}],"up":[{"embeddable":true,"href":"https:\/\/chicagoinjurylawyer.net\/es\/wp-json\/wp\/v2\/pages\/7785"}],"wp:attachment":[{"href":"https:\/\/chicagoinjurylawyer.net\/es\/wp-json\/wp\/v2\/media?parent=8089"}],"curies":[{"name":"wp","href":"https:\/\/api.w.org\/{rel}","templated":true}]}}