{"id":8096,"date":"2019-06-27T11:23:01","date_gmt":"2019-06-27T11:23:01","guid":{"rendered":"http:\/\/104.197.86.120\/?page_id=8096"},"modified":"2021-12-06T16:01:51","modified_gmt":"2021-12-06T22:01:51","slug":"lesion-en-la-cadera-en-un-asilo-de-ancianos","status":"publish","type":"page","link":"https:\/\/chicagoinjurylawyer.net\/es\/nuestro-exito\/lesion-en-la-cadera-en-un-asilo-de-ancianos\/","title":{"rendered":"$125,000 Liquidaci\u00f3n Hogar De Ancianos Negligencia"},"content":{"rendered":"<h1>Lesion en la cadera y muerte en un asilo de ancianos - Acuerdo de $125,000<\/h1>\n<h2>Un hombre se cay\u00f3 y se rompi\u00f3 la cadera mientras estaba en un asilo de ancianos.<\/h2>\n<p>Mientras estaba en un asilo de ancianos, un hombre se cay\u00f3 y sufri\u00f3 una fractura en la cadera debido a la negligencia del personal del asilo de ancianos. El hombre muri\u00f3 m\u00e1s tarde como resultado de diversas condiciones. La familia de este hombre nos contact\u00f3 para investigar las circunstancias de este caso y tratar de obtener un acuerdo con asilo de ancianos. Se present\u00f3 una demanda y el caso se fij\u00f3 para juicio. Tuvimos \u00e9xito en conseguir un acuerdo por un monto de $125,000 para la viuda, de acuerdo con su solicitud.<\/p>\n<h2>Factores de riesgo para las fracturas de cadera<\/h2>\n<p>Cada a\u00f1o, alrededor de 300,000 personas mayores de 65 a\u00f1os se rompen la cadera. De estas personas, aproximadamente el 75% son mujeres, que no solo son m\u00e1s propensas a caerse que los hombres, sino que tienen m\u00e1s probabilidades de tener osteoporosis, una enfermedad que hace que los huesos sean m\u00e1s susceptibles a las fracturas y al debilitamiento. Por lo tanto, no debe sorprender que una gran cantidad de tales lesiones de cadera ocurran cada a\u00f1o en hogares de ancianos, porque los residentes de tales instalaciones son en su mayor\u00eda ancianos. Los mayores factores de riesgo para una lesi\u00f3n de este tipo se relacionan con:<\/p>\n<ul>\n<li>Sexo: Las mujeres tienen una tendencia a perder densidad \u00f3sea m\u00e1s r\u00e1pido que los hombres, al menos en parte, porque la p\u00e9rdida \u00f3sea se acelera por los niveles m\u00e1s bajos de estr\u00f3geno que se producen con la menopausia.<\/li>\n<li>Nutrici\u00f3n: La masa \u00f3sea m\u00e1xima se reduce para aquellos que no ingieren suficiente vitamina D y calcio cuando son j\u00f3venes. Aquellos que tienen trastornos alimenticios graves como la bulimia o la anorexia tambi\u00e9n corren el peligro de da\u00f1ar los huesos a trav\u00e9s de la privaci\u00f3n de nutrientes importantes para la construcci\u00f3n de los huesos. Esto hace que los huesos sean m\u00e1s propensos a fracturarse en el futuro.<\/li>\n<li>Alcohol y tabaco: La p\u00e9rdida \u00f3sea puede ocurrir por el uso de cualquiera de estas drogas.<\/li>\n<li>Medicamentos: Algunos medicamentos, como la cortisona \/ prednisona, pueden actuar para debilitar los huesos. Tambi\u00e9n en el contexto de los hogares de ancianos, a los residentes se les pueden recetar otros medicamentos que, si bien no contribuyen al debilitamiento de los huesos, pueden hacer que el residente se maree, lo que aumenta las posibilidades de ca\u00eddas y fracturas.<\/li>\n<li>Aflicciones m\u00e9dicas: Los huesos fr\u00e1giles pueden ser el resultado de una tiroides hiperactiva, trastornos intestinales o trastornos endocrinos. Aquellos pacientes con ciertas condiciones de deterioro cognitivo tambi\u00e9n tienen un mayor riesgo de caerse.<\/li>\n<\/ul>\n<h2>Causas y s\u00edntomas de lesiones de cadera<\/h2>\n<p>En el caso de huesos extremadamente d\u00e9biles y fr\u00e1giles, es posible que se produzca una fractura simplemente por la presi\u00f3n ejercida al pararse o caminar. Pero t\u00edpicamente, tal fractura es el resultado de caer, como:<\/p>\n<ul>\n<li>Una lesi\u00f3n inexplicable o ca\u00edda de la cama.<\/li>\n<li>Una ca\u00edda desde una posici\u00f3n de pie en un objeto o en el suelo.<\/li>\n<li><a href=\"\/es\/accidentes-de-trafico\/\">Un accidente de autom\u00f3vil<\/a>.<\/li>\n<\/ul>\n<p>A veces, no es evidente de inmediato si se ha producido una fractura, pero algunos de los s\u00edntomas y signos m\u00e1s comunes de que ha ocurrido un evento grave incluyen:<\/p>\n<ul>\n<li>No poder poner peso en la pierna del mismo lado que la ca\u00edda.<\/li>\n<li>No poder moverse despu\u00e9s de caer.<\/li>\n<li>Una pierna parece estar hacia afuera.<\/li>\n<li>Una pierna se siente m\u00e1s corta que la otra.<\/li>\n<li>Dolor severo en la ingle o la cadera.<\/li>\n<li>Moretones, rigidez o hinchaz\u00f3n en el \u00e1rea de la cadera.<\/li>\n<\/ul>\n<p>El tratamiento para una cadera rota variar\u00e1 dependiendo de la edad y la condici\u00f3n f\u00edsica del paciente, y puede incluir cualquier combinaci\u00f3n de cirug\u00eda, <a href=\"\/es\/negligencia-medica\/errores-de-prescripciones-y-medicamentos\/\">medicamentos<\/a> y \/ o terapia f\u00edsica. Pero especialmente para los residentes de hogares de ancianos u otros centros de atenci\u00f3n a largo plazo, el camino hacia la recuperaci\u00f3n puede ser largo y, si no se trata de manera oportuna y adecuada, podr\u00eda incluso conducir a una muerte prematura. Si su ser querido ha sido lesionado en un asilo de ancianos, <a href=\"\/es\/contactenos\/\">llame a Sexner Injury Lawyers LLC<\/a> al\u00a0(312) 243-9922\u00a0para obtener informaci\u00f3n, de un modo compasivo y confidencial.<\/p>\n","protected":false},"excerpt":{"rendered":"<p>Lesion en la cadera y muerte en un asilo de ancianos - Acuerdo de $125,000 Un hombre se cay\u00f3 y se rompi\u00f3 la cadera mientras estaba en un asilo de ancianos. Mientras estaba en un asilo de ancianos, un hombre se cay\u00f3 y sufri\u00f3 una fractura en la cadera debido a la negligencia del personal [&hellip;]<\/p>\n","protected":false},"author":1,"featured_media":0,"parent":7785,"menu_order":0,"comment_status":"closed","ping_status":"open","template":"","meta":{"_acf_changed":false,"footnotes":""},"class_list":["post-8096","page","type-page","status-publish","hentry"],"acf":[],"yoast_head":"<!-- This site is optimized with the Yoast SEO plugin v27.3 - https:\/\/yoast.com\/product\/yoast-seo-wordpress\/ -->\n<title>$125,000 Liquidaci\u00f3n Hogar de Ancianos Negligencia - Sexner Injury Lawyers LLC<\/title>\n<meta name=\"description\" content=\"Mientras estaba en un asilo de ancianos, un hombre se cay\u00f3 y sufri\u00f3 una fractura en la cadera debido a la negligencia del personal del asilo de ancianos. El hombre muri\u00f3 m\u00e1s tarde como resultado de diversas condiciones.\" \/>\n<meta name=\"robots\" content=\"index, follow, max-snippet:-1, max-image-preview:large, max-video-preview:-1\" \/>\n<link rel=\"canonical\" href=\"https:\/\/chicagoinjurylawyer.net\/es\/nuestro-exito\/lesion-en-la-cadera-en-un-asilo-de-ancianos\/\" \/>\n<meta property=\"og:locale\" content=\"es_ES\" \/>\n<meta property=\"og:type\" content=\"article\" \/>\n<meta property=\"og:title\" content=\"$125,000 Liquidaci\u00f3n Hogar de Ancianos Negligencia - Sexner Injury Lawyers LLC\" \/>\n<meta property=\"og:description\" content=\"Mientras estaba en un asilo de ancianos, un hombre se cay\u00f3 y sufri\u00f3 una fractura en la cadera debido a la negligencia del personal del asilo de ancianos. El hombre muri\u00f3 m\u00e1s tarde como resultado de diversas condiciones.\" \/>\n<meta property=\"og:url\" content=\"https:\/\/chicagoinjurylawyer.net\/es\/nuestro-exito\/lesion-en-la-cadera-en-un-asilo-de-ancianos\/\" \/>\n<meta property=\"og:site_name\" content=\"Sexner Injury Lawyers LLC\" \/>\n<meta property=\"article:modified_time\" content=\"2021-12-06T22:01:51+00:00\" \/>\n<meta name=\"twitter:card\" content=\"summary_large_image\" \/>\n<meta name=\"twitter:label1\" content=\"Tiempo de lectura\" \/>\n\t<meta name=\"twitter:data1\" content=\"4 minutos\" \/>\n<!-- \/ Yoast SEO plugin. -->","yoast_head_json":{"title":"$125,000 Liquidaci\u00f3n Hogar de Ancianos Negligencia - Sexner Injury Lawyers LLC","description":"Mientras estaba en un asilo de ancianos, un hombre se cay\u00f3 y sufri\u00f3 una fractura en la cadera debido a la negligencia del personal del asilo de ancianos. El hombre muri\u00f3 m\u00e1s tarde como resultado de diversas condiciones.","robots":{"index":"index","follow":"follow","max-snippet":"max-snippet:-1","max-image-preview":"max-image-preview:large","max-video-preview":"max-video-preview:-1"},"canonical":"https:\/\/chicagoinjurylawyer.net\/es\/nuestro-exito\/lesion-en-la-cadera-en-un-asilo-de-ancianos\/","og_locale":"es_ES","og_type":"article","og_title":"$125,000 Liquidaci\u00f3n Hogar de Ancianos Negligencia - Sexner Injury Lawyers LLC","og_description":"Mientras estaba en un asilo de ancianos, un hombre se cay\u00f3 y sufri\u00f3 una fractura en la cadera debido a la negligencia del personal del asilo de ancianos. El hombre muri\u00f3 m\u00e1s tarde como resultado de diversas condiciones.","og_url":"https:\/\/chicagoinjurylawyer.net\/es\/nuestro-exito\/lesion-en-la-cadera-en-un-asilo-de-ancianos\/","og_site_name":"Sexner Injury Lawyers LLC","article_modified_time":"2021-12-06T22:01:51+00:00","twitter_card":"summary_large_image","twitter_misc":{"Tiempo de lectura":"4 minutos"},"schema":{"@context":"https:\/\/schema.org","@graph":[{"@type":"WebPage","@id":"https:\/\/chicagoinjurylawyer.net\/es\/nuestro-exito\/lesion-en-la-cadera-en-un-asilo-de-ancianos\/","url":"https:\/\/chicagoinjurylawyer.net\/es\/nuestro-exito\/lesion-en-la-cadera-en-un-asilo-de-ancianos\/","name":"$125,000 Liquidaci\u00f3n Hogar de Ancianos Negligencia - Sexner Injury Lawyers LLC","isPartOf":{"@id":"https:\/\/chicagoinjurylawyer.net\/es\/#website"},"datePublished":"2019-06-27T11:23:01+00:00","dateModified":"2021-12-06T22:01:51+00:00","description":"Mientras estaba en un asilo de ancianos, un hombre se cay\u00f3 y sufri\u00f3 una fractura en la cadera debido a la negligencia del personal del asilo de ancianos. El hombre muri\u00f3 m\u00e1s tarde como resultado de diversas condiciones.","breadcrumb":{"@id":"https:\/\/chicagoinjurylawyer.net\/es\/nuestro-exito\/lesion-en-la-cadera-en-un-asilo-de-ancianos\/#breadcrumb"},"inLanguage":"es","potentialAction":[{"@type":"ReadAction","target":["https:\/\/chicagoinjurylawyer.net\/es\/nuestro-exito\/lesion-en-la-cadera-en-un-asilo-de-ancianos\/"]}]},{"@type":"BreadcrumbList","@id":"https:\/\/chicagoinjurylawyer.net\/es\/nuestro-exito\/lesion-en-la-cadera-en-un-asilo-de-ancianos\/#breadcrumb","itemListElement":[{"@type":"ListItem","position":1,"name":"Nuestro \u00c9xito","item":"https:\/\/chicagoinjurylawyer.net\/es\/nuestro-exito\/"},{"@type":"ListItem","position":2,"name":"$125,000 Liquidaci\u00f3n Hogar De Ancianos Negligencia"}]},{"@type":"WebSite","@id":"https:\/\/chicagoinjurylawyer.net\/es\/#website","url":"https:\/\/chicagoinjurylawyer.net\/es\/","name":"Sexner Injury Lawyers LLC","description":"Chicago Personal Injury Attorneys","publisher":{"@id":"https:\/\/chicagoinjurylawyer.net\/es\/#organization"},"potentialAction":[{"@type":"SearchAction","target":{"@type":"EntryPoint","urlTemplate":"https:\/\/chicagoinjurylawyer.net\/es\/?s={search_term_string}"},"query-input":{"@type":"PropertyValueSpecification","valueRequired":true,"valueName":"search_term_string"}}],"inLanguage":"es"},{"@type":"Organization","@id":"https:\/\/chicagoinjurylawyer.net\/es\/#organization","name":"[firm-name]","url":"https:\/\/chicagoinjurylawyer.net\/es\/","logo":{"@type":"ImageObject","inLanguage":"es","@id":"https:\/\/chicagoinjurylawyer.net\/es\/#\/schema\/logo\/image\/","url":"https:\/\/chicagoinjurylawyer.net\/wp-content\/uploads\/2019\/06\/msx-logo-1.png","contentUrl":"https:\/\/chicagoinjurylawyer.net\/wp-content\/uploads\/2019\/06\/msx-logo-1.png","width":180,"height":83,"caption":"[firm-name]"},"image":{"@id":"https:\/\/chicagoinjurylawyer.net\/es\/#\/schema\/logo\/image\/"}}]}},"_links":{"self":[{"href":"https:\/\/chicagoinjurylawyer.net\/es\/wp-json\/wp\/v2\/pages\/8096","targetHints":{"allow":["GET"]}}],"collection":[{"href":"https:\/\/chicagoinjurylawyer.net\/es\/wp-json\/wp\/v2\/pages"}],"about":[{"href":"https:\/\/chicagoinjurylawyer.net\/es\/wp-json\/wp\/v2\/types\/page"}],"author":[{"embeddable":true,"href":"https:\/\/chicagoinjurylawyer.net\/es\/wp-json\/wp\/v2\/users\/1"}],"replies":[{"embeddable":true,"href":"https:\/\/chicagoinjurylawyer.net\/es\/wp-json\/wp\/v2\/comments?post=8096"}],"version-history":[{"count":6,"href":"https:\/\/chicagoinjurylawyer.net\/es\/wp-json\/wp\/v2\/pages\/8096\/revisions"}],"predecessor-version":[{"id":32627,"href":"https:\/\/chicagoinjurylawyer.net\/es\/wp-json\/wp\/v2\/pages\/8096\/revisions\/32627"}],"up":[{"embeddable":true,"href":"https:\/\/chicagoinjurylawyer.net\/es\/wp-json\/wp\/v2\/pages\/7785"}],"wp:attachment":[{"href":"https:\/\/chicagoinjurylawyer.net\/es\/wp-json\/wp\/v2\/media?parent=8096"}],"curies":[{"name":"wp","href":"https:\/\/api.w.org\/{rel}","templated":true}]}}