{"id":8100,"date":"2019-06-27T11:26:38","date_gmt":"2019-06-27T11:26:38","guid":{"rendered":"http:\/\/104.197.86.120\/?page_id=8100"},"modified":"2022-01-06T17:01:56","modified_gmt":"2022-01-06T23:01:56","slug":"accidentes-de-bicicletas","status":"publish","type":"page","link":"https:\/\/chicagoinjurylawyer.net\/es\/accidentes-de-bicicletas\/","title":{"rendered":"Los Accidentes De Bicicletas"},"content":{"rendered":"<h1>Los Mejores Abogados de Accidentes de Bicicleta de Chicago<\/h1>\n<h2>Representaci\u00f3n Legal para V\u00edctimas de Colisiones de Bicicletas<\/h2>\n<p><img decoding=\"async\" class=\"alignright wp-image-33033\" src=\"\/wp-content\/uploads\/2022\/01\/Los-Mejores-Abogados-de-Accidentes-de-Bicicleta-de-Chicago-300x200.jpg\" alt=\"Los Mejores Abogados de Accidentes de Bicicleta de Chicago\" width=\"400\" height=\"267\" srcset=\"https:\/\/chicagoinjurylawyer.net\/wp-content\/uploads\/2022\/01\/Los-Mejores-Abogados-de-Accidentes-de-Bicicleta-de-Chicago-300x200.jpg 300w, https:\/\/chicagoinjurylawyer.net\/wp-content\/uploads\/2022\/01\/Los-Mejores-Abogados-de-Accidentes-de-Bicicleta-de-Chicago-768x512.jpg 768w, https:\/\/chicagoinjurylawyer.net\/wp-content\/uploads\/2022\/01\/Los-Mejores-Abogados-de-Accidentes-de-Bicicleta-de-Chicago.jpg 1000w\" sizes=\"(max-width: 400px) 100vw, 400px\" \/>No hay duda al respecto: andar en bicicleta tiene muchos beneficios. Es excelente para su salud como forma de ejercicio, es una forma econ\u00f3mica de moverse y es ecol\u00f3gico, lo que le permite hacer su parte para preservar el medio ambiente. Por supuesto, ser ciclista tambi\u00e9n significa asumir un riesgo adicional. A menudo, los veh\u00edculos de motor no prestan toda la atenci\u00f3n en la carretera y pueden ocurrir lesiones personales. Aqu\u00ed es cuando puede necesitar <a href=\"\/es\/\">abogados de accidentes<\/a> de bicicleta en Chicago.<\/p>\n<p>Ya sea que se encuentre en Dupage o en el condado de Cook o en cualquier otro lugar de Illinois, necesita una representaci\u00f3n dedicada de un abogado que sepa c\u00f3mo manejar las compa\u00f1\u00edas de seguros y pueda garantizar que obtenga el acuerdo que se merece. Cuando se trata de abogados de accidentes de bicicletas en Chicago, no encontrar\u00e1 a nadie mejor equipado para representar sus necesidades que los abogados de Sexner Injury Lawyers LLC.<\/p>\n<p>Ll\u00e1menos ahora al (312) 243-9922 para una evaluaci\u00f3n gratuita de su caso.<\/p>\n<h2>La frecuencia de los Choques de Bicicletas<\/h2>\n<p>No hay duda de los muchos beneficios de andar en bicicleta, pero tiene riesgos inherentes. La Administraci\u00f3n Nacional de Seguridad del Tr\u00e1fico en las Carreteras informa que 48,000 ciclistas resultaron heridos y 743 ciclistas murieron en accidentes de tr\u00e1nsito en un a\u00f1o reciente en los EE. UU. Seg\u00fan los Centros para el Control y la Prevenci\u00f3n de Enfermedades, la mayor\u00eda de los <a href=\"\/es\/muerte-injusta\/\">accidentes de bicicletas fatales<\/a> ocurren en \u00e1reas urbanas sin intersecciones. y los hombres tienen m\u00e1s probabilidades de morir en accidentes de bicicleta que las mujeres. Las tasas m\u00e1s altas de mortalidad de ciclistas ocurren en los grupos de edad de 15 a 29 y de 45 a\u00f1os o m\u00e1s.<\/p>\n<p>Al comprender el peligro inherente de lesiones personales, debe asegurarse de tomar precauciones de seguridad siempre que conduzca. Sin embargo, en el caso de que se lesione en un accidente de bicicleta, lo \u00faltimo que desea es depositar toda su fe en una compa\u00f1\u00eda de seguros. En su lugar, querr\u00e1 buscar una representaci\u00f3n legal calificada y decidida. Aqu\u00ed es cuando los abogados de accidentes de bicicletas de Sexner Injury Lawyers LLC pueden ayudarlo.<\/p>\n<h2>Los Abogados de Sexner Injury Lawyers LLC<\/h2>\n<p>Con experiencia en el manejo de miles de casos de lesiones personales, no encontrar\u00e1 un equipo de abogados de accidentes de bicicleta m\u00e1s calificado en Chicago. En Sexner Injury Lawyers LLC, trabajamos incansablemente para asegurarnos de que no se convierta en una estad\u00edstica m\u00e1s. Orgullosos de apoyar los ideales de Active Transportation Alliance, una organizaci\u00f3n comprometida con hacer que las calles sean m\u00e1s seguras para ciclistas, peatones y otros viajeros \"activos\", nuestros abogados tienen inter\u00e9s en garantizar que usted est\u00e9 seguro en la carretera.<\/p>\n<p>Ya sea que est\u00e9 tratando de moverse en Arlington Heights o viajando por otra \u00e1rea del condado de Cook, el condado de Dupage o en cualquier otro lugar de Illinois, nuestros abogados con experiencia en accidentes de bicicletas trabajan para garantizar que obtenga el acuerdo que se merece. Si bien algunas lesiones pueden dejarlo fuera de servicio durante semanas, meses o afectar negativamente el resto de su vida, vale la pena perseguir todas las lesiones. Recuerde, con la representaci\u00f3n adecuada, no solo se defiende a s\u00ed mismo, sino que defiende los derechos y la seguridad de todos los ciclistas.<\/p>\n<h2>Causas de Accidentes de Bicicleta<\/h2>\n<p><img decoding=\"async\" class=\"alignright size-medium wp-image-33037\" src=\"\/wp-content\/uploads\/2022\/01\/Abogados-de-Accidentes-de-Bicicleta-de-Chicago-300x300.jpg\" alt=\"Abogados de Accidentes de Bicicleta de Chicago\" width=\"300\" height=\"300\" srcset=\"https:\/\/chicagoinjurylawyer.net\/wp-content\/uploads\/2022\/01\/Abogados-de-Accidentes-de-Bicicleta-de-Chicago-300x300.jpg 300w, https:\/\/chicagoinjurylawyer.net\/wp-content\/uploads\/2022\/01\/Abogados-de-Accidentes-de-Bicicleta-de-Chicago-150x150.jpg 150w, https:\/\/chicagoinjurylawyer.net\/wp-content\/uploads\/2022\/01\/Abogados-de-Accidentes-de-Bicicleta-de-Chicago-768x769.jpg 768w, https:\/\/chicagoinjurylawyer.net\/wp-content\/uploads\/2022\/01\/Abogados-de-Accidentes-de-Bicicleta-de-Chicago.jpg 800w\" sizes=\"(max-width: 300px) 100vw, 300px\" \/>En Sexner Injury Lawyers LLC, entendemos que muchos accidentes de bicicleta son causados por conductores negligentes. Seg\u00fan el Departamento de Transporte, andar en bicicleta es una forma de transporte de r\u00e1pido crecimiento en el estado de Illinois. Sin embargo, a medida que aumenta el n\u00famero de bicicletas, tambi\u00e9n aumentan los riesgos de accidentes de bicicleta.<\/p>\n<p>Ya sea que se trate de un conductor que retrocede hacia los ciclistas, los interrumpe en el tr\u00e1fico o viola su derecho de paso legal, las calles pueden seguir siendo un lugar peligroso. La realidad es que las bicicletas son menos visibles que los veh\u00edculos de pasajeros y los conductores a menudo no observan a un ciclista cuando se desplazan en el tr\u00e1fico. El Centro de Informaci\u00f3n para Peatones y Bicicletas informa que los accidentes de bicicletas representan aproximadamente el 2% de las muertes por accidentes de tr\u00e1nsito en el pa\u00eds.<\/p>\n<h2>Lesiones Personales por Accidentes de Bicicleta<\/h2>\n<p>Aparte de su casco, los ciclistas est\u00e1n desprotegidos en caso de colisi\u00f3n. Y, cuando se trata de un veh\u00edculo, que puede viajar a velocidades mucho m\u00e1s altas que su bicicleta, ese casco ofrece muy poca protecci\u00f3n. Esto conduce a muchos peligros potenciales para el ciclista medio. Pueden caer sobre el manillar en un choque y resultar gravemente heridos al aterrizar. Las lesiones comunes en bicicleta incluyen:<\/p>\n<ul>\n<li>Heridas en la cabeza<\/li>\n<li><a href=\"\/es\/lesiones-cerebrales-traumaticas\/\">Lesiones Cerebrales <\/a><\/li>\n<li>Lesiones faciales<\/li>\n<li>Heridas internas<\/li>\n<li><a href=\"\/es\/amputacion\/\">Amputaciones<\/a><\/li>\n<li>Erupci\u00f3n en la carretera<\/li>\n<li><a href=\"\/es\/lesiones-de-la-medula-espinal\/\">Lesiones de la m\u00e9dula espinal<\/a><\/li>\n<li><a href=\"\/es\/accidentes-de-trafico\/huesos-fracturados\/\">Huesos fracturados<\/a><\/li>\n<\/ul>\n<p>Ya sea que tenga la suerte de alejarse del accidente o no, puede ser dif\u00edcil para un ciclista navegar por el seguro y obtener la protecci\u00f3n y compensaci\u00f3n que se merecen despu\u00e9s de un accidente. Si ha resultado lesionado en un accidente de bicicleta como resultado de un conductor negligente, comun\u00edquese con un abogado de lesiones en Chicago de Sexner Injury Lawyers LLC para una consulta gratuita.<\/p>\n<h2>Preguntas Frecuentes<\/h2>\n<p>Si ha estado involucrado en un accidente de bicicleta en Chicago, una de sus primeras acciones debe ser contratar a un abogado calificado en accidentes de bicicleta. La compa\u00f1\u00eda de seguros del conductor del veh\u00edculo siempre intentar\u00e1 reducir el valor de su posible liquidaci\u00f3n, por lo que, si la compa\u00f1\u00eda de seguros del conductor se comunica con usted, le recomendamos encarecidamente que NO hable de sus lesiones sin contratar primero a un representante legal.<\/p>\n<p>En Sexner Injury Lawyers LLC, nuestros abogados proteger\u00e1n su derecho a la compensaci\u00f3n que se merece. Para ayudarlo, hemos proporcionado respuestas a algunas de nuestras preguntas m\u00e1s frecuentes sobre accidentes de bicicleta.<\/p>\n<h3>\u00bfPuedo Demandar al Conductor Que Me Golpe\u00f3?<\/h3>\n<p>Cuando la negligencia del conductor provoc\u00f3 el accidente de la bicicleta, tiene derecho a presentar una demanda o reclamar una indemnizaci\u00f3n por todos los da\u00f1os.<\/p>\n<h3>\u00bfQui\u00e9n M\u00e1s Podr\u00eda Ser Responsable del Accidente de Bicicleta?<\/h3>\n<p>Si una pieza o un producto defectuosos causaron el accidente, el fabricante podr\u00eda ser considerado responsable. Las agencias de la ciudad, el condado o el estado pueden tener la culpa si la carretera no se mantuvo adecuadamente o se considera insegura. Los mec\u00e1nicos, los talleres de reparaci\u00f3n, los propietarios descuidados y muchos otros tambi\u00e9n podr\u00edan asumir alguna responsabilidad por sus lesiones, seg\u00fan los hechos. Obtenga una evaluaci\u00f3n completa del caso de nuestra firma.<\/p>\n<h3>\u00bfQu\u00e9 Da\u00f1os Podr\u00e9 Recuperar?<\/h3>\n<p>Seg\u00fan la ley de Illinois, los ciclistas lesionados tienen derecho a obtener una compensaci\u00f3n por gastos m\u00e9dicos, salarios perdidos, dolor, sufrimiento y discapacidad. En ciertos casos, tambi\u00e9n puede ser posible perseguir da\u00f1os punitivos.<\/p>\n<img decoding=\"async\" class=\"aligncenter size-full wp-image-33035\" src=\"\/wp-content\/uploads\/2022\/01\/Abogados-de-Accidentes-de-Bicicleta.jpg\" alt=\"Abogados de Accidentes de Bicicleta\" width=\"1000\" height=\"667\" srcset=\"https:\/\/chicagoinjurylawyer.net\/wp-content\/uploads\/2022\/01\/Abogados-de-Accidentes-de-Bicicleta.jpg 1000w, https:\/\/chicagoinjurylawyer.net\/wp-content\/uploads\/2022\/01\/Abogados-de-Accidentes-de-Bicicleta-300x200.jpg 300w, https:\/\/chicagoinjurylawyer.net\/wp-content\/uploads\/2022\/01\/Abogados-de-Accidentes-de-Bicicleta-768x512.jpg 768w\" sizes=\"(max-width: 1000px) 100vw, 1000px\" \/>\n<h2>Sus Abogados de Accidentes de Bicicleta en Chicago<\/h2>\n<p>Nuestros abogados con experiencia en accidentes de bicicletas en Chicago est\u00e1n comprometidos a buscar la m\u00e1xima compensaci\u00f3n disponible bajo la ley para nuestros clientes. Tenemos las habilidades y los recursos para investigar a fondo su accidente, negociar un acuerdo completo y justo en su nombre y luchar por sus derechos en los tribunales. Lo representamos de la misma manera que lo har\u00edamos con su familia, trabajando para asegurarnos de que obtenga el apoyo legal que necesita.<\/p>\n<p>Si usted o un ser querido result\u00f3 herido en un accidente de bicicleta en Cook, Dupage o cualquier otro condado de Illinois o sus alrededores, recuerde que el apoyo est\u00e1 a solo una llamada de distancia. No espere a que las limitaciones de tiempo se apliquen a todos los accidentes. Comun\u00edquese con Sexner Injury Lawyers LLC para discutir su situaci\u00f3n y asegurarse de obtener la representaci\u00f3n que se merece. Ll\u00e1menos ahora al <a href=\"tel:3122439922\">(312) 243-9922<\/a> para comenzar hoy.<\/p>\n","protected":false},"excerpt":{"rendered":"<p>Los Mejores Abogados de Accidentes de Bicicleta de Chicago Representaci\u00f3n Legal para V\u00edctimas de Colisiones de Bicicletas No hay duda al respecto: andar en bicicleta tiene muchos beneficios. Es excelente para su salud como forma de ejercicio, es una forma econ\u00f3mica de moverse y es ecol\u00f3gico, lo que le permite hacer su parte para preservar [&hellip;]<\/p>\n","protected":false},"author":1,"featured_media":0,"parent":0,"menu_order":0,"comment_status":"closed","ping_status":"open","template":"","meta":{"_acf_changed":false,"footnotes":""},"class_list":["post-8100","page","type-page","status-publish","hentry"],"acf":[],"yoast_head":"<!-- This site is optimized with the Yoast SEO plugin v27.3 - https:\/\/yoast.com\/product\/yoast-seo-wordpress\/ -->\n<title>Chicago Bicicleta De Accidente De Lesiones Abogados - Sexner Injury Lawyers LLC<\/title>\n<meta name=\"description\" content=\"Si usted o un ser querido ha sido lesionado en un accidente de bicicleta, el equipo legal de Sexner Injury Lawyers LLC puede ayudar.\" \/>\n<meta name=\"robots\" content=\"index, follow, max-snippet:-1, max-image-preview:large, max-video-preview:-1\" \/>\n<link rel=\"canonical\" href=\"https:\/\/chicagoinjurylawyer.net\/es\/accidentes-de-bicicletas\/\" \/>\n<meta property=\"og:locale\" content=\"es_ES\" \/>\n<meta property=\"og:type\" content=\"article\" \/>\n<meta property=\"og:title\" content=\"Chicago Bicicleta De Accidente De Lesiones Abogados - Sexner Injury Lawyers LLC\" \/>\n<meta property=\"og:description\" content=\"Si usted o un ser querido ha sido lesionado en un accidente de bicicleta, el equipo legal de Sexner Injury Lawyers LLC puede ayudar.\" \/>\n<meta property=\"og:url\" content=\"https:\/\/chicagoinjurylawyer.net\/es\/accidentes-de-bicicletas\/\" \/>\n<meta property=\"og:site_name\" content=\"Sexner Injury Lawyers LLC\" \/>\n<meta property=\"article:modified_time\" content=\"2022-01-06T23:01:56+00:00\" \/>\n<meta property=\"og:image\" content=\"https:\/\/chicagoinjurylawyer.net\/wp-content\/uploads\/2022\/01\/Los-Mejores-Abogados-de-Accidentes-de-Bicicleta-de-Chicago-300x200.jpg\" \/>\n<meta name=\"twitter:card\" content=\"summary_large_image\" \/>\n<meta name=\"twitter:label1\" content=\"Tiempo de lectura\" \/>\n\t<meta name=\"twitter:data1\" content=\"7 minutos\" \/>\n<!-- \/ Yoast SEO plugin. -->","yoast_head_json":{"title":"Chicago Bicicleta De Accidente De Lesiones Abogados - Sexner Injury Lawyers LLC","description":"Si usted o un ser querido ha sido lesionado en un accidente de bicicleta, el equipo legal de Sexner Injury Lawyers LLC puede ayudar.","robots":{"index":"index","follow":"follow","max-snippet":"max-snippet:-1","max-image-preview":"max-image-preview:large","max-video-preview":"max-video-preview:-1"},"canonical":"https:\/\/chicagoinjurylawyer.net\/es\/accidentes-de-bicicletas\/","og_locale":"es_ES","og_type":"article","og_title":"Chicago Bicicleta De Accidente De Lesiones Abogados - Sexner Injury Lawyers LLC","og_description":"Si usted o un ser querido ha sido lesionado en un accidente de bicicleta, el equipo legal de Sexner Injury Lawyers LLC puede ayudar.","og_url":"https:\/\/chicagoinjurylawyer.net\/es\/accidentes-de-bicicletas\/","og_site_name":"Sexner Injury Lawyers LLC","article_modified_time":"2022-01-06T23:01:56+00:00","og_image":[{"url":"https:\/\/chicagoinjurylawyer.net\/wp-content\/uploads\/2022\/01\/Los-Mejores-Abogados-de-Accidentes-de-Bicicleta-de-Chicago-300x200.jpg","type":"","width":"","height":""}],"twitter_card":"summary_large_image","twitter_misc":{"Tiempo de lectura":"7 minutos"},"schema":{"@context":"https:\/\/schema.org","@graph":[{"@type":"WebPage","@id":"https:\/\/chicagoinjurylawyer.net\/es\/accidentes-de-bicicletas\/","url":"https:\/\/chicagoinjurylawyer.net\/es\/accidentes-de-bicicletas\/","name":"Chicago Bicicleta De Accidente De Lesiones Abogados - Sexner Injury Lawyers LLC","isPartOf":{"@id":"https:\/\/chicagoinjurylawyer.net\/es\/#website"},"datePublished":"2019-06-27T11:26:38+00:00","dateModified":"2022-01-06T23:01:56+00:00","description":"Si usted o un ser querido ha sido lesionado en un accidente de bicicleta, el equipo legal de [firm-name] puede ayudar.","inLanguage":"es","potentialAction":[{"@type":"ReadAction","target":["https:\/\/chicagoinjurylawyer.net\/es\/accidentes-de-bicicletas\/"]}]},{"@type":"WebSite","@id":"https:\/\/chicagoinjurylawyer.net\/es\/#website","url":"https:\/\/chicagoinjurylawyer.net\/es\/","name":"Sexner Injury Lawyers LLC","description":"Chicago Personal Injury Attorneys","publisher":{"@id":"https:\/\/chicagoinjurylawyer.net\/es\/#organization"},"potentialAction":[{"@type":"SearchAction","target":{"@type":"EntryPoint","urlTemplate":"https:\/\/chicagoinjurylawyer.net\/es\/?s={search_term_string}"},"query-input":{"@type":"PropertyValueSpecification","valueRequired":true,"valueName":"search_term_string"}}],"inLanguage":"es"},{"@type":"Organization","@id":"https:\/\/chicagoinjurylawyer.net\/es\/#organization","name":"[firm-name]","url":"https:\/\/chicagoinjurylawyer.net\/es\/","logo":{"@type":"ImageObject","inLanguage":"es","@id":"https:\/\/chicagoinjurylawyer.net\/es\/#\/schema\/logo\/image\/","url":"https:\/\/chicagoinjurylawyer.net\/wp-content\/uploads\/2019\/06\/msx-logo-1.png","contentUrl":"https:\/\/chicagoinjurylawyer.net\/wp-content\/uploads\/2019\/06\/msx-logo-1.png","width":180,"height":83,"caption":"[firm-name]"},"image":{"@id":"https:\/\/chicagoinjurylawyer.net\/es\/#\/schema\/logo\/image\/"}}]}},"_links":{"self":[{"href":"https:\/\/chicagoinjurylawyer.net\/es\/wp-json\/wp\/v2\/pages\/8100","targetHints":{"allow":["GET"]}}],"collection":[{"href":"https:\/\/chicagoinjurylawyer.net\/es\/wp-json\/wp\/v2\/pages"}],"about":[{"href":"https:\/\/chicagoinjurylawyer.net\/es\/wp-json\/wp\/v2\/types\/page"}],"author":[{"embeddable":true,"href":"https:\/\/chicagoinjurylawyer.net\/es\/wp-json\/wp\/v2\/users\/1"}],"replies":[{"embeddable":true,"href":"https:\/\/chicagoinjurylawyer.net\/es\/wp-json\/wp\/v2\/comments?post=8100"}],"version-history":[{"count":6,"href":"https:\/\/chicagoinjurylawyer.net\/es\/wp-json\/wp\/v2\/pages\/8100\/revisions"}],"predecessor-version":[{"id":33039,"href":"https:\/\/chicagoinjurylawyer.net\/es\/wp-json\/wp\/v2\/pages\/8100\/revisions\/33039"}],"wp:attachment":[{"href":"https:\/\/chicagoinjurylawyer.net\/es\/wp-json\/wp\/v2\/media?parent=8100"}],"curies":[{"name":"wp","href":"https:\/\/api.w.org\/{rel}","templated":true}]}}