{"id":8112,"date":"2019-06-27T11:28:49","date_gmt":"2019-06-27T11:28:49","guid":{"rendered":"http:\/\/104.197.86.120\/?page_id=8112"},"modified":"2022-01-05T15:26:51","modified_gmt":"2022-01-05T21:26:51","slug":"lesiones-en-las-piernas-en-accidente-de-auto","status":"publish","type":"page","link":"https:\/\/chicagoinjurylawyer.net\/es\/nuestro-exito\/lesiones-en-las-piernas-en-accidente-de-auto\/","title":{"rendered":"$300,000 Accidente De Tr\u00e1fico De Soluci\u00f3n"},"content":{"rendered":"<h1>$300,000 Accidente de Tr\u00e1fico de Soluci\u00f3n<\/h1>\n<h2>Lesiones En Las Piernas A Una Mujer Sufridas En Un Accidente De Auto<\/h2>\n<p>Mientras su auto estaba estacionado apropiadamente al costado de la calle en un suburbio de Chicago, nuestra cliente, parada frente a su veh\u00edculo, intentaba reiniciar la bater\u00eda, mientras sus tres ni\u00f1os estaban dentro. Luego, aparentemente salido de la nada y viajando a gran velocidad, un auto se estrell\u00f3 contra el veh\u00edculo de nuestra cliente y lo empuj\u00f3 contra sus piernas mientras ella se encontraba al frente. Sus hijos sufrieron heridas leves, pero la madre result\u00f3 gravemente herida, especialmente en las piernas. Cirug\u00edas y terapia extensa fueron necesarias para su recuperaci\u00f3n, a un alt\u00edsimo costo financiero. A nombre de ella y de los ni\u00f1os se entabl\u00f3 una demanda exigiendo una compensaci\u00f3n justa por las lesiones causadas. A pesar de que en un principio la <a href=\"\/es\/compensacion-de-trabajadores\/puedo-confiar-en-la-compania-de-seguros\/\">compa\u00f1\u00eda de seguros<\/a> se neg\u00f3 a ofrecer una soluci\u00f3n razonable, nuestros abogados finalmente prevalecieron y obtuvieron una indemnizaci\u00f3n por un monto de $300.000.<\/p>\n<h2>Determinaci\u00f3n de responsabilidades en un caso de lesi\u00f3n<\/h2>\n<p>En cualquier tipo\u00a0de caso de <a href=\"\/es\/\">lesiones personales<\/a>, incluido un <a href=\"\/es\/accidentes-de-trafico\/\">accidente automovil\u00edstico<\/a>, su abogado primero tiene que establecer dos puntos fundamentales a fin de obtener un resultado exitoso. El primero se conoce como la \"responsabilidad\", que se refiere b\u00e1sicamente a qui\u00e9n tuvo la culpa de la lesi\u00f3n. Se tiene que establecer como m\u00ednimo que la otra parte tuvo m\u00e1s culpa que usted.<\/p>\n<p>La mayor\u00eda de los estados se suscriben al est\u00e1ndar legal llamado \"falta comparativa\", que b\u00e1sicamente significa que cualquier indemnizaci\u00f3n monetaria que se otorgue puede reducirse en la medida en que usted tenga responsabilidad en el accidente. Por lo tanto, cuanto menor sea su contribuci\u00f3n al accidente, mayor ser\u00e1 la compensaci\u00f3n monetaria. Algunos estados, sin embargo, se suscriben al est\u00e1ndar llamado \"negligencia contributiva\", la cual puede eliminar por completo la indemnizaci\u00f3n si se considera que usted es parcialmente culpable.<\/p>\n<p>En cualquier caso, si se llega a establecer que usted tiene derecho a ser indemnizado por la otra parte o por la compa\u00f1\u00eda de seguros, entonces la siguiente pregunta es tambi\u00e9n fundamental: \u00bfc\u00f3mo se calcula el monto justo de compensaci\u00f3n a la v\u00edctima o a la familia de la v\u00edctima por la lesi\u00f3n o muerte ocurrida?<\/p>\n<h2>C\u00e1lculo de da\u00f1os en un caso de lesi\u00f3n<\/h2>\n<p>Si la propiedad de una persona (un autom\u00f3vil, por ejemplo) sufre da\u00f1os, es f\u00e1cil calcular el monto de los mismos. Uno puede, simplemente, acudir a varios talleres de reparaci\u00f3n de veh\u00edculos para que examinen el auto y proporcionen el costo de la reparaci\u00f3n. \u00bfPero qu\u00e9 sucede cuando hay que tomar en cuenta el cuerpo humano y la mente? \u00bfC\u00f3mo se puede determinar\u00a0el valor monetario de una lesi\u00f3n grave\u00a0o de una muerte? La respuesta es, por supuesto, no se puede.<\/p>\n<p>Sin embargo, cuando alguien es responsable de causar da\u00f1o a otra persona como consecuencia de sus acciones negligentes o imprudentes, aunque el dinero nunca puede compensar realmente la p\u00e9rdida de la salud o de la vida, \u00e9sta es la manera m\u00e1s cercana en que la ley puede tratar de hacer justicia. Algunos de los factores que son utilizados por un juez o un jurado para determinar el monto de indemnizaci\u00f3n justa incluyen:<\/p>\n<ul>\n<li>Gastos m\u00e9dicos pasados, presentes y futuros<\/li>\n<li>Evidencias fotogr\u00e1ficas de la lesi\u00f3n y \/ o el accidente<\/li>\n<li>Gastos funerarios (si el accidente tiene como\u00a0consecuencia la muerte)<\/li>\n<li>Costo de medicamentos<\/li>\n<li>P\u00e9rdida de oportunidades educativas<\/li>\n<li>Costos de investigaci\u00f3n y testigos que ofrecen su experiencia profesional en el caso<\/li>\n<li>Grado de dolor y sufrimiento<\/li>\n<li>Trastornos emocionales como el trastorno de estr\u00e9s postraum\u00e1tico conocido tambi\u00e9n como\u00a0<a href=\"https:\/\/www.ptsd.va.gov\/public\/PTSD-overview\/basics\/what-is-ptsd.asp\" target=\"_blank\" rel=\"noopener noreferrer\">PTSD<\/a>\u00a0por sus siglas en ingl\u00e9s<\/li>\n<li>Incapacidad para cuidar de uno mismo o realizar tareas dom\u00e9sticas<\/li>\n<li>P\u00e9rdida de la capacidad para tener relaciones sexuales<\/li>\n<li>Costos de contratar ayuda externa para realizar tareas debido a la discapacidad<\/li>\n<li>Desfiguraci\u00f3n o discapacidad permanente<\/li>\n<li>Incapacidad para trabajar o cambios en el potencial de ganancias futuras<\/li>\n<li>Tiempo perdido de trabajo debido a citas m\u00e9dicas o terapias<\/li>\n<li>P\u00e9rdida de las ganas de vivir<\/li>\n<\/ul>\n<p><a href=\"\/es\/\">Sexner Injury Lawyers LLC<\/a> ofrece la asistencia de nuestro experimentado<a href=\"\/es\/sobre-nosotros\/\"> equipo legal de<\/a> manera gratuita las <a href=\"\/es\/contactenos\/\">24 horas, as\u00ed que llame<\/a> al\u00a0<a href=\"tel:3122439922\">(312) 243-9922<\/a>\u00a0para conocer c\u00f3mo podemos ayudarle.<\/p>\n","protected":false},"excerpt":{"rendered":"<p>$300,000 Accidente de Tr\u00e1fico de Soluci\u00f3n Lesiones En Las Piernas A Una Mujer Sufridas En Un Accidente De Auto Mientras su auto estaba estacionado apropiadamente al costado de la calle en un suburbio de Chicago, nuestra cliente, parada frente a su veh\u00edculo, intentaba reiniciar la bater\u00eda, mientras sus tres ni\u00f1os estaban dentro. Luego, aparentemente salido [&hellip;]<\/p>\n","protected":false},"author":1,"featured_media":0,"parent":7785,"menu_order":0,"comment_status":"closed","ping_status":"open","template":"","meta":{"_acf_changed":false,"footnotes":""},"class_list":["post-8112","page","type-page","status-publish","hentry"],"acf":[],"yoast_head":"<!-- This site is optimized with the Yoast SEO plugin v27.4 - https:\/\/yoast.com\/product\/yoast-seo-wordpress\/ -->\n<title>$300,000 Accidente De Tr\u00e1fico De Soluci\u00f3n - Sexner Injury Lawyers LLC<\/title>\n<meta name=\"description\" content=\"Mientras su auto estaba estacionado apropiadamente al costado de la calle en un suburbio de Chicago, nuestra cliente, parada frente a su veh\u00edculo, intentaba reiniciar la bater\u00eda, mientras sus tres ni\u00f1os estaban dentro.\" \/>\n<meta name=\"robots\" content=\"index, follow, max-snippet:-1, max-image-preview:large, max-video-preview:-1\" \/>\n<link rel=\"canonical\" href=\"https:\/\/chicagoinjurylawyer.net\/es\/nuestro-exito\/lesiones-en-las-piernas-en-accidente-de-auto\/\" \/>\n<meta property=\"og:locale\" content=\"es_ES\" \/>\n<meta property=\"og:type\" content=\"article\" \/>\n<meta property=\"og:title\" content=\"$300,000 Accidente De Tr\u00e1fico De Soluci\u00f3n - Sexner Injury Lawyers LLC\" \/>\n<meta property=\"og:description\" content=\"Mientras su auto estaba estacionado apropiadamente al costado de la calle en un suburbio de Chicago, nuestra cliente, parada frente a su veh\u00edculo, intentaba reiniciar la bater\u00eda, mientras sus tres ni\u00f1os estaban dentro.\" \/>\n<meta property=\"og:url\" content=\"https:\/\/chicagoinjurylawyer.net\/es\/nuestro-exito\/lesiones-en-las-piernas-en-accidente-de-auto\/\" \/>\n<meta property=\"og:site_name\" content=\"Sexner Injury Lawyers LLC\" \/>\n<meta property=\"article:modified_time\" content=\"2022-01-05T21:26:51+00:00\" \/>\n<meta name=\"twitter:card\" content=\"summary_large_image\" \/>\n<meta name=\"twitter:label1\" content=\"Tiempo de lectura\" \/>\n\t<meta name=\"twitter:data1\" content=\"4 minutos\" \/>\n<!-- \/ Yoast SEO plugin. -->","yoast_head_json":{"title":"$300,000 Accidente De Tr\u00e1fico De Soluci\u00f3n - Sexner Injury Lawyers LLC","description":"Mientras su auto estaba estacionado apropiadamente al costado de la calle en un suburbio de Chicago, nuestra cliente, parada frente a su veh\u00edculo, intentaba reiniciar la bater\u00eda, mientras sus tres ni\u00f1os estaban dentro.","robots":{"index":"index","follow":"follow","max-snippet":"max-snippet:-1","max-image-preview":"max-image-preview:large","max-video-preview":"max-video-preview:-1"},"canonical":"https:\/\/chicagoinjurylawyer.net\/es\/nuestro-exito\/lesiones-en-las-piernas-en-accidente-de-auto\/","og_locale":"es_ES","og_type":"article","og_title":"$300,000 Accidente De Tr\u00e1fico De Soluci\u00f3n - Sexner Injury Lawyers LLC","og_description":"Mientras su auto estaba estacionado apropiadamente al costado de la calle en un suburbio de Chicago, nuestra cliente, parada frente a su veh\u00edculo, intentaba reiniciar la bater\u00eda, mientras sus tres ni\u00f1os estaban dentro.","og_url":"https:\/\/chicagoinjurylawyer.net\/es\/nuestro-exito\/lesiones-en-las-piernas-en-accidente-de-auto\/","og_site_name":"Sexner Injury Lawyers LLC","article_modified_time":"2022-01-05T21:26:51+00:00","twitter_card":"summary_large_image","twitter_misc":{"Tiempo de lectura":"4 minutos"},"schema":{"@context":"https:\/\/schema.org","@graph":[{"@type":"WebPage","@id":"https:\/\/chicagoinjurylawyer.net\/es\/nuestro-exito\/lesiones-en-las-piernas-en-accidente-de-auto\/","url":"https:\/\/chicagoinjurylawyer.net\/es\/nuestro-exito\/lesiones-en-las-piernas-en-accidente-de-auto\/","name":"$300,000 Accidente De Tr\u00e1fico De Soluci\u00f3n - Sexner Injury Lawyers LLC","isPartOf":{"@id":"https:\/\/chicagoinjurylawyer.net\/es\/#website"},"datePublished":"2019-06-27T11:28:49+00:00","dateModified":"2022-01-05T21:26:51+00:00","description":"Mientras su auto estaba estacionado apropiadamente al costado de la calle en un suburbio de Chicago, nuestra cliente, parada frente a su veh\u00edculo, intentaba reiniciar la bater\u00eda, mientras sus tres ni\u00f1os estaban dentro.","breadcrumb":{"@id":"https:\/\/chicagoinjurylawyer.net\/es\/nuestro-exito\/lesiones-en-las-piernas-en-accidente-de-auto\/#breadcrumb"},"inLanguage":"es","potentialAction":[{"@type":"ReadAction","target":["https:\/\/chicagoinjurylawyer.net\/es\/nuestro-exito\/lesiones-en-las-piernas-en-accidente-de-auto\/"]}]},{"@type":"BreadcrumbList","@id":"https:\/\/chicagoinjurylawyer.net\/es\/nuestro-exito\/lesiones-en-las-piernas-en-accidente-de-auto\/#breadcrumb","itemListElement":[{"@type":"ListItem","position":1,"name":"Nuestro \u00c9xito","item":"https:\/\/chicagoinjurylawyer.net\/es\/nuestro-exito\/"},{"@type":"ListItem","position":2,"name":"$300,000 Accidente De Tr\u00e1fico De Soluci\u00f3n"}]},{"@type":"WebSite","@id":"https:\/\/chicagoinjurylawyer.net\/es\/#website","url":"https:\/\/chicagoinjurylawyer.net\/es\/","name":"Sexner Injury Lawyers LLC","description":"Chicago Personal Injury Attorneys","publisher":{"@id":"https:\/\/chicagoinjurylawyer.net\/es\/#organization"},"potentialAction":[{"@type":"SearchAction","target":{"@type":"EntryPoint","urlTemplate":"https:\/\/chicagoinjurylawyer.net\/es\/?s={search_term_string}"},"query-input":{"@type":"PropertyValueSpecification","valueRequired":true,"valueName":"search_term_string"}}],"inLanguage":"es"},{"@type":"Organization","@id":"https:\/\/chicagoinjurylawyer.net\/es\/#organization","name":"[firm-name]","url":"https:\/\/chicagoinjurylawyer.net\/es\/","logo":{"@type":"ImageObject","inLanguage":"es","@id":"https:\/\/chicagoinjurylawyer.net\/es\/#\/schema\/logo\/image\/","url":"https:\/\/chicagoinjurylawyer.net\/wp-content\/uploads\/2019\/06\/msx-logo-1.png","contentUrl":"https:\/\/chicagoinjurylawyer.net\/wp-content\/uploads\/2019\/06\/msx-logo-1.png","width":180,"height":83,"caption":"[firm-name]"},"image":{"@id":"https:\/\/chicagoinjurylawyer.net\/es\/#\/schema\/logo\/image\/"}}]}},"_links":{"self":[{"href":"https:\/\/chicagoinjurylawyer.net\/es\/wp-json\/wp\/v2\/pages\/8112","targetHints":{"allow":["GET"]}}],"collection":[{"href":"https:\/\/chicagoinjurylawyer.net\/es\/wp-json\/wp\/v2\/pages"}],"about":[{"href":"https:\/\/chicagoinjurylawyer.net\/es\/wp-json\/wp\/v2\/types\/page"}],"author":[{"embeddable":true,"href":"https:\/\/chicagoinjurylawyer.net\/es\/wp-json\/wp\/v2\/users\/1"}],"replies":[{"embeddable":true,"href":"https:\/\/chicagoinjurylawyer.net\/es\/wp-json\/wp\/v2\/comments?post=8112"}],"version-history":[{"count":5,"href":"https:\/\/chicagoinjurylawyer.net\/es\/wp-json\/wp\/v2\/pages\/8112\/revisions"}],"predecessor-version":[{"id":32622,"href":"https:\/\/chicagoinjurylawyer.net\/es\/wp-json\/wp\/v2\/pages\/8112\/revisions\/32622"}],"up":[{"embeddable":true,"href":"https:\/\/chicagoinjurylawyer.net\/es\/wp-json\/wp\/v2\/pages\/7785"}],"wp:attachment":[{"href":"https:\/\/chicagoinjurylawyer.net\/es\/wp-json\/wp\/v2\/media?parent=8112"}],"curies":[{"name":"wp","href":"https:\/\/api.w.org\/{rel}","templated":true}]}}