{"id":8118,"date":"2019-06-27T11:31:19","date_gmt":"2019-06-27T11:31:19","guid":{"rendered":"http:\/\/104.197.86.120\/?page_id=8118"},"modified":"2021-12-06T16:24:23","modified_gmt":"2021-12-06T22:24:23","slug":"caer-de-una-escalera","status":"publish","type":"page","link":"https:\/\/chicagoinjurylawyer.net\/es\/nuestro-exito\/caer-de-una-escalera\/","title":{"rendered":"$3 Millones En Liquidaci\u00f3n De Compensaci\u00f3n A Trabajadores"},"content":{"rendered":"<h1>$3 Millones En Liquidaci\u00f3n De Compensaci\u00f3n A Trabajadores<\/h1>\n<h2>Trabajador Del Hierro Que Se Cay\u00f3 De La Escalera Sufri\u00f3 M\u00faltiples Fracturas<\/h2>\n<p>La demanda se present\u00f3 a nombre de un trabajador metal\u00fargico miembro de un sindicado que sufri\u00f3 una ca\u00edda de una escalera de 40 pies de largo cuando estaba instalando ventanas en un segundo piso. Mientras hac\u00eda su trabajo, la escalera se desliz\u00f3 por debajo de \u00e9l y el trabajador cay\u00f3 sobre una rampa de descarga de bloques de hormig\u00f3n y luego cay\u00f3 al suelo. El caso incluy\u00f3 dos partes, una demanda de compensaci\u00f3n laboral y una demanda a terceros alegando que las condiciones negligentes de construcci\u00f3n ocasionaron el devastador accidente. Como resultado de la ca\u00edda el trabajador sufri\u00f3 una embolia pulmonar, una fractura de f\u00e9mur y otros problemas que requirieron tratamiento m\u00e9dico. A nombre de nuestro cliente lesionado, los abogados llegaron a un acuerdo de indemnizaci\u00f3n laboral por un monto de $266.000 y a un acuerdo por demanda a terceros por un monto de $2.750.000, es decir una cantidad total superior a los $3.000.000.<\/p>\n<h2>Acerca de las lesiones y ca\u00eddas de escaleras<\/h2>\n<p>Seg\u00fan el Centro Para el Control de Enfermedades (CDC por sus siglas en ingl\u00e9s), el 43% de todas las ca\u00eddas fatales en los \u00faltimos diez a\u00f1os han involucrado una escalera y el 81% de todas las ca\u00eddas tratadas en salas de emergencia, vinculadas con el trabajo de construcci\u00f3n, tambi\u00e9n est\u00e1n relacionadas con escaleras. De hecho, en los \u00faltimos tiempos, m\u00e1s de dos millones de personas resultaron heridas, es decir, aproximadamente 136.000 personas por a\u00f1o, tal y como lo reporta la revista cient\u00edfica American Journal of Preventative Medicine.<\/p>\n<p>Claramente, las escaleras pueden ser peligrosas bajo ciertas circunstancias, pero en general, tales accidentes a menudo se deben a 1) no usar la escalera correcta para el trabajo dado, 2) escaleras rotas o en mal estado, o 3) uso incorrecto de las mismas. Como en el caso de la demanda detallada anteriormente, otra posible causa es que el entorno de trabajo, el terreno o las limitaciones del lugar de construcci\u00f3n creen las condiciones en las que el uso adecuado de la escalera es peligroso o imposible.<\/p>\n<h2>Sugerencias comunes para prevenir accidentes de ca\u00eddas:<\/h2>\n<ul>\n<li>Mantener el cuerpo recto mientras trabaja<\/li>\n<li>Mantener una mano en el riel lateral en todo momento<\/li>\n<li>No intentar cambiar la posici\u00f3n de la escalera mientras est\u00e1 subido en la misma<\/li>\n<li>Moverse con cuidado y prestar atenci\u00f3n al subir o bajar<\/li>\n<li>Mantenerse en el centro en la escalera<\/li>\n<li>Evitar inclinarse hacia un lado o tratar de alcanzar algo que est\u00e9 lejos<\/li>\n<li>No exceder la altura m\u00e1xima del \u00faltimo pelda\u00f1o permitido<\/li>\n<\/ul>\n<h2>Demandas relacionadas con andamios y escaleras<\/h2>\n<p>Cuando alguien sufre una ca\u00edda de una escalera o de un andamio, \u00e9sta puede ser de solamente unos pocos pies o de decenas o incluso cientos de pies de altura, lo que puede ocasionar lesiones y traumas permanentes o la muerte misma.<\/p>\n<p>Especialmente en el caso de accidentes en el trabajo, ya sea en el entorno de la construcci\u00f3n o en otras situaciones relacionadas a la compensaci\u00f3n laboral, un abogado experimentado se ocupar\u00e1 inmediatamente de preservar la escalera o el andamio para evitar su destrucci\u00f3n o manipulaci\u00f3n, y tomar fotos o videos de la escena del accidente para usarlos en un futuro juicio. Algunas veces se debe pedir a la corte una orden de emergencia de protecci\u00f3n o custodia con el fin de evitar que el empleador u otras personas manipulen la evidencia. Esto es muy importante.<\/p>\n<p>El abogado tambi\u00e9n comenzar\u00e1 de forma inmediata a identificar a las partes involucradas que puedan ser legalmente responsables por las lesiones que resulten. La demanda puede incluir cualquiera o todas las siguientes partes involucradas, incluida la empresa de andamios, el fabricante de escaleras, compa\u00f1eros de trabajo, contratistas de obra, subcontratistas, propietarios de edificios u otros. Como los plazos de prescripci\u00f3n (l\u00edmites de tiempo) se aplican a todos los casos de lesiones, las personas o empresas involucradas deben ser nombradas de manera adecuada en los documentos de la demanda a fin de que dichas partes sean consideradas dentro del caso y responsabilizadas. Desde 1990, <a href=\"\/es\/\">Sexner Injury Lawyers LLC<\/a> ha brindado ayuda a aquellas personas perjudicadas por la negligencia de otros. Nos pueden <a href=\"\/es\/contactenos\/\">contactar para una consulta gratuita<\/a> al\u00a0(312) 243-9922.<\/p>\n","protected":false},"excerpt":{"rendered":"<p>$3 Millones En Liquidaci\u00f3n De Compensaci\u00f3n A Trabajadores Trabajador Del Hierro Que Se Cay\u00f3 De La Escalera Sufri\u00f3 M\u00faltiples Fracturas La demanda se present\u00f3 a nombre de un trabajador metal\u00fargico miembro de un sindicado que sufri\u00f3 una ca\u00edda de una escalera de 40 pies de largo cuando estaba instalando ventanas en un segundo piso. Mientras [&hellip;]<\/p>\n","protected":false},"author":1,"featured_media":0,"parent":7785,"menu_order":0,"comment_status":"closed","ping_status":"open","template":"","meta":{"_acf_changed":false,"footnotes":""},"class_list":["post-8118","page","type-page","status-publish","hentry"],"acf":[],"yoast_head":"<!-- This site is optimized with the Yoast SEO plugin v27.3 - https:\/\/yoast.com\/product\/yoast-seo-wordpress\/ -->\n<title>$3 Millones En Liquidaci\u00f3n De Compensaci\u00f3n A Trabajadores - Sexner Injury Lawyers LLC<\/title>\n<meta name=\"description\" content=\"El abogado tambi\u00e9n comenzar\u00e1 de forma inmediata a identificar a las partes involucradas que puedan ser legalmente responsables por las lesiones que resulten.\" \/>\n<meta name=\"robots\" content=\"index, follow, max-snippet:-1, max-image-preview:large, max-video-preview:-1\" \/>\n<link rel=\"canonical\" href=\"https:\/\/chicagoinjurylawyer.net\/es\/nuestro-exito\/caer-de-una-escalera\/\" \/>\n<meta property=\"og:locale\" content=\"es_ES\" \/>\n<meta property=\"og:type\" content=\"article\" \/>\n<meta property=\"og:title\" content=\"$3 Millones En Liquidaci\u00f3n De Compensaci\u00f3n A Trabajadores - Sexner Injury Lawyers LLC\" \/>\n<meta property=\"og:description\" content=\"El abogado tambi\u00e9n comenzar\u00e1 de forma inmediata a identificar a las partes involucradas que puedan ser legalmente responsables por las lesiones que resulten.\" \/>\n<meta property=\"og:url\" content=\"https:\/\/chicagoinjurylawyer.net\/es\/nuestro-exito\/caer-de-una-escalera\/\" \/>\n<meta property=\"og:site_name\" content=\"Sexner Injury Lawyers LLC\" \/>\n<meta property=\"article:modified_time\" content=\"2021-12-06T22:24:23+00:00\" \/>\n<meta name=\"twitter:card\" content=\"summary_large_image\" \/>\n<meta name=\"twitter:label1\" content=\"Tiempo de lectura\" \/>\n\t<meta name=\"twitter:data1\" content=\"4 minutos\" \/>\n<!-- \/ Yoast SEO plugin. -->","yoast_head_json":{"title":"$3 Millones En Liquidaci\u00f3n De Compensaci\u00f3n A Trabajadores - Sexner Injury Lawyers LLC","description":"El abogado tambi\u00e9n comenzar\u00e1 de forma inmediata a identificar a las partes involucradas que puedan ser legalmente responsables por las lesiones que resulten.","robots":{"index":"index","follow":"follow","max-snippet":"max-snippet:-1","max-image-preview":"max-image-preview:large","max-video-preview":"max-video-preview:-1"},"canonical":"https:\/\/chicagoinjurylawyer.net\/es\/nuestro-exito\/caer-de-una-escalera\/","og_locale":"es_ES","og_type":"article","og_title":"$3 Millones En Liquidaci\u00f3n De Compensaci\u00f3n A Trabajadores - Sexner Injury Lawyers LLC","og_description":"El abogado tambi\u00e9n comenzar\u00e1 de forma inmediata a identificar a las partes involucradas que puedan ser legalmente responsables por las lesiones que resulten.","og_url":"https:\/\/chicagoinjurylawyer.net\/es\/nuestro-exito\/caer-de-una-escalera\/","og_site_name":"Sexner Injury Lawyers LLC","article_modified_time":"2021-12-06T22:24:23+00:00","twitter_card":"summary_large_image","twitter_misc":{"Tiempo de lectura":"4 minutos"},"schema":{"@context":"https:\/\/schema.org","@graph":[{"@type":"WebPage","@id":"https:\/\/chicagoinjurylawyer.net\/es\/nuestro-exito\/caer-de-una-escalera\/","url":"https:\/\/chicagoinjurylawyer.net\/es\/nuestro-exito\/caer-de-una-escalera\/","name":"$3 Millones En Liquidaci\u00f3n De Compensaci\u00f3n A Trabajadores - Sexner Injury Lawyers LLC","isPartOf":{"@id":"https:\/\/chicagoinjurylawyer.net\/es\/#website"},"datePublished":"2019-06-27T11:31:19+00:00","dateModified":"2021-12-06T22:24:23+00:00","description":"El abogado tambi\u00e9n comenzar\u00e1 de forma inmediata a identificar a las partes involucradas que puedan ser legalmente responsables por las lesiones que resulten.","breadcrumb":{"@id":"https:\/\/chicagoinjurylawyer.net\/es\/nuestro-exito\/caer-de-una-escalera\/#breadcrumb"},"inLanguage":"es","potentialAction":[{"@type":"ReadAction","target":["https:\/\/chicagoinjurylawyer.net\/es\/nuestro-exito\/caer-de-una-escalera\/"]}]},{"@type":"BreadcrumbList","@id":"https:\/\/chicagoinjurylawyer.net\/es\/nuestro-exito\/caer-de-una-escalera\/#breadcrumb","itemListElement":[{"@type":"ListItem","position":1,"name":"Nuestro \u00c9xito","item":"https:\/\/chicagoinjurylawyer.net\/es\/nuestro-exito\/"},{"@type":"ListItem","position":2,"name":"$3 Millones En Liquidaci\u00f3n De Compensaci\u00f3n A Trabajadores"}]},{"@type":"WebSite","@id":"https:\/\/chicagoinjurylawyer.net\/es\/#website","url":"https:\/\/chicagoinjurylawyer.net\/es\/","name":"Sexner Injury Lawyers LLC","description":"Chicago Personal Injury Attorneys","publisher":{"@id":"https:\/\/chicagoinjurylawyer.net\/es\/#organization"},"potentialAction":[{"@type":"SearchAction","target":{"@type":"EntryPoint","urlTemplate":"https:\/\/chicagoinjurylawyer.net\/es\/?s={search_term_string}"},"query-input":{"@type":"PropertyValueSpecification","valueRequired":true,"valueName":"search_term_string"}}],"inLanguage":"es"},{"@type":"Organization","@id":"https:\/\/chicagoinjurylawyer.net\/es\/#organization","name":"[firm-name]","url":"https:\/\/chicagoinjurylawyer.net\/es\/","logo":{"@type":"ImageObject","inLanguage":"es","@id":"https:\/\/chicagoinjurylawyer.net\/es\/#\/schema\/logo\/image\/","url":"https:\/\/chicagoinjurylawyer.net\/wp-content\/uploads\/2019\/06\/msx-logo-1.png","contentUrl":"https:\/\/chicagoinjurylawyer.net\/wp-content\/uploads\/2019\/06\/msx-logo-1.png","width":180,"height":83,"caption":"[firm-name]"},"image":{"@id":"https:\/\/chicagoinjurylawyer.net\/es\/#\/schema\/logo\/image\/"}}]}},"_links":{"self":[{"href":"https:\/\/chicagoinjurylawyer.net\/es\/wp-json\/wp\/v2\/pages\/8118","targetHints":{"allow":["GET"]}}],"collection":[{"href":"https:\/\/chicagoinjurylawyer.net\/es\/wp-json\/wp\/v2\/pages"}],"about":[{"href":"https:\/\/chicagoinjurylawyer.net\/es\/wp-json\/wp\/v2\/types\/page"}],"author":[{"embeddable":true,"href":"https:\/\/chicagoinjurylawyer.net\/es\/wp-json\/wp\/v2\/users\/1"}],"replies":[{"embeddable":true,"href":"https:\/\/chicagoinjurylawyer.net\/es\/wp-json\/wp\/v2\/comments?post=8118"}],"version-history":[{"count":4,"href":"https:\/\/chicagoinjurylawyer.net\/es\/wp-json\/wp\/v2\/pages\/8118\/revisions"}],"predecessor-version":[{"id":32634,"href":"https:\/\/chicagoinjurylawyer.net\/es\/wp-json\/wp\/v2\/pages\/8118\/revisions\/32634"}],"up":[{"embeddable":true,"href":"https:\/\/chicagoinjurylawyer.net\/es\/wp-json\/wp\/v2\/pages\/7785"}],"wp:attachment":[{"href":"https:\/\/chicagoinjurylawyer.net\/es\/wp-json\/wp\/v2\/media?parent=8118"}],"curies":[{"name":"wp","href":"https:\/\/api.w.org\/{rel}","templated":true}]}}