{"id":8122,"date":"2019-06-27T11:33:16","date_gmt":"2019-06-27T11:33:16","guid":{"rendered":"http:\/\/104.197.86.120\/?page_id=8122"},"modified":"2021-12-06T15:29:57","modified_gmt":"2021-12-06T21:29:57","slug":"abuso-sexual-en-hospital","status":"publish","type":"page","link":"https:\/\/chicagoinjurylawyer.net\/es\/nuestro-exito\/abuso-sexual-en-hospital\/","title":{"rendered":"$350,000 Liquidaci\u00f3n Abuso Sexual"},"content":{"rendered":"<h1>$350,000 Liquidaci\u00f3n Abuso Sexual<\/h1>\n<h2>Menor Que Fue Asaltado Sexualmente En Un Hospital<\/h2>\n<p>Mientras estaba siendo atendida en un centro m\u00e9dico que supuestamente era seguro, una ni\u00f1a fue abusada sexualmente por un paciente de mayor edad. Como resultado la menor sufri\u00f3 un trauma f\u00edsico y emocional permanente, y su familia tuvo que incurrir en gastos econ\u00f3micos significativos en su esfuerzo de recuperaci\u00f3n. Se entabl\u00f3 una demanda en nombre de la menor para ayudar a la ni\u00f1a y a su familia a sobrellevar los efectos psiqui\u00e1tricos y f\u00edsicos del ataque y proporcionarles apoyo financiero.<\/p>\n<p>Nuestra demanda aleg\u00f3 que el centro m\u00e9dico no proporcion\u00f3 un entorno seguro para el tratamiento de la paciente. Despu\u00e9s de dif\u00edciles negociaciones con los abogados del centro y su aseguradora, pudimos llegar a un acuerdo justo por la cantidad de $350.000 y adem\u00e1s pudimos poner la mayor parte de ese dinero en una cuenta de fideicomiso para que la ni\u00f1a tuviera acceso a esta ayuda econ\u00f3mica en el futuro.<\/p>\n<h2>La violaci\u00f3n de la confianza y la autoridad<\/h2>\n<p>Una agresi\u00f3n sexual puede ocurrir bajo cualquier circunstancia; seg\u00fan algunas estad\u00edsticas, una persona es abusada cada\u00a0<a href=\"https:\/\/www.huffpost.com\/entry\/sexual-assault-statistics_n_58e24c14e4b0c777f788d24f\" target=\"_blank\" rel=\"noopener noreferrer\">98 segundos<\/a>. El agresor puede ser alguien completamente desconocido por la v\u00edctima, y cuando es arrestado, puede ser acusado y procesado de acuerdo a las leyes de abuso sexual, como las de Illinois. En otros casos el agresor puede ser una persona conocida por la v\u00edctima y tener una posici\u00f3n de confianza o de autoridad. Ning\u00fan escenario es m\u00e1s o menos atroz que el otro, pero ciertamente son contextos diferentes. En cualquier situaci\u00f3n, se puede entablar una demanda en contra del abusador y buscar una indemnizaci\u00f3n econ\u00f3mica por los da\u00f1os sufridos.<\/p>\n<p>Cuando una persona est\u00e1 en una posici\u00f3n de autoridad o confianza en relaci\u00f3n a otra persona, existe una gran responsabilidad. El incumplimiento de esa responsabilidad es particularmente reprensible, ya sea porque la v\u00edctima ha depositado su confianza en esa persona o porque la v\u00edctima est\u00e1 en una posici\u00f3n en la que se siente incapaz de desafiar a dicha autoridad. Algunos ejemplos incluyen:<\/p>\n<ul>\n<li>Oficiales de polic\u00eda<\/li>\n<li>Doctores<\/li>\n<li>Padres adoptivos<\/li>\n<li>Entrenadores<\/li>\n<li>Profesores<\/li>\n<li>Empleados de hospitales<\/li>\n<li>Secerdotes y miembros del clero<\/li>\n<li>Consejeros<\/li>\n<li>Empleados de asilos de ancianos<\/li>\n<li>Psic\u00f3logos<\/li>\n<li>Empleados de guarder\u00edas<\/li>\n<li>Terapeutas<\/li>\n<li>Dirigentes scouts<\/li>\n<li>Empleados de centros psiqui\u00e1tricos<\/li>\n<\/ul>\n<h2>\u00bfQui\u00e9n puede ser demandado por agresi\u00f3n sexual?<\/h2>\n<p>Obviamente, todo agresor puede ser demandado por da\u00f1os de car\u00e1cter econ\u00f3mico. Sin embargo en la pr\u00e1ctica, las personas que cometen tales cr\u00edmenes contra v\u00edctimas vulnerables generalmente no tienen los recursos para pagar una indemnizaci\u00f3n y pueden ser sentenciadas a la c\u00e1rcel. A diferencia de otros casos que involucran <a href=\"\/es\/\">lesiones personales,<\/a> en general no existe ning\u00fan tipo de seguro al que se pueda acceder y que cubra tales circunstancias.<\/p>\n<p>Sin embargo, en muchas ocasiones, como se ejemplifica en el caso detallado anteriormente, existen otros entes responsables que tambi\u00e9n pueden ser demandados; estos entes s\u00ed tienen cobertura de seguro que puede ayudar a compensar a la v\u00edctima. Algunos ejemplos de responsables de tercer grado que pueden incluirse en este tipo de demandas son:<\/p>\n<ul>\n<li>Un empleador que no realiz\u00f3 la verificaci\u00f3n de antecedentes del agresor de manera adecuada<\/li>\n<li>Un empleador que no supervis\u00f3 adecuadamente la interacci\u00f3n entre el agresor y la v\u00edctima<\/li>\n<li>Cualquier persona que no protegi\u00f3 adecuadamente a la v\u00edctima que estaba bajo su responsabilidad<\/li>\n<li>Cualquier persona que puso a la v\u00edctima en una situaci\u00f3n insegura o inapropiada<\/li>\n<li>Una di\u00f3cesis o instituci\u00f3n del clero que no tom\u00f3 las medidas pertinentes contra un sacerdote del que conoce cometi\u00f3 abusos sexuales en el pasado<\/li>\n<li>Un asilo de ancianos\u00a0que no tom\u00f3 las precauciones necesarias para proteger a sus residentes<\/li>\n<li>Un centro psiqui\u00e1trico que no tom\u00f3 las medidas de separaci\u00f3n de pacientes internos peligrosos o agresivos<\/li>\n<li>Una\u00a0guarder\u00eda\u00a0que no verific\u00f3 adecuadamente los antecedentes penales de sus empleados<\/li>\n<\/ul>\n<p>Desde 1990, <a href=\"\/es\/\">Sexner Injury Lawyers LLC<\/a> ha ayudado a las personas m\u00e1s vulnerables de la sociedad a buscar justicia contra aquellos responsables de causarles da\u00f1o. Usted puede encontrar ayuda gratuita las 24 horas comunic\u00e1ndose al (312) 243-9922<\/p>\n","protected":false},"excerpt":{"rendered":"<p>$350,000 Liquidaci\u00f3n Abuso Sexual Menor Que Fue Asaltado Sexualmente En Un Hospital Mientras estaba siendo atendida en un centro m\u00e9dico que supuestamente era seguro, una ni\u00f1a fue abusada sexualmente por un paciente de mayor edad. Como resultado la menor sufri\u00f3 un trauma f\u00edsico y emocional permanente, y su familia tuvo que incurrir en gastos econ\u00f3micos [&hellip;]<\/p>\n","protected":false},"author":1,"featured_media":0,"parent":7785,"menu_order":0,"comment_status":"closed","ping_status":"open","template":"","meta":{"_acf_changed":false,"footnotes":""},"class_list":["post-8122","page","type-page","status-publish","hentry"],"acf":[],"yoast_head":"<!-- This site is optimized with the Yoast SEO plugin v27.4 - https:\/\/yoast.com\/product\/yoast-seo-wordpress\/ -->\n<title>$350,000 Liquidaci\u00f3n Abuso Sexual | Sexner Injury Lawyers LLC<\/title>\n<meta name=\"description\" content=\"Desde 1990, Sexner Injury Lawyers LLC ha ayudado a las personas m\u00e1s vulnerables de la sociedad a buscar justicia contra aquellos responsables de causarles da\u00f1o.\" \/>\n<meta name=\"robots\" content=\"index, follow, max-snippet:-1, max-image-preview:large, max-video-preview:-1\" \/>\n<link rel=\"canonical\" href=\"https:\/\/chicagoinjurylawyer.net\/es\/nuestro-exito\/abuso-sexual-en-hospital\/\" \/>\n<meta property=\"og:locale\" content=\"es_ES\" \/>\n<meta property=\"og:type\" content=\"article\" \/>\n<meta property=\"og:title\" content=\"$350,000 Liquidaci\u00f3n Abuso Sexual | Sexner Injury Lawyers LLC\" \/>\n<meta property=\"og:description\" content=\"Desde 1990, Sexner Injury Lawyers LLC ha ayudado a las personas m\u00e1s vulnerables de la sociedad a buscar justicia contra aquellos responsables de causarles da\u00f1o.\" \/>\n<meta property=\"og:url\" content=\"https:\/\/chicagoinjurylawyer.net\/es\/nuestro-exito\/abuso-sexual-en-hospital\/\" \/>\n<meta property=\"og:site_name\" content=\"Sexner Injury Lawyers LLC\" \/>\n<meta property=\"article:modified_time\" content=\"2021-12-06T21:29:57+00:00\" \/>\n<meta name=\"twitter:card\" content=\"summary_large_image\" \/>\n<meta name=\"twitter:label1\" content=\"Tiempo de lectura\" \/>\n\t<meta name=\"twitter:data1\" content=\"4 minutos\" \/>\n<!-- \/ Yoast SEO plugin. -->","yoast_head_json":{"title":"$350,000 Liquidaci\u00f3n Abuso Sexual | Sexner Injury Lawyers LLC","description":"Desde 1990, Sexner Injury Lawyers LLC ha ayudado a las personas m\u00e1s vulnerables de la sociedad a buscar justicia contra aquellos responsables de causarles da\u00f1o.","robots":{"index":"index","follow":"follow","max-snippet":"max-snippet:-1","max-image-preview":"max-image-preview:large","max-video-preview":"max-video-preview:-1"},"canonical":"https:\/\/chicagoinjurylawyer.net\/es\/nuestro-exito\/abuso-sexual-en-hospital\/","og_locale":"es_ES","og_type":"article","og_title":"$350,000 Liquidaci\u00f3n Abuso Sexual | Sexner Injury Lawyers LLC","og_description":"Desde 1990, Sexner Injury Lawyers LLC ha ayudado a las personas m\u00e1s vulnerables de la sociedad a buscar justicia contra aquellos responsables de causarles da\u00f1o.","og_url":"https:\/\/chicagoinjurylawyer.net\/es\/nuestro-exito\/abuso-sexual-en-hospital\/","og_site_name":"Sexner Injury Lawyers LLC","article_modified_time":"2021-12-06T21:29:57+00:00","twitter_card":"summary_large_image","twitter_misc":{"Tiempo de lectura":"4 minutos"},"schema":{"@context":"https:\/\/schema.org","@graph":[{"@type":"WebPage","@id":"https:\/\/chicagoinjurylawyer.net\/es\/nuestro-exito\/abuso-sexual-en-hospital\/","url":"https:\/\/chicagoinjurylawyer.net\/es\/nuestro-exito\/abuso-sexual-en-hospital\/","name":"$350,000 Liquidaci\u00f3n Abuso Sexual | [firm-name]","isPartOf":{"@id":"https:\/\/chicagoinjurylawyer.net\/es\/#website"},"datePublished":"2019-06-27T11:33:16+00:00","dateModified":"2021-12-06T21:29:57+00:00","description":"Desde 1990, [firm-name] ha ayudado a las personas m\u00e1s vulnerables de la sociedad a buscar justicia contra aquellos responsables de causarles da\u00f1o.","breadcrumb":{"@id":"https:\/\/chicagoinjurylawyer.net\/es\/nuestro-exito\/abuso-sexual-en-hospital\/#breadcrumb"},"inLanguage":"es","potentialAction":[{"@type":"ReadAction","target":["https:\/\/chicagoinjurylawyer.net\/es\/nuestro-exito\/abuso-sexual-en-hospital\/"]}]},{"@type":"BreadcrumbList","@id":"https:\/\/chicagoinjurylawyer.net\/es\/nuestro-exito\/abuso-sexual-en-hospital\/#breadcrumb","itemListElement":[{"@type":"ListItem","position":1,"name":"Nuestro \u00c9xito","item":"https:\/\/chicagoinjurylawyer.net\/es\/nuestro-exito\/"},{"@type":"ListItem","position":2,"name":"$350,000 Liquidaci\u00f3n Abuso Sexual"}]},{"@type":"WebSite","@id":"https:\/\/chicagoinjurylawyer.net\/es\/#website","url":"https:\/\/chicagoinjurylawyer.net\/es\/","name":"Sexner Injury Lawyers LLC","description":"Chicago Personal Injury Attorneys","publisher":{"@id":"https:\/\/chicagoinjurylawyer.net\/es\/#organization"},"potentialAction":[{"@type":"SearchAction","target":{"@type":"EntryPoint","urlTemplate":"https:\/\/chicagoinjurylawyer.net\/es\/?s={search_term_string}"},"query-input":{"@type":"PropertyValueSpecification","valueRequired":true,"valueName":"search_term_string"}}],"inLanguage":"es"},{"@type":"Organization","@id":"https:\/\/chicagoinjurylawyer.net\/es\/#organization","name":"[firm-name]","url":"https:\/\/chicagoinjurylawyer.net\/es\/","logo":{"@type":"ImageObject","inLanguage":"es","@id":"https:\/\/chicagoinjurylawyer.net\/es\/#\/schema\/logo\/image\/","url":"https:\/\/chicagoinjurylawyer.net\/wp-content\/uploads\/2019\/06\/msx-logo-1.png","contentUrl":"https:\/\/chicagoinjurylawyer.net\/wp-content\/uploads\/2019\/06\/msx-logo-1.png","width":180,"height":83,"caption":"[firm-name]"},"image":{"@id":"https:\/\/chicagoinjurylawyer.net\/es\/#\/schema\/logo\/image\/"}}]}},"_links":{"self":[{"href":"https:\/\/chicagoinjurylawyer.net\/es\/wp-json\/wp\/v2\/pages\/8122","targetHints":{"allow":["GET"]}}],"collection":[{"href":"https:\/\/chicagoinjurylawyer.net\/es\/wp-json\/wp\/v2\/pages"}],"about":[{"href":"https:\/\/chicagoinjurylawyer.net\/es\/wp-json\/wp\/v2\/types\/page"}],"author":[{"embeddable":true,"href":"https:\/\/chicagoinjurylawyer.net\/es\/wp-json\/wp\/v2\/users\/1"}],"replies":[{"embeddable":true,"href":"https:\/\/chicagoinjurylawyer.net\/es\/wp-json\/wp\/v2\/comments?post=8122"}],"version-history":[{"count":5,"href":"https:\/\/chicagoinjurylawyer.net\/es\/wp-json\/wp\/v2\/pages\/8122\/revisions"}],"predecessor-version":[{"id":32621,"href":"https:\/\/chicagoinjurylawyer.net\/es\/wp-json\/wp\/v2\/pages\/8122\/revisions\/32621"}],"up":[{"embeddable":true,"href":"https:\/\/chicagoinjurylawyer.net\/es\/wp-json\/wp\/v2\/pages\/7785"}],"wp:attachment":[{"href":"https:\/\/chicagoinjurylawyer.net\/es\/wp-json\/wp\/v2\/media?parent=8122"}],"curies":[{"name":"wp","href":"https:\/\/api.w.org\/{rel}","templated":true}]}}