{"id":8128,"date":"2019-06-27T11:35:04","date_gmt":"2019-06-27T11:35:04","guid":{"rendered":"http:\/\/104.197.86.120\/?page_id=8128"},"modified":"2021-12-06T16:59:46","modified_gmt":"2021-12-06T22:59:46","slug":"lesion-al-levantar-un-paquete-pesado","status":"publish","type":"page","link":"https:\/\/chicagoinjurylawyer.net\/es\/nuestro-exito\/lesion-al-levantar-un-paquete-pesado\/","title":{"rendered":"Soluci\u00f3n De Compensaci\u00f3n $104,000 Trabajadores"},"content":{"rendered":"<h1>Lesi\u00f3n al levantar un paquete pesado en el trabajo - Acuerdo de $104,000<\/h1>\n<p>Mientras levantaba un paquete pesado durante el curso de su empleo, este hombre se hiri\u00f3 el hombro y el LCA. Nuestro abogado present\u00f3 una reclamaci\u00f3n ante la Comisi\u00f3n de <a href=\"\/es\/compensacion-de-trabajadores\/\">Compensaci\u00f3n para Trabajadores<\/a> de Illinois y luego de largas negociaciones con el asegurador del empleador se pudo llegar a un acuerdo por $104,000 en beneficios de Compensaci\u00f3n para Trabajadores para nuestro cliente lesionado.<\/p>\n<h2>Trabajadores en riesgo de sufrir lesiones por levantar objetos pesados<\/h2>\n<p>De acuerdo con la Administraci\u00f3n de Seguridad y Salud Ocupacional (OSHA), levantar objetos pesados es una de las mayores causas de lesiones en el trabajo. En la vida cotidiana, las personas levantan objetos tanto en el hogar como en el lugar de trabajo todo el tiempo. Sin embargo, las lesiones por levantamiento pueden ocurrir por una variedad de razones, incluyendo levantamiento desde un \u00e1ngulo inadecuado, falta de levantamiento con las rodillas, esfuerzo excesivo, levantamiento repetido , falta de entrenamiento en t\u00e9cnicas adecuadas o falta de equipo adecuado. En el lugar de trabajo, algunos empleos tienen m\u00e1s probabilidades que otros de sufrir lesiones por levantamiento, como:<\/p>\n<ul>\n<li>Custodios, porteros y trabajadores de mantenimiento<\/li>\n<li>Paisajistas<\/li>\n<li>Personal de hospital<\/li>\n<li>Personal de almac\u00e9n<\/li>\n<li>Empleados de hogares de ancianos<\/li>\n<li>Trabajadores de f\u00e1brica<\/li>\n<li>Enfermeras<\/li>\n<li>UPS, FedEx y Dep\u00f3sito \/ Entrega de la oficina postal<\/li>\n<li>Trabajadores de la construcci\u00f3n<\/li>\n<li>Mudanzas de muebles<\/li>\n<li>Banqueteros<\/li>\n<li>Servidores de restaurante, meseros, camareras y personal de cocina.<\/li>\n<li>Trabajadores al por menor<\/li>\n<\/ul>\n<p>En otros tipos de empleos, como personal de oficina, es menos probable que un empleado sufra una lesi\u00f3n por levantamiento, ya que la descripci\u00f3n del empleo no implica levantar objetos pesados. Cuando ocurre una lesi\u00f3n, es m\u00e1s probable que incluya uno de los siguientes:<\/p>\n<ul>\n<li>M\u00fasculo: La parte inferior de la espalda es donde se concentra la mayor parte del estr\u00e9s al levantar objetos. Se pueden producir peque\u00f1os desgarros o torceduras en los m\u00fasculos, lo que los hacen menos efectivos y requieren alg\u00fan tiempo para repararse, o en casos m\u00e1s graves, un tend\u00f3n muscular puede desgarrarse o rasgarse completamente del hueso, lo que requiere una reparaci\u00f3n quir\u00fargica.<\/li>\n<li>Columna vertebral: Durante la elevaci\u00f3n, un disco en la columna vertebral puede herniarse, romperse o abultarse, lo cual resulta en presi\u00f3n contra un nervio e irradia dolor en la parte inferior del cuerpo y las piernas.<\/li>\n<li>Articulaci\u00f3n: Las articulaciones de los codos, las rodillas o los hombros pueden irritarse, tensarse o da\u00f1arse.<\/li>\n<\/ul>\n<h2>Evitar una lesi\u00f3n por elevaci\u00f3n<\/h2>\n<p>El potencial para tal lesi\u00f3n todav\u00eda existe y tales lesiones por levantamiento pueden ocurrir y ocurren casi en cualquier lugar. Ni siquiera es necesario que el objeto sea pesado y puede ser solo una caja de archivo o hasta papel de copia. Algunas t\u00e9cnicas ampliamente recomendadas para evitar el trauma incluyen:<\/p>\n<ul>\n<li>Mantener el objeto lo m\u00e1s cerca posible de su cuerpo y nivelado con la parte inferior de su est\u00f3mago.<\/li>\n<li>Mantener los pies separados al ancho de sus hombros y mantener un pie delante del otro.<\/li>\n<li>Para cambiar de direcci\u00f3n, d\u00e9 peque\u00f1os pasos con los pies, en lugar de girar el cuerpo.<\/li>\n<li>A medida que cambie de direcci\u00f3n, conduzca con las caderas.<\/li>\n<li>Mantenga sus hombros alineados con las caderas.<\/li>\n<li>Al levantar, ag\u00e1chese y doble las rodillas y las caderas solamente.<\/li>\n<li>Mantenga una buena postura, con la espalda recta, los hombros cuadrados, el pecho hacia fuera y mire directamente hacia adelante.<\/li>\n<li>Cuando se levante, mantenga la espalda recta y no tuerza su cuerpo.<\/li>\n<li>Al bajar el objeto, use solo las caderas y las rodillas para agacharse.<\/li>\n<\/ul>\n<p>Si se lesion\u00f3 en el trabajo y desea ayuda para determinar si tiene un caso de compensaci\u00f3n para trabajadores, <a href=\"\/es\/contactenos\/\">llame a Sexner Injury Lawyers LLC<\/a> al\u00a0(312) 243-9922. No se cobran tarifas a menos que tenga \u00e9xito.<\/p>\n","protected":false},"excerpt":{"rendered":"<p>Lesi\u00f3n al levantar un paquete pesado en el trabajo - Acuerdo de $104,000 Mientras levantaba un paquete pesado durante el curso de su empleo, este hombre se hiri\u00f3 el hombro y el LCA. Nuestro abogado present\u00f3 una reclamaci\u00f3n ante la Comisi\u00f3n de Compensaci\u00f3n para Trabajadores de Illinois y luego de largas negociaciones con el asegurador [&hellip;]<\/p>\n","protected":false},"author":1,"featured_media":0,"parent":7785,"menu_order":0,"comment_status":"closed","ping_status":"open","template":"","meta":{"_acf_changed":false,"footnotes":""},"class_list":["post-8128","page","type-page","status-publish","hentry"],"acf":[],"yoast_head":"<!-- This site is optimized with the Yoast SEO plugin v27.4 - https:\/\/yoast.com\/product\/yoast-seo-wordpress\/ -->\n<title>Soluci\u00f3n de Compensaci\u00f3n $104,000 Trabajadores - Sexner Injury Lawyers LLC<\/title>\n<meta name=\"description\" content=\"Mientras levantaba un paquete pesado durante el curso de su empleo, este hombre se hiri\u00f3 el hombro y el LCA.\" \/>\n<meta name=\"robots\" content=\"index, follow, max-snippet:-1, max-image-preview:large, max-video-preview:-1\" \/>\n<link rel=\"canonical\" href=\"https:\/\/chicagoinjurylawyer.net\/es\/nuestro-exito\/lesion-al-levantar-un-paquete-pesado\/\" \/>\n<meta property=\"og:locale\" content=\"es_ES\" \/>\n<meta property=\"og:type\" content=\"article\" \/>\n<meta property=\"og:title\" content=\"Soluci\u00f3n de Compensaci\u00f3n $104,000 Trabajadores - Sexner Injury Lawyers LLC\" \/>\n<meta property=\"og:description\" content=\"Mientras levantaba un paquete pesado durante el curso de su empleo, este hombre se hiri\u00f3 el hombro y el LCA.\" \/>\n<meta property=\"og:url\" content=\"https:\/\/chicagoinjurylawyer.net\/es\/nuestro-exito\/lesion-al-levantar-un-paquete-pesado\/\" \/>\n<meta property=\"og:site_name\" content=\"Sexner Injury Lawyers LLC\" \/>\n<meta property=\"article:modified_time\" content=\"2021-12-06T22:59:46+00:00\" \/>\n<meta name=\"twitter:card\" content=\"summary_large_image\" \/>\n<meta name=\"twitter:label1\" content=\"Tiempo de lectura\" \/>\n\t<meta name=\"twitter:data1\" content=\"3 minutos\" \/>\n<!-- \/ Yoast SEO plugin. -->","yoast_head_json":{"title":"Soluci\u00f3n de Compensaci\u00f3n $104,000 Trabajadores - Sexner Injury Lawyers LLC","description":"Mientras levantaba un paquete pesado durante el curso de su empleo, este hombre se hiri\u00f3 el hombro y el LCA.","robots":{"index":"index","follow":"follow","max-snippet":"max-snippet:-1","max-image-preview":"max-image-preview:large","max-video-preview":"max-video-preview:-1"},"canonical":"https:\/\/chicagoinjurylawyer.net\/es\/nuestro-exito\/lesion-al-levantar-un-paquete-pesado\/","og_locale":"es_ES","og_type":"article","og_title":"Soluci\u00f3n de Compensaci\u00f3n $104,000 Trabajadores - Sexner Injury Lawyers LLC","og_description":"Mientras levantaba un paquete pesado durante el curso de su empleo, este hombre se hiri\u00f3 el hombro y el LCA.","og_url":"https:\/\/chicagoinjurylawyer.net\/es\/nuestro-exito\/lesion-al-levantar-un-paquete-pesado\/","og_site_name":"Sexner Injury Lawyers LLC","article_modified_time":"2021-12-06T22:59:46+00:00","twitter_card":"summary_large_image","twitter_misc":{"Tiempo de lectura":"3 minutos"},"schema":{"@context":"https:\/\/schema.org","@graph":[{"@type":"WebPage","@id":"https:\/\/chicagoinjurylawyer.net\/es\/nuestro-exito\/lesion-al-levantar-un-paquete-pesado\/","url":"https:\/\/chicagoinjurylawyer.net\/es\/nuestro-exito\/lesion-al-levantar-un-paquete-pesado\/","name":"Soluci\u00f3n de Compensaci\u00f3n $104,000 Trabajadores - Sexner Injury Lawyers LLC","isPartOf":{"@id":"https:\/\/chicagoinjurylawyer.net\/es\/#website"},"datePublished":"2019-06-27T11:35:04+00:00","dateModified":"2021-12-06T22:59:46+00:00","description":"Mientras levantaba un paquete pesado durante el curso de su empleo, este hombre se hiri\u00f3 el hombro y el LCA.","breadcrumb":{"@id":"https:\/\/chicagoinjurylawyer.net\/es\/nuestro-exito\/lesion-al-levantar-un-paquete-pesado\/#breadcrumb"},"inLanguage":"es","potentialAction":[{"@type":"ReadAction","target":["https:\/\/chicagoinjurylawyer.net\/es\/nuestro-exito\/lesion-al-levantar-un-paquete-pesado\/"]}]},{"@type":"BreadcrumbList","@id":"https:\/\/chicagoinjurylawyer.net\/es\/nuestro-exito\/lesion-al-levantar-un-paquete-pesado\/#breadcrumb","itemListElement":[{"@type":"ListItem","position":1,"name":"Nuestro \u00c9xito","item":"https:\/\/chicagoinjurylawyer.net\/es\/nuestro-exito\/"},{"@type":"ListItem","position":2,"name":"Soluci\u00f3n De Compensaci\u00f3n $104,000 Trabajadores"}]},{"@type":"WebSite","@id":"https:\/\/chicagoinjurylawyer.net\/es\/#website","url":"https:\/\/chicagoinjurylawyer.net\/es\/","name":"Sexner Injury Lawyers LLC","description":"Chicago Personal Injury Attorneys","publisher":{"@id":"https:\/\/chicagoinjurylawyer.net\/es\/#organization"},"potentialAction":[{"@type":"SearchAction","target":{"@type":"EntryPoint","urlTemplate":"https:\/\/chicagoinjurylawyer.net\/es\/?s={search_term_string}"},"query-input":{"@type":"PropertyValueSpecification","valueRequired":true,"valueName":"search_term_string"}}],"inLanguage":"es"},{"@type":"Organization","@id":"https:\/\/chicagoinjurylawyer.net\/es\/#organization","name":"[firm-name]","url":"https:\/\/chicagoinjurylawyer.net\/es\/","logo":{"@type":"ImageObject","inLanguage":"es","@id":"https:\/\/chicagoinjurylawyer.net\/es\/#\/schema\/logo\/image\/","url":"https:\/\/chicagoinjurylawyer.net\/wp-content\/uploads\/2019\/06\/msx-logo-1.png","contentUrl":"https:\/\/chicagoinjurylawyer.net\/wp-content\/uploads\/2019\/06\/msx-logo-1.png","width":180,"height":83,"caption":"[firm-name]"},"image":{"@id":"https:\/\/chicagoinjurylawyer.net\/es\/#\/schema\/logo\/image\/"}}]}},"_links":{"self":[{"href":"https:\/\/chicagoinjurylawyer.net\/es\/wp-json\/wp\/v2\/pages\/8128","targetHints":{"allow":["GET"]}}],"collection":[{"href":"https:\/\/chicagoinjurylawyer.net\/es\/wp-json\/wp\/v2\/pages"}],"about":[{"href":"https:\/\/chicagoinjurylawyer.net\/es\/wp-json\/wp\/v2\/types\/page"}],"author":[{"embeddable":true,"href":"https:\/\/chicagoinjurylawyer.net\/es\/wp-json\/wp\/v2\/users\/1"}],"replies":[{"embeddable":true,"href":"https:\/\/chicagoinjurylawyer.net\/es\/wp-json\/wp\/v2\/comments?post=8128"}],"version-history":[{"count":4,"href":"https:\/\/chicagoinjurylawyer.net\/es\/wp-json\/wp\/v2\/pages\/8128\/revisions"}],"predecessor-version":[{"id":32643,"href":"https:\/\/chicagoinjurylawyer.net\/es\/wp-json\/wp\/v2\/pages\/8128\/revisions\/32643"}],"up":[{"embeddable":true,"href":"https:\/\/chicagoinjurylawyer.net\/es\/wp-json\/wp\/v2\/pages\/7785"}],"wp:attachment":[{"href":"https:\/\/chicagoinjurylawyer.net\/es\/wp-json\/wp\/v2\/media?parent=8128"}],"curies":[{"name":"wp","href":"https:\/\/api.w.org\/{rel}","templated":true}]}}