{"id":8131,"date":"2019-06-27T11:38:31","date_gmt":"2019-06-27T11:38:31","guid":{"rendered":"http:\/\/104.197.86.120\/?page_id=8131"},"modified":"2025-11-07T11:02:16","modified_gmt":"2025-11-07T17:02:16","slug":"colision-frontal","status":"publish","type":"page","link":"https:\/\/chicagoinjurylawyer.net\/es\/nuestro-exito\/colision-frontal\/","title":{"rendered":"$500,000 D\u00f3lares Accidente De Auto De Liquidaci\u00f3n"},"content":{"rendered":"<h1><strong>$500,000 Accidente Automovil\u00edstico en Chicago<\/strong><\/h1>\n<h2>Lesiones en la pelvis y la pierna en Chicago<\/h2>\n<p>Mientras conduc\u00eda su auto en Chicago, nuestra clienta sufri\u00f3 una grave colisi\u00f3n frontal con un polic\u00eda de Chicago fuera de servicio que cruz\u00f3 la mediana central hacia el tr\u00e1fico en sentido contrario y posteriormente fue acusada de conducir bajo los efectos del alcohol (<a href=\"https:\/\/sexner.com\/es\/abogados-en-dui-de-chicago-illinois\/\">DUI<\/a>). Nuestra clienta fue trasladada de inmediato en <a href=\"https:\/\/chicagoinjurylawyer.net\/es\/negligencia-medica\/errores-de-sala-emergencia\/\">ambulancia al hospital<\/a> debido a sus lesiones que pon\u00edan en peligro su vida. Al ingresar en urgencias, se determin\u00f3 que, adem\u00e1s de las muchas otras lesiones que sufri\u00f3, tambi\u00e9n sufri\u00f3 m\u00faltiples fracturas en la pelvis y la pierna.<\/p>\n<p>Durante los a\u00f1os siguientes, esta valiente mujer se vio sometida a numerosas cirug\u00edas, terapias intensivas y gastos m\u00e9dicos superiores a $150,000 mientras luchaba por recuperar su salud. Nos gratific\u00f3 poder negociar finalmente un acuerdo de medio mill\u00f3n de d\u00f3lares en su nombre. Este acuerdo represent\u00f3 el l\u00edmite m\u00e1ximo de la p\u00f3liza de seguro de la otra parte.<\/p>\n<h2>Determinando Qui\u00e9n Puede Ser Demandado en un Accidente Automovil\u00edstico<\/h2>\n<p>Los accidentes automovil\u00edsticos ocurren cientos de veces al d\u00eda en ciudades como Chicago, Quincy, Arlington Heights y en todos los lugares intermedios. En Illinois, la ley exige que los conductores mantengan al menos una cobertura m\u00ednima de seguro en sus veh\u00edculos, aunque lamentablemente muchas personas violan la ley y <a href=\"https:\/\/sexner.com\/es\/abogados-en-violaciones-de-trafico-en-chicago-illinois\/abogados-en-suspensiones-de-seguros-de-chicago-illinois\/\" target=\"_blank\" rel=\"noopener\">conducen sin seguro<\/a>. Si lo atropella una persona sin seguro, es posible que tenga pocas posibilidades de recuperar los da\u00f1os a menos que haya pagado lo que se conoce como cobertura para \"sin seguro o con seguro insuficiente\" en su propia p\u00f3liza.<\/p>\n<p>As\u00ed que, si la otra persona estuviera asegurada, presentar\u00eda una reclamaci\u00f3n contra su p\u00f3liza, pero si no estuviera asegurada, podr\u00eda tener que presentar una reclamaci\u00f3n contra la suya. Claro que a\u00fan podr\u00eda demandar directamente a un conductor sin seguro, pero a menos que esa persona tenga bienes considerables, sus posibilidades de recuperaci\u00f3n son limitadas y la otra persona podr\u00eda simplemente declararse en bancarrota (a menos que el accidente estuviera relacionado con drogas o alcohol) para evitar el pago de una sentencia.<\/p>\n<p>Incluso si el otro conductor no ten\u00eda seguro, es posible demandar a otra persona que tambi\u00e9n podr\u00eda ser responsable legalmente. Por ejemplo, si la otra persona conduc\u00eda en el trabajo, un abogado con experiencia tambi\u00e9n demandar\u00eda a su empleador, lo que incluir\u00eda a la compa\u00f1\u00eda de seguros de este como una fuente adicional de recuperaci\u00f3n financiera.<\/p>\n<p>Los plazos de prescripci\u00f3n se aplican a todos <a href=\"https:\/\/chicagoinjurylawyer.net\/es\/accidentes-de-trafico\/\">los accidentes de tr\u00e1fico<\/a>, y si la demanda no se presenta dentro del plazo establecido, perder\u00e1 para siempre su derecho a cualquier indemnizaci\u00f3n. Aunque el plazo general es de 2 a\u00f1os en Illinois, en algunas circunstancias y excepciones, puede ser menor (o mayor). Por lo tanto, es importante consultar de inmediato con un abogado para determinar qu\u00e9 plazo de prescripci\u00f3n se aplica a su caso particular.<\/p>\n<h2>Determinaci\u00f3n de la Responsabilidad en Una Colisi\u00f3n Automovil\u00edstica<\/h2>\n<p>Pero como puede imaginar, el simple hecho de que la otra parte est\u00e9 asegurada o tenga una fuente de seguro no significa que usted vaya a ganar la demanda. Esto se debe a que el otro componente vital para el \u00e9xito de cualquier reclamaci\u00f3n es determinar la responsabilidad. Esto significa b\u00e1sicamente que debe demostrar que la otra persona tuvo la culpa en el accidente. Si no puede demostrarlo, perder\u00e1 y no se le cobrar\u00e1 nada, independientemente de la gravedad de las lesiones o incluso si se produjo una <a href=\"https:\/\/chicagoinjurylawyer.net\/es\/muerte-injusta\/\">muerte<\/a>.<\/p>\n<p>As\u00ed que, en cualquier accidente de coche, <a href=\"https:\/\/chicagoinjurylawyer.net\/es\/nuestro-exito\/accidente-de-auto-muerte-injusta\/\">cami\u00f3n<\/a>, <a href=\"https:\/\/chicagoinjurylawyer.net\/es\/accidente-de-motocicleta\/\">motocicleta<\/a> o autob\u00fas, se deben demostrar tanto los \u201cda\u00f1os\u201d (el valor monetario asociado a la lesi\u00f3n o muerte) como la responsabilidad civil. Aun as\u00ed, las aseguradoras nunca desean pagar indemnizaciones. Al fin y al cabo, son empresas con fines de lucro y cuanto menos dinero paguen, mayores ser\u00e1n sus ganancias. Esa es la triste realidad de las aseguradoras de autom\u00f3viles. No se llegan a <a href=\"https:\/\/chicagoinjurylawyer.net\/es\/nuestro-exito\/\">acuerdos cuantiosos<\/a> porque crean que es lo correcto, sino que las aseguradoras llegan a acuerdos cuando se ven obligadas a hacerlo por abogados con experiencia que saben c\u00f3mo ejercer la presi\u00f3n adecuada.<\/p>\n<p>Si desea hablar gratis con un abogado experto sobre su situaci\u00f3n, llame a <a href=\"https:\/\/sexner.com\/es\/\">Sexner Injury Lawyers LLC<\/a> en cualquier momento del d\u00eda al <a href=\"tel:3122439922\">(312) 243-9922<\/a>.<\/p>\n","protected":false},"excerpt":{"rendered":"<p>$500,000 Accidente Automovil\u00edstico en Chicago Lesiones en la pelvis y la pierna en Chicago Mientras conduc\u00eda su auto en Chicago, nuestra clienta sufri\u00f3 una grave colisi\u00f3n frontal con un polic\u00eda de Chicago fuera de servicio que cruz\u00f3 la mediana central hacia el tr\u00e1fico en sentido contrario y posteriormente fue acusada de conducir bajo los efectos [&hellip;]<\/p>\n","protected":false},"author":1,"featured_media":0,"parent":7785,"menu_order":0,"comment_status":"closed","ping_status":"open","template":"","meta":{"_acf_changed":false,"footnotes":""},"class_list":["post-8131","page","type-page","status-publish","hentry"],"acf":[],"yoast_head":"<!-- This site is optimized with the Yoast SEO plugin v27.3 - https:\/\/yoast.com\/product\/yoast-seo-wordpress\/ -->\n<title>$500,000 D\u00f3lares Accidente De Auto De Liquidaci\u00f3n - Sexner Injury Lawyers LLC<\/title>\n<meta name=\"description\" content=\"Mientras manejaba su caro en Chicago, nuestro cliente estuvo involucrado en una colisi\u00f3n frontal con un polic\u00eda fuera de servicio de Chicago que cruzo el carril e iba de sentido contrario y despu\u00e9s fue acusado de DUI.\" \/>\n<meta name=\"robots\" content=\"index, follow, max-snippet:-1, max-image-preview:large, max-video-preview:-1\" \/>\n<link rel=\"canonical\" href=\"https:\/\/chicagoinjurylawyer.net\/es\/nuestro-exito\/colision-frontal\/\" \/>\n<meta property=\"og:locale\" content=\"es_ES\" \/>\n<meta property=\"og:type\" content=\"article\" \/>\n<meta property=\"og:title\" content=\"$500,000 D\u00f3lares Accidente De Auto De Liquidaci\u00f3n - Sexner Injury Lawyers LLC\" \/>\n<meta property=\"og:description\" content=\"Mientras manejaba su caro en Chicago, nuestro cliente estuvo involucrado en una colisi\u00f3n frontal con un polic\u00eda fuera de servicio de Chicago que cruzo el carril e iba de sentido contrario y despu\u00e9s fue acusado de DUI.\" \/>\n<meta property=\"og:url\" content=\"https:\/\/chicagoinjurylawyer.net\/es\/nuestro-exito\/colision-frontal\/\" \/>\n<meta property=\"og:site_name\" content=\"Sexner Injury Lawyers LLC\" \/>\n<meta property=\"article:modified_time\" content=\"2025-11-07T17:02:16+00:00\" \/>\n<meta name=\"twitter:card\" content=\"summary_large_image\" \/>\n<meta name=\"twitter:label1\" content=\"Tiempo de lectura\" \/>\n\t<meta name=\"twitter:data1\" content=\"4 minutos\" \/>\n<!-- \/ Yoast SEO plugin. -->","yoast_head_json":{"title":"$500,000 D\u00f3lares Accidente De Auto De Liquidaci\u00f3n - Sexner Injury Lawyers LLC","description":"Mientras manejaba su caro en Chicago, nuestro cliente estuvo involucrado en una colisi\u00f3n frontal con un polic\u00eda fuera de servicio de Chicago que cruzo el carril e iba de sentido contrario y despu\u00e9s fue acusado de DUI.","robots":{"index":"index","follow":"follow","max-snippet":"max-snippet:-1","max-image-preview":"max-image-preview:large","max-video-preview":"max-video-preview:-1"},"canonical":"https:\/\/chicagoinjurylawyer.net\/es\/nuestro-exito\/colision-frontal\/","og_locale":"es_ES","og_type":"article","og_title":"$500,000 D\u00f3lares Accidente De Auto De Liquidaci\u00f3n - Sexner Injury Lawyers LLC","og_description":"Mientras manejaba su caro en Chicago, nuestro cliente estuvo involucrado en una colisi\u00f3n frontal con un polic\u00eda fuera de servicio de Chicago que cruzo el carril e iba de sentido contrario y despu\u00e9s fue acusado de DUI.","og_url":"https:\/\/chicagoinjurylawyer.net\/es\/nuestro-exito\/colision-frontal\/","og_site_name":"Sexner Injury Lawyers LLC","article_modified_time":"2025-11-07T17:02:16+00:00","twitter_card":"summary_large_image","twitter_misc":{"Tiempo de lectura":"4 minutos"},"schema":{"@context":"https:\/\/schema.org","@graph":[{"@type":"WebPage","@id":"https:\/\/chicagoinjurylawyer.net\/es\/nuestro-exito\/colision-frontal\/","url":"https:\/\/chicagoinjurylawyer.net\/es\/nuestro-exito\/colision-frontal\/","name":"$500,000 D\u00f3lares Accidente De Auto De Liquidaci\u00f3n - Sexner Injury Lawyers LLC","isPartOf":{"@id":"https:\/\/chicagoinjurylawyer.net\/es\/#website"},"datePublished":"2019-06-27T11:38:31+00:00","dateModified":"2025-11-07T17:02:16+00:00","description":"Mientras manejaba su caro en Chicago, nuestro cliente estuvo involucrado en una colisi\u00f3n frontal con un polic\u00eda fuera de servicio de Chicago que cruzo el carril e iba de sentido contrario y despu\u00e9s fue acusado de DUI.","breadcrumb":{"@id":"https:\/\/chicagoinjurylawyer.net\/es\/nuestro-exito\/colision-frontal\/#breadcrumb"},"inLanguage":"es","potentialAction":[{"@type":"ReadAction","target":["https:\/\/chicagoinjurylawyer.net\/es\/nuestro-exito\/colision-frontal\/"]}]},{"@type":"BreadcrumbList","@id":"https:\/\/chicagoinjurylawyer.net\/es\/nuestro-exito\/colision-frontal\/#breadcrumb","itemListElement":[{"@type":"ListItem","position":1,"name":"Nuestro \u00c9xito","item":"https:\/\/chicagoinjurylawyer.net\/es\/nuestro-exito\/"},{"@type":"ListItem","position":2,"name":"$500,000 D\u00f3lares Accidente De Auto De Liquidaci\u00f3n"}]},{"@type":"WebSite","@id":"https:\/\/chicagoinjurylawyer.net\/es\/#website","url":"https:\/\/chicagoinjurylawyer.net\/es\/","name":"Sexner Injury Lawyers LLC","description":"Chicago Personal Injury Attorneys","publisher":{"@id":"https:\/\/chicagoinjurylawyer.net\/es\/#organization"},"potentialAction":[{"@type":"SearchAction","target":{"@type":"EntryPoint","urlTemplate":"https:\/\/chicagoinjurylawyer.net\/es\/?s={search_term_string}"},"query-input":{"@type":"PropertyValueSpecification","valueRequired":true,"valueName":"search_term_string"}}],"inLanguage":"es"},{"@type":"Organization","@id":"https:\/\/chicagoinjurylawyer.net\/es\/#organization","name":"[firm-name]","url":"https:\/\/chicagoinjurylawyer.net\/es\/","logo":{"@type":"ImageObject","inLanguage":"es","@id":"https:\/\/chicagoinjurylawyer.net\/es\/#\/schema\/logo\/image\/","url":"https:\/\/chicagoinjurylawyer.net\/wp-content\/uploads\/2019\/06\/msx-logo-1.png","contentUrl":"https:\/\/chicagoinjurylawyer.net\/wp-content\/uploads\/2019\/06\/msx-logo-1.png","width":180,"height":83,"caption":"[firm-name]"},"image":{"@id":"https:\/\/chicagoinjurylawyer.net\/es\/#\/schema\/logo\/image\/"}}]}},"_links":{"self":[{"href":"https:\/\/chicagoinjurylawyer.net\/es\/wp-json\/wp\/v2\/pages\/8131","targetHints":{"allow":["GET"]}}],"collection":[{"href":"https:\/\/chicagoinjurylawyer.net\/es\/wp-json\/wp\/v2\/pages"}],"about":[{"href":"https:\/\/chicagoinjurylawyer.net\/es\/wp-json\/wp\/v2\/types\/page"}],"author":[{"embeddable":true,"href":"https:\/\/chicagoinjurylawyer.net\/es\/wp-json\/wp\/v2\/users\/1"}],"replies":[{"embeddable":true,"href":"https:\/\/chicagoinjurylawyer.net\/es\/wp-json\/wp\/v2\/comments?post=8131"}],"version-history":[{"count":3,"href":"https:\/\/chicagoinjurylawyer.net\/es\/wp-json\/wp\/v2\/pages\/8131\/revisions"}],"predecessor-version":[{"id":34505,"href":"https:\/\/chicagoinjurylawyer.net\/es\/wp-json\/wp\/v2\/pages\/8131\/revisions\/34505"}],"up":[{"embeddable":true,"href":"https:\/\/chicagoinjurylawyer.net\/es\/wp-json\/wp\/v2\/pages\/7785"}],"wp:attachment":[{"href":"https:\/\/chicagoinjurylawyer.net\/es\/wp-json\/wp\/v2\/media?parent=8131"}],"curies":[{"name":"wp","href":"https:\/\/api.w.org\/{rel}","templated":true}]}}