{"id":8143,"date":"2019-06-27T11:43:13","date_gmt":"2019-06-27T11:43:13","guid":{"rendered":"http:\/\/104.197.86.120\/?page_id=8143"},"modified":"2021-12-06T16:43:34","modified_gmt":"2021-12-06T22:43:34","slug":"falta-de-diagnosticar-neumonia","status":"publish","type":"page","link":"https:\/\/chicagoinjurylawyer.net\/es\/nuestro-exito\/falta-de-diagnosticar-neumonia\/","title":{"rendered":"$900,000 Negligencia M\u00e9dica Liquidaci\u00f3n"},"content":{"rendered":"<h1>$900,000 Negligencia M\u00e9dica Liquidaci\u00f3n<\/h1>\n<h2>Falta de Diagnosticar Neumon\u00eda<\/h2>\n<p>Este caso hace referencia a una mujer de 63 a\u00f1os que se trat\u00f3 con el mismo m\u00e9dico durante a\u00f1os y se hab\u00eda quejado de dificultad para respirar. En repetidas ocasiones el m\u00e9dico le dijo que no ten\u00eda nada y le aconsej\u00f3 comprar un medicamento de venta libre para la tos, esto a pesar de que la afecci\u00f3n hab\u00eda progresado en una tos seca severa y en incapacidad para dormir. Cuando la paciente solicit\u00f3 una referencia a un especialista, el m\u00e9dico le indic\u00f3 que no era necesario. Posteriormente, durante varios meses, la mujer continu\u00f3 teniendo tos, fiebre, p\u00e9rdida de apetito y dificultad para respirar.<\/p>\n<p>La paciente busc\u00f3 una segunda opini\u00f3n en una cl\u00ednica donde inmediatamente le diagnosticaron una etapa avanzada de neumon\u00eda con uno de los pulmones colapsado y el otro parcialmente funcional. A pesar de que fue sometida a un tratamiento de inmediato, su condici\u00f3n era muy grave y finalmente la paciente falleci\u00f3. Se entabl\u00f3 una demanda a nombre de sus hijos adultos y despu\u00e9s varias negociaciones con el seguro m\u00e9dico, los familiares sobrevivientes llegaron a un acuerdo por la cantidad de $900.000.<\/p>\n<h2>Acerca de la neumon\u00eda<\/h2>\n<p>La infecci\u00f3n que causa que los sacos de aire de uno o ambos pulmones se inflamen se llama neumon\u00eda. Algunos de los s\u00edntomas t\u00edpicos incluyen tos con flema, dolor en el pecho al respirar o toser, sudoraci\u00f3n, fiebre, n\u00e1useas, temblores y diarrea. Las personas que tienen un mayor riesgo en desarrollar esta afecci\u00f3n incluyen personas con enfermedades cr\u00f3nicas, fumadores, personas con sistemas inmunes d\u00e9biles, y aquellos internados en unidades de cuidados intensivos (UCI), as\u00ed como ni\u00f1os muy peque\u00f1os y personas mayores de 65 a\u00f1os. La enfermedad puede ser adquirida a trav\u00e9s de bacterias, virus, hongos o, en el caso de una neumon\u00eda por aspiraci\u00f3n, al ingerir alimentos, l\u00edquidos o v\u00f3mito en los pulmones.<\/p>\n<p>Una vez que una persona ha sido infectada, la gravedad de la neumon\u00eda puede variar desde una condici\u00f3n leve hasta provocar\u00a0la muerte misma\u00a0si no se da el tratamiento m\u00e9dico adecuado de manera inmediata. Algunas de las complicaciones que pueden ocurrir incluyen:<\/p>\n<ul>\n<li>Derrame pleural: una acumulaci\u00f3n de l\u00edquido puede desarrollarse y depositarse en el \u00e1rea delgada que existe entre las capas de tejido que recubren la pleura (cavidad tor\u00e1cica) y los pulmones. Este l\u00edquido puede infectarse, lo que puede requerir su extracci\u00f3n de forma quir\u00fargica o por drenaje a trav\u00e9s de un tubo tor\u00e1cico.<\/li>\n<li>Bacteriemia: la falla en los \u00f3rganos es una posible complicaci\u00f3n si las bacterias ingresan al torrente sangu\u00edneo desde los pulmones y luego propagan la infecci\u00f3n a otros \u00f3rganos del cuerpo.<\/li>\n<li>Absceso pulmonar: si se forma pus dentro de la cavidad pulmonar, este absceso se puede tratar con antibi\u00f3ticos o puede requerir de cirug\u00eda para removerlo.<\/li>\n<li>Dificultades respiratorias: en casos de neumon\u00eda grave o si el paciente sufre una enfermedad pulmonar cr\u00f3nica, puede ser necesario someter al paciente a un ventilador m\u00e9dico para ayudarle a respirar, lo que se hace generalmente en un entorno hospitalario.<\/li>\n<\/ul>\n<h2>Error al diagnosticar la condici\u00f3n<\/h2>\n<p>Como se ejemplifica en la demanda detallada anteriormente, desafortunadamente es com\u00fan que los m\u00e9dicos diagnostiquen incorrectamente o no diagnostiquen esta condici\u00f3n. Especialmente durante los fr\u00edos meses de invierno, cuando m\u00e1s personas se ven afectadas por diversas enfermedades respiratorias,\u00a0es menos probable que los m\u00e9dicos de la sala de emergencia pidan los ex\u00e1menes adecuados, para determinar la presencia de neumon\u00eda. A veces los s\u00edntomas se confunden y se diagnostican err\u00f3neamente como:<\/p>\n<ul>\n<li>Bronquitis<\/li>\n<li>Enfermedad pulmonar obstructiva cr\u00f3nica (EPOC)<\/li>\n<li>S\u00edndrome de dificultad respiratoria en adultos<\/li>\n<li>Resfriado com\u00fan<\/li>\n<li>Sinusitis<\/li>\n<li>Insuficiencia respiratoria aguda<\/li>\n<\/ul>\n<p>Incluso cuando se utiliza una radiograf\u00eda de t\u00f3rax como herramienta de diagn\u00f3stico para determinar si hay infecci\u00f3n, el m\u00e9dico debe tener cuidado de no diagnosticar err\u00f3neamente,\u00a0<a href=\"https:\/\/livehealthy.chron.com\/can-pneumonia-look-like-something-else-xray-1175.html\" target=\"_blank\" rel=\"noopener noreferrer\">los puntos m\u00e1s claros de los rayos X<\/a>, llamados infiltrados, como otras afecciones graves, por ejemplo:<\/p>\n<ul>\n<li>C\u00e1ncer de pulm\u00f3n<\/li>\n<li>Insuficiencia card\u00edaca<\/li>\n<li>Co\u00e1gulos de sangre<\/li>\n<li>Anormalidades anat\u00f3micas<\/li>\n<\/ul>\n<p>Cuando esta condici\u00f3n m\u00e9dica se diagnostica err\u00f3neamente como otra enfermedad o afecci\u00f3n grave\u00a0diagnostica err\u00f3neamente, se pierde un tiempo valioso que pod\u00eda haber sido utilizado en el tratamiento. Si cree que usted o un ser querido ha sufrido da\u00f1os debido a un error en el diagn\u00f3stico de una enfermedad, <a href=\"\/es\/contactenos\/\">comun\u00edquese con Sexner Injury Lawyers LLC<\/a> al\u00a0(312) 243-9922\u00a0para obtener ayuda gratis.<\/p>\n","protected":false},"excerpt":{"rendered":"<p>$900,000 Negligencia M\u00e9dica Liquidaci\u00f3n Falta de Diagnosticar Neumon\u00eda Este caso hace referencia a una mujer de 63 a\u00f1os que se trat\u00f3 con el mismo m\u00e9dico durante a\u00f1os y se hab\u00eda quejado de dificultad para respirar. En repetidas ocasiones el m\u00e9dico le dijo que no ten\u00eda nada y le aconsej\u00f3 comprar un medicamento de venta libre [&hellip;]<\/p>\n","protected":false},"author":1,"featured_media":0,"parent":7785,"menu_order":0,"comment_status":"closed","ping_status":"open","template":"","meta":{"_acf_changed":false,"footnotes":""},"class_list":["post-8143","page","type-page","status-publish","hentry"],"acf":[],"yoast_head":"<!-- This site is optimized with the Yoast SEO plugin v27.4 - https:\/\/yoast.com\/product\/yoast-seo-wordpress\/ -->\n<title>$900,000 Negligencia M\u00e9dica Liquidaci\u00f3n - Sexner Injury Lawyers LLC<\/title>\n<meta name=\"description\" content=\"Este caso hace referencia a una mujer de 63 a\u00f1os que se trat\u00f3 con el mismo m\u00e9dico durante a\u00f1os y se hab\u00eda quejado de dificultad para respirar.\" \/>\n<meta name=\"robots\" content=\"index, follow, max-snippet:-1, max-image-preview:large, max-video-preview:-1\" \/>\n<link rel=\"canonical\" href=\"https:\/\/chicagoinjurylawyer.net\/es\/nuestro-exito\/falta-de-diagnosticar-neumonia\/\" \/>\n<meta property=\"og:locale\" content=\"es_ES\" \/>\n<meta property=\"og:type\" content=\"article\" \/>\n<meta property=\"og:title\" content=\"$900,000 Negligencia M\u00e9dica Liquidaci\u00f3n - Sexner Injury Lawyers LLC\" \/>\n<meta property=\"og:description\" content=\"Este caso hace referencia a una mujer de 63 a\u00f1os que se trat\u00f3 con el mismo m\u00e9dico durante a\u00f1os y se hab\u00eda quejado de dificultad para respirar.\" \/>\n<meta property=\"og:url\" content=\"https:\/\/chicagoinjurylawyer.net\/es\/nuestro-exito\/falta-de-diagnosticar-neumonia\/\" \/>\n<meta property=\"og:site_name\" content=\"Sexner Injury Lawyers LLC\" \/>\n<meta property=\"article:modified_time\" content=\"2021-12-06T22:43:34+00:00\" \/>\n<meta name=\"twitter:card\" content=\"summary_large_image\" \/>\n<meta name=\"twitter:label1\" content=\"Tiempo de lectura\" \/>\n\t<meta name=\"twitter:data1\" content=\"4 minutos\" \/>\n<!-- \/ Yoast SEO plugin. -->","yoast_head_json":{"title":"$900,000 Negligencia M\u00e9dica Liquidaci\u00f3n - Sexner Injury Lawyers LLC","description":"Este caso hace referencia a una mujer de 63 a\u00f1os que se trat\u00f3 con el mismo m\u00e9dico durante a\u00f1os y se hab\u00eda quejado de dificultad para respirar.","robots":{"index":"index","follow":"follow","max-snippet":"max-snippet:-1","max-image-preview":"max-image-preview:large","max-video-preview":"max-video-preview:-1"},"canonical":"https:\/\/chicagoinjurylawyer.net\/es\/nuestro-exito\/falta-de-diagnosticar-neumonia\/","og_locale":"es_ES","og_type":"article","og_title":"$900,000 Negligencia M\u00e9dica Liquidaci\u00f3n - Sexner Injury Lawyers LLC","og_description":"Este caso hace referencia a una mujer de 63 a\u00f1os que se trat\u00f3 con el mismo m\u00e9dico durante a\u00f1os y se hab\u00eda quejado de dificultad para respirar.","og_url":"https:\/\/chicagoinjurylawyer.net\/es\/nuestro-exito\/falta-de-diagnosticar-neumonia\/","og_site_name":"Sexner Injury Lawyers LLC","article_modified_time":"2021-12-06T22:43:34+00:00","twitter_card":"summary_large_image","twitter_misc":{"Tiempo de lectura":"4 minutos"},"schema":{"@context":"https:\/\/schema.org","@graph":[{"@type":"WebPage","@id":"https:\/\/chicagoinjurylawyer.net\/es\/nuestro-exito\/falta-de-diagnosticar-neumonia\/","url":"https:\/\/chicagoinjurylawyer.net\/es\/nuestro-exito\/falta-de-diagnosticar-neumonia\/","name":"$900,000 Negligencia M\u00e9dica Liquidaci\u00f3n - Sexner Injury Lawyers LLC","isPartOf":{"@id":"https:\/\/chicagoinjurylawyer.net\/es\/#website"},"datePublished":"2019-06-27T11:43:13+00:00","dateModified":"2021-12-06T22:43:34+00:00","description":"Este caso hace referencia a una mujer de 63 a\u00f1os que se trat\u00f3 con el mismo m\u00e9dico durante a\u00f1os y se hab\u00eda quejado de dificultad para respirar.","breadcrumb":{"@id":"https:\/\/chicagoinjurylawyer.net\/es\/nuestro-exito\/falta-de-diagnosticar-neumonia\/#breadcrumb"},"inLanguage":"es","potentialAction":[{"@type":"ReadAction","target":["https:\/\/chicagoinjurylawyer.net\/es\/nuestro-exito\/falta-de-diagnosticar-neumonia\/"]}]},{"@type":"BreadcrumbList","@id":"https:\/\/chicagoinjurylawyer.net\/es\/nuestro-exito\/falta-de-diagnosticar-neumonia\/#breadcrumb","itemListElement":[{"@type":"ListItem","position":1,"name":"Nuestro \u00c9xito","item":"https:\/\/chicagoinjurylawyer.net\/es\/nuestro-exito\/"},{"@type":"ListItem","position":2,"name":"$900,000 Negligencia M\u00e9dica Liquidaci\u00f3n"}]},{"@type":"WebSite","@id":"https:\/\/chicagoinjurylawyer.net\/es\/#website","url":"https:\/\/chicagoinjurylawyer.net\/es\/","name":"Sexner Injury Lawyers LLC","description":"Chicago Personal Injury Attorneys","publisher":{"@id":"https:\/\/chicagoinjurylawyer.net\/es\/#organization"},"potentialAction":[{"@type":"SearchAction","target":{"@type":"EntryPoint","urlTemplate":"https:\/\/chicagoinjurylawyer.net\/es\/?s={search_term_string}"},"query-input":{"@type":"PropertyValueSpecification","valueRequired":true,"valueName":"search_term_string"}}],"inLanguage":"es"},{"@type":"Organization","@id":"https:\/\/chicagoinjurylawyer.net\/es\/#organization","name":"[firm-name]","url":"https:\/\/chicagoinjurylawyer.net\/es\/","logo":{"@type":"ImageObject","inLanguage":"es","@id":"https:\/\/chicagoinjurylawyer.net\/es\/#\/schema\/logo\/image\/","url":"https:\/\/chicagoinjurylawyer.net\/wp-content\/uploads\/2019\/06\/msx-logo-1.png","contentUrl":"https:\/\/chicagoinjurylawyer.net\/wp-content\/uploads\/2019\/06\/msx-logo-1.png","width":180,"height":83,"caption":"[firm-name]"},"image":{"@id":"https:\/\/chicagoinjurylawyer.net\/es\/#\/schema\/logo\/image\/"}}]}},"_links":{"self":[{"href":"https:\/\/chicagoinjurylawyer.net\/es\/wp-json\/wp\/v2\/pages\/8143","targetHints":{"allow":["GET"]}}],"collection":[{"href":"https:\/\/chicagoinjurylawyer.net\/es\/wp-json\/wp\/v2\/pages"}],"about":[{"href":"https:\/\/chicagoinjurylawyer.net\/es\/wp-json\/wp\/v2\/types\/page"}],"author":[{"embeddable":true,"href":"https:\/\/chicagoinjurylawyer.net\/es\/wp-json\/wp\/v2\/users\/1"}],"replies":[{"embeddable":true,"href":"https:\/\/chicagoinjurylawyer.net\/es\/wp-json\/wp\/v2\/comments?post=8143"}],"version-history":[{"count":4,"href":"https:\/\/chicagoinjurylawyer.net\/es\/wp-json\/wp\/v2\/pages\/8143\/revisions"}],"predecessor-version":[{"id":32639,"href":"https:\/\/chicagoinjurylawyer.net\/es\/wp-json\/wp\/v2\/pages\/8143\/revisions\/32639"}],"up":[{"embeddable":true,"href":"https:\/\/chicagoinjurylawyer.net\/es\/wp-json\/wp\/v2\/pages\/7785"}],"wp:attachment":[{"href":"https:\/\/chicagoinjurylawyer.net\/es\/wp-json\/wp\/v2\/media?parent=8143"}],"curies":[{"name":"wp","href":"https:\/\/api.w.org\/{rel}","templated":true}]}}