{"id":8150,"date":"2019-06-27T11:45:35","date_gmt":"2019-06-27T11:45:35","guid":{"rendered":"http:\/\/104.197.86.120\/?page_id=8150"},"modified":"2021-12-06T16:09:25","modified_gmt":"2021-12-06T22:09:25","slug":"falta-de-no-diagnosticar-cancer-en-los-pulmones","status":"publish","type":"page","link":"https:\/\/chicagoinjurylawyer.net\/es\/nuestro-exito\/falta-de-no-diagnosticar-cancer-en-los-pulmones\/","title":{"rendered":"$2.5 Millones De Negligencia M\u00e9dica De Soluci\u00f3n"},"content":{"rendered":"<h1>$2.5 Millones de Negligencia M\u00e9dica de Soluci\u00f3n<\/h1>\n<h2>Falta de no Diagnosticar C\u00e1ncer en los Pulmones<\/h2>\n<p>Durante a\u00f1os, una mujer de 73 a\u00f1os hab\u00eda sufrido varios accidentes isqu\u00e9mico transitorios, tambi\u00e9n conocidos como \"mini-accidentes cerebrovasculares\", que la dejaron con par\u00e1lisis temporal. Eventualmente la mujer sufri\u00f3 un tipo de ataque cerebral m\u00e1s severo que la dej\u00f3 con una par\u00e1lisis permanente en un lado del cuerpo. La paciente visit\u00f3 a varios m\u00e9dicos, incluidos un cardi\u00f3logo, un neur\u00f3logo y un cirujano vascular para determinar la causa de los episodios cerebrovasculares y se realizaron muchos ex\u00e1menes de diagn\u00f3stico, incluyendo tomograf\u00edas computarizadas y radiograf\u00edas.<\/p>\n<p>A pesar de existir s\u00edntomas consistentes con un tumor y de un largo historial familiar de c\u00e1ncer de pulm\u00f3n, los m\u00e9dicos y radi\u00f3logos no notaron un tumor en el l\u00f3bulo superior del pulm\u00f3n. En el momento en que se identific\u00f3 el tumor, m\u00e1s de un a\u00f1o despu\u00e9s, \u00e9ste hab\u00eda crecido hasta convertirse en un c\u00e1ncer de pulm\u00f3n de c\u00e9lulas no peque\u00f1as en estado 3 que se hab\u00eda diseminado a las v\u00e9rtebras y a la m\u00e9dula espinal de la paciente. Unos meses despu\u00e9s, esta madre de tres hijos adultos falleci\u00f3 como resultado de \u00e9ste c\u00e1ncer agresivo. Despu\u00e9s de presentar la demanda y luego de extensas negociaciones con la compa\u00f1\u00eda de seguros que represent\u00f3 a los proveedores m\u00e9dicos, se lleg\u00f3 a un acuerdo por la cantidad de $2.500.000 a favor de los miembros sobrevivientes de la familia.<\/p>\n<h2>Acerca de los errores en el diagn\u00f3stico de casos de c\u00e1ncer<\/h2>\n<p>El error m\u00e9dico en el\u00a0diagn\u00f3stico de una enfermedad\u00a0hace referencia a las circunstancias en las que existen indicios suficientes de un problema m\u00e9dico, ya sea debido a la sintomatolog\u00eda o a las quejas del paciente, o evidenciado en las pruebas de diagn\u00f3stico que se realicen. Tambi\u00e9n conocido como \"diagn\u00f3stico tard\u00edo\", la afecci\u00f3n o enfermedad finalmente es diagnosticada, pero en ese momento o es demasiado tarde o la enfermedad se encuentra en una etapa tard\u00eda, incurable (o menos tratable).<\/p>\n<p>Cualquier enfermedad o condici\u00f3n puede dar lugar a una demanda por error en el diagn\u00f3stico, pero los casos de c\u00e1ncer son quiz\u00e1s los m\u00e1s comunes. Tal como se ejemplifica en el caso detallado anteriormente, los errores en el diagn\u00f3stico de c\u00e1ncer de pulm\u00f3n ocurren con cierta frecuencia, y aproximadamente particular\u00a0<a href=\"https:\/\/www.cancer.org\/cancer\/lung-cancer\/about\/key-statistics.html\" target=\"_blank\" rel=\"noopener noreferrer\">1 de cada 4 muertes por c\u00e1ncer<\/a>\u00a0se debe a \u00e9sta enfermedad en. Un problema que a veces lleva a errores en el diagn\u00f3stico m\u00e9dico es que los s\u00edntomas del paciente (t\u00edpicamente dolor de cabeza, sibilancia, tos, dificultad para respirar) a menudo se confunden con infecciones virales u otras condiciones, a pesar de que ex\u00e1menes de diagn\u00f3stico como la tomograf\u00eda computarizada de baja dosis (LDCT por sus siglas en ingl\u00e9s) o rayos X del pecho pueden revelar la presencia de este tipo de c\u00e1ncer. Algunos otros tipos de c\u00e1ncer que a veces no se diagnostican apropiadamente incluyen:<\/p>\n<ul>\n<li>C\u00e1ncer de pr\u00f3stata: seg\u00fan el Instituto Nacional del C\u00e1ncer, casi el\u00a0<a href=\"https:\/\/seer.cancer.gov\/statfacts\/html\/prost.html\" target=\"_blank\" rel=\"noopener noreferrer\">12%<\/a>\u00a0de los hombres ser\u00e1n diagnosticados con esta enfermedad en alg\u00fan momento de su vida. Sin embargo, s\u00edntomas tales como problemas para orinar, dolor de espalda y problemas de erecci\u00f3n a menudo son diagnosticados por los m\u00e9dicos como signos de envejecimiento.<\/li>\n<li>C\u00e1ncer de cuello uterino: aunque una mujer presente s\u00edntomas como sangrado vaginal o dolor al tener relaciones sexuales, este tipo de c\u00e1ncer puede pasar desapercibido hasta etapas posteriores si el m\u00e9dico no reconoce los s\u00edntomas y ordena pruebas de diagn\u00f3stico adecuadas, como la prueba de Papanicolau.<\/li>\n<li>C\u00e1ncer colorrectal: es posible que no se diagnostique esta enfermedad debido a que no se realiza el examen de detecci\u00f3n adecuado, que generalmente es una colonoscop\u00eda. En algunos casos se puede hacer una sigmoidoscop\u00eda, pero debido a que la prueba se realiza s\u00f3lo el colon inferior, es posible que se pase por alto un c\u00e1ncer del colon superior.<\/li>\n<li>C\u00e1ncer de endometrio: aunque es altamente curable si se detecta en sus etapas iniciales, \u00e9ste c\u00e1ncer puede no ser diagnosticado si el m\u00e9dico no presta atenci\u00f3n a las quejas del paciente, que a menudo incluyen dolor p\u00e9lvico, aumento de peso o sangrado inusual. Una vez diagnosticado el resultado generalmente se confirma con una biopsia endometrial o una ecograf\u00eda transvaginal.<\/li>\n<li>C\u00e1ncer de mama: a menudo se diagnostica durante una mamograf\u00eda anual o un examen de los senos, y los resultados anormales generalmente se confirman por medio de\u00a0una biopsia de tejido mamario\u00a0o de una resonancia magn\u00e9tica. Sin embargo, a veces los m\u00e9dicos no detectan tumores en mujeres con mamas densas y, a veces, malinterpretan los informes radiol\u00f3gicos.<\/li>\n<li>C\u00e1ncer de piel: a diferencia de muchos otros c\u00e1nceres, un melanoma puede no tener s\u00edntomas discernibles, con excepci\u00f3n de pistas visuales. Por esta raz\u00f3n, es vital que el m\u00e9dico examine cuidadosamente la piel y, de ser necesario, consulte a un especialista o solicite una biopsia.<\/li>\n<\/ul>\n<p>Si cree que usted o un ser querido ha sufrido el deterioro de su salud debido a que un m\u00e9dico no diagnostic\u00f3 una enfermedad o una condici\u00f3n apropiadamente, Sexner Injury Lawyers LLC puede ayudarlo. <a href=\"\/es\/contactenos\/\">Ll\u00e1menos<\/a> al\u00a0(312) 243-9922\u00a0para una consulta gratuita.<\/p>\n","protected":false},"excerpt":{"rendered":"<p>$2.5 Millones de Negligencia M\u00e9dica de Soluci\u00f3n Falta de no Diagnosticar C\u00e1ncer en los Pulmones Durante a\u00f1os, una mujer de 73 a\u00f1os hab\u00eda sufrido varios accidentes isqu\u00e9mico transitorios, tambi\u00e9n conocidos como \"mini-accidentes cerebrovasculares\", que la dejaron con par\u00e1lisis temporal. Eventualmente la mujer sufri\u00f3 un tipo de ataque cerebral m\u00e1s severo que la dej\u00f3 con una [&hellip;]<\/p>\n","protected":false},"author":1,"featured_media":0,"parent":7785,"menu_order":0,"comment_status":"closed","ping_status":"open","template":"","meta":{"_acf_changed":false,"footnotes":""},"class_list":["post-8150","page","type-page","status-publish","hentry"],"acf":[],"yoast_head":"<!-- This site is optimized with the Yoast SEO plugin v27.4 - https:\/\/yoast.com\/product\/yoast-seo-wordpress\/ -->\n<title>$2.5 Millones De Negligencia M\u00e9dica De Soluci\u00f3n - Sexner Injury Lawyers LLC<\/title>\n<meta name=\"description\" content=\"Si cree que usted o un ser querido ha sufrido el deterioro de su salud debido a que un m\u00e9dico no diagnostic\u00f3 una enfermedad o una condici\u00f3n apropiadamente, Sexner Injury Lawyers LLC puede ayudarlo.\" \/>\n<meta name=\"robots\" content=\"index, follow, max-snippet:-1, max-image-preview:large, max-video-preview:-1\" \/>\n<link rel=\"canonical\" href=\"https:\/\/chicagoinjurylawyer.net\/es\/nuestro-exito\/falta-de-no-diagnosticar-cancer-en-los-pulmones\/\" \/>\n<meta property=\"og:locale\" content=\"es_ES\" \/>\n<meta property=\"og:type\" content=\"article\" \/>\n<meta property=\"og:title\" content=\"$2.5 Millones De Negligencia M\u00e9dica De Soluci\u00f3n - Sexner Injury Lawyers LLC\" \/>\n<meta property=\"og:description\" content=\"Si cree que usted o un ser querido ha sufrido el deterioro de su salud debido a que un m\u00e9dico no diagnostic\u00f3 una enfermedad o una condici\u00f3n apropiadamente, Sexner Injury Lawyers LLC puede ayudarlo.\" \/>\n<meta property=\"og:url\" content=\"https:\/\/chicagoinjurylawyer.net\/es\/nuestro-exito\/falta-de-no-diagnosticar-cancer-en-los-pulmones\/\" \/>\n<meta property=\"og:site_name\" content=\"Sexner Injury Lawyers LLC\" \/>\n<meta property=\"article:modified_time\" content=\"2021-12-06T22:09:25+00:00\" \/>\n<meta name=\"twitter:card\" content=\"summary_large_image\" \/>\n<meta name=\"twitter:label1\" content=\"Tiempo de lectura\" \/>\n\t<meta name=\"twitter:data1\" content=\"5 minutos\" \/>\n<!-- \/ Yoast SEO plugin. -->","yoast_head_json":{"title":"$2.5 Millones De Negligencia M\u00e9dica De Soluci\u00f3n - Sexner Injury Lawyers LLC","description":"Si cree que usted o un ser querido ha sufrido el deterioro de su salud debido a que un m\u00e9dico no diagnostic\u00f3 una enfermedad o una condici\u00f3n apropiadamente, Sexner Injury Lawyers LLC puede ayudarlo.","robots":{"index":"index","follow":"follow","max-snippet":"max-snippet:-1","max-image-preview":"max-image-preview:large","max-video-preview":"max-video-preview:-1"},"canonical":"https:\/\/chicagoinjurylawyer.net\/es\/nuestro-exito\/falta-de-no-diagnosticar-cancer-en-los-pulmones\/","og_locale":"es_ES","og_type":"article","og_title":"$2.5 Millones De Negligencia M\u00e9dica De Soluci\u00f3n - Sexner Injury Lawyers LLC","og_description":"Si cree que usted o un ser querido ha sufrido el deterioro de su salud debido a que un m\u00e9dico no diagnostic\u00f3 una enfermedad o una condici\u00f3n apropiadamente, Sexner Injury Lawyers LLC puede ayudarlo.","og_url":"https:\/\/chicagoinjurylawyer.net\/es\/nuestro-exito\/falta-de-no-diagnosticar-cancer-en-los-pulmones\/","og_site_name":"Sexner Injury Lawyers LLC","article_modified_time":"2021-12-06T22:09:25+00:00","twitter_card":"summary_large_image","twitter_misc":{"Tiempo de lectura":"5 minutos"},"schema":{"@context":"https:\/\/schema.org","@graph":[{"@type":"WebPage","@id":"https:\/\/chicagoinjurylawyer.net\/es\/nuestro-exito\/falta-de-no-diagnosticar-cancer-en-los-pulmones\/","url":"https:\/\/chicagoinjurylawyer.net\/es\/nuestro-exito\/falta-de-no-diagnosticar-cancer-en-los-pulmones\/","name":"$2.5 Millones De Negligencia M\u00e9dica De Soluci\u00f3n - Sexner Injury Lawyers LLC","isPartOf":{"@id":"https:\/\/chicagoinjurylawyer.net\/es\/#website"},"datePublished":"2019-06-27T11:45:35+00:00","dateModified":"2021-12-06T22:09:25+00:00","description":"Si cree que usted o un ser querido ha sufrido el deterioro de su salud debido a que un m\u00e9dico no diagnostic\u00f3 una enfermedad o una condici\u00f3n apropiadamente, [firm-name] puede ayudarlo.","breadcrumb":{"@id":"https:\/\/chicagoinjurylawyer.net\/es\/nuestro-exito\/falta-de-no-diagnosticar-cancer-en-los-pulmones\/#breadcrumb"},"inLanguage":"es","potentialAction":[{"@type":"ReadAction","target":["https:\/\/chicagoinjurylawyer.net\/es\/nuestro-exito\/falta-de-no-diagnosticar-cancer-en-los-pulmones\/"]}]},{"@type":"BreadcrumbList","@id":"https:\/\/chicagoinjurylawyer.net\/es\/nuestro-exito\/falta-de-no-diagnosticar-cancer-en-los-pulmones\/#breadcrumb","itemListElement":[{"@type":"ListItem","position":1,"name":"Nuestro \u00c9xito","item":"https:\/\/chicagoinjurylawyer.net\/es\/nuestro-exito\/"},{"@type":"ListItem","position":2,"name":"$2.5 Millones De Negligencia M\u00e9dica De Soluci\u00f3n"}]},{"@type":"WebSite","@id":"https:\/\/chicagoinjurylawyer.net\/es\/#website","url":"https:\/\/chicagoinjurylawyer.net\/es\/","name":"Sexner Injury Lawyers LLC","description":"Chicago Personal Injury Attorneys","publisher":{"@id":"https:\/\/chicagoinjurylawyer.net\/es\/#organization"},"potentialAction":[{"@type":"SearchAction","target":{"@type":"EntryPoint","urlTemplate":"https:\/\/chicagoinjurylawyer.net\/es\/?s={search_term_string}"},"query-input":{"@type":"PropertyValueSpecification","valueRequired":true,"valueName":"search_term_string"}}],"inLanguage":"es"},{"@type":"Organization","@id":"https:\/\/chicagoinjurylawyer.net\/es\/#organization","name":"[firm-name]","url":"https:\/\/chicagoinjurylawyer.net\/es\/","logo":{"@type":"ImageObject","inLanguage":"es","@id":"https:\/\/chicagoinjurylawyer.net\/es\/#\/schema\/logo\/image\/","url":"https:\/\/chicagoinjurylawyer.net\/wp-content\/uploads\/2019\/06\/msx-logo-1.png","contentUrl":"https:\/\/chicagoinjurylawyer.net\/wp-content\/uploads\/2019\/06\/msx-logo-1.png","width":180,"height":83,"caption":"[firm-name]"},"image":{"@id":"https:\/\/chicagoinjurylawyer.net\/es\/#\/schema\/logo\/image\/"}}]}},"_links":{"self":[{"href":"https:\/\/chicagoinjurylawyer.net\/es\/wp-json\/wp\/v2\/pages\/8150","targetHints":{"allow":["GET"]}}],"collection":[{"href":"https:\/\/chicagoinjurylawyer.net\/es\/wp-json\/wp\/v2\/pages"}],"about":[{"href":"https:\/\/chicagoinjurylawyer.net\/es\/wp-json\/wp\/v2\/types\/page"}],"author":[{"embeddable":true,"href":"https:\/\/chicagoinjurylawyer.net\/es\/wp-json\/wp\/v2\/users\/1"}],"replies":[{"embeddable":true,"href":"https:\/\/chicagoinjurylawyer.net\/es\/wp-json\/wp\/v2\/comments?post=8150"}],"version-history":[{"count":6,"href":"https:\/\/chicagoinjurylawyer.net\/es\/wp-json\/wp\/v2\/pages\/8150\/revisions"}],"predecessor-version":[{"id":32629,"href":"https:\/\/chicagoinjurylawyer.net\/es\/wp-json\/wp\/v2\/pages\/8150\/revisions\/32629"}],"up":[{"embeddable":true,"href":"https:\/\/chicagoinjurylawyer.net\/es\/wp-json\/wp\/v2\/pages\/7785"}],"wp:attachment":[{"href":"https:\/\/chicagoinjurylawyer.net\/es\/wp-json\/wp\/v2\/media?parent=8150"}],"curies":[{"name":"wp","href":"https:\/\/api.w.org\/{rel}","templated":true}]}}