{"id":8156,"date":"2019-06-27T11:47:14","date_gmt":"2019-06-27T11:47:14","guid":{"rendered":"http:\/\/104.197.86.120\/?page_id=8156"},"modified":"2021-12-06T16:34:27","modified_gmt":"2021-12-06T22:34:27","slug":"tuvo-de-traqueotomia-desalojado","status":"publish","type":"page","link":"https:\/\/chicagoinjurylawyer.net\/es\/nuestro-exito\/tuvo-de-traqueotomia-desalojado\/","title":{"rendered":"$875,000 Lesiones Personales Liquidaci\u00f3n"},"content":{"rendered":"<h1>$875,000 Lesiones Personales Liquidaci\u00f3n<\/h1>\n<h2>Tuvo de Traqueotom\u00eda Desalojado Negligencia<\/h2>\n<p>Despu\u00e9s de sufrir un accidente cerebrovascular debilitante, nuestro cliente fue sometido a una traqueotom\u00eda con el fin de ayudarle en su respiraci\u00f3n. El procedimiento quir\u00fargico consisti\u00f3 en crear una abertura a trav\u00e9s del cuello hacia la tr\u00e1quea e insertar un tubo de traqueotom\u00eda a trav\u00e9s de la abertura. Al ser un interno en un importante hospital, el paciente deb\u00eda contar con los cuidados del personal de enfermer\u00eda con el fin de hacer un control regular para asegurarse de que el tubo estuviera alineado correctamente y libre de obstrucciones.<\/p>\n<p>Desafortunadamente en este caso los enfermeros no cumplieron correctamente su trabajo. En consecuencia, este esposo y padre de tres ni\u00f1os muri\u00f3 cuando el tubo de traqueotom\u00eda se desaline\u00f3, obstruyendo as\u00ed el paso del aire. Para ayudar a la familia con sus obligaciones financieras y para asegurar las necesidades futuras de los ni\u00f1os, se entabl\u00f3 una demanda. En vez de ir a juicio y despu\u00e9s de largas negociaciones, la compa\u00f1\u00eda de seguros m\u00e9dicos lleg\u00f3 a un acuerdo de indemnizaci\u00f3n por $875.000.<\/p>\n<h2>El personal de enfermer\u00eda tiene obligaciones con los pacientes<\/h2>\n<p>Los pacientes en hospitales y los residentes en hogares de ancianos son atendidos por profesionales m\u00e9dicos con el fin espec\u00edfico de mejorar o aliviar su dolor. En el caso del entorno hospitalario, es posible que los pacientes est\u00e9n a la espera de un procedimiento quir\u00fargico que les salve la vida o que est\u00e9n siendo monitoreados cuidadosamente despu\u00e9s de un tratamiento particular y antes de ser dados de alta del hospital. Los que est\u00e1n en hogares de ancianos o en otros centros m\u00e9dicos se encuentran en dichos lugares generalmente para recibir servicios de rehabilitaci\u00f3n o para recibir cuidados especiales que mejoren su calidad de vida.<\/p>\n<p>En cualquier entorno, el personal m\u00e9dico tiene la obligaci\u00f3n de actuar con atenci\u00f3n, disponibilidad,\u00a0y profesionalismo hacia a los pacientes. El personal de enfermer\u00eda y de asistencia m\u00e9dica debe acudir r\u00e1pidamente cuando el paciente activa la alerta o \"bot\u00f3n de llamada\". Puede ser que el paciente solo necesite una revista o ayuda con el control remoto de la televisi\u00f3n, pero tambi\u00e9n es posible que est\u00e9 llamando para alertar sobre una situaci\u00f3n de emergencia. Adem\u00e1s de estar disponible a los pedidos o inquietudes del paciente, el personal del hospital o del asilo de ancianos tiene el deber de mantener al paciente limpio, alimentado y darle la oportunidad de usar las instalaciones del ba\u00f1o.<\/p>\n<p>Sin embargo, el personal de enfermer\u00eda tiene a\u00fan mayores obligaciones con los pacientes post-quir\u00fargicos, inm\u00f3viles, o sedados. Es posible que estos pacientes no puedan activar el bot\u00f3n de llamada o incluso que no est\u00e9n conscientes. Es posible que no puedan moverse o que est\u00e9n tan medicados que no puedan colaborar con su propio cuidado o comunicar adecuadamente sus necesidades. Por este motivo necesitan ser monitoreados de manera consistente y cuidadosa bajo un horario regular.<\/p>\n<p>Si el paciente no puede moverse f\u00e1cilmente por cualquier raz\u00f3n, pero tiene que estar en cama por largo tiempo, necesita que le muevan y le acomoden peri\u00f3dicamente. De lo contrario, pueden aparecer \u00falceras por presi\u00f3n o\u00a0escaras. Aquellos que est\u00e1n conectados a un cable electr\u00f3nico, tubo, goteo intravenoso, ventilador, monitor, etc., necesitan que las conexiones sean revisadas cuidadosamente y frecuentemente, ya que una falla del equipo puede ser potencialmente mortal.<\/p>\n<h2>El personal de enfermer\u00eda tiene la obligaci\u00f3n de monitorear a los pacientes con traqueotom\u00eda<\/h2>\n<p>En ocasiones, tal como se describe en la demanda detallada anteriormente, se inserta un tubo de traqueotom\u00eda en la tr\u00e1quea del paciente para ayudar con su respiraci\u00f3n, y \u00e9ste debe ser monitoreado cuidadosamente. Cuando los enfermeros no supervisan adecuadamente a dicho paciente, existe el peligro de que el tubo no est\u00e9 alineado adecuadamente e interfiera u obstruya por completo la capacidad del paciente para respirar, con resultados potencialmente mortales. Si cree que un ser querido ha sido perjudicado por la negligencia del personal m\u00e9dico o de enfermer\u00eda, <a href=\"\/es\/contactenos\/\">llame a Sexner Injury Lawyers LLC<\/a> al\u00a0(312) 243-9922\u00a0para obtener informaci\u00f3n gratuita.<\/p>\n","protected":false},"excerpt":{"rendered":"<p>$875,000 Lesiones Personales Liquidaci\u00f3n Tuvo de Traqueotom\u00eda Desalojado Negligencia Despu\u00e9s de sufrir un accidente cerebrovascular debilitante, nuestro cliente fue sometido a una traqueotom\u00eda con el fin de ayudarle en su respiraci\u00f3n. El procedimiento quir\u00fargico consisti\u00f3 en crear una abertura a trav\u00e9s del cuello hacia la tr\u00e1quea e insertar un tubo de traqueotom\u00eda a trav\u00e9s de [&hellip;]<\/p>\n","protected":false},"author":1,"featured_media":0,"parent":7785,"menu_order":0,"comment_status":"closed","ping_status":"open","template":"","meta":{"_acf_changed":false,"footnotes":""},"class_list":["post-8156","page","type-page","status-publish","hentry"],"acf":[],"yoast_head":"<!-- This site is optimized with the Yoast SEO plugin v27.3 - https:\/\/yoast.com\/product\/yoast-seo-wordpress\/ -->\n<title>$875,000 Lesiones Personales Liquidaci\u00f3n - Sexner Injury Lawyers LLC<\/title>\n<meta name=\"description\" content=\"Despu\u00e9s de sufrir un accidente cerebrovascular debilitante, nuestro cliente fue sometido a una traqueotom\u00eda con el fin de ayudarle en su respiraci\u00f3n.\" \/>\n<meta name=\"robots\" content=\"index, follow, max-snippet:-1, max-image-preview:large, max-video-preview:-1\" \/>\n<link rel=\"canonical\" href=\"https:\/\/chicagoinjurylawyer.net\/es\/nuestro-exito\/tuvo-de-traqueotomia-desalojado\/\" \/>\n<meta property=\"og:locale\" content=\"es_ES\" \/>\n<meta property=\"og:type\" content=\"article\" \/>\n<meta property=\"og:title\" content=\"$875,000 Lesiones Personales Liquidaci\u00f3n - Sexner Injury Lawyers LLC\" \/>\n<meta property=\"og:description\" content=\"Despu\u00e9s de sufrir un accidente cerebrovascular debilitante, nuestro cliente fue sometido a una traqueotom\u00eda con el fin de ayudarle en su respiraci\u00f3n.\" \/>\n<meta property=\"og:url\" content=\"https:\/\/chicagoinjurylawyer.net\/es\/nuestro-exito\/tuvo-de-traqueotomia-desalojado\/\" \/>\n<meta property=\"og:site_name\" content=\"Sexner Injury Lawyers LLC\" \/>\n<meta property=\"article:modified_time\" content=\"2021-12-06T22:34:27+00:00\" \/>\n<meta name=\"twitter:card\" content=\"summary_large_image\" \/>\n<meta name=\"twitter:label1\" content=\"Tiempo de lectura\" \/>\n\t<meta name=\"twitter:data1\" content=\"4 minutos\" \/>\n<!-- \/ Yoast SEO plugin. -->","yoast_head_json":{"title":"$875,000 Lesiones Personales Liquidaci\u00f3n - Sexner Injury Lawyers LLC","description":"Despu\u00e9s de sufrir un accidente cerebrovascular debilitante, nuestro cliente fue sometido a una traqueotom\u00eda con el fin de ayudarle en su respiraci\u00f3n.","robots":{"index":"index","follow":"follow","max-snippet":"max-snippet:-1","max-image-preview":"max-image-preview:large","max-video-preview":"max-video-preview:-1"},"canonical":"https:\/\/chicagoinjurylawyer.net\/es\/nuestro-exito\/tuvo-de-traqueotomia-desalojado\/","og_locale":"es_ES","og_type":"article","og_title":"$875,000 Lesiones Personales Liquidaci\u00f3n - Sexner Injury Lawyers LLC","og_description":"Despu\u00e9s de sufrir un accidente cerebrovascular debilitante, nuestro cliente fue sometido a una traqueotom\u00eda con el fin de ayudarle en su respiraci\u00f3n.","og_url":"https:\/\/chicagoinjurylawyer.net\/es\/nuestro-exito\/tuvo-de-traqueotomia-desalojado\/","og_site_name":"Sexner Injury Lawyers LLC","article_modified_time":"2021-12-06T22:34:27+00:00","twitter_card":"summary_large_image","twitter_misc":{"Tiempo de lectura":"4 minutos"},"schema":{"@context":"https:\/\/schema.org","@graph":[{"@type":"WebPage","@id":"https:\/\/chicagoinjurylawyer.net\/es\/nuestro-exito\/tuvo-de-traqueotomia-desalojado\/","url":"https:\/\/chicagoinjurylawyer.net\/es\/nuestro-exito\/tuvo-de-traqueotomia-desalojado\/","name":"$875,000 Lesiones Personales Liquidaci\u00f3n - Sexner Injury Lawyers LLC","isPartOf":{"@id":"https:\/\/chicagoinjurylawyer.net\/es\/#website"},"datePublished":"2019-06-27T11:47:14+00:00","dateModified":"2021-12-06T22:34:27+00:00","description":"Despu\u00e9s de sufrir un accidente cerebrovascular debilitante, nuestro cliente fue sometido a una traqueotom\u00eda con el fin de ayudarle en su respiraci\u00f3n.","breadcrumb":{"@id":"https:\/\/chicagoinjurylawyer.net\/es\/nuestro-exito\/tuvo-de-traqueotomia-desalojado\/#breadcrumb"},"inLanguage":"es","potentialAction":[{"@type":"ReadAction","target":["https:\/\/chicagoinjurylawyer.net\/es\/nuestro-exito\/tuvo-de-traqueotomia-desalojado\/"]}]},{"@type":"BreadcrumbList","@id":"https:\/\/chicagoinjurylawyer.net\/es\/nuestro-exito\/tuvo-de-traqueotomia-desalojado\/#breadcrumb","itemListElement":[{"@type":"ListItem","position":1,"name":"Nuestro \u00c9xito","item":"https:\/\/chicagoinjurylawyer.net\/es\/nuestro-exito\/"},{"@type":"ListItem","position":2,"name":"$875,000 Lesiones Personales Liquidaci\u00f3n"}]},{"@type":"WebSite","@id":"https:\/\/chicagoinjurylawyer.net\/es\/#website","url":"https:\/\/chicagoinjurylawyer.net\/es\/","name":"Sexner Injury Lawyers LLC","description":"Chicago Personal Injury Attorneys","publisher":{"@id":"https:\/\/chicagoinjurylawyer.net\/es\/#organization"},"potentialAction":[{"@type":"SearchAction","target":{"@type":"EntryPoint","urlTemplate":"https:\/\/chicagoinjurylawyer.net\/es\/?s={search_term_string}"},"query-input":{"@type":"PropertyValueSpecification","valueRequired":true,"valueName":"search_term_string"}}],"inLanguage":"es"},{"@type":"Organization","@id":"https:\/\/chicagoinjurylawyer.net\/es\/#organization","name":"[firm-name]","url":"https:\/\/chicagoinjurylawyer.net\/es\/","logo":{"@type":"ImageObject","inLanguage":"es","@id":"https:\/\/chicagoinjurylawyer.net\/es\/#\/schema\/logo\/image\/","url":"https:\/\/chicagoinjurylawyer.net\/wp-content\/uploads\/2019\/06\/msx-logo-1.png","contentUrl":"https:\/\/chicagoinjurylawyer.net\/wp-content\/uploads\/2019\/06\/msx-logo-1.png","width":180,"height":83,"caption":"[firm-name]"},"image":{"@id":"https:\/\/chicagoinjurylawyer.net\/es\/#\/schema\/logo\/image\/"}}]}},"_links":{"self":[{"href":"https:\/\/chicagoinjurylawyer.net\/es\/wp-json\/wp\/v2\/pages\/8156","targetHints":{"allow":["GET"]}}],"collection":[{"href":"https:\/\/chicagoinjurylawyer.net\/es\/wp-json\/wp\/v2\/pages"}],"about":[{"href":"https:\/\/chicagoinjurylawyer.net\/es\/wp-json\/wp\/v2\/types\/page"}],"author":[{"embeddable":true,"href":"https:\/\/chicagoinjurylawyer.net\/es\/wp-json\/wp\/v2\/users\/1"}],"replies":[{"embeddable":true,"href":"https:\/\/chicagoinjurylawyer.net\/es\/wp-json\/wp\/v2\/comments?post=8156"}],"version-history":[{"count":4,"href":"https:\/\/chicagoinjurylawyer.net\/es\/wp-json\/wp\/v2\/pages\/8156\/revisions"}],"predecessor-version":[{"id":32638,"href":"https:\/\/chicagoinjurylawyer.net\/es\/wp-json\/wp\/v2\/pages\/8156\/revisions\/32638"}],"up":[{"embeddable":true,"href":"https:\/\/chicagoinjurylawyer.net\/es\/wp-json\/wp\/v2\/pages\/7785"}],"wp:attachment":[{"href":"https:\/\/chicagoinjurylawyer.net\/es\/wp-json\/wp\/v2\/media?parent=8156"}],"curies":[{"name":"wp","href":"https:\/\/api.w.org\/{rel}","templated":true}]}}