{"id":8161,"date":"2019-06-27T11:48:57","date_gmt":"2019-06-27T11:48:57","guid":{"rendered":"http:\/\/104.197.86.120\/?page_id=8161"},"modified":"2021-12-06T16:20:04","modified_gmt":"2021-12-06T22:20:04","slug":"zapatos-defectuosos","status":"publish","type":"page","link":"https:\/\/chicagoinjurylawyer.net\/es\/nuestro-exito\/zapatos-defectuosos\/","title":{"rendered":"$225,000 Liquidaci\u00f3n Responsabilidad Por Productos"},"content":{"rendered":"<h1>Zapatos defectuosos que conducen a un grave tropiezo y ca\u00edda - Acuerdo de $225,000<\/h1>\n<p>Nuestra cliente, una enfermera, simplemente estaba dando un paseo cuando la planta de su zapato ortop\u00e9dico se desprendi\u00f3. Luego se tropez\u00f3 y cay\u00f3 al suelo, lo que le provoc\u00f3 lesiones muy graves, como capsulitis adhesiva en el hombro, desgarro del b\u00edceps y desgarro del tend\u00f3n del manguito rotador. Se requiri\u00f3 cirug\u00eda y terapia extensas para ayudar a su rehabilitaci\u00f3n. Presentamos una demanda en su nombre alegando que los zapatos se fabricaron o ensamblaron de manera defectuosa. En lugar de someterse a una demanda y la posible mala publicidad que rodea a un juicio, el fabricante de calzado acept\u00f3 un acuerdo justo y adecuado por un monto de $225,000 para beneficio de nuestra cliente.<\/p>\n<h2>\u00bfQu\u00e9 es la responsabilidad del producto?<\/h2>\n<p>En este preciso momento, se est\u00e1n fabricando literalmente millones de productos diferentes en la ciudad de Chicago, en todo el estado de Illinois, Estados Unidos y el mundo. Algunos son productos alimenticios, otros son productos de ropa (como los zapatos en nuestro acuerdo descrito anteriormente), mientras que otros pueden ser maquinaria, autom\u00f3viles, computadoras o miles de art\u00edculos diversos. Estados Unidos se enorgullece de la innovaci\u00f3n y alienta a las nuevas compa\u00f1\u00edas a crear productos nuevos y emocionantes, pero existen leyes para garantizar que estos productos sean seguros de usar y no perjudiquen a los consumidores. La Comisi\u00f3n de Seguridad de Productos del Consumidor enumera muchos de estos productos retirados y las normas de seguridad federales aplicables.<\/p>\n<p>Por lo tanto, la responsabilidad del producto es el \u00e1rea de la ley que protege a las personas de art\u00edculos peligrosos o defectuosos y les da la oportunidad de demandar por dinero y da\u00f1os a los responsables de cualquier lesi\u00f3n o muerte que ocurra a consecuencia de esta situaci\u00f3n. Para ganar con \u00e9xito una demanda de este tipo, se debe probar que no solo el art\u00edculo fue defectuoso, sino que la lesi\u00f3n fue el resultado de ese defecto. Esto se conoce como responsabilidad y da\u00f1os probatorios.<\/p>\n<h2>\u00bfCu\u00e1les son los tipos b\u00e1sicos de reclamaciones de responsabilidad por productos?<\/h2>\n<p>Las leyes de cada estado son diferentes, pero b\u00e1sicamente involucran los mismos tres tipos generales de reclamaciones de productos defectuosos. Estos son:<\/p>\n<p>Dise\u00f1o Defectuoso: Se relaciona con un art\u00edculo que se fabric\u00f3 exactamente seg\u00fan lo planeado, pero que resulta ser inherentemente peligroso. En estas circunstancias, toda la l\u00ednea de productos es peligrosa, y cualquiera que lo use (incluso de la manera prevista) puede resultar lesionado. Algunos ejemplos pueden incluir un asiento elevador que no mantiene al ni\u00f1o restringido en caso de un choque o un horno tostador con un asa que est\u00e1 demasiado caliente al tacto para abrirla de manera segura.<\/p>\n<p>Fabricaci\u00f3n Defectuosa: A diferencia de un caso de dise\u00f1o defectuoso, no hay nada probable en la planificaci\u00f3n o el utillaje de este producto. Puede ser que el 99% de todos estos art\u00edculos se produzcan correctamente y sean seguros de usar, pero quiz\u00e1s debido a alg\u00fan error o falla en el proceso de fabricaci\u00f3n, algunos o todos no funcionan seg\u00fan lo previsto y representan un peligro para el consumidor. Algunos ejemplos podr\u00edan incluir un marcapasos que se arm\u00f3 incorrectamente o un autom\u00f3vil con un volante que se acopl\u00f3 incorrectamente en la f\u00e1brica.<\/p>\n<p>Advertencias Inadecuadas: En este \u00faltimo tipo de caso, el art\u00edculo no est\u00e1 dise\u00f1ado incorrectamente, ni se fabrica incorrectamente. Est\u00e1 perfectamente bien como est\u00e1, pero el problema es que el fabricante no proporcion\u00f3 advertencias o instrucciones adecuadas sobre c\u00f3mo usar el art\u00edculo correctamente. Esto no se aplicar\u00eda a un elemento obvio como un l\u00e1piz (todo el mundo sabe que no se debe poner en el ojo), pero se relaciona con otros productos cuyo uso no es tan obvio sin buenas instrucciones o advertencias. Un ejemplo podr\u00eda involucrar una motosierra o un jarabe para la tos que carec\u00eda de advertencias sobre cu\u00e1nto usar o cuales otros productos evitar.<\/p>\n<p>Los fabricantes invierten millones de d\u00f3lares en costos de dise\u00f1o y planificaci\u00f3n para producir sus productos. Obviamente, no tienen absolutamente ning\u00fan deseo de cambiar sus herramientas o su proceso de producci\u00f3n, porque esto les costar\u00eda millones o, en algunos casos, billones de d\u00f3lares para hacerlo. Por lo tanto, emplean abogados para combatir estos casos vigorosamente. <a href=\"\/es\/\">Sexner Injury Lawyers LLC<\/a> est\u00e1 disponible para discutir su caso sin cargo al\u00a0(312) 243-9922. Nuestra firma tiene una larga y exitosa historia de conseguir justicia en nombre de nuestros clientes. <a href=\"\/es\/contactenos\/\">Llame hoy<\/a>.<\/p>\n","protected":false},"excerpt":{"rendered":"<p>Zapatos defectuosos que conducen a un grave tropiezo y ca\u00edda - Acuerdo de $225,000 Nuestra cliente, una enfermera, simplemente estaba dando un paseo cuando la planta de su zapato ortop\u00e9dico se desprendi\u00f3. Luego se tropez\u00f3 y cay\u00f3 al suelo, lo que le provoc\u00f3 lesiones muy graves, como capsulitis adhesiva en el hombro, desgarro del b\u00edceps [&hellip;]<\/p>\n","protected":false},"author":1,"featured_media":0,"parent":7785,"menu_order":0,"comment_status":"closed","ping_status":"open","template":"","meta":{"_acf_changed":false,"footnotes":""},"class_list":["post-8161","page","type-page","status-publish","hentry"],"acf":[],"yoast_head":"<!-- This site is optimized with the Yoast SEO plugin v27.5 - https:\/\/yoast.com\/product\/yoast-seo-wordpress\/ -->\n<title>$225,000 Liquidaci\u00f3n Responsabilidad por Productos - Sexner Injury Lawyers LLC<\/title>\n<meta name=\"description\" content=\"Nuestra cliente, una enfermera, simplemente estaba dando un paseo cuando la planta de su zapato ortop\u00e9dico se desprendi\u00f3. Luego se tropez\u00f3 y cay\u00f3 al suelo, lo que le provoc\u00f3 lesiones muy graves, como capsulitis adhesiva en el hombro, desgarro del b\u00edceps y desgarro del tend\u00f3n del manguito rotador.\" \/>\n<meta name=\"robots\" content=\"index, follow, max-snippet:-1, max-image-preview:large, max-video-preview:-1\" \/>\n<link rel=\"canonical\" href=\"https:\/\/chicagoinjurylawyer.net\/es\/nuestro-exito\/zapatos-defectuosos\/\" \/>\n<meta property=\"og:locale\" content=\"es_ES\" \/>\n<meta property=\"og:type\" content=\"article\" \/>\n<meta property=\"og:title\" content=\"$225,000 Liquidaci\u00f3n Responsabilidad por Productos - Sexner Injury Lawyers LLC\" \/>\n<meta property=\"og:description\" content=\"Nuestra cliente, una enfermera, simplemente estaba dando un paseo cuando la planta de su zapato ortop\u00e9dico se desprendi\u00f3. Luego se tropez\u00f3 y cay\u00f3 al suelo, lo que le provoc\u00f3 lesiones muy graves, como capsulitis adhesiva en el hombro, desgarro del b\u00edceps y desgarro del tend\u00f3n del manguito rotador.\" \/>\n<meta property=\"og:url\" content=\"https:\/\/chicagoinjurylawyer.net\/es\/nuestro-exito\/zapatos-defectuosos\/\" \/>\n<meta property=\"og:site_name\" content=\"Sexner Injury Lawyers LLC\" \/>\n<meta property=\"article:modified_time\" content=\"2021-12-06T22:20:04+00:00\" \/>\n<meta name=\"twitter:card\" content=\"summary_large_image\" \/>\n<meta name=\"twitter:label1\" content=\"Tiempo de lectura\" \/>\n\t<meta name=\"twitter:data1\" content=\"4 minutos\" \/>\n<!-- \/ Yoast SEO plugin. -->","yoast_head_json":{"title":"$225,000 Liquidaci\u00f3n Responsabilidad por Productos - Sexner Injury Lawyers LLC","description":"Nuestra cliente, una enfermera, simplemente estaba dando un paseo cuando la planta de su zapato ortop\u00e9dico se desprendi\u00f3. Luego se tropez\u00f3 y cay\u00f3 al suelo, lo que le provoc\u00f3 lesiones muy graves, como capsulitis adhesiva en el hombro, desgarro del b\u00edceps y desgarro del tend\u00f3n del manguito rotador.","robots":{"index":"index","follow":"follow","max-snippet":"max-snippet:-1","max-image-preview":"max-image-preview:large","max-video-preview":"max-video-preview:-1"},"canonical":"https:\/\/chicagoinjurylawyer.net\/es\/nuestro-exito\/zapatos-defectuosos\/","og_locale":"es_ES","og_type":"article","og_title":"$225,000 Liquidaci\u00f3n Responsabilidad por Productos - Sexner Injury Lawyers LLC","og_description":"Nuestra cliente, una enfermera, simplemente estaba dando un paseo cuando la planta de su zapato ortop\u00e9dico se desprendi\u00f3. Luego se tropez\u00f3 y cay\u00f3 al suelo, lo que le provoc\u00f3 lesiones muy graves, como capsulitis adhesiva en el hombro, desgarro del b\u00edceps y desgarro del tend\u00f3n del manguito rotador.","og_url":"https:\/\/chicagoinjurylawyer.net\/es\/nuestro-exito\/zapatos-defectuosos\/","og_site_name":"Sexner Injury Lawyers LLC","article_modified_time":"2021-12-06T22:20:04+00:00","twitter_card":"summary_large_image","twitter_misc":{"Tiempo de lectura":"4 minutos"},"schema":{"@context":"https:\/\/schema.org","@graph":[{"@type":"WebPage","@id":"https:\/\/chicagoinjurylawyer.net\/es\/nuestro-exito\/zapatos-defectuosos\/","url":"https:\/\/chicagoinjurylawyer.net\/es\/nuestro-exito\/zapatos-defectuosos\/","name":"$225,000 Liquidaci\u00f3n Responsabilidad por Productos - Sexner Injury Lawyers LLC","isPartOf":{"@id":"https:\/\/chicagoinjurylawyer.net\/es\/#website"},"datePublished":"2019-06-27T11:48:57+00:00","dateModified":"2021-12-06T22:20:04+00:00","description":"Nuestra cliente, una enfermera, simplemente estaba dando un paseo cuando la planta de su zapato ortop\u00e9dico se desprendi\u00f3. Luego se tropez\u00f3 y cay\u00f3 al suelo, lo que le provoc\u00f3 lesiones muy graves, como capsulitis adhesiva en el hombro, desgarro del b\u00edceps y desgarro del tend\u00f3n del manguito rotador.","breadcrumb":{"@id":"https:\/\/chicagoinjurylawyer.net\/es\/nuestro-exito\/zapatos-defectuosos\/#breadcrumb"},"inLanguage":"es","potentialAction":[{"@type":"ReadAction","target":["https:\/\/chicagoinjurylawyer.net\/es\/nuestro-exito\/zapatos-defectuosos\/"]}]},{"@type":"BreadcrumbList","@id":"https:\/\/chicagoinjurylawyer.net\/es\/nuestro-exito\/zapatos-defectuosos\/#breadcrumb","itemListElement":[{"@type":"ListItem","position":1,"name":"Nuestro \u00c9xito","item":"https:\/\/chicagoinjurylawyer.net\/es\/nuestro-exito\/"},{"@type":"ListItem","position":2,"name":"$225,000 Liquidaci\u00f3n Responsabilidad Por Productos"}]},{"@type":"WebSite","@id":"https:\/\/chicagoinjurylawyer.net\/es\/#website","url":"https:\/\/chicagoinjurylawyer.net\/es\/","name":"Sexner Injury Lawyers LLC","description":"Chicago Personal Injury Attorneys","publisher":{"@id":"https:\/\/chicagoinjurylawyer.net\/es\/#organization"},"potentialAction":[{"@type":"SearchAction","target":{"@type":"EntryPoint","urlTemplate":"https:\/\/chicagoinjurylawyer.net\/es\/?s={search_term_string}"},"query-input":{"@type":"PropertyValueSpecification","valueRequired":true,"valueName":"search_term_string"}}],"inLanguage":"es"},{"@type":"Organization","@id":"https:\/\/chicagoinjurylawyer.net\/es\/#organization","name":"[firm-name]","url":"https:\/\/chicagoinjurylawyer.net\/es\/","logo":{"@type":"ImageObject","inLanguage":"es","@id":"https:\/\/chicagoinjurylawyer.net\/es\/#\/schema\/logo\/image\/","url":"https:\/\/chicagoinjurylawyer.net\/wp-content\/uploads\/2019\/06\/msx-logo-1.png","contentUrl":"https:\/\/chicagoinjurylawyer.net\/wp-content\/uploads\/2019\/06\/msx-logo-1.png","width":180,"height":83,"caption":"[firm-name]"},"image":{"@id":"https:\/\/chicagoinjurylawyer.net\/es\/#\/schema\/logo\/image\/"}}]}},"_links":{"self":[{"href":"https:\/\/chicagoinjurylawyer.net\/es\/wp-json\/wp\/v2\/pages\/8161","targetHints":{"allow":["GET"]}}],"collection":[{"href":"https:\/\/chicagoinjurylawyer.net\/es\/wp-json\/wp\/v2\/pages"}],"about":[{"href":"https:\/\/chicagoinjurylawyer.net\/es\/wp-json\/wp\/v2\/types\/page"}],"author":[{"embeddable":true,"href":"https:\/\/chicagoinjurylawyer.net\/es\/wp-json\/wp\/v2\/users\/1"}],"replies":[{"embeddable":true,"href":"https:\/\/chicagoinjurylawyer.net\/es\/wp-json\/wp\/v2\/comments?post=8161"}],"version-history":[{"count":4,"href":"https:\/\/chicagoinjurylawyer.net\/es\/wp-json\/wp\/v2\/pages\/8161\/revisions"}],"predecessor-version":[{"id":32633,"href":"https:\/\/chicagoinjurylawyer.net\/es\/wp-json\/wp\/v2\/pages\/8161\/revisions\/32633"}],"up":[{"embeddable":true,"href":"https:\/\/chicagoinjurylawyer.net\/es\/wp-json\/wp\/v2\/pages\/7785"}],"wp:attachment":[{"href":"https:\/\/chicagoinjurylawyer.net\/es\/wp-json\/wp\/v2\/media?parent=8161"}],"curies":[{"name":"wp","href":"https:\/\/api.w.org\/{rel}","templated":true}]}}