{"id":8181,"date":"2019-06-27T11:54:14","date_gmt":"2019-06-27T11:54:14","guid":{"rendered":"http:\/\/104.197.86.120\/?page_id=8181"},"modified":"2021-12-06T15:28:47","modified_gmt":"2021-12-06T21:28:47","slug":"negligencia-medica-de-cirugia-cerebral","status":"publish","type":"page","link":"https:\/\/chicagoinjurylawyer.net\/es\/nuestro-exito\/negligencia-medica-de-cirugia-cerebral\/","title":{"rendered":"$6.2 Millones De Negligencia M\u00e9dica Liquidaci\u00f3n"},"content":{"rendered":"<h1>$6.2 Millones de Negligencia M\u00e9dica Liquidaci\u00f3n<\/h1>\n<h2>Uno de los Asentamientos Conocidos Grande del Condado de Winnebago<\/h2>\n<p>Este caso involucr\u00f3 a un hombre de 58 a\u00f1os que se someti\u00f3 a una cirug\u00eda cerebral por un tumor benigno. A pesar de la disponibilidad de tecnolog\u00eda avanzada de navegaci\u00f3n neuroquir\u00fargica que le hubiera permitido al cirujano visualizar con precisi\u00f3n el cerebro y los instrumentos quir\u00fargicos, el m\u00e9dico realiz\u00f3 esta\u00a0delicada <a href=\"\/es\/lesiones-cerebrales-traumaticas\/\">cirug\u00eda cerebralsin<\/a> la ayuda del mencionado equipo. Despu\u00e9s de la cirug\u00eda, nuestro cliente permaneci\u00f3 en coma por varias semanas. Alegamos que el cirujano no reconoci\u00f3 los hitos anat\u00f3micos importantes en el cerebro y se \"perdi\u00f3\", causando de manera negligente da\u00f1os permanentes en partes del cerebro de nuestro cliente que estaban sanas antes de la cirug\u00eda.<\/p>\n<p>Varios expertos en el campo de la cirug\u00eda cerebral fueron consultados para apoyar el caso y nuestros abogados ayudaron a la familia a realizar la transferencia del paciente a otro hospital para que reciba mejor atenci\u00f3n m\u00e9dica. En la actualidad nuestro cliente requiere de supervisi\u00f3n constante las 24 horas debido a las discapacidades cognitivas resultantes. En la demanda presentada en contra del cirujano y un hospital en el \u00e1rea de Rockford, se lleg\u00f3 a un acuerdo por la cantidad de $6.200.000 a nombre de nuestro cliente y su esposa. Este acuerdo es uno de los mayores de este tipo al que se ha llegado en el condado de Winnebago.<\/p>\n<h2>Acerca de la mala pr\u00e1ctica m\u00e9dica en la neurocirug\u00eda<\/h2>\n<p>Seg\u00fan un informe publicado por la reconocida revista cient\u00edfica New England Journal of Medicine, los neurocirujanos tienen una mayor probabilidad de ser demandados por <a href=\"\/es\/negligencia-medica\/\">mala pr\u00e1ctica m\u00e9dica<\/a> en comparaci\u00f3n a otros grupos de m\u00e9dicos especialistas. La probabilidad de que un neurocirujano se enfrente a tal demanda es del 19.1%, aproximadamente 1 de cada 5, lo que representa la probabilidad m\u00e1s alta de todas las especialidades m\u00e9dicas. Los cirujanos especializados en el \u00e1rea tor\u00e1cico-cardiovascular tienen una probabilidad del 18.9% y los cirujanos generales del 15.3%, mientras que s\u00f3lo un 3.1% de los especialistas en pediatr\u00eda tienen la probabilidad de ser demandados por mala pr\u00e1ctica m\u00e9dica, en t\u00e9rminos anuales.<\/p>\n<p>\u00bfPor qu\u00e9 los neurocirujanos se enfrentan a una probabilidad mucho mayor de ser demandados? Algunos opinan que se debe al nivel de complejidad de la cirug\u00eda cerebral, que es mucho mayor que en otras \u00e1reas. El campo de la neurocirug\u00eda involucra problemas tanto a nivel del cr\u00e1neo como de la espina dorsal, los cuales est\u00e1n relacionados con la epilepsia, los trastornos del comportamiento, las enfermedades vasculares y los tumores cerebrales. Debido a que en la mayor\u00eda de los casos este tipo de cirug\u00eda es altamente compleja, los m\u00e9dicos especialistas en el \u00e1rea generalmente tienen un buen salario dada la dificultad propia de su trabajo.<\/p>\n<h2>Otros casos de neurocirujanos en las noticias<\/h2>\n<p>El neurocirujano m\u00e1s conocido es probablemente Ben Carson, quien fue candidato a la presidencia de los Estados Unidos en las \u00faltimas elecciones. Seg\u00fan las fuentes, Carson ha sido demandado por mala pr\u00e1ctica m\u00e9dica en no menos\u00a0de ocho ocasiones. En uno de los casos, fue demandado conjuntamente con la Universidad John Hopkins por una mujer que padec\u00eda esclerosis m\u00faltiple y se someti\u00f3 a una cirug\u00eda de descompresi\u00f3n microvascular, la cual incluy\u00f3 la separaci\u00f3n parcial del cr\u00e1neo con el fin de reducir el dolor.<\/p>\n<p>Actualmente la tecnolog\u00eda permite a los m\u00e9dicos estudiar la hoja de ruta del cerebro antes de realizar una operaci\u00f3n, y en este caso particular, se aleg\u00f3 que el Dr. Carson simplemente no revis\u00f3 las im\u00e1genes de resonancia magn\u00e9tica antes de la operaci\u00f3n, lo que seg\u00fan la mayor\u00eda de expertos es claramente negligente y est\u00e1 por debajo de los \u201cest\u00e1ndares de cuidado\u201d que deben seguir los especialistas en el \u00e1rea. En medio de la operaci\u00f3n se evidenci\u00f3 que la cirug\u00eda era in\u00fatil debido a la presencia de lesiones en el tallo cerebral de la mujer y el m\u00e9dico culp\u00f3 a su personal por no haberle informado sobre estas lesiones. En otro caso, fue demandado por una mujer que afirm\u00f3 que su cara qued\u00f3 paralizada despu\u00e9s de un procedimiento quir\u00fargico para extirparle un tumor.<\/p>\n<p>Para ganar dichos casos, el abogado del demandante debe demostrar a la corte que el acusado fall\u00f3 en utilizar las habilidades y los cuidados que otros neurocirujanos aplican de manera habitual en circunstancias similares. Debido a la naturaleza compleja de estos casos, el abogado incorporar\u00e1 a expertos en el \u00e1rea que ayudar\u00e1n a probar que los resultados m\u00e9dicos podr\u00edan haberse evitado de no haber existido negligencia. En Sexner Injury Lawyers LLC ((312) 243-9922) estamos listos para ayudar a las personas perjudicadas por las acciones negligentes de dichos m\u00e9dicos y adem\u00e1s no cobramos honorarios a menos que ganemos el caso.<\/p>\n","protected":false},"excerpt":{"rendered":"<p>$6.2 Millones de Negligencia M\u00e9dica Liquidaci\u00f3n Uno de los Asentamientos Conocidos Grande del Condado de Winnebago Este caso involucr\u00f3 a un hombre de 58 a\u00f1os que se someti\u00f3 a una cirug\u00eda cerebral por un tumor benigno. A pesar de la disponibilidad de tecnolog\u00eda avanzada de navegaci\u00f3n neuroquir\u00fargica que le hubiera permitido al cirujano visualizar con [&hellip;]<\/p>\n","protected":false},"author":1,"featured_media":0,"parent":7785,"menu_order":0,"comment_status":"closed","ping_status":"open","template":"","meta":{"_acf_changed":false,"footnotes":""},"class_list":["post-8181","page","type-page","status-publish","hentry"],"acf":[],"yoast_head":"<!-- This site is optimized with the Yoast SEO plugin v27.3 - https:\/\/yoast.com\/product\/yoast-seo-wordpress\/ -->\n<title>$6.2 Millones de Negligencia M\u00e9dica Liquidaci\u00f3n - Sexner Injury Lawyers LLC<\/title>\n<meta name=\"description\" content=\"Este caso involucr\u00f3 a un hombre de 58 a\u00f1os que se someti\u00f3 a una cirug\u00eda cerebral por un tumor benigno.\" \/>\n<meta name=\"robots\" content=\"index, follow, max-snippet:-1, max-image-preview:large, max-video-preview:-1\" \/>\n<link rel=\"canonical\" href=\"https:\/\/chicagoinjurylawyer.net\/es\/nuestro-exito\/negligencia-medica-de-cirugia-cerebral\/\" \/>\n<meta property=\"og:locale\" content=\"es_ES\" \/>\n<meta property=\"og:type\" content=\"article\" \/>\n<meta property=\"og:title\" content=\"$6.2 Millones de Negligencia M\u00e9dica Liquidaci\u00f3n - Sexner Injury Lawyers LLC\" \/>\n<meta property=\"og:description\" content=\"Este caso involucr\u00f3 a un hombre de 58 a\u00f1os que se someti\u00f3 a una cirug\u00eda cerebral por un tumor benigno.\" \/>\n<meta property=\"og:url\" content=\"https:\/\/chicagoinjurylawyer.net\/es\/nuestro-exito\/negligencia-medica-de-cirugia-cerebral\/\" \/>\n<meta property=\"og:site_name\" content=\"Sexner Injury Lawyers LLC\" \/>\n<meta property=\"article:modified_time\" content=\"2021-12-06T21:28:47+00:00\" \/>\n<meta name=\"twitter:card\" content=\"summary_large_image\" \/>\n<meta name=\"twitter:label1\" content=\"Tiempo de lectura\" \/>\n\t<meta name=\"twitter:data1\" content=\"4 minutos\" \/>\n<!-- \/ Yoast SEO plugin. -->","yoast_head_json":{"title":"$6.2 Millones de Negligencia M\u00e9dica Liquidaci\u00f3n - Sexner Injury Lawyers LLC","description":"Este caso involucr\u00f3 a un hombre de 58 a\u00f1os que se someti\u00f3 a una cirug\u00eda cerebral por un tumor benigno.","robots":{"index":"index","follow":"follow","max-snippet":"max-snippet:-1","max-image-preview":"max-image-preview:large","max-video-preview":"max-video-preview:-1"},"canonical":"https:\/\/chicagoinjurylawyer.net\/es\/nuestro-exito\/negligencia-medica-de-cirugia-cerebral\/","og_locale":"es_ES","og_type":"article","og_title":"$6.2 Millones de Negligencia M\u00e9dica Liquidaci\u00f3n - Sexner Injury Lawyers LLC","og_description":"Este caso involucr\u00f3 a un hombre de 58 a\u00f1os que se someti\u00f3 a una cirug\u00eda cerebral por un tumor benigno.","og_url":"https:\/\/chicagoinjurylawyer.net\/es\/nuestro-exito\/negligencia-medica-de-cirugia-cerebral\/","og_site_name":"Sexner Injury Lawyers LLC","article_modified_time":"2021-12-06T21:28:47+00:00","twitter_card":"summary_large_image","twitter_misc":{"Tiempo de lectura":"4 minutos"},"schema":{"@context":"https:\/\/schema.org","@graph":[{"@type":"WebPage","@id":"https:\/\/chicagoinjurylawyer.net\/es\/nuestro-exito\/negligencia-medica-de-cirugia-cerebral\/","url":"https:\/\/chicagoinjurylawyer.net\/es\/nuestro-exito\/negligencia-medica-de-cirugia-cerebral\/","name":"$6.2 Millones de Negligencia M\u00e9dica Liquidaci\u00f3n - Sexner Injury Lawyers LLC","isPartOf":{"@id":"https:\/\/chicagoinjurylawyer.net\/es\/#website"},"datePublished":"2019-06-27T11:54:14+00:00","dateModified":"2021-12-06T21:28:47+00:00","description":"Este caso involucr\u00f3 a un hombre de 58 a\u00f1os que se someti\u00f3 a una cirug\u00eda cerebral por un tumor benigno.","breadcrumb":{"@id":"https:\/\/chicagoinjurylawyer.net\/es\/nuestro-exito\/negligencia-medica-de-cirugia-cerebral\/#breadcrumb"},"inLanguage":"es","potentialAction":[{"@type":"ReadAction","target":["https:\/\/chicagoinjurylawyer.net\/es\/nuestro-exito\/negligencia-medica-de-cirugia-cerebral\/"]}]},{"@type":"BreadcrumbList","@id":"https:\/\/chicagoinjurylawyer.net\/es\/nuestro-exito\/negligencia-medica-de-cirugia-cerebral\/#breadcrumb","itemListElement":[{"@type":"ListItem","position":1,"name":"Nuestro \u00c9xito","item":"https:\/\/chicagoinjurylawyer.net\/es\/nuestro-exito\/"},{"@type":"ListItem","position":2,"name":"$6.2 Millones De Negligencia M\u00e9dica Liquidaci\u00f3n"}]},{"@type":"WebSite","@id":"https:\/\/chicagoinjurylawyer.net\/es\/#website","url":"https:\/\/chicagoinjurylawyer.net\/es\/","name":"Sexner Injury Lawyers LLC","description":"Chicago Personal Injury Attorneys","publisher":{"@id":"https:\/\/chicagoinjurylawyer.net\/es\/#organization"},"potentialAction":[{"@type":"SearchAction","target":{"@type":"EntryPoint","urlTemplate":"https:\/\/chicagoinjurylawyer.net\/es\/?s={search_term_string}"},"query-input":{"@type":"PropertyValueSpecification","valueRequired":true,"valueName":"search_term_string"}}],"inLanguage":"es"},{"@type":"Organization","@id":"https:\/\/chicagoinjurylawyer.net\/es\/#organization","name":"[firm-name]","url":"https:\/\/chicagoinjurylawyer.net\/es\/","logo":{"@type":"ImageObject","inLanguage":"es","@id":"https:\/\/chicagoinjurylawyer.net\/es\/#\/schema\/logo\/image\/","url":"https:\/\/chicagoinjurylawyer.net\/wp-content\/uploads\/2019\/06\/msx-logo-1.png","contentUrl":"https:\/\/chicagoinjurylawyer.net\/wp-content\/uploads\/2019\/06\/msx-logo-1.png","width":180,"height":83,"caption":"[firm-name]"},"image":{"@id":"https:\/\/chicagoinjurylawyer.net\/es\/#\/schema\/logo\/image\/"}}]}},"_links":{"self":[{"href":"https:\/\/chicagoinjurylawyer.net\/es\/wp-json\/wp\/v2\/pages\/8181","targetHints":{"allow":["GET"]}}],"collection":[{"href":"https:\/\/chicagoinjurylawyer.net\/es\/wp-json\/wp\/v2\/pages"}],"about":[{"href":"https:\/\/chicagoinjurylawyer.net\/es\/wp-json\/wp\/v2\/types\/page"}],"author":[{"embeddable":true,"href":"https:\/\/chicagoinjurylawyer.net\/es\/wp-json\/wp\/v2\/users\/1"}],"replies":[{"embeddable":true,"href":"https:\/\/chicagoinjurylawyer.net\/es\/wp-json\/wp\/v2\/comments?post=8181"}],"version-history":[{"count":4,"href":"https:\/\/chicagoinjurylawyer.net\/es\/wp-json\/wp\/v2\/pages\/8181\/revisions"}],"predecessor-version":[{"id":32620,"href":"https:\/\/chicagoinjurylawyer.net\/es\/wp-json\/wp\/v2\/pages\/8181\/revisions\/32620"}],"up":[{"embeddable":true,"href":"https:\/\/chicagoinjurylawyer.net\/es\/wp-json\/wp\/v2\/pages\/7785"}],"wp:attachment":[{"href":"https:\/\/chicagoinjurylawyer.net\/es\/wp-json\/wp\/v2\/media?parent=8181"}],"curies":[{"name":"wp","href":"https:\/\/api.w.org\/{rel}","templated":true}]}}