{"id":8192,"date":"2019-06-27T11:56:10","date_gmt":"2019-06-27T11:56:10","guid":{"rendered":"http:\/\/104.197.86.120\/?page_id=8192"},"modified":"2021-12-06T17:01:42","modified_gmt":"2021-12-06T23:01:42","slug":"dolor-lumbar","status":"publish","type":"page","link":"https:\/\/chicagoinjurylawyer.net\/es\/nuestro-exito\/dolor-lumbar\/","title":{"rendered":"Soluci\u00f3n De Compensaci\u00f3n $140,000 Trabajadores"},"content":{"rendered":"<h1>Dolor lumbar \u2013 Acuerdo de $140,000<\/h1>\n<p>Mientras cargaba un art\u00edculo pesado por las escaleras, como parte de sus obligaciones laborales, este trabajador sufri\u00f3 una herida en la espalda baja que requer\u00eda un tratamiento extenso. Despu\u00e9s de presentar un reclamo ante la Comisi\u00f3n de <a href=\"\/es\/compensacion-de-trabajadores\/\">Compensaci\u00f3n para Trabajadores<\/a> de Illinois, se negoci\u00f3 un acuerdo de suma global por un monto de $140,000 para nuestro cliente lesionado.<\/p>\n<h2>Reclamaciones de compensaci\u00f3n de trabajadores m\u00e1s comunes<\/h2>\n<p>El a\u00f1o pasado, en Chicago, Illinois y en ciudades de todo el pa\u00eds, casi 3 millones de trabajadores sufrieron lesiones no fatales, seg\u00fan la Oficina de Estad\u00edsticas Laborales. Algunos tipos de trabajos, como la asistencia telef\u00f3nica, tienen menos probabilidades de sufrir una herida en el lugar de trabajo, mientras que otros tipos de trabajo, como los trabajadores de la construcci\u00f3n, son, por razones obvias, m\u00e1s propensos a las lesiones. Los grandes empleadores generalmente hacen todo lo posible por educar a los trabajadores para ayudarles a evitar las lesiones en el trabajo, ya que cada reclamaci\u00f3n afecta negativamente las tasas de sus seguros e influye negativamente en la producci\u00f3n. Pero los accidentes siguen ocurriendo con regularidad. Entre los tipos de reclamos m\u00e1s com\u00fanmente reportados se encuentran:<\/p>\n<p>Resbalones, tropezones y ca\u00eddas: Estas reclamaciones a menudo involucran a trabajadores que se resbalan en pisos mojados mientras trabajan. Dichos accidentes pueden ocurrir en las plantas de producci\u00f3n de alimentos donde la maquinaria es com\u00fanmente lavada, en los supermercados cuando se derraman l\u00edquidos, o sobre hielo, nieve o agua en el piso. Las lesiones musculares, las torceduras y las fracturas de huesos son comunes en estos tipos de accidentes.<\/p>\n<p>Ca\u00eddas: Cuando los trabajadores usan escaleras, andamios o trabajan en lo alto, siempre existe la posibilidad de ca\u00edda. A mayor altura, mayor es la posibilidad de fracturas de huesos, lesi\u00f3n cerebral traum\u00e1tica o muerte. Aquellos trabajos que corren mayor riesgo de sufrir lesiones de este tipo incluyen pintores, limpiadores de ventanas, techadores y trabajadores del sector de la construcci\u00f3n.<\/p>\n<p>Objetos: Esto implica un objeto que cae desde arriba o un trabajador que cae en un objeto. Alguien que trabaja en un almac\u00e9n, supermercado o casi cualquier establecimiento minorista o mayorista puede trabajar con objetos almacenados en lo alto. Si por alguna raz\u00f3n el art\u00edculo cae sobre \u00e9l \/ ella, puede causar un da\u00f1o grave, incluyendo una posible lesi\u00f3n traum\u00e1tica en la cabeza. Quienes trabajan en nuevos proyectos de construcci\u00f3n tambi\u00e9n est\u00e1n en peligro de que caigan herramientas o materiales de construcci\u00f3n desde arriba. Otros pueden caer en objetos estacionarios mientras est\u00e1n en el trabajo. Por ejemplo, los oficiales de polic\u00eda pueden caen en barricadas y los trabajadores de almacenes pueden ser golpeados por la maquinaria.<\/p>\n<p>Maquinaria: El potencial de accidentes en el lugar de trabajo es mayor en entornos de f\u00e1brica, donde los trabajadores realizan tareas con maquinaria pesada y peligrosa. Un trabajador puede sufrir lesiones debido al ritmo acelerado, los productos defectuosos, o falta de equipo de seguridad adecuado, aun con el mejor entrenamiento. Ya sea que se trate de maquinaria de f\u00e1brica, m\u00e1quinas peque\u00f1as o m\u00e1quinas grandes (como camiones y gr\u00faas), las heridas de este tipo suelen ser graves e incluso, catastr\u00f3ficas. Los accidentes pueden resultar en la p\u00e9rdida de extremidades , traumas cerebrales o la muerte.<\/p>\n<p>Estr\u00e9s repetitivo: En una f\u00e1brica, un trabajador puede realizar un mismo movimiento continuamente a diario, como insertar un objeto en un paquete o tirar de una palanca. En el entorno de la oficina, una secretaria puede escribir durante largos per\u00edodos de tiempo ejerciendo tensi\u00f3n repetida en la mu\u00f1eca o los codos. En cualquier caso, este movimiento repetitivo puede crear una lesi\u00f3n con el tiempo (a veces en el transcurso de los a\u00f1os) que se manifiesta en un problema grave a largo plazo que requiere cirug\u00eda. Ejemplos comunes incluyen tendinitis y s\u00edndrome del t\u00fanel carpiano.<\/p>\n<p>Sobreesfuerzo: Una herida tambi\u00e9n puede ocurrir cuando un trabajador simplemente se esfuerza en exceso, por ejemplo, tirando, levantando, empujando o lanzando algo, extendiendo as\u00ed el m\u00fasculo m\u00e1s all\u00e1 de su rango normal de movimiento. A veces, una lesi\u00f3n de este tipo responder\u00e1 bien a la terapia y otras veces, requerir\u00e1 intervenci\u00f3n quir\u00fargica.<\/p>\n<p>Desde 1990, <a href=\"\/es\/\">Sexner Injury Lawyers LLC<\/a> ha estado ayudando al trabajador lesionado a obtener una compensaci\u00f3n m\u00e1xima. <a href=\"\/es\/contactenos\/\">Ll\u00e1menos<\/a> al\u00a0(312) 243-9922\u00a0para obtener informaci\u00f3n gratuita.<\/p>\n","protected":false},"excerpt":{"rendered":"<p>Dolor lumbar \u2013 Acuerdo de $140,000 Mientras cargaba un art\u00edculo pesado por las escaleras, como parte de sus obligaciones laborales, este trabajador sufri\u00f3 una herida en la espalda baja que requer\u00eda un tratamiento extenso. Despu\u00e9s de presentar un reclamo ante la Comisi\u00f3n de Compensaci\u00f3n para Trabajadores de Illinois, se negoci\u00f3 un acuerdo de suma global [&hellip;]<\/p>\n","protected":false},"author":1,"featured_media":0,"parent":7785,"menu_order":0,"comment_status":"closed","ping_status":"open","template":"","meta":{"_acf_changed":false,"footnotes":""},"class_list":["post-8192","page","type-page","status-publish","hentry"],"acf":[],"yoast_head":"<!-- This site is optimized with the Yoast SEO plugin v27.4 - https:\/\/yoast.com\/product\/yoast-seo-wordpress\/ -->\n<title>Soluci\u00f3n de Compensaci\u00f3n $140,000 Trabajadores - Sexner Injury Lawyers LLC<\/title>\n<meta name=\"description\" content=\"Mientras cargaba un art\u00edculo pesado por las escaleras, como parte de sus obligaciones laborales, este trabajador sufri\u00f3 una herida en la espalda baja que requer\u00eda un tratamiento extenso.\" \/>\n<meta name=\"robots\" content=\"index, follow, max-snippet:-1, max-image-preview:large, max-video-preview:-1\" \/>\n<link rel=\"canonical\" href=\"https:\/\/chicagoinjurylawyer.net\/es\/nuestro-exito\/dolor-lumbar\/\" \/>\n<meta property=\"og:locale\" content=\"es_ES\" \/>\n<meta property=\"og:type\" content=\"article\" \/>\n<meta property=\"og:title\" content=\"Soluci\u00f3n de Compensaci\u00f3n $140,000 Trabajadores - Sexner Injury Lawyers LLC\" \/>\n<meta property=\"og:description\" content=\"Mientras cargaba un art\u00edculo pesado por las escaleras, como parte de sus obligaciones laborales, este trabajador sufri\u00f3 una herida en la espalda baja que requer\u00eda un tratamiento extenso.\" \/>\n<meta property=\"og:url\" content=\"https:\/\/chicagoinjurylawyer.net\/es\/nuestro-exito\/dolor-lumbar\/\" \/>\n<meta property=\"og:site_name\" content=\"Sexner Injury Lawyers LLC\" \/>\n<meta property=\"article:modified_time\" content=\"2021-12-06T23:01:42+00:00\" \/>\n<meta name=\"twitter:card\" content=\"summary_large_image\" \/>\n<meta name=\"twitter:label1\" content=\"Tiempo de lectura\" \/>\n\t<meta name=\"twitter:data1\" content=\"4 minutos\" \/>\n<!-- \/ Yoast SEO plugin. -->","yoast_head_json":{"title":"Soluci\u00f3n de Compensaci\u00f3n $140,000 Trabajadores - Sexner Injury Lawyers LLC","description":"Mientras cargaba un art\u00edculo pesado por las escaleras, como parte de sus obligaciones laborales, este trabajador sufri\u00f3 una herida en la espalda baja que requer\u00eda un tratamiento extenso.","robots":{"index":"index","follow":"follow","max-snippet":"max-snippet:-1","max-image-preview":"max-image-preview:large","max-video-preview":"max-video-preview:-1"},"canonical":"https:\/\/chicagoinjurylawyer.net\/es\/nuestro-exito\/dolor-lumbar\/","og_locale":"es_ES","og_type":"article","og_title":"Soluci\u00f3n de Compensaci\u00f3n $140,000 Trabajadores - Sexner Injury Lawyers LLC","og_description":"Mientras cargaba un art\u00edculo pesado por las escaleras, como parte de sus obligaciones laborales, este trabajador sufri\u00f3 una herida en la espalda baja que requer\u00eda un tratamiento extenso.","og_url":"https:\/\/chicagoinjurylawyer.net\/es\/nuestro-exito\/dolor-lumbar\/","og_site_name":"Sexner Injury Lawyers LLC","article_modified_time":"2021-12-06T23:01:42+00:00","twitter_card":"summary_large_image","twitter_misc":{"Tiempo de lectura":"4 minutos"},"schema":{"@context":"https:\/\/schema.org","@graph":[{"@type":"WebPage","@id":"https:\/\/chicagoinjurylawyer.net\/es\/nuestro-exito\/dolor-lumbar\/","url":"https:\/\/chicagoinjurylawyer.net\/es\/nuestro-exito\/dolor-lumbar\/","name":"Soluci\u00f3n de Compensaci\u00f3n $140,000 Trabajadores - Sexner Injury Lawyers LLC","isPartOf":{"@id":"https:\/\/chicagoinjurylawyer.net\/es\/#website"},"datePublished":"2019-06-27T11:56:10+00:00","dateModified":"2021-12-06T23:01:42+00:00","description":"Mientras cargaba un art\u00edculo pesado por las escaleras, como parte de sus obligaciones laborales, este trabajador sufri\u00f3 una herida en la espalda baja que requer\u00eda un tratamiento extenso.","breadcrumb":{"@id":"https:\/\/chicagoinjurylawyer.net\/es\/nuestro-exito\/dolor-lumbar\/#breadcrumb"},"inLanguage":"es","potentialAction":[{"@type":"ReadAction","target":["https:\/\/chicagoinjurylawyer.net\/es\/nuestro-exito\/dolor-lumbar\/"]}]},{"@type":"BreadcrumbList","@id":"https:\/\/chicagoinjurylawyer.net\/es\/nuestro-exito\/dolor-lumbar\/#breadcrumb","itemListElement":[{"@type":"ListItem","position":1,"name":"Nuestro \u00c9xito","item":"https:\/\/chicagoinjurylawyer.net\/es\/nuestro-exito\/"},{"@type":"ListItem","position":2,"name":"Soluci\u00f3n De Compensaci\u00f3n $140,000 Trabajadores"}]},{"@type":"WebSite","@id":"https:\/\/chicagoinjurylawyer.net\/es\/#website","url":"https:\/\/chicagoinjurylawyer.net\/es\/","name":"Sexner Injury Lawyers LLC","description":"Chicago Personal Injury Attorneys","publisher":{"@id":"https:\/\/chicagoinjurylawyer.net\/es\/#organization"},"potentialAction":[{"@type":"SearchAction","target":{"@type":"EntryPoint","urlTemplate":"https:\/\/chicagoinjurylawyer.net\/es\/?s={search_term_string}"},"query-input":{"@type":"PropertyValueSpecification","valueRequired":true,"valueName":"search_term_string"}}],"inLanguage":"es"},{"@type":"Organization","@id":"https:\/\/chicagoinjurylawyer.net\/es\/#organization","name":"[firm-name]","url":"https:\/\/chicagoinjurylawyer.net\/es\/","logo":{"@type":"ImageObject","inLanguage":"es","@id":"https:\/\/chicagoinjurylawyer.net\/es\/#\/schema\/logo\/image\/","url":"https:\/\/chicagoinjurylawyer.net\/wp-content\/uploads\/2019\/06\/msx-logo-1.png","contentUrl":"https:\/\/chicagoinjurylawyer.net\/wp-content\/uploads\/2019\/06\/msx-logo-1.png","width":180,"height":83,"caption":"[firm-name]"},"image":{"@id":"https:\/\/chicagoinjurylawyer.net\/es\/#\/schema\/logo\/image\/"}}]}},"_links":{"self":[{"href":"https:\/\/chicagoinjurylawyer.net\/es\/wp-json\/wp\/v2\/pages\/8192","targetHints":{"allow":["GET"]}}],"collection":[{"href":"https:\/\/chicagoinjurylawyer.net\/es\/wp-json\/wp\/v2\/pages"}],"about":[{"href":"https:\/\/chicagoinjurylawyer.net\/es\/wp-json\/wp\/v2\/types\/page"}],"author":[{"embeddable":true,"href":"https:\/\/chicagoinjurylawyer.net\/es\/wp-json\/wp\/v2\/users\/1"}],"replies":[{"embeddable":true,"href":"https:\/\/chicagoinjurylawyer.net\/es\/wp-json\/wp\/v2\/comments?post=8192"}],"version-history":[{"count":6,"href":"https:\/\/chicagoinjurylawyer.net\/es\/wp-json\/wp\/v2\/pages\/8192\/revisions"}],"predecessor-version":[{"id":32644,"href":"https:\/\/chicagoinjurylawyer.net\/es\/wp-json\/wp\/v2\/pages\/8192\/revisions\/32644"}],"up":[{"embeddable":true,"href":"https:\/\/chicagoinjurylawyer.net\/es\/wp-json\/wp\/v2\/pages\/7785"}],"wp:attachment":[{"href":"https:\/\/chicagoinjurylawyer.net\/es\/wp-json\/wp\/v2\/media?parent=8192"}],"curies":[{"name":"wp","href":"https:\/\/api.w.org\/{rel}","templated":true}]}}