{"id":8201,"date":"2019-06-27T11:57:52","date_gmt":"2019-06-27T11:57:52","guid":{"rendered":"http:\/\/104.197.86.120\/?page_id=8201"},"modified":"2021-12-06T16:46:21","modified_gmt":"2021-12-06T22:46:21","slug":"accidente-de-auto-muerte-injusta","status":"publish","type":"page","link":"https:\/\/chicagoinjurylawyer.net\/es\/nuestro-exito\/accidente-de-auto-muerte-injusta\/","title":{"rendered":"Acuerdo de $600,000 de compensaci\u00f3n laboral (muerte por negligencia)"},"content":{"rendered":"<h1>Acuerdo de $600,000 de compensaci\u00f3n laboral (muerte por negligencia)<\/h1>\n<h2>Accidente de Auto Muerte Injusta<\/h2>\n<p>Mientras trabajaba manejando un cami\u00f3n en Mississippi, este hombre de 41 a\u00f1os, casado y padre de dos hijos fue golpeado por otro cami\u00f3n. Este grave accidente tuvo como consecuencia su propia muerte. Antes de que fu\u00e9ramos contratados para ayudar a su viuda, los dos hijos del fallecido ya hab\u00edan aceptado un acuerdo de indemnizaci\u00f3n, y el caso de indemnizaci\u00f3n laboral tambi\u00e9n hab\u00eda sido resuelto.<\/p>\n<p>Sin embargo, durante varios a\u00f1os los abogados de nuestra cliente intentaron infructuosamente negociar un acuerdo aceptable. Debido a que sent\u00eda que la oferta de indemnizaci\u00f3n era demasiado peque\u00f1a, la viuda contrat\u00f3 a nuestra firma y a un nuevo abogado local con el fin de obtener una mejor compensaci\u00f3n. La confianza que deposit\u00f3 en nuestro despacho no fue en vano, ya que en menos de un a\u00f1o nuestros abogados afiliados llegaron a un acuerdo por $600.000, es decir, m\u00e1s del doble de lo que le hab\u00eda ofrecido su abogado anterior. Nuestra cliente qued\u00f3 satisfecha con nuestro trabajo y con la seguridad de que al fin se hizo justicia.<\/p>\n<h2>C\u00f3mo se relacionan la compensaci\u00f3n laboral y la lesi\u00f3n personal<\/h2>\n<p>Si una persona se lesiona en el trabajo realizando cualquier acci\u00f3n relacionada al trabajo o durante el curso de su empleo, dicho accidente se considera, en Chicago o en cualquier otra ciudad del estado de Illinois, un caso de <a href=\"\/es\/compensacion-de-trabajadores\/\">compensaci\u00f3n laboral<\/a>. Si la lesi\u00f3n se debe a una falla en el equipo de maquinaria,\u00a0un accidente en el sitio de construcci\u00f3n, una enfermedad de car\u00e1cter ocupacional, o de estr\u00e9s repetitivo, un abogado con experiencia en compensaci\u00f3n laboral puede ayudar al trabajador a obtener una indemnizaci\u00f3n financiera mediante la presentaci\u00f3n de un reclamo ante la Comisi\u00f3n de Compensaci\u00f3n para Trabajadores de Illinois y a recibir el pago\u00a0de la compensaci\u00f3n, de parte de la <a href=\"\/es\/compensacion-de-trabajadores\/puedo-confiar-en-la-compania-de-seguros\/\">compa\u00f1\u00eda de seguros<\/a> del empleador. Por lo general, se tiene que indemnizar al empleado por el tiempo perdido de trabajo, por las lesiones temporales o permanentes que resulten del accidente, y tambi\u00e9n por todos los gastos que se requieran para completar su tratamiento m\u00e9dico.<\/p>\n<p>Sin embargo, cuando una persona sufre lesiones debido a\u00a0un accidente automovil\u00edstico com\u00fan\u00a0, no se acude a la compa\u00f1\u00eda de seguros por compensaci\u00f3n laboral. El abogado intenta negociar un acuerdo con la compa\u00f1\u00eda de seguros de autom\u00f3viles del otro conductor, como por ejemplo State Farm, Allstate o Farmers. Si es necesario, se puede presentar una demanda y el caso se lleva a juicio.<\/p>\n<p>Sin embargo, hay veces en las que surge una situaci\u00f3n en la que el trabajador que ha sido lesionado o que ha fallecido estaba dentro de su horario de trabajo, y la lesi\u00f3n, al menos en parte, es producida por un \"tercer implicado\u201d. En tal situaci\u00f3n, el abogado de la parte perjudicada (o de la familia del fallecido) no solamente puede presentar una demanda de compensaci\u00f3n laboral, sino que tambi\u00e9n puede entablar una demanda contra la \u201ctercera\u201d parte involucrada para obtener una indemnizaci\u00f3n financiera adicional.<\/p>\n<h2>\u00bfQui\u00e9n es un potencial \u201ctercer\u201d implicado?<\/h2>\n<p>Pr\u00e1cticamente cualquier individuo, entidad, o compa\u00f1\u00eda puede ser considerado un tercer implicado. Cuando un empleado se lesiona en un accidente relacionado a la maquinaria de trabajo, el abogado puede demandar al fabricante de la m\u00e1quina o a la empresa responsable de su mantenimiento. En un accidente automovil\u00edstico, el otro conductor puede ser demandado, o si ese otro conductor tambi\u00e9n est\u00e1 dentro de su horario de trabajo, su empleador puede ser considerado dentro de la demanda. Si un trabajador sufre una ca\u00edda de una escalera, por ejemplo el fabricante puede ser demandado por responsabilidad civil si la escalera presenta defectos de construcci\u00f3n, o tal vez el contratista a cargo del sitio de construcci\u00f3n puede ser demandado si no se mantuvo la seguridad necesaria en el \u00e1rea de trabajo.<\/p>\n<p>El trabajo del abogado demandante debe ser exhaustivo y creativo, considerando cuidadosamente si existe un tercer implicado dentro del caso. Ya que existen limitaciones de tiempo que se aplican en la presentaci\u00f3n de cualquier demanda, es muy importante que se determinen todas las partes implicadas lo antes posible. P\u00f3ngase en <a href=\"\/es\/contactenos\/\">contacto con Sexner Injury Lawyers LLC<\/a> al\u00a0(312) 243-9922\u00a0para una consulta gratuita y exhaustiva de sus circunstancias particulares.<\/p>\n","protected":false},"excerpt":{"rendered":"<p>Acuerdo de $600,000 de compensaci\u00f3n laboral (muerte por negligencia) Accidente de Auto Muerte Injusta Mientras trabajaba manejando un cami\u00f3n en Mississippi, este hombre de 41 a\u00f1os, casado y padre de dos hijos fue golpeado por otro cami\u00f3n. Este grave accidente tuvo como consecuencia su propia muerte. Antes de que fu\u00e9ramos contratados para ayudar a su [&hellip;]<\/p>\n","protected":false},"author":1,"featured_media":0,"parent":7785,"menu_order":0,"comment_status":"closed","ping_status":"open","template":"","meta":{"_acf_changed":false,"footnotes":""},"class_list":["post-8201","page","type-page","status-publish","hentry"],"acf":[],"yoast_head":"<!-- This site is optimized with the Yoast SEO plugin v27.4 - https:\/\/yoast.com\/product\/yoast-seo-wordpress\/ -->\n<title>Acuerdo de $600,000 de compensaci\u00f3n laboral (muerte por negligencia) - Sexner Injury Lawyers LLC<\/title>\n<meta name=\"description\" content=\"Mientras trabajaba manejando un cami\u00f3n en Mississippi, este hombre de 41 a\u00f1os, casado y padre de dos hijos fue golpeado por otro cami\u00f3n. Este grave accidente tuvo como consecuencia su propia muerte.\" \/>\n<meta name=\"robots\" content=\"index, follow, max-snippet:-1, max-image-preview:large, max-video-preview:-1\" \/>\n<link rel=\"canonical\" href=\"https:\/\/chicagoinjurylawyer.net\/es\/nuestro-exito\/accidente-de-auto-muerte-injusta\/\" \/>\n<meta property=\"og:locale\" content=\"es_ES\" \/>\n<meta property=\"og:type\" content=\"article\" \/>\n<meta property=\"og:title\" content=\"Acuerdo de $600,000 de compensaci\u00f3n laboral (muerte por negligencia) - Sexner Injury Lawyers LLC\" \/>\n<meta property=\"og:description\" content=\"Mientras trabajaba manejando un cami\u00f3n en Mississippi, este hombre de 41 a\u00f1os, casado y padre de dos hijos fue golpeado por otro cami\u00f3n. Este grave accidente tuvo como consecuencia su propia muerte.\" \/>\n<meta property=\"og:url\" content=\"https:\/\/chicagoinjurylawyer.net\/es\/nuestro-exito\/accidente-de-auto-muerte-injusta\/\" \/>\n<meta property=\"og:site_name\" content=\"Sexner Injury Lawyers LLC\" \/>\n<meta property=\"article:modified_time\" content=\"2021-12-06T22:46:21+00:00\" \/>\n<meta name=\"twitter:card\" content=\"summary_large_image\" \/>\n<meta name=\"twitter:label1\" content=\"Tiempo de lectura\" \/>\n\t<meta name=\"twitter:data1\" content=\"4 minutos\" \/>\n<!-- \/ Yoast SEO plugin. -->","yoast_head_json":{"title":"Acuerdo de $600,000 de compensaci\u00f3n laboral (muerte por negligencia) - Sexner Injury Lawyers LLC","description":"Mientras trabajaba manejando un cami\u00f3n en Mississippi, este hombre de 41 a\u00f1os, casado y padre de dos hijos fue golpeado por otro cami\u00f3n. Este grave accidente tuvo como consecuencia su propia muerte.","robots":{"index":"index","follow":"follow","max-snippet":"max-snippet:-1","max-image-preview":"max-image-preview:large","max-video-preview":"max-video-preview:-1"},"canonical":"https:\/\/chicagoinjurylawyer.net\/es\/nuestro-exito\/accidente-de-auto-muerte-injusta\/","og_locale":"es_ES","og_type":"article","og_title":"Acuerdo de $600,000 de compensaci\u00f3n laboral (muerte por negligencia) - Sexner Injury Lawyers LLC","og_description":"Mientras trabajaba manejando un cami\u00f3n en Mississippi, este hombre de 41 a\u00f1os, casado y padre de dos hijos fue golpeado por otro cami\u00f3n. Este grave accidente tuvo como consecuencia su propia muerte.","og_url":"https:\/\/chicagoinjurylawyer.net\/es\/nuestro-exito\/accidente-de-auto-muerte-injusta\/","og_site_name":"Sexner Injury Lawyers LLC","article_modified_time":"2021-12-06T22:46:21+00:00","twitter_card":"summary_large_image","twitter_misc":{"Tiempo de lectura":"4 minutos"},"schema":{"@context":"https:\/\/schema.org","@graph":[{"@type":"WebPage","@id":"https:\/\/chicagoinjurylawyer.net\/es\/nuestro-exito\/accidente-de-auto-muerte-injusta\/","url":"https:\/\/chicagoinjurylawyer.net\/es\/nuestro-exito\/accidente-de-auto-muerte-injusta\/","name":"Acuerdo de $600,000 de compensaci\u00f3n laboral (muerte por negligencia) - Sexner Injury Lawyers LLC","isPartOf":{"@id":"https:\/\/chicagoinjurylawyer.net\/es\/#website"},"datePublished":"2019-06-27T11:57:52+00:00","dateModified":"2021-12-06T22:46:21+00:00","description":"Mientras trabajaba manejando un cami\u00f3n en Mississippi, este hombre de 41 a\u00f1os, casado y padre de dos hijos fue golpeado por otro cami\u00f3n. Este grave accidente tuvo como consecuencia su propia muerte.","breadcrumb":{"@id":"https:\/\/chicagoinjurylawyer.net\/es\/nuestro-exito\/accidente-de-auto-muerte-injusta\/#breadcrumb"},"inLanguage":"es","potentialAction":[{"@type":"ReadAction","target":["https:\/\/chicagoinjurylawyer.net\/es\/nuestro-exito\/accidente-de-auto-muerte-injusta\/"]}]},{"@type":"BreadcrumbList","@id":"https:\/\/chicagoinjurylawyer.net\/es\/nuestro-exito\/accidente-de-auto-muerte-injusta\/#breadcrumb","itemListElement":[{"@type":"ListItem","position":1,"name":"Nuestro \u00c9xito","item":"https:\/\/chicagoinjurylawyer.net\/es\/nuestro-exito\/"},{"@type":"ListItem","position":2,"name":"Acuerdo de $600,000 de compensaci\u00f3n laboral (muerte por negligencia)"}]},{"@type":"WebSite","@id":"https:\/\/chicagoinjurylawyer.net\/es\/#website","url":"https:\/\/chicagoinjurylawyer.net\/es\/","name":"Sexner Injury Lawyers LLC","description":"Chicago Personal Injury Attorneys","publisher":{"@id":"https:\/\/chicagoinjurylawyer.net\/es\/#organization"},"potentialAction":[{"@type":"SearchAction","target":{"@type":"EntryPoint","urlTemplate":"https:\/\/chicagoinjurylawyer.net\/es\/?s={search_term_string}"},"query-input":{"@type":"PropertyValueSpecification","valueRequired":true,"valueName":"search_term_string"}}],"inLanguage":"es"},{"@type":"Organization","@id":"https:\/\/chicagoinjurylawyer.net\/es\/#organization","name":"[firm-name]","url":"https:\/\/chicagoinjurylawyer.net\/es\/","logo":{"@type":"ImageObject","inLanguage":"es","@id":"https:\/\/chicagoinjurylawyer.net\/es\/#\/schema\/logo\/image\/","url":"https:\/\/chicagoinjurylawyer.net\/wp-content\/uploads\/2019\/06\/msx-logo-1.png","contentUrl":"https:\/\/chicagoinjurylawyer.net\/wp-content\/uploads\/2019\/06\/msx-logo-1.png","width":180,"height":83,"caption":"[firm-name]"},"image":{"@id":"https:\/\/chicagoinjurylawyer.net\/es\/#\/schema\/logo\/image\/"}}]}},"_links":{"self":[{"href":"https:\/\/chicagoinjurylawyer.net\/es\/wp-json\/wp\/v2\/pages\/8201","targetHints":{"allow":["GET"]}}],"collection":[{"href":"https:\/\/chicagoinjurylawyer.net\/es\/wp-json\/wp\/v2\/pages"}],"about":[{"href":"https:\/\/chicagoinjurylawyer.net\/es\/wp-json\/wp\/v2\/types\/page"}],"author":[{"embeddable":true,"href":"https:\/\/chicagoinjurylawyer.net\/es\/wp-json\/wp\/v2\/users\/1"}],"replies":[{"embeddable":true,"href":"https:\/\/chicagoinjurylawyer.net\/es\/wp-json\/wp\/v2\/comments?post=8201"}],"version-history":[{"count":5,"href":"https:\/\/chicagoinjurylawyer.net\/es\/wp-json\/wp\/v2\/pages\/8201\/revisions"}],"predecessor-version":[{"id":32640,"href":"https:\/\/chicagoinjurylawyer.net\/es\/wp-json\/wp\/v2\/pages\/8201\/revisions\/32640"}],"up":[{"embeddable":true,"href":"https:\/\/chicagoinjurylawyer.net\/es\/wp-json\/wp\/v2\/pages\/7785"}],"wp:attachment":[{"href":"https:\/\/chicagoinjurylawyer.net\/es\/wp-json\/wp\/v2\/media?parent=8201"}],"curies":[{"name":"wp","href":"https:\/\/api.w.org\/{rel}","templated":true}]}}