{"id":8206,"date":"2019-06-27T11:59:29","date_gmt":"2019-06-27T11:59:29","guid":{"rendered":"http:\/\/104.197.86.120\/?page_id=8206"},"modified":"2021-12-07T14:43:36","modified_gmt":"2021-12-07T20:43:36","slug":"fracturas-de-brazos","status":"publish","type":"page","link":"https:\/\/chicagoinjurylawyer.net\/es\/nuestro-exito\/fracturas-de-brazos\/","title":{"rendered":"$155,000 Accidente De Tr\u00e1fico De Soluci\u00f3n"},"content":{"rendered":"<h1>Fracturas de brazos que requieren cirug\u00edas m\u00faltiples - Acuerdo de $155,000<\/h1>\n<p>Este caso involucr\u00f3 a una pareja de casados que estuvieron en un <a href=\"\/es\/accidentes-de-trafico\/\">accidente automovil\u00edstico<\/a> en el cual el otro conductor no se detuvo ante una se\u00f1al de alto. Las lesiones incluyeron cicatrizaci\u00f3n junto con fracturas cubitales y del radio que requirieron fijaci\u00f3n interna. Despu\u00e9s de extensas negociaciones, se logr\u00f3 un acuerdo exitoso por la suma de $155,000 en nombre de la pareja.<\/p>\n<h2>Conducir distra\u00eddo como causa de accidentes<\/h2>\n<p>En nuestro acuerdo detallado anteriormente, el otro conductor caus\u00f3 el accidente al no detenerse ante una se\u00f1al de alto. \u00bfPor qu\u00e9 el otro conductor hizo esto? Todos saben c\u00f3mo se ve una se\u00f1al de alto y qu\u00e9 significa, entonces, \u00bfcu\u00e1l podr\u00eda ser la posible explicaci\u00f3n? A veces, un problema m\u00e9dico podr\u00eda ser la raz\u00f3n, si el conductor sufri\u00f3 un derrame cerebral, una convulsi\u00f3n o un ataque al coraz\u00f3n. Otras veces, el conductor puede ser de edad avanzada, con visi\u00f3n reducida o habilidades de manejo reducidas y no puede ver la se\u00f1al en absoluto. Pero m\u00e1s com\u00fanmente, la raz\u00f3n no es ninguna de estas: el accidente es el resultado de una conducci\u00f3n distra\u00edda.<\/p>\n<p>Conducir requiere la completa atenci\u00f3n de una persona. No es suficiente ser un buen conductor, porque hay muchos otros conductores que no lo son. Uno tiene que estar constantemente en guardia para los eventos imprevistos que pueden suceder y provocar un choque. Seg\u00fan la Comisi\u00f3n Nacional de Seguridad del Tr\u00e1fico en Carreteras (NHTSA), en un a\u00f1o reciente, se perdieron m\u00e1s de 3,400 vidas en accidentes automovil\u00edsticos. Algunas de las causas m\u00e1s comunes de conducci\u00f3n distra\u00edda son:<\/p>\n<ul>\n<li>Comer: Los conductores en Chicago, en todo Illinois y en todo el pa\u00eds est\u00e1n en movimiento. Siempre parecen tener prisa y los restaurantes de comida r\u00e1pida son una manifestaci\u00f3n de este fen\u00f3meno. Muchas personas prefieren comer mientras conducen a sentarse en un restaurante y pasar 15 minutos comiendo su comida. Con solo una mano en el volante (o algunas veces ninguna), el siguiente accidente siempre est\u00e1 a la vuelta de la esquina.<\/li>\n<li>Hablar: Hablar con otros pasajeros o gritarles a los ni\u00f1os en el asiento trasero para que se comporten no es nada nuevo. Desde el invento del auto ha habido gente haciendo esto. Pero cuando la conversaci\u00f3n se vuelve demasiado complicada, cuando el conductor siente que necesita mantener el contacto visual con la otra persona, o cuando el conductor usa sus manos cuando habla (y las retira del volante), el peligro es inminente.<\/li>\n<li>Aseo: Los coches son para conducir; no son para aplicarse maquillaje, afeitarse, peinarse, u otros actos de aseo. Estas son cosas que deben hacerse antes de abandonar el hogar o al llegar al destino. Sin embargo, todos hemos visto personas que se arreglan mientras conducen un autom\u00f3vil. Incre\u00edblemente imprudente.<\/li>\n<li>Electr\u00f3nica: En el pasado, el alcance de las interacciones electr\u00f3nicas de un conductor era ajustar la radio. Pero cada a\u00f1o se presentan dispositivos electr\u00f3nicos nuevos, sofisticados y m\u00e1s complejos que interfieren con la capacidad del conductor para conducir de manera segura. Los sistemas de navegaci\u00f3n, ya sean integrados en el autom\u00f3vil, como una unidad independiente o a trav\u00e9s de un tel\u00e9fono inteligente, distraen mucho y requieren una importante entrada del conductor para funcionar. Los tel\u00e9fonos inteligentes en s\u00ed mismos son, por mucho, el mayor problema, ya que las personas env\u00edan mensajes de texto, usan Instagram, revisan correos electr\u00f3nicos, utilizan FaceTime o incluso transmiten en vivo mientras conducen. Para empeorar las cosas, las personas a menudo montan sus dispositivos en el parabrisas, lo cual no solo distrae, sino que tambi\u00e9n presenta problemas de visi\u00f3n. Algunos veh\u00edculos m\u00e1s nuevos incluso integran mensajes de texto en la interfaz electr\u00f3nica del autom\u00f3vil como una distracci\u00f3n adicional.<\/li>\n<\/ul>\n<p>Cuando ocurre un grave accidente automovil\u00edstico, un oficial de polic\u00eda puede confiscar el tel\u00e9fono del conductor y obtener una orden de registro si es necesario para buscar el \"rastro digital\" de la persona. Si se determina que el conductor estaba accediendo a la informaci\u00f3n telef\u00f3nica justo antes del accidente automovil\u00edstico, esto podr\u00eda usarse como prueba en un juicio civil en su contra y tambi\u00e9n como prueba en un proceso penal.<\/p>\n<p>Los conductores le deben a sus pasajeros, a otros conductores en la carretera y a ellos mismos, centrarse en la tarea de marras: conducir. Cuando otros sucesos influyen de manera adversa en su capacidad para conducir de manera adecuada y, como resultado, alguien resulta herido o muerto, se puede usar evidencia de una conducci\u00f3n distra\u00edda para ayudar a demostrar la responsabilidad en cualquier demanda. <a href=\"\/es\/contactenos\/\">Comun\u00edquese con Sexner Injury Lawyers LLC<\/a> al (312) 243-9922\u00a0para obtener informaci\u00f3n adicional gratuita.<\/p>\n","protected":false},"excerpt":{"rendered":"<p>Fracturas de brazos que requieren cirug\u00edas m\u00faltiples - Acuerdo de $155,000 Este caso involucr\u00f3 a una pareja de casados que estuvieron en un accidente automovil\u00edstico en el cual el otro conductor no se detuvo ante una se\u00f1al de alto. Las lesiones incluyeron cicatrizaci\u00f3n junto con fracturas cubitales y del radio que requirieron fijaci\u00f3n interna. Despu\u00e9s [&hellip;]<\/p>\n","protected":false},"author":1,"featured_media":0,"parent":7785,"menu_order":0,"comment_status":"closed","ping_status":"open","template":"","meta":{"_acf_changed":false,"footnotes":""},"class_list":["post-8206","page","type-page","status-publish","hentry"],"acf":[],"yoast_head":"<!-- This site is optimized with the Yoast SEO plugin v27.3 - https:\/\/yoast.com\/product\/yoast-seo-wordpress\/ -->\n<title>$155,000 Accidente de Tr\u00e1fico de Soluci\u00f3n - Sexner Injury Lawyers LLC<\/title>\n<meta name=\"robots\" content=\"index, follow, max-snippet:-1, max-image-preview:large, max-video-preview:-1\" \/>\n<link rel=\"canonical\" href=\"https:\/\/chicagoinjurylawyer.net\/es\/nuestro-exito\/fracturas-de-brazos\/\" \/>\n<meta property=\"og:locale\" content=\"es_ES\" \/>\n<meta property=\"og:type\" content=\"article\" \/>\n<meta property=\"og:title\" content=\"$155,000 Accidente de Tr\u00e1fico de Soluci\u00f3n - Sexner Injury Lawyers LLC\" \/>\n<meta property=\"og:description\" content=\"Fracturas de brazos que requieren cirug\u00edas m\u00faltiples - Acuerdo de $155,000 Este caso involucr\u00f3 a una pareja de casados que estuvieron en un accidente automovil\u00edstico en el cual el otro conductor no se detuvo ante una se\u00f1al de alto. Las lesiones incluyeron cicatrizaci\u00f3n junto con fracturas cubitales y del radio que requirieron fijaci\u00f3n interna. Despu\u00e9s [&hellip;]\" \/>\n<meta property=\"og:url\" content=\"https:\/\/chicagoinjurylawyer.net\/es\/nuestro-exito\/fracturas-de-brazos\/\" \/>\n<meta property=\"og:site_name\" content=\"Sexner Injury Lawyers LLC\" \/>\n<meta property=\"article:modified_time\" content=\"2021-12-07T20:43:36+00:00\" \/>\n<meta name=\"twitter:card\" content=\"summary_large_image\" \/>\n<meta name=\"twitter:label1\" content=\"Tiempo de lectura\" \/>\n\t<meta name=\"twitter:data1\" content=\"4 minutos\" \/>\n<!-- \/ Yoast SEO plugin. -->","yoast_head_json":{"title":"$155,000 Accidente de Tr\u00e1fico de Soluci\u00f3n - Sexner Injury Lawyers LLC","robots":{"index":"index","follow":"follow","max-snippet":"max-snippet:-1","max-image-preview":"max-image-preview:large","max-video-preview":"max-video-preview:-1"},"canonical":"https:\/\/chicagoinjurylawyer.net\/es\/nuestro-exito\/fracturas-de-brazos\/","og_locale":"es_ES","og_type":"article","og_title":"$155,000 Accidente de Tr\u00e1fico de Soluci\u00f3n - Sexner Injury Lawyers LLC","og_description":"Fracturas de brazos que requieren cirug\u00edas m\u00faltiples - Acuerdo de $155,000 Este caso involucr\u00f3 a una pareja de casados que estuvieron en un accidente automovil\u00edstico en el cual el otro conductor no se detuvo ante una se\u00f1al de alto. Las lesiones incluyeron cicatrizaci\u00f3n junto con fracturas cubitales y del radio que requirieron fijaci\u00f3n interna. Despu\u00e9s [&hellip;]","og_url":"https:\/\/chicagoinjurylawyer.net\/es\/nuestro-exito\/fracturas-de-brazos\/","og_site_name":"Sexner Injury Lawyers LLC","article_modified_time":"2021-12-07T20:43:36+00:00","twitter_card":"summary_large_image","twitter_misc":{"Tiempo de lectura":"4 minutos"},"schema":{"@context":"https:\/\/schema.org","@graph":[{"@type":"WebPage","@id":"https:\/\/chicagoinjurylawyer.net\/es\/nuestro-exito\/fracturas-de-brazos\/","url":"https:\/\/chicagoinjurylawyer.net\/es\/nuestro-exito\/fracturas-de-brazos\/","name":"$155,000 Accidente de Tr\u00e1fico de Soluci\u00f3n - Sexner Injury Lawyers LLC","isPartOf":{"@id":"https:\/\/chicagoinjurylawyer.net\/es\/#website"},"datePublished":"2019-06-27T11:59:29+00:00","dateModified":"2021-12-07T20:43:36+00:00","breadcrumb":{"@id":"https:\/\/chicagoinjurylawyer.net\/es\/nuestro-exito\/fracturas-de-brazos\/#breadcrumb"},"inLanguage":"es","potentialAction":[{"@type":"ReadAction","target":["https:\/\/chicagoinjurylawyer.net\/es\/nuestro-exito\/fracturas-de-brazos\/"]}]},{"@type":"BreadcrumbList","@id":"https:\/\/chicagoinjurylawyer.net\/es\/nuestro-exito\/fracturas-de-brazos\/#breadcrumb","itemListElement":[{"@type":"ListItem","position":1,"name":"Nuestro \u00c9xito","item":"https:\/\/chicagoinjurylawyer.net\/es\/nuestro-exito\/"},{"@type":"ListItem","position":2,"name":"$155,000 Accidente De Tr\u00e1fico De Soluci\u00f3n"}]},{"@type":"WebSite","@id":"https:\/\/chicagoinjurylawyer.net\/es\/#website","url":"https:\/\/chicagoinjurylawyer.net\/es\/","name":"Sexner Injury Lawyers LLC","description":"Chicago Personal Injury Attorneys","publisher":{"@id":"https:\/\/chicagoinjurylawyer.net\/es\/#organization"},"potentialAction":[{"@type":"SearchAction","target":{"@type":"EntryPoint","urlTemplate":"https:\/\/chicagoinjurylawyer.net\/es\/?s={search_term_string}"},"query-input":{"@type":"PropertyValueSpecification","valueRequired":true,"valueName":"search_term_string"}}],"inLanguage":"es"},{"@type":"Organization","@id":"https:\/\/chicagoinjurylawyer.net\/es\/#organization","name":"[firm-name]","url":"https:\/\/chicagoinjurylawyer.net\/es\/","logo":{"@type":"ImageObject","inLanguage":"es","@id":"https:\/\/chicagoinjurylawyer.net\/es\/#\/schema\/logo\/image\/","url":"https:\/\/chicagoinjurylawyer.net\/wp-content\/uploads\/2019\/06\/msx-logo-1.png","contentUrl":"https:\/\/chicagoinjurylawyer.net\/wp-content\/uploads\/2019\/06\/msx-logo-1.png","width":180,"height":83,"caption":"[firm-name]"},"image":{"@id":"https:\/\/chicagoinjurylawyer.net\/es\/#\/schema\/logo\/image\/"}}]}},"_links":{"self":[{"href":"https:\/\/chicagoinjurylawyer.net\/es\/wp-json\/wp\/v2\/pages\/8206","targetHints":{"allow":["GET"]}}],"collection":[{"href":"https:\/\/chicagoinjurylawyer.net\/es\/wp-json\/wp\/v2\/pages"}],"about":[{"href":"https:\/\/chicagoinjurylawyer.net\/es\/wp-json\/wp\/v2\/types\/page"}],"author":[{"embeddable":true,"href":"https:\/\/chicagoinjurylawyer.net\/es\/wp-json\/wp\/v2\/users\/1"}],"replies":[{"embeddable":true,"href":"https:\/\/chicagoinjurylawyer.net\/es\/wp-json\/wp\/v2\/comments?post=8206"}],"version-history":[{"count":5,"href":"https:\/\/chicagoinjurylawyer.net\/es\/wp-json\/wp\/v2\/pages\/8206\/revisions"}],"predecessor-version":[{"id":32671,"href":"https:\/\/chicagoinjurylawyer.net\/es\/wp-json\/wp\/v2\/pages\/8206\/revisions\/32671"}],"up":[{"embeddable":true,"href":"https:\/\/chicagoinjurylawyer.net\/es\/wp-json\/wp\/v2\/pages\/7785"}],"wp:attachment":[{"href":"https:\/\/chicagoinjurylawyer.net\/es\/wp-json\/wp\/v2\/media?parent=8206"}],"curies":[{"name":"wp","href":"https:\/\/api.w.org\/{rel}","templated":true}]}}