{"id":8360,"date":"2019-06-27T13:12:07","date_gmt":"2019-06-27T13:12:07","guid":{"rendered":"http:\/\/104.197.86.120\/?page_id=8360"},"modified":"2021-12-07T13:43:32","modified_gmt":"2021-12-07T19:43:32","slug":"muerte-injusta","status":"publish","type":"page","link":"https:\/\/chicagoinjurylawyer.net\/es\/muerte-injusta\/","title":{"rendered":"Muerte Injusta"},"content":{"rendered":"<h1>Abogados de Homicidio Culposo en Chicago<\/h1>\n<h2>Compensaci\u00f3n por el Accidente Fatal de Su Ser Querido<\/h2>\n<p><img decoding=\"async\" class=\"alignright size-medium wp-image-18303\" src=\"\/wp-content\/uploads\/2019\/06\/Wrongful-Death-Resized-1-300x200.jpg\" alt=\"Rose on a grave\" width=\"300\" height=\"200\" \/>Perder a un ser querido es una experiencia traum\u00e1tica, especialmente cuando una vida termin\u00f3 repentina e inesperadamente. Despu\u00e9s de un evento tan tr\u00e1gico, necesita respuestas. Desea saber qui\u00e9n fue el responsable y c\u00f3mo se puede responsabilizar a esa persona por la muerte por negligencia de su ser querido. Nuestros abogados de homicidio culposo en Chicago est\u00e1n aqu\u00ed para ayudarlo.<\/p>\n<p>En Sexner Injury Lawyers LLC, puede confiar en que lo trataremos a usted y a su caso con compasi\u00f3n, respeto y profesionalismo. Hemos representado a familias en todo Illinois y en el \u00e1rea de Chicago durante m\u00e1s de 30 a\u00f1os, y nos enorgullecemos de nuestra capacidad para obtener resultados significativos para nuestros clientes. Ya se han recaudado <a href=\"\/es\/nuestro-exito\/negligencia-medica-de-cirugia-cerebral\/\">millones de d\u00f3lares<\/a> para las familias de nuestros clientes y garantizamos que nunca se cobrar\u00e1n honorarios de abogados a menos que tengamos \u00e9xito en su nombre. Puede comunicarse con nosotros las 24 horas del d\u00eda para obtener informaci\u00f3n gratuita al (312) 243-9922.<\/p>\n<h2>\u00bfQu\u00e9 es Una Demanda por Muerte por Negligencia?<\/h2>\n<p>Una muerte por negligencia es una fatalidad causada directa o indirectamente por la negligencia, acciones descuidadas, comportamiento imprudente o actividad delictiva de otra persona. Tambi\u00e9n puede ocurrir debido a acciones il\u00edcitas que pueden atribuirse a una empresa, corporaci\u00f3n o negocio. Una muerte no se considera il\u00edcita si hubiera ocurrido de todos modos o fue el resultado de causas naturales.<\/p>\n<img decoding=\"async\" class=\"aligncenter size-full wp-image-32202\" src=\"\/wp-content\/uploads\/2021\/10\/Abogados-de-Homicidio-Culposo-en-Chicago.jpg\" alt=\"Abogados de Homicidio Culposo en Chicago\" width=\"1000\" height=\"667\" srcset=\"https:\/\/chicagoinjurylawyer.net\/wp-content\/uploads\/2021\/10\/Abogados-de-Homicidio-Culposo-en-Chicago.jpg 1000w, https:\/\/chicagoinjurylawyer.net\/wp-content\/uploads\/2021\/10\/Abogados-de-Homicidio-Culposo-en-Chicago-300x200.jpg 300w, https:\/\/chicagoinjurylawyer.net\/wp-content\/uploads\/2021\/10\/Abogados-de-Homicidio-Culposo-en-Chicago-768x512.jpg 768w\" sizes=\"(max-width: 1000px) 100vw, 1000px\" \/>\n<p>Una demanda por muerte por negligencia es un tipo espec\u00edfico de demanda civil que se puede presentar contra los responsables para ayudar a recuperar los da\u00f1os monetarios de ciertos miembros de la familia o herederos del fallecido. Casi todos los estados, incluido Illinois, tienen un \"estatuto de muerte por negligencia\" espec\u00edfico (en Illinois, est\u00e1 ubicado en 740 ILCS 180 y se llama \"Ley de muerte por negligencia\"), que es un conjunto de leyes que establecen los procedimientos legales adecuados para hacer una demanda por muerte por negligencia. Estas leyes establecen qui\u00e9n puede demandar y qu\u00e9 tipos de da\u00f1os monetarios se pueden solicitar en los tribunales. Se recomienda encarecidamente que una familia que est\u00e9 considerando presentar una demanda por muerte por negligencia consulte primero con un abogado con experiencia en lesiones.<\/p>\n<h2>\u00bfPuede Surgir una Demanda por Homicidio Culposo a Ra\u00edz de un Delito Penal?<\/h2>\n<p>Si. Algunas demandas por homicidio culposo surgen de casos penales que involucran a una persona que ha quitado la vida a otra y ha sido procesada por asesinato, homicidio voluntario o un cargo similar. Pero mientras que los cargos penales se procesan en un tribunal \"penal\" (que es el tribunal que se ocupa del castigo), una acci\u00f3n por homicidio culposo se presenta en un tribunal \"civil\" (que es el tribunal que se ocupa de los da\u00f1os monetarios).<\/p>\n<p>Aunque la \"carga de la prueba\" en un caso penal es \"la prueba m\u00e1s all\u00e1 de toda duda razonable\", la prueba requerida para un reclamo por muerte por negligencia generalmente es de un est\u00e1ndar m\u00e1s bajo, lo que puede aumentar las posibilidades de procesar con \u00e9xito dicho reclamo en comparaci\u00f3n. Por ejemplo, es por eso por lo que la familia de la v\u00edctima en el caso de O.J. Simpson pudo demandarlo con \u00e9xito por millones de d\u00f3lares en da\u00f1os monetarios, a pesar de que anteriormente hab\u00eda sido declarado \"no culpable\" en su juicio penal.<\/p>\n<h2>\u00bfDe Qu\u00e9 Otra Manera Puede Surgir una Demanda por Muerte por Negligencia?<\/h2>\n<p>Pero la mayor\u00eda de las demandas por homicidio culposo no involucran a acusados criminales que deliberadamente quitaron la vida a otra persona. En cambio, la mayor\u00eda de los reclamos involucran a personas y empresas que fueron negligentes o imprudentes en sus acciones, que desafortunadamente resultaron en una muerte accidental. Algunos ejemplos incluyen:<\/p>\n<ul>\n<li><a href=\"\/es\/accidentes-de-trafico\/conductores-ebrios\/\"><strong>Accidentes por Conducir Ebrio<\/strong><\/a> - Cada vez que una persona se pone al volante de un veh\u00edculo motorizado mientras est\u00e1 bajo la influencia del alcohol o las drogas, existe la posibilidad de sufrir una lesi\u00f3n grave o la muerte. En circunstancias en las que muere otro conductor, puede surgir un reclamo por muerte por negligencia.<\/li>\n<li><a href=\"\/es\/lesiones-relacionados-al-producto\/\"><strong>Productos Defectuosos<\/strong><\/a> - Es responsabilidad de cada empresa que fabrica un producto dise\u00f1ar correctamente el producto, producirlo correctamente y comercializarlo adecuadamente al p\u00fablico. Ya sea que ese producto sea una m\u00e1quina de f\u00e1brica o un medicamento farmac\u00e9utico, si ocurre la muerte o lesiones, la corporaci\u00f3n puede ser considerada responsable por da\u00f1os monetarios.<\/li>\n<li><a href=\"\/es\/abuso-de-asilo-de-ancianos\/\"><strong>Negligencia en un Hogar de Ancianos<\/strong><\/a> - Los miembros de la familia que residen en hogares de ancianos o en centros de atenci\u00f3n a largo plazo tienen el deber de cuidarlos adecuadamente por parte de los responsables y sus empleados. Si un paciente muere debido a que no se le brind\u00f3 la atenci\u00f3n necesaria, o si ocurre negligencia o abuso, entonces se puede presentar una demanda por muerte por negligencia en nombre de la familia del paciente.<\/li>\n<li><a href=\"\/es\/negligencia-medica\/\"><strong>Negligencia M\u00e9dica<\/strong><\/a> - Los m\u00e9dicos, cirujanos y hospitales pueden ser demandados por muerte por negligencia en caso de que un paciente fallezca debido a errores o errores m\u00e9dicos. Tales demandas pueden surgir por negligencia quir\u00fargica, errores de anestesia, errores de medicaci\u00f3n o pr\u00e1cticamente cualquier error relacionado con el m\u00e9dico o el hospital que resulte en la muerte prematura de un paciente.<\/li>\n<li><a href=\"\/es\/accidentes-de-trafico\/\"><strong>Colisiones de Autom\u00f3viles y Camiones<\/strong><\/a> - Aunque los choques por DUI representan muchos accidentes mortales, no es necesario que el otro conductor est\u00e9 intoxicado para presentar una demanda por homicidio culposo. Incluso si el otro conductor fue simplemente negligente o quit\u00f3 la vista de la carretera por un simple segundo, se puede hacer un reclamo si el accidente fue su culpa y result\u00f3 en una muerte. Esto tambi\u00e9n se aplica a accidentes relacionados con aviones, barcos, motos de agua, trenes, etc.<\/li>\n<li><a href=\"\/es\/compensacion-de-trabajadores\/\"><strong>Exposici\u00f3n a Condiciones Peligrosas<\/strong><\/a> - En algunos trabajos, un empleado puede estar expuesto a sustancias t\u00f3xicas o peligrosas que, en \u00faltima instancia, pueden provocar la muerte. Algunos ejemplos incluyen la exposici\u00f3n al asbesto, mercurio, ars\u00e9nico o cloruro de vinilo. En otras situaciones, una persona puede estar expuesta a sustancias como el plomo en situaciones que no est\u00e1n relacionadas con el empleo. Pero cada vez que ocurre una exposici\u00f3n fatal, una demanda por homicidio culposo puede ser el camino correcto para lograr la justicia.<\/li>\n<li><strong>Negligencia de Actividad Supervisada<\/strong> - Si se produce una muerte mientras la v\u00edctima participaba en una actividad supervisada (como una excursi\u00f3n escolar o un evento deportivo), la empresa o la persona a cargo de la actividad puede ser considerada responsable en determinadas circunstancias.<\/li>\n<\/ul>\n<h2>Recuperaci\u00f3n de Da\u00f1os Monetarios por Muerte por Negligencia<\/h2>\n<p>Ninguna cantidad de dinero puede traer de vuelta a un ser querido. Pero en inter\u00e9s de la justicia, las leyes de Illinois y todos los dem\u00e1s estados permiten que los representantes de los fallecidos demanden a los responsables para recuperar los da\u00f1os monetarios y ayudar a aliviar su carga. Entonces, en este tipo de casos, los da\u00f1os econ\u00f3micos (conocidos como \"da\u00f1os pecuniarios\") son la principal forma de medir el da\u00f1o. Aunque, por supuesto, es imposible traducir el valor de la vida de un ser humano en una cifra en d\u00f3lares, la ley permite que un jurado establezca da\u00f1os econ\u00f3micos en una cantidad que ellos crean que es justa dadas las circunstancias. Las leyes var\u00edan de un estado a otro, pero algunos de los factores que a menudo se consideran al tomar una determinaci\u00f3n de da\u00f1os por muerte por negligencia incluyen:<\/p>\n<ul>\n<li>El costo del tratamiento m\u00e9dico antes de la muerte.<\/li>\n<li>Cu\u00e1nto apoyo financiero probablemente habr\u00eda brindado el difunto a otros si hubiera vivido.<\/li>\n<li>La p\u00e9rdida del compa\u00f1erismo, la p\u00e9rdida del cuidado, la p\u00e9rdida de los servicios y la p\u00e9rdida del apoyo emocional que experimentaron los que se quedaron atr\u00e1s.<\/li>\n<li>El costo de los gastos de entierro y funeral.<\/li>\n<li>Las perspectivas perdidas de una herencia.<\/li>\n<li>La cantidad de dinero que el fallecido gan\u00f3 o habr\u00eda ganado.<\/li>\n<li>Cu\u00e1nto depend\u00edan los sobrevivientes del apoyo financiero de los fallecidos.<\/li>\n<li>La p\u00e9rdida de la gu\u00eda de los padres cuando un ni\u00f1o se queda atr\u00e1s.<\/li>\n<\/ul>\n<p>Cuando muere un adulto, estos factores tienen una clara aplicaci\u00f3n para determinar los da\u00f1os, pero \u00bfqu\u00e9 pasa cuando muere un ni\u00f1o o una persona mayor? En tales casos, las compa\u00f1\u00edas de seguros responsables indudablemente intentar\u00e1n limitar la recuperaci\u00f3n monetaria porque los ni\u00f1os no tienen trabajo y los ancianos a menudo tienen un potencial limitado de ingresos laborales. Preguntas similares se relacionan con la <a href=\"\/es\/negligencia-medica\/lesiones-de-nacimiento\/\">muerte de un feto<\/a>, pero siempre que el feto sea viable (este requisito var\u00eda de un estado a otro), se puede hacer una afirmaci\u00f3n. Una gran cantidad de preguntas legales dif\u00edciles como estas surgen t\u00edpicamente durante un litigio por homicidio culposo, pero abogados con experiencia como los de Sexner Injury Lawyers LLC pueden ayudarlo a guiarlo exitosamente desde el reclamo inicial hasta el veredicto.<\/p>\n<h2>Otros Posibles Tipos de Reclamaciones por Fallecimiento<\/h2>\n<p><img decoding=\"async\" class=\"alignright wp-image-32206\" src=\"\/wp-content\/uploads\/2021\/10\/Abogados-de-Homicidio-Culposo.jpg\" alt=\"Abogados de Homicidio Culposo\" width=\"400\" height=\"267\" srcset=\"https:\/\/chicagoinjurylawyer.net\/wp-content\/uploads\/2021\/10\/Abogados-de-Homicidio-Culposo.jpg 1000w, https:\/\/chicagoinjurylawyer.net\/wp-content\/uploads\/2021\/10\/Abogados-de-Homicidio-Culposo-300x200.jpg 300w, https:\/\/chicagoinjurylawyer.net\/wp-content\/uploads\/2021\/10\/Abogados-de-Homicidio-Culposo-768x512.jpg 768w\" sizes=\"(max-width: 400px) 100vw, 400px\" \/>Adem\u00e1s de la recuperaci\u00f3n de da\u00f1os pecuniarios, algunos estados tambi\u00e9n permiten la recuperaci\u00f3n de sumas de dinero adicionales por da\u00f1os particularmente maliciosos, imprudentes o intencionales causados por otros. Estos se denominan \"da\u00f1os punitivos\" y est\u00e1n destinados a castigar a las personas, <a href=\"\/es\/negligencia-medica\/errores-de-sala-emergencia\/\">hospitales<\/a> o empresas responsables de la muerte por negligencia.<\/p>\n<p>Otro posible reclamo contra los responsables de una muerte por negligencia se denomina acci\u00f3n de supervivencia. Se refiere a una situaci\u00f3n en la que el fallecido no falleci\u00f3 inmediatamente en el momento del accidente o negligencia m\u00e9dica. El representante del fallecido puede interponer esta acci\u00f3n para recuperarse del dolor y sufrimiento vivido antes de la muerte. Algunos de los factores que un jurado podr\u00eda considerar al tomar esta determinaci\u00f3n incluyen:<\/p>\n<ul>\n<li>La gravedad y extensi\u00f3n del dolor que debe haber experimentado.<\/li>\n<li>Cu\u00e1n consciente estaba antes de morir.<\/li>\n<li>Cu\u00e1n consciente estaba de que la muerte se acercaba.<\/li>\n<li>Cu\u00e1nto tiempo sufri\u00f3 antes de morir.<\/li>\n<\/ul>\n<p>Pero independientemente del tipo de reclamo relacionado con una muerte por negligencia, probar la cantidad de da\u00f1os monetarios ante un tribunal y persuadir a un jurado para que otorgue una cierta cantidad en d\u00f3lares es un trabajo muy dif\u00edcil y especializado. Por lo general, abogados experimentados como los de Sexner Injury Lawyers LLC contratar\u00e1n expertos (como economistas) para establecer estos valores y testificar en la corte. Especialmente cuando el difunto era un esposo o esposa que se quedaba en casa, el uso de un experto para valorar las finanzas afectadas de la familia y la p\u00e9rdida de cuidados y orientaci\u00f3n es de gran beneficio.<\/p>\n<h2>\u00bfQui\u00e9n Puede Presentar una Demanda por Homicidio Culposo en Chicago?<\/h2>\n<p>Si ha perdido a un ser querido como resultado de lo que cree que ha sido negligencia, imprudencia, mala praxis o un acto intencional, es posible que pueda buscar una compensaci\u00f3n seg\u00fan el estado en el que ocurri\u00f3 la muerte por negligencia. Leyes que se aplican a Chicago y el estado de Illinois son diferentes de otras leyes en otros estados. Aunque estas leyes var\u00edan, puede ser elegible para presentar una demanda por muerte por negligencia siempre que sea:<\/p>\n<ul>\n<li>El c\u00f3nyuge del difunto<\/li>\n<li>Un padre del difunto (si el difunto era un hijo menor de edad)<\/li>\n<li>Un hijo adulto del fallecido<\/li>\n<li>Un hermano del fallecido<\/li>\n<li>Pariente m\u00e1s cercano<\/li>\n<li>Un padre soltero del hijo del fallecido<\/li>\n<li>Un abuelo<\/li>\n<li>Un c\u00f3nyuge putativo<\/li>\n<li>Un dependiente financiero<\/li>\n<li>Un heredero del testamento del fallecido<\/li>\n<\/ul>\n<p>El albacea de la herencia del difunto tambi\u00e9n puede presentar una demanda civil en busca de da\u00f1os, pero todas las reclamaciones deben presentarse dentro del l\u00edmite de tiempo establecido por el estatuto de limitaciones en Illinois.<\/p>\n<h2>Limitaciones de Tiempo para Presentar un Reclamo por Muerte<\/h2>\n<p>Cada tipo de acci\u00f3n por lesiones personales, desde el accidente automovil\u00edstico menos grave hasta el reclamo por muerte por negligencia m\u00e1s grave, tiene l\u00edmites de tiempo que se aplican llamados estatutos de limitaciones. Si la acci\u00f3n no se presenta adecuadamente en el tribunal antes de la expiraci\u00f3n del estatuto de limitaciones, entonces todos los derechos de demandar a los responsables se pierden para siempre.<\/p>\n<p>Cuando un ser querido ha fallecido, hablar con un abogado puede no parecer muy importante, ya que la familia del fallecido necesita tiempo para llorar. Pero tenga en cuenta que para preservar los derechos de los que se quedan atr\u00e1s, es necesario archivar los documentos y preservar las pruebas de inmediato.<\/p>\n<p>El per\u00edodo del estatuto de limitaciones difiere de un estado a otro. En Chicago y en todo el estado de Illinois, suele ser (pero no siempre) dos a\u00f1os. Las demandas por homicidio culposo contra determinadas partes (como la Autoridad de Tr\u00e1nsito de Chicago \/ CTA) suelen ser m\u00e1s breves. Sin embargo, en circunstancias limitadas, un plazo de prescripci\u00f3n en realidad puede ser m\u00e1s largo. Por ejemplo, un ni\u00f1o que perdi\u00f3 a uno de sus padres debido a muerte por negligencia no perder\u00e1 el derecho a presentar una demanda hasta que alcance la mayor\u00eda de edad.<\/p>\n<p>El estatuto de limitaciones tambi\u00e9n puede extenderse m\u00e1s all\u00e1 de dos a\u00f1os seg\u00fan la \"regla de descubrimiento\". A veces, la causa de la muerte es obvia, como en un accidente automovil\u00edstico fatal o un accidente de construcci\u00f3n. Pero la regla de descubrimiento reconoce el hecho de que a veces la causa de la muerte simplemente no es obvia de inmediato. Un ejemplo podr\u00eda ser un caso de negligencia m\u00e9dica donde al principio parec\u00eda que la muerte ocurri\u00f3 por causas naturales o por enfermedad. Pero m\u00e1s tarde, despu\u00e9s de un examen de los registros m\u00e9dicos, se hizo evidente que <a href=\"\/es\/negligencia-medica\/errores-quirurgicos\/\">el m\u00e9dico cometi\u00f3 un error<\/a> que condujo a la muerte del paciente. Aunque la limitaci\u00f3n de tiempo puede extenderse m\u00e1s all\u00e1 de dos a\u00f1os en tales casos, otra ley llamada \"estatuto de reposo\" todav\u00eda impone un per\u00edodo m\u00e1ximo de tiempo para que se presente la demanda.<\/p>\n<p>En cualquier caso, el plazo de prescripci\u00f3n es una fecha l\u00edmite incre\u00edblemente importante. Perderlo por un solo minuto y sus derechos se perder\u00e1n para siempre. Por lo tanto, el mejor consejo es contactar a un abogado calificado en lesiones de inmediato y confirmar la fecha l\u00edmite exacta que se aplica a su caso particular.<\/p>\n<img decoding=\"async\" class=\"aligncenter wp-image-32204 size-full\" src=\"\/wp-content\/uploads\/2021\/10\/Muerte-Injusta.jpg\" alt=\"Muerte Injusta\" width=\"1000\" height=\"667\" srcset=\"https:\/\/chicagoinjurylawyer.net\/wp-content\/uploads\/2021\/10\/Muerte-Injusta.jpg 1000w, https:\/\/chicagoinjurylawyer.net\/wp-content\/uploads\/2021\/10\/Muerte-Injusta-300x200.jpg 300w, https:\/\/chicagoinjurylawyer.net\/wp-content\/uploads\/2021\/10\/Muerte-Injusta-768x512.jpg 768w\" sizes=\"(max-width: 1000px) 100vw, 1000px\" \/>\n<h2>Los Casos Graves Requieren un Asesor Legal Experimentado en Chicago<\/h2>\n<p>Si ha sufrido la p\u00e9rdida de un ser querido como resultado de la negligencia o irregularidad de otra persona, un abogado con experiencia puede ayudarlo a navegar por el sistema legal mientras busca responsabilizar a los responsables de sus acciones.<\/p>\n<p>Desde 1990, los abogados experimentados afiliados a Sexner Injury Lawyers LLC han recaudado <a href=\"\/es\/nuestro-exito\/\">muchos millones de d\u00f3lares<\/a> en nombre de familias afectadas por homicidio culposo. Nuestro equipo legal est\u00e1 listo para ayudarlo a buscar justicia y nunca se cobran honorarios legales a menos que tengamos \u00e9xito en ese sentido. Esa es nuestra garant\u00eda. Llame para obtener informaci\u00f3n gratuita sobre sus circunstancias o para ayudar a determinar qu\u00e9 limitaciones de tiempo se aplican a su caso particular. Estamos disponibles las 24 horas del d\u00eda para ayudarlo y tenemos oficinas en Chicago y otras ubicaciones convenientes.<\/p>\n<p>Puede comunicarse con Sexner Injury Lawyers LLC al (312) 243-9922.<\/p>\n","protected":false},"excerpt":{"rendered":"<p>Abogados de Homicidio Culposo en Chicago Compensaci\u00f3n por el Accidente Fatal de Su Ser Querido Perder a un ser querido es una experiencia traum\u00e1tica, especialmente cuando una vida termin\u00f3 repentina e inesperadamente. Despu\u00e9s de un evento tan tr\u00e1gico, necesita respuestas. Desea saber qui\u00e9n fue el responsable y c\u00f3mo se puede responsabilizar a esa persona por [&hellip;]<\/p>\n","protected":false},"author":1,"featured_media":0,"parent":0,"menu_order":0,"comment_status":"closed","ping_status":"open","template":"","meta":{"_acf_changed":false,"footnotes":""},"class_list":["post-8360","page","type-page","status-publish","hentry"],"acf":[],"yoast_head":"<!-- This site is optimized with the Yoast SEO plugin v27.4 - https:\/\/yoast.com\/product\/yoast-seo-wordpress\/ -->\n<title>Abogados de Muerte por Negligencia en Chicago - Sexner Injury Lawyers LLC<\/title>\n<meta name=\"description\" content=\"En Sexner Injury Lawyers LLC, tenemos la experiencia para ayudarle a navegar este momento dif\u00edcil en su vida con compasi\u00f3n.\" \/>\n<meta name=\"robots\" content=\"index, follow, max-snippet:-1, max-image-preview:large, max-video-preview:-1\" \/>\n<link rel=\"canonical\" href=\"https:\/\/chicagoinjurylawyer.net\/es\/muerte-injusta\/\" \/>\n<meta property=\"og:locale\" content=\"es_ES\" \/>\n<meta property=\"og:type\" content=\"article\" \/>\n<meta property=\"og:title\" content=\"Abogados de Muerte por Negligencia en Chicago - Sexner Injury Lawyers LLC\" \/>\n<meta property=\"og:description\" content=\"En Sexner Injury Lawyers LLC, tenemos la experiencia para ayudarle a navegar este momento dif\u00edcil en su vida con compasi\u00f3n.\" \/>\n<meta property=\"og:url\" content=\"https:\/\/chicagoinjurylawyer.net\/es\/muerte-injusta\/\" \/>\n<meta property=\"og:site_name\" content=\"Sexner Injury Lawyers LLC\" \/>\n<meta property=\"article:modified_time\" content=\"2021-12-07T19:43:32+00:00\" \/>\n<meta property=\"og:image\" content=\"https:\/\/chicagoinjurylawyer.net\/wp-content\/uploads\/2019\/06\/Wrongful-Death-Resized-1-300x200.jpg\" \/>\n<meta name=\"twitter:card\" content=\"summary_large_image\" \/>\n<meta name=\"twitter:label1\" content=\"Tiempo de lectura\" \/>\n\t<meta name=\"twitter:data1\" content=\"12 minutos\" \/>\n<!-- \/ Yoast SEO plugin. -->","yoast_head_json":{"title":"Abogados de Muerte por Negligencia en Chicago - Sexner Injury Lawyers LLC","description":"En Sexner Injury Lawyers LLC, tenemos la experiencia para ayudarle a navegar este momento dif\u00edcil en su vida con compasi\u00f3n.","robots":{"index":"index","follow":"follow","max-snippet":"max-snippet:-1","max-image-preview":"max-image-preview:large","max-video-preview":"max-video-preview:-1"},"canonical":"https:\/\/chicagoinjurylawyer.net\/es\/muerte-injusta\/","og_locale":"es_ES","og_type":"article","og_title":"Abogados de Muerte por Negligencia en Chicago - Sexner Injury Lawyers LLC","og_description":"En Sexner Injury Lawyers LLC, tenemos la experiencia para ayudarle a navegar este momento dif\u00edcil en su vida con compasi\u00f3n.","og_url":"https:\/\/chicagoinjurylawyer.net\/es\/muerte-injusta\/","og_site_name":"Sexner Injury Lawyers LLC","article_modified_time":"2021-12-07T19:43:32+00:00","og_image":[{"url":"https:\/\/chicagoinjurylawyer.net\/wp-content\/uploads\/2019\/06\/Wrongful-Death-Resized-1-300x200.jpg","type":"","width":"","height":""}],"twitter_card":"summary_large_image","twitter_misc":{"Tiempo de lectura":"12 minutos"},"schema":{"@context":"https:\/\/schema.org","@graph":[{"@type":"WebPage","@id":"https:\/\/chicagoinjurylawyer.net\/es\/muerte-injusta\/","url":"https:\/\/chicagoinjurylawyer.net\/es\/muerte-injusta\/","name":"Abogados de Muerte por Negligencia en Chicago - Sexner Injury Lawyers LLC","isPartOf":{"@id":"https:\/\/chicagoinjurylawyer.net\/es\/#website"},"datePublished":"2019-06-27T13:12:07+00:00","dateModified":"2021-12-07T19:43:32+00:00","description":"En [firm-name], tenemos la experiencia para ayudarle a navegar este momento dif\u00edcil en su vida con compasi\u00f3n.","inLanguage":"es","potentialAction":[{"@type":"ReadAction","target":["https:\/\/chicagoinjurylawyer.net\/es\/muerte-injusta\/"]}]},{"@type":"WebSite","@id":"https:\/\/chicagoinjurylawyer.net\/es\/#website","url":"https:\/\/chicagoinjurylawyer.net\/es\/","name":"Sexner Injury Lawyers LLC","description":"Chicago Personal Injury Attorneys","publisher":{"@id":"https:\/\/chicagoinjurylawyer.net\/es\/#organization"},"potentialAction":[{"@type":"SearchAction","target":{"@type":"EntryPoint","urlTemplate":"https:\/\/chicagoinjurylawyer.net\/es\/?s={search_term_string}"},"query-input":{"@type":"PropertyValueSpecification","valueRequired":true,"valueName":"search_term_string"}}],"inLanguage":"es"},{"@type":"Organization","@id":"https:\/\/chicagoinjurylawyer.net\/es\/#organization","name":"[firm-name]","url":"https:\/\/chicagoinjurylawyer.net\/es\/","logo":{"@type":"ImageObject","inLanguage":"es","@id":"https:\/\/chicagoinjurylawyer.net\/es\/#\/schema\/logo\/image\/","url":"https:\/\/chicagoinjurylawyer.net\/wp-content\/uploads\/2019\/06\/msx-logo-1.png","contentUrl":"https:\/\/chicagoinjurylawyer.net\/wp-content\/uploads\/2019\/06\/msx-logo-1.png","width":180,"height":83,"caption":"[firm-name]"},"image":{"@id":"https:\/\/chicagoinjurylawyer.net\/es\/#\/schema\/logo\/image\/"}}]}},"_links":{"self":[{"href":"https:\/\/chicagoinjurylawyer.net\/es\/wp-json\/wp\/v2\/pages\/8360","targetHints":{"allow":["GET"]}}],"collection":[{"href":"https:\/\/chicagoinjurylawyer.net\/es\/wp-json\/wp\/v2\/pages"}],"about":[{"href":"https:\/\/chicagoinjurylawyer.net\/es\/wp-json\/wp\/v2\/types\/page"}],"author":[{"embeddable":true,"href":"https:\/\/chicagoinjurylawyer.net\/es\/wp-json\/wp\/v2\/users\/1"}],"replies":[{"embeddable":true,"href":"https:\/\/chicagoinjurylawyer.net\/es\/wp-json\/wp\/v2\/comments?post=8360"}],"version-history":[{"count":9,"href":"https:\/\/chicagoinjurylawyer.net\/es\/wp-json\/wp\/v2\/pages\/8360\/revisions"}],"predecessor-version":[{"id":32666,"href":"https:\/\/chicagoinjurylawyer.net\/es\/wp-json\/wp\/v2\/pages\/8360\/revisions\/32666"}],"wp:attachment":[{"href":"https:\/\/chicagoinjurylawyer.net\/es\/wp-json\/wp\/v2\/media?parent=8360"}],"curies":[{"name":"wp","href":"https:\/\/api.w.org\/{rel}","templated":true}]}}